{"id":9495,"date":"2017-07-07T06:45:49","date_gmt":"2017-07-07T04:45:49","guid":{"rendered":"https:\/\/www.schachklub-bad-homburg.de\/?page_id=9495"},"modified":"2017-07-07T07:04:08","modified_gmt":"2017-07-07T05:04:08","slug":"vereinsmeisterschaft-2017-ausschreibung","status":"publish","type":"page","link":"https:\/\/www.schachklub-bad-homburg.de\/?page_id=9495","title":{"rendered":"Vereinsmeisterschaft 2017, Ausschreibung"},"content":{"rendered":"<p><a href=\"http:\/\/www.schachklub-bad-homburg.de?p=9495\">Ausschreibung<\/a> &nbsp;  <a href=\"http:\/\/www.schachklub-bad-homburg.de?p=9499\">Teilnehmer (alphabetisch)<\/a>     &nbsp;  <a href=\"http:\/\/www.schachklub-bad-homburg.de?p=9497\">Teilnehmer (DWZ)<\/a>     &nbsp;  <a href=\"http:\/\/www.schachklub-bad-homburg.de?p=9501\">Runden und Ergebnisse<\/a> &nbsp;  <a href=\"http:\/\/www.schachklub-bad-homburg.de?p=9493\">Tabellen<\/a>  &nbsp;  <a href=\"http:\/\/www.schachklub-bad-homburg.de?p=30642\" >Historie<\/a><\/p>\n<p><h4>Ausschreibung<\/h4>\n<table border=\"1\" bgcolor=\"#ffffff\">\n<tbody>\n<tr>\n<td align=\"top\" width=\"120\"><b><br \/>\nKurzinfo<\/b><\/td>\n<td align=\"top\"><b>Vereinsturniere in A- und B-Gruppe<\/b> mit attraktiven Preisen.<\/p>\n<p>Vollrundig oder nach Schweizer System je nach Beteiligung.<\/td>\n<\/tr>\n<tr>\n<td align=\"top\" width=\"120\"><b><br \/>\nTeilnehmer<\/b>\n<\/td>\n<td align=\"top\"><b>Ausschlie\u00dflich Vereinsmitglieder<\/b> sind teilnahmeberechtigt, in der <b>B-Gruppe<\/b> nur solche ohne DWZ oder mit einer <b>DWZ unter 1600<\/b> (Stand 01.08.2017).\n<\/td>\n<\/tr>\n<tr>\n<td align=\"top\" width=\"120\"><b><br \/>\nTurniermodus<\/b>\n<\/td>\n<td align=\"top\">\n<b>A-Gruppe:<\/b> Bei <b>bis zu 8<\/b> Teilnehmern Rundenturnier;<br \/>\nbei <b>9 bis 13<\/b> Teilnehmern 5, bei <b>mehr als 13<\/b> Teilnehmern 7 Runden Schweizer System.<\/p>\n<p><b>B-Gruppe:<\/b> Bei <b> weniger als 5 <\/b>Teilnehmern spielen diese im A-Turnier mit, ansonsten wie in der A-Gruppe.<\/p>\n<p><b>F\u00fcr beide Turniere<\/b> werden zun\u00e4chst 5 Runden im Terminkalender vorgesehen.\n<\/td>\n<\/tr>\n<tr>\n<td align=\"top\" width=\"120\"><b><br \/>\nBedenkzeit <\/b>\n<\/td>\n<td align=\"top\">\n<b>A-Gruppe:<\/b> Pro Spieler 1,5 Stunden plus 30 Sek. je Zug (Fischer) f\u00fcr die ganze Partie.<br \/>\n<b>B-Gruppe:<\/b> Pro Spieler 1 Stunde plus 30 Sek. je Zug (Fischer) f\u00fcr die ganze Partie.\n<\/td>\n<\/tr>\n<tr>\n<td align=\"top\" width=\"120\"><b><br \/>\nSpielort<\/b>\n<\/td>\n<td align=\"top\">In der Regel wird im Vereinshaus Gonzenheim in Bad Homburg gespielt<br \/>\n(<a href=\"http:\/\/www.schachklub-bad-homburg.de\/?p=3776\">Anfahrtskizze<\/a>).\n<\/td>\n<\/tr>\n<tr>\n<td align=\"top\" width=\"120\"><b><br \/>\nMeldeschluss <\/b>\n<\/td>\n<td align=\"top\">Die Anmeldung ist im Schachklub oder per E-Mail (<b><a href=\"mailto:turnierleiter@schachklub-bad-homburg.de\">turnierleiter@schachklub-bad-homburg.de<\/a><\/b>)<br \/>\nm\u00f6glich.<\/p>\n<p>Meldeschluss ist am <b>11. August 2017 (20:00 Uhr<\/b> im Schachklub, <b>16:00<\/b> bei Anmeldung per E-Mail).\n<\/td>\n<\/tr>\n<tr>\n<td align=\"top\" width=\"120\"><b><br \/>\nSpieltage <\/b>\n<\/td>\n<td align=\"top\">Es ist sp\u00e4testens um <b>20:00 Uhr<\/b> mit den Runden zu beginnen.<br \/>\n1. Runde: <b>18.08.2017<\/b><br \/>\n2. Runde: <b>22.09.2017<\/b><br \/>\n3. Runde: <b>20.10.2017<\/b><br \/>\n4. Runde: <b>01.12.2017<\/b><br \/>\n5. Runde: <b>19.01.2018<\/b>\n<\/td>\n<\/tr>\n<tr>\n<td align=\"top\" width=\"120\"><b><br \/>\nPreise <\/b>\n<\/td>\n<td align=\"top\">\n<b>A-Gruppe:<\/b> Der Sieger erh\u00e4lt einen <b>Pokal<\/b>. Die ersten Drei erhalten eine Urkunde sowie ein Preisgeld in H\u00f6he von <b>100 \u20ac<\/b> f\u00fcr den Sieger, <b>50 \u20ac<\/b> f\u00fcr den Zweiten und <b>25 \u20ac<\/b> f\u00fcr den Dritten.<br \/>\nDie Geldpreise werden bei Punktgleichheit nach dem <b>Hort-System<\/b> vergeben. F\u00fcr die Platzierung wird als Zweitwertung<br \/>\ndie Turnierleistung (DWZ) herangezogen.<\/p>\n<p>F\u00fcr die drei st\u00e4rksten Verbesserer (massgeblich ist daf\u00fcr die Differenz zwischen alter DWZ und ihrer Turnierleistung) gibt es <b>weitere Geldpreise<\/b> in H\u00f6he von <b>40, 20 und 10 \u20ac<\/b>.<\/p>\n<p><b>B-Gruppe:<\/b> Der Sieger erh\u00e4lt einen <b>Pokal<\/b>. Die ersten Drei erhalten eine Urkunde sowie ein Preisgeld in H\u00f6he von <b>40 \u20ac<\/b> f\u00fcr den Sieger, <b>20 \u20ac<\/b> f\u00fcr den Zweiten und <b>10 \u20ac<\/b> f\u00fcr den Dritten.<br \/>\nF\u00fcr die Platzierung wird als Zweitwertung Buchholz (bei Schweizer System) bzw. Sonneborn-Berger (bei Rundenturnier) herangezogen.<\/td>\n<\/tr>\n<tr>\n<td align=\"top\" width=\"120\"><b><br \/>\nSonstiges <\/b>\n<\/td>\n<td align=\"top\">F\u00fcr die Turniere erfolgt <b>keine DWZ-Wertung<\/b>. Allerdings wird die DWZ-Auswertung des Turnierprogramms f\u00fcr Zweitwertung und Sonderpreise (s.o.) verwendet.<\/p>\n<p>\u00dcber dieses Turnier wird <b>per Aushang<\/b> in den Vereinsr\u00e4umen sowie aktuell <b>im<br \/>\nInternet<\/b> berichtet.<\/p>\n<p>Der <a href=\"https:\/\/www.schachklub-bad-homburg.de\">Schachklub Bad Homburg<\/a> ist der<br \/>\nVeranstalter dieses Turniers.<\/p>\n<p>Bei <b>Fragen<\/b> reicht eine <a href=\"mailto:turnierleiter@schachklub-bad-homburg.de\">Mail-Nachricht<\/a> an den Turnierleiter, die kurzfristig beantwortet wird!\n<\/td>\n<\/tr>\n<\/tbody>\n<\/table>\n","protected":false},"excerpt":{"rendered":"<p>Ausschreibung &nbsp; Teilnehmer (alphabetisch) &nbsp; Teilnehmer (DWZ) &nbsp; Runden und Ergebnisse &nbsp; Tabellen &nbsp; Historie Ausschreibung Kurzinfo Vereinsturniere in A- und B-Gruppe mit attraktiven Preisen. Vollrundig oder nach Schweizer System je nach Beteiligung. Teilnehmer Ausschlie\u00dflich Vereinsmitglieder sind teilnahmeberechtigt, in der B-Gruppe nur solche ohne DWZ oder mit einer DWZ unter 1600 (Stand 01.08.2017). Turniermodus A-Gruppe: <a href=\"https:\/\/www.schachklub-bad-homburg.de\/?page_id=9495\" class=\"more-link\">...weiterlesen<span class=\"screen-reader-text\"> \"Vereinsmeisterschaft 2017, Ausschreibung\"<\/span><\/a><\/p>\n","protected":false},"author":2,"featured_media":0,"parent":9493,"menu_order":1,"comment_status":"closed","ping_status":"closed","template":"","meta":{"footnotes":""},"class_list":["post-9495","page","type-page","status-publish","h-entry","hentry","h-as-page"],"_links":{"self":[{"href":"https:\/\/www.schachklub-bad-homburg.de\/index.php?rest_route=\/wp\/v2\/pages\/9495","targetHints":{"allow":["GET"]}}],"collection":[{"href":"https:\/\/www.schachklub-bad-homburg.de\/index.php?rest_route=\/wp\/v2\/pages"}],"about":[{"href":"https:\/\/www.schachklub-bad-homburg.de\/index.php?rest_route=\/wp\/v2\/types\/page"}],"author":[{"embeddable":true,"href":"https:\/\/www.schachklub-bad-homburg.de\/index.php?rest_route=\/wp\/v2\/users\/2"}],"replies":[{"embeddable":true,"href":"https:\/\/www.schachklub-bad-homburg.de\/index.php?rest_route=%2Fwp%2Fv2%2Fcomments&post=9495"}],"version-history":[{"count":5,"href":"https:\/\/www.schachklub-bad-homburg.de\/index.php?rest_route=\/wp\/v2\/pages\/9495\/revisions"}],"predecessor-version":[{"id":9517,"href":"https:\/\/www.schachklub-bad-homburg.de\/index.php?rest_route=\/wp\/v2\/pages\/9495\/revisions\/9517"}],"up":[{"embeddable":true,"href":"https:\/\/www.schachklub-bad-homburg.de\/index.php?rest_route=\/wp\/v2\/pages\/9493"}],"wp:attachment":[{"href":"https:\/\/www.schachklub-bad-homburg.de\/index.php?rest_route=%2Fwp%2Fv2%2Fmedia&parent=9495"}],"curies":[{"name":"wp","href":"https:\/\/api.w.org\/{rel}","templated":true}]}}