{"id":6440,"date":"2017-01-04T20:55:03","date_gmt":"2017-01-04T20:55:03","guid":{"rendered":"http:\/\/events.htm"},"modified":"2017-10-17T10:34:12","modified_gmt":"2017-10-17T08:34:12","slug":"veranstaltungen-2017","status":"publish","type":"page","link":"https:\/\/www.schachklub-bad-homburg.de\/?page_id=6440","title":{"rendered":"Veranstaltungen 2017"},"content":{"rendered":"<p>Wie in jedem Jahr bietet der Schachklub Bad Homburg die M\u00f6glichkeit zur Teilnahme an vielf\u00e4ltigen Veranstaltungen an.<\/p>\n<p>Freies Spiel wie Wettkampfatmosph\u00e4re, f\u00fcr Anf\u00e4nger wie f\u00fcr erfahrene Turnierhasen, Blitzschach wie Turnierpartien, Interne wie externe Turniere, f\u00fcr jeden Schachinteressierten ist etwas dabei!<\/p>\n<h3>Mannschaftsk\u00e4mpfe<\/h3>\n<ul>\n<li><a href=\"http:\/\/hessen.portal64.de\/ergebnisse\/show\/2017\/791\/\" target=\"_blank\" rel=\"noopener\">1. Mannschaft<\/a>: Hessenliga<\/li>\n<li><a href=\"http:\/\/hessen.portal64.de\/ergebnisse\/show\/2017\/785\/\" target=\"_blank\" rel=\"noopener\">2. Mannschaft<\/a>: Landesklasse<\/li>\n<li><a href=\"http:\/\/hessen.portal64.de\/ergebnisse\/show\/2017\/769\/\" target=\"_blank\" rel=\"noopener\">3. Mannschaft<\/a>: Bezirksliga<\/li>\n<li><a href=\"http:\/\/hessen.portal64.de\/ergebnisse\/show\/2017\/773\/\" target=\"_blank\" rel=\"noopener\">4. Mannschaft<\/a>: Kreisliga<\/li>\n<li><a href=\"http:\/\/hessen.portal64.de\/ergebnisse\/show\/2017\/773\/\" target=\"_blank\" rel=\"noopener\">5. Mannschaft<\/a>: Kreisliga<\/li>\n<li><a href=\"http:\/\/hessen.portal64.de\/ergebnisse\/show\/2017\/875\/\" target=\"_blank\" rel=\"noopener\">Kinder:<\/a> Jugendliga<\/li>\n<li><a href=\"wp-content\/uploads\/2016\/11\/494_Ligasystem.pdf\" target=\"_blank\" rel=\"noopener\">Das Deutsche Ligasystem aus Sicht des Bezirk 5<\/a><\/li>\n<li><a href=\"http:\/\/www.schachklub-bad-homburg.de\/LigaOrakel.php\" target=\"_blank\" rel=\"noopener\">Das LigaOrakel<\/a><\/li>\n<\/ul>\n<h3>Vereinsturniere<\/h3>\n<p>S\u00e4mtliche Turniere stehen i.a. auch G\u00e4sten offen. Anfragen bitte an den <a href=\"mailto:turnierleiter@schachklub-bad-homburg.de\">Turnierleiter<\/a>.<\/p>\n<ul>\n<li><a href=\"http:\/\/www.schachklub-bad-homburg.de?p=9493\">Vereinsmeisterschaft<\/a> (Schweizer System)<\/li>\n<li><a href=\"http:\/\/www.schachklub-bad-homburg.de?p=3839\">Pokalturnier<\/a> (KO-System)<\/li>\n<li><a href=\"http:\/\/www.schachklub-bad-homburg.de?p=10038\">Turnier-Simultan<\/a> (10 Spieler gleichzeitig jeder gegen jeden - Turnierbedenkzeit)<\/li>\n<li><a href=\"http:\/\/www.schachklub-bad-homburg.de?p=3840\">Schnellschach-Meisterschaft<\/a> (Bronstein-Modus)<\/li>\n<li><a href=\"http:\/\/www.schachklub-bad-homburg.de?p=3837\">Blitzmeisterschaft<\/a> (monatlich mit Gesamtwertung)<\/li>\n<li><a href=\"http:\/\/www.schachklub-bad-homburg.de?p=3838\">Chess960-Meisterschaft<\/a> (Schnellschach)<\/li>\n<li><a href=\"http:\/\/www.schachklub-bad-homburg.de?p=9618\">Jugend-Meisterschaft<\/a> (f\u00fcr Anf\u00e4nger: Kinder und Jugendliche)<\/li>\n<li><a href=\"http:\/\/www.schachklub-bad-homburg.de?p=3841\">Senioren-Meisterschaft<\/a> (Rundenturnier oder Schweizer System)<\/li>\n<li><a href=\"http:\/\/www.schachklub-bad-homburg.de\/?p=6490\">Kampf der Generationen<\/a>: Jugendliche gegen Senioren im Wettstreit<\/li>\n<li><a href=\"http:\/\/www.schachklub-bad-homburg.de?p=28780\">Termin\u00fcbersicht<\/a><\/li>\n<li><a href=\"http:\/\/www.schachklub-bad-homburg.de?p=30642\">Siegerlisten<\/a> der vergangenen Jahre<\/li>\n<\/ul>\n<h3>Training<\/h3>\n<ul>\n<li><a href=\"http:\/\/www.schachklub-bad-homburg.de?p=3836\">Jugendarbeit<\/a><\/li>\n<li><a href=\"http:\/\/www.schachklub-bad-homburg.de?p=6439\">Training und Kurse f\u00fcr Erwachsene<\/a><\/li>\n<\/ul>\n<h3>Eigene Turniere<\/h3>\n<ul>\n<li><a href=\"http:\/\/www.rhein-main-open.de\" target=\"_top\">Rhein-Main-Open<\/a>: Ein gro\u00dfes hessisches und j\u00e4hrliches Open um Fronleichnam in Bad Homburg<\/li>\n<li><a href=\"http:\/\/www.schachbund.de\/dem-aerzte-2017.html\" target=\"_blank\" rel=\"noopener\">Deutsche \u00c4rzte-Meisterschaft 2017<\/a><\/li>\n<li><a href=\"http:\/\/www.bad-homburg-open.de\/chronik\/2017\/hgo_frameset.htm\" target=\"_top\">Jugend-DWZ-Cup<\/a>: Jugendturnier in 10 gleichstarken 4er-Gruppen<\/li>\n<li><a href=\"http:\/\/www.schachklub-bad-homburg.de?p=3871\">Damen-GM-Turnier 2007<\/a>: Die Deutsche Damennationalmanschaft im Vergleich mit internationalen G\u00e4sten<\/li>\n<li><a href=\"http:\/\/www.bad-homburg-open.de\/chronik\/2006\/hgo_frameset.htm\" target=\"_top\">Offene Bad Homburger Stadtmeisterschaft 2006<\/a>: Schnellschachmeisterschaft mit internationaler Besetzung<\/li>\n<li><a href=\"NoneWP\/sen-ec\/index.htm\" target=\"_top\">Europ\u00e4ische Seniorenmeisterschaft 2005<\/a><\/li>\n<li><a href=\"http:\/\/www.ebc.de\/gmturnier98\" target=\"_top\">Internationales Gro\u00dfmeisterturnier<\/a> (zuletzt 1998)<\/li>\n<\/ul>\n<h3>Fremde Veranstaltungen<\/h3>\n<ul>\n<li><a href=\"http:\/\/hessische.schach-chroniken.net\/turnierangebot_50000.htm\" target=\"_blank\" rel=\"noopener\">Turnierangebot im Hessischen Schachverband<\/a><\/li>\n<li><a href=\"http:\/\/bezirk-frankfurt.schach-chroniken.net\/turnierangebot_55000.htm\" target=\"_blank\" rel=\"noopener\">Turnierangebot im Bezirk Frankfurt<\/a><\/li>\n<li><a href=\"http:\/\/fruehjahrsopen.sv1920hofheim.de\/2017\/startseite.php\" target=\"_blank\" rel=\"noopener\">Fr\u00fchjahrsopen Hofheim<\/a><\/li>\n<li><a href=\"http:\/\/www.schach-chroniken.net\/hso\/hso_historie.htm\" target=\"_blank\" rel=\"noopener\">Heusenstamm-Open<\/a><\/li>\n<li><a href=\"http:\/\/www.schlosspark-open.de\/?q=taxonomy\/term\/19\" target=\"_blank\" rel=\"noopener\">Schlosspark-Open Wiesbaden<\/a><\/li>\n<li><a href=\"http:\/\/www.schachverein-fechenheim.de\" target=\"_blank\" rel=\"noopener\">Siegfried-Weber-Gedenkturnier<\/a>: Schnellschach in Fechenheim<\/li>\n<\/ul>\n","protected":false},"excerpt":{"rendered":"<p>Wie in jedem Jahr bietet der Schachklub Bad Homburg die M\u00f6glichkeit zur Teilnahme an vielf\u00e4ltigen Veranstaltungen an. Freies Spiel wie Wettkampfatmosph\u00e4re, f\u00fcr Anf\u00e4nger wie f\u00fcr erfahrene Turnierhasen, Blitzschach wie Turnierpartien, Interne wie externe Turniere, f\u00fcr jeden Schachinteressierten ist etwas dabei! Mannschaftsk\u00e4mpfe 1. Mannschaft: Hessenliga 2. Mannschaft: Landesklasse 3. Mannschaft: Bezirksliga 4. Mannschaft: Kreisliga 5. Mannschaft: <a href=\"https:\/\/www.schachklub-bad-homburg.de\/?page_id=6440\" class=\"more-link\">...weiterlesen<span class=\"screen-reader-text\"> \"Veranstaltungen 2017\"<\/span><\/a><\/p>\n","protected":false},"author":1,"featured_media":0,"parent":0,"menu_order":65,"comment_status":"closed","ping_status":"closed","template":"","meta":{"footnotes":""},"class_list":["post-6440","page","type-page","status-publish","h-entry","hentry","h-as-page"],"_links":{"self":[{"href":"https:\/\/www.schachklub-bad-homburg.de\/index.php?rest_route=\/wp\/v2\/pages\/6440","targetHints":{"allow":["GET"]}}],"collection":[{"href":"https:\/\/www.schachklub-bad-homburg.de\/index.php?rest_route=\/wp\/v2\/pages"}],"about":[{"href":"https:\/\/www.schachklub-bad-homburg.de\/index.php?rest_route=\/wp\/v2\/types\/page"}],"author":[{"embeddable":true,"href":"https:\/\/www.schachklub-bad-homburg.de\/index.php?rest_route=\/wp\/v2\/users\/1"}],"replies":[{"embeddable":true,"href":"https:\/\/www.schachklub-bad-homburg.de\/index.php?rest_route=%2Fwp%2Fv2%2Fcomments&post=6440"}],"version-history":[{"count":13,"href":"https:\/\/www.schachklub-bad-homburg.de\/index.php?rest_route=\/wp\/v2\/pages\/6440\/revisions"}],"predecessor-version":[{"id":10056,"href":"https:\/\/www.schachklub-bad-homburg.de\/index.php?rest_route=\/wp\/v2\/pages\/6440\/revisions\/10056"}],"wp:attachment":[{"href":"https:\/\/www.schachklub-bad-homburg.de\/index.php?rest_route=%2Fwp%2Fv2%2Fmedia&parent=6440"}],"curies":[{"name":"wp","href":"https:\/\/api.w.org\/{rel}","templated":true}]}}