{"id":6439,"date":"2017-01-04T20:55:50","date_gmt":"2017-01-04T20:55:50","guid":{"rendered":"http:\/\/erwachsene.htm"},"modified":"2018-12-22T10:45:56","modified_gmt":"2018-12-22T09:45:56","slug":"training-fuer-erwachsene","status":"publish","type":"page","link":"https:\/\/www.schachklub-bad-homburg.de\/?page_id=6439","title":{"rendered":"Training f\u00fcr Erwachsene"},"content":{"rendered":"<p>Alle Schachinteressierten sind jederzeit zum Spielabend<\/p>\n<div style=\"text-indent: 50px;\"><b> Freitags, ab 19:30 Uhr im <a href=\"http:\/\/www.schachklub-bad-homburg.de?p=3776\">Albin-G\u00f6hring-Halle<\/a> <\/b><\/div>\n<p>willkommen (siehe auch <a href=\"http:\/\/www.schachklub-bad-homburg.de?p=28780\">Terminkalender<\/a>).<\/p>\n<p>Neben vielen Spielpartnern aller Spielst\u00e4rken gibt es hier auch immer wieder Veranstaltungen zur Spielst\u00e4rkeverbesserung:<\/p>\n<ul>\n<li><a href=\"wp-content\/uploads\/2010\/11\/827_20101129, schachkurs.pdf\">Schachkurs f\u00fcr Erwachsene<\/a><\/li>\n<li><a href=\"http:\/\/www.schachklub-bad-homburg.de?p=4431\">Training mit GM Khenkin<\/a><\/li>\n<li>Der Schachklub ist Mitglied in der <a href=\"http:\/\/www.chess-tigers.de\" target=\"_blank\" rel=\"noopener\">Chesstigers Universit\u00e4t<\/a><\/li>\n<li><a href=\"wp-content\/uploads\/2007\/04\/209_20070413, chesstigers.pdf\">Interne Seminare<\/a><\/li>\n<\/ul>\n<p>Schauen Sie einfach mal vorbei! Informationen unter <a href=\"mailto:info@schachklub-bad-homburg.de\">info@schachklub-bad-homburg.de<\/a>.<\/p>\n<p><img decoding=\"async\" src=\"wp-content\/uploads\/2017\/01\/3635_erwachsenentraining1.jpg\" \/><br \/>\n<img decoding=\"async\" src=\"wp-content\/uploads\/2017\/01\/3636_erwachsenentraining2.jpg\" \/><\/p>\n","protected":false},"excerpt":{"rendered":"<p>Alle Schachinteressierten sind jederzeit zum Spielabend Freitags, ab 19:30 Uhr im Albin-G\u00f6hring-Halle willkommen (siehe auch Terminkalender). Neben vielen Spielpartnern aller Spielst\u00e4rken gibt es hier auch immer wieder Veranstaltungen zur Spielst\u00e4rkeverbesserung: Schachkurs f\u00fcr Erwachsene Training mit GM Khenkin Der Schachklub ist Mitglied in der Chesstigers Universit\u00e4t Interne Seminare Schauen Sie einfach mal vorbei! Informationen unter info@schachklub-bad-homburg.de.<\/p>\n","protected":false},"author":1,"featured_media":0,"parent":6440,"menu_order":10,"comment_status":"closed","ping_status":"closed","template":"","meta":{"footnotes":""},"class_list":["post-6439","page","type-page","status-publish","h-entry","hentry","h-as-page"],"_links":{"self":[{"href":"https:\/\/www.schachklub-bad-homburg.de\/index.php?rest_route=\/wp\/v2\/pages\/6439","targetHints":{"allow":["GET"]}}],"collection":[{"href":"https:\/\/www.schachklub-bad-homburg.de\/index.php?rest_route=\/wp\/v2\/pages"}],"about":[{"href":"https:\/\/www.schachklub-bad-homburg.de\/index.php?rest_route=\/wp\/v2\/types\/page"}],"author":[{"embeddable":true,"href":"https:\/\/www.schachklub-bad-homburg.de\/index.php?rest_route=\/wp\/v2\/users\/1"}],"replies":[{"embeddable":true,"href":"https:\/\/www.schachklub-bad-homburg.de\/index.php?rest_route=%2Fwp%2Fv2%2Fcomments&post=6439"}],"version-history":[{"count":1,"href":"https:\/\/www.schachklub-bad-homburg.de\/index.php?rest_route=\/wp\/v2\/pages\/6439\/revisions"}],"predecessor-version":[{"id":13139,"href":"https:\/\/www.schachklub-bad-homburg.de\/index.php?rest_route=\/wp\/v2\/pages\/6439\/revisions\/13139"}],"up":[{"embeddable":true,"href":"https:\/\/www.schachklub-bad-homburg.de\/index.php?rest_route=\/wp\/v2\/pages\/6440"}],"wp:attachment":[{"href":"https:\/\/www.schachklub-bad-homburg.de\/index.php?rest_route=%2Fwp%2Fv2%2Fmedia&parent=6439"}],"curies":[{"name":"wp","href":"https:\/\/api.w.org\/{rel}","templated":true}]}}