{"id":6289,"date":"2016-09-20T16:00:04","date_gmt":"2016-09-20T16:00:04","guid":{"rendered":"tusi_ausschreibung.htm"},"modified":"2016-09-20T16:00:04","modified_gmt":"2016-09-20T16:00:04","slug":"tusi_ausschreibung.htm","status":"publish","type":"page","link":"https:\/\/www.schachklub-bad-homburg.de\/?page_id=6289","title":{"rendered":"Turnier-Simultan 2016, Ausschreibung"},"content":{"rendered":"<p><a href=\"http:\/\/www.schachklub-bad-homburg.de?p=6289\">Ausschreibung<\/a> &nbsp;        <a href=\"http:\/\/www.schachklub-bad-homburg.de?p=6290\">Anmeldungen (alphabetisch)<\/a> &nbsp;        <a href=\"http:\/\/www.schachklub-bad-homburg.de?p=6291\">Anmeldungen (DWZ)<\/a> &nbsp;        <a href=\"http:\/\/www.schachklub-bad-homburg.de?p=3835\">Tabelle<\/a> &nbsp;        <a href=\"http:\/\/www.schachklub-bad-homburg.de?p=30642\" >Historie<\/a><\/p>\n<table width=\"550\" bgColor=\"#FFFFFF\" border=\"1\">\n<tbody>\n<tr>\n<td align=\"top\" width=\"120\"><b>             Kurzinfo<\/b>        <\/td>\n<td align=\"top\">            <b>Turnier-Simultan f\u00fcr 10 Teilnehmer<\/b>.        <\/td>\n<\/tr>\n<tr>\n<td align=\"top\" width=\"120\"><b>             Teilnehmer<\/b>        <\/td>\n<td align=\"top\">           <b>Ausschlie\u00dflich Vereinsmitglieder<\/b> sind teilnahmeberechtigt.        <\/td>\n<\/tr>\n<tr>\n<td align=\"top\" width=\"120\"><b>             Turniermodus<\/b>        <\/td>\n<td align=\"top\">             Bis zu <b>10<\/b> Teilnehmer spielen <b>gleichzeitig<\/b> gegeneinander              an jeweils einem Brett mit separater Uhr. F\u00fcr einen Sieg erh\u00e4lt              man <b>3 Punkte<\/b>, f\u00fcr ein Unentschieden <b>1 Punkt<\/b> und f\u00fcr eine              Niederlage keinen Punkt.             <br \/>             Das Turnier wird an einem Abend ausgetragen. Genauere Instruktionen              \u00fcber die Brettfolge, Verhaltensregeln etc. werden den Teilnehmern              unmittelbar zu Beginn mitgeteilt.                          <\/td>\n<\/tr>\n<tr>\n<td align=\"top\" width=\"120\"><b>             Bedenkzeit        <\/td>\n<td align=\"top\">             Die Bedenkzeit betr\u00e4gt <b>90 Minuten zuz\u00fcglich 30 Sekunden je Zug (Fischer)<\/b>              an jedem Brett. Die Bedenkzeit eines Spielers kann dadurch an mehreren              Brettern gleichzeitig laufen.         <\/td>\n<\/tr>\n<tr>\n<td align=\"top\" width=\"120\"><b>             Spielort<\/b>        <\/td>\n<td align=\"top\">             Es wird am 21.10.2016 im Vereinshaus Gonzenheim in Bad Homburg              gespielt (<a href = \"http:\/\/www.schachklub-bad-homburg.de?p=3776\">Anfahrtskizze<\/a>).        <\/td>\n<\/tr>\n<tr>\n<td align=\"top\" width=\"120\"><b>             Meldeschluss        <\/td>\n<td align=\"top\">             Meldeschluss ist am <b>18.10.2016 um 24:00 Uhr<\/b>.             <\/p>\n<p>             Da nur             maximal 10 Teilnehmer m\u00f6glich sind, gelten <b>bis zum 07.10.2016              die DWZ-F\u00fchrenden<\/b> der bis dahin Gemeldeten als spielberechtigt;              danach gilt ggf. die Reihenfolge der Anmeldung.    Haben meldende Spieler <b>keine DWZ<\/b>, wird diese durch den     Turnierleiter <b>gesch\u00e4tzt. <\/b>                           <\/p>\n<p>             Wer durch die              Beschr\u00e4nkung der Teilnehmer nicht zum Zuge kommt, hat f\u00fcr \u00e4hnliche              Folgeveranstaltungen dann ein Vorrecht.              <\/p>\n<p>             <b>Spielbeginn ist am 21.10.2016 um 20:00 Uhr<\/b>.        <\/td>\n<\/tr>\n<tr>\n<td align=\"top\" width=\"120\"><b>             Preise        <\/td>\n<td align=\"top\">             Die ersten 3 erhalten eine Urkunde direkt im Anschlu\u00df an das              Turnier. Punktgleiche belegen gemeinsam die entsprechend geteilten              Pl\u00e4tze.        <\/td>\n<\/tr>\n<tr>\n<td align=\"top\" width=\"120\"><b>             Start-, Reuegeld        <\/td>\n<td align=\"top\">             Es wird kein Startgeld und kein Reuegeld erhoben.        <\/td>\n<\/tr>\n<tr>\n<td align=\"top\" width=\"120\"><b>            Info-Dienst        <\/td>\n<td align=\"top\">             \u00dcber dieses Turnier wird aktuell im Internet und per Aushang berichtet.              Alle das Turnier betreffende Informationen werden ausschlie\u00dflich so ver\u00f6ffentlicht.        <\/td>\n<\/tr>\n<tr>\n<td align=\"top\" width=\"120\"><b>             Veranstalter        <\/td>\n<td align=\"top\">             Der <a href = \"http:\/\/www.schachklub-bad-homburg.de\">Schachklub              Bad Homburg<\/a> ist der Veranstalter dieses Turniers.        <\/td>\n<\/tr>\n<tr>\n<td align=\"top\" width=\"120\"><b>             Fragen?        <\/td>\n<td align=\"top\">            Eine E-Mail an den <a href =             \"mailto:turnierleiter@schachklub-bad-homburg.de\">Organisator<\/a> wird             kurzfristig beantwortet.        <\/td>\n<\/tr>\n<\/tbody>\n<\/table>\n","protected":false},"excerpt":{"rendered":"<p>Ausschreibung &nbsp; Anmeldungen (alphabetisch) &nbsp; Anmeldungen (DWZ) &nbsp; Tabelle &nbsp; Historie Kurzinfo Turnier-Simultan f\u00fcr 10 Teilnehmer. Teilnehmer Ausschlie\u00dflich Vereinsmitglieder sind teilnahmeberechtigt. Turniermodus Bis zu 10 Teilnehmer spielen gleichzeitig gegeneinander an jeweils einem Brett mit separater Uhr. F\u00fcr einen Sieg erh\u00e4lt man 3 Punkte, f\u00fcr ein Unentschieden 1 Punkt und f\u00fcr eine Niederlage keinen Punkt. Das <a href=\"https:\/\/www.schachklub-bad-homburg.de\/?page_id=6289\" class=\"more-link\">...weiterlesen<span class=\"screen-reader-text\"> \"Turnier-Simultan 2016, Ausschreibung\"<\/span><\/a><\/p>\n","protected":false},"author":1,"featured_media":0,"parent":3835,"menu_order":10,"comment_status":"closed","ping_status":"closed","template":"","meta":{"footnotes":""},"class_list":["post-6289","page","type-page","status-publish","h-entry","hentry","h-as-page"],"_links":{"self":[{"href":"https:\/\/www.schachklub-bad-homburg.de\/index.php?rest_route=\/wp\/v2\/pages\/6289","targetHints":{"allow":["GET"]}}],"collection":[{"href":"https:\/\/www.schachklub-bad-homburg.de\/index.php?rest_route=\/wp\/v2\/pages"}],"about":[{"href":"https:\/\/www.schachklub-bad-homburg.de\/index.php?rest_route=\/wp\/v2\/types\/page"}],"author":[{"embeddable":true,"href":"https:\/\/www.schachklub-bad-homburg.de\/index.php?rest_route=\/wp\/v2\/users\/1"}],"replies":[{"embeddable":true,"href":"https:\/\/www.schachklub-bad-homburg.de\/index.php?rest_route=%2Fwp%2Fv2%2Fcomments&post=6289"}],"version-history":[{"count":0,"href":"https:\/\/www.schachklub-bad-homburg.de\/index.php?rest_route=\/wp\/v2\/pages\/6289\/revisions"}],"up":[{"embeddable":true,"href":"https:\/\/www.schachklub-bad-homburg.de\/index.php?rest_route=\/wp\/v2\/pages\/3835"}],"wp:attachment":[{"href":"https:\/\/www.schachklub-bad-homburg.de\/index.php?rest_route=%2Fwp%2Fv2%2Fmedia&parent=6289"}],"curies":[{"name":"wp","href":"https:\/\/api.w.org\/{rel}","templated":true}]}}