{"id":6287,"date":"2016-03-22T20:04:18","date_gmt":"2016-03-22T20:04:18","guid":{"rendered":"sen_teilnehmerdwz.htm"},"modified":"2016-04-16T10:36:13","modified_gmt":"2016-04-16T10:36:13","slug":"sen_teilnehmerdwz.htm","status":"publish","type":"page","link":"https:\/\/www.schachklub-bad-homburg.de\/?page_id=6287","title":{"rendered":"Senioren-Meisterschaft 2016, Teilnehmerliste"},"content":{"rendered":"<p><a href=\"http:\/\/www.schachklub-bad-homburg.de?p=6285\">Ausschreibung<\/a> &nbsp;         <a href=\"http:\/\/www.schachklub-bad-homburg.de?p=6286\">Teilnehmer (alphabetisch)<\/a> &nbsp;         <a href=\"http:\/\/www.schachklub-bad-homburg.de?p=6287\">Teilnehmer (DWZ)<\/a> &nbsp;         <a href=\"http:\/\/www.schachklub-bad-homburg.de?p=6288\">Paarungen und Ergebnisse<\/a> &nbsp;         <a href=\"http:\/\/www.schachklub-bad-homburg.de?p=3832\">Tabelle<\/a> &nbsp;        <a href=\"http:\/\/www.schachklub-bad-homburg.de?p=30642\" >Historie<\/a><\/p>\n<table bgcolor=\"#FFFFFF\" border=\"1\" width = \"400\">\n<tbody>\n<tr bgcolor = \"#C0C0C0\"><TH width = 30> Nr<\/TH><TH width = 100 align = \"left\">Teilnehmer<\/TH><TH width = 40>DWZ<\/TH><\/TR>  <\/p>\n<tr>\n<td align=center>1<\/td>\n<td>Lebermann, Hellmuth<\/td>\n<td align=center>1879<\/td>\n<\/tr>\n<tr>\n<td align=center>2<\/td>\n<td>Reimer, Otto<\/td>\n<td align=center>1843<\/td>\n<\/tr>\n<tr>\n<td align=center>3<\/td>\n<td>Horny, G\u00fcnter<\/td>\n<td align=center>1838<\/td>\n<\/tr>\n<tr>\n<td align=center>4<\/td>\n<td>Hettler, Wolfgang<\/td>\n<td align=center>1785<\/td>\n<\/tr>\n<tr>\n<td align=center>5<\/td>\n<td>Berg, Rainer<\/td>\n<td align=center>1336<\/td>\n<\/tr>\n<tr>\n<td align=center>6<\/td>\n<td>Dietz, Heinz<\/td>\n<td align=center>1324<\/td>\n<\/tr>\n<tr>\n<td align=center>7<\/td>\n<td>W\u00fcrzberger, G\u00fcnter<\/td>\n<td align=center>1300<\/td>\n<\/tr>\n<tr>\n<td align=center>8<\/td>\n<td>Petry, Joachim<\/td>\n<td align=center>1216<\/td>\n<\/tr>\n<tr>\n<td align=center>9<\/td>\n<td>Thaler, Regina<\/td>\n<td align=center>1036<\/td>\n<\/tr>\n<tr>\n<td align=center>10<\/td>\n<td>Schaack, Frank<\/td>\n<td align=center>&nbsp;<\/td>\n<\/tr>\n<\/tbody>\n<\/table>\n","protected":false},"excerpt":{"rendered":"<p>Ausschreibung &nbsp; Teilnehmer (alphabetisch) &nbsp; Teilnehmer (DWZ) &nbsp; Paarungen und Ergebnisse &nbsp; Tabelle &nbsp; Historie NrTeilnehmerDWZ 1 Lebermann, Hellmuth 1879 2 Reimer, Otto 1843 3 Horny, G\u00fcnter 1838 4 Hettler, Wolfgang 1785 5 Berg, Rainer 1336 6 Dietz, Heinz 1324 7 W\u00fcrzberger, G\u00fcnter 1300 8 Petry, Joachim 1216 9 Thaler, Regina 1036 10 Schaack, Frank <a href=\"https:\/\/www.schachklub-bad-homburg.de\/?page_id=6287\" class=\"more-link\">...weiterlesen<span class=\"screen-reader-text\"> \"Senioren-Meisterschaft 2016, Teilnehmerliste\"<\/span><\/a><\/p>\n","protected":false},"author":1,"featured_media":0,"parent":3832,"menu_order":25,"comment_status":"closed","ping_status":"closed","template":"","meta":{"footnotes":""},"class_list":["post-6287","page","type-page","status-publish","h-entry","hentry","h-as-page"],"_links":{"self":[{"href":"https:\/\/www.schachklub-bad-homburg.de\/index.php?rest_route=\/wp\/v2\/pages\/6287","targetHints":{"allow":["GET"]}}],"collection":[{"href":"https:\/\/www.schachklub-bad-homburg.de\/index.php?rest_route=\/wp\/v2\/pages"}],"about":[{"href":"https:\/\/www.schachklub-bad-homburg.de\/index.php?rest_route=\/wp\/v2\/types\/page"}],"author":[{"embeddable":true,"href":"https:\/\/www.schachklub-bad-homburg.de\/index.php?rest_route=\/wp\/v2\/users\/1"}],"replies":[{"embeddable":true,"href":"https:\/\/www.schachklub-bad-homburg.de\/index.php?rest_route=%2Fwp%2Fv2%2Fcomments&post=6287"}],"version-history":[{"count":0,"href":"https:\/\/www.schachklub-bad-homburg.de\/index.php?rest_route=\/wp\/v2\/pages\/6287\/revisions"}],"up":[{"embeddable":true,"href":"https:\/\/www.schachklub-bad-homburg.de\/index.php?rest_route=\/wp\/v2\/pages\/3832"}],"wp:attachment":[{"href":"https:\/\/www.schachklub-bad-homburg.de\/index.php?rest_route=%2Fwp%2Fv2%2Fmedia&parent=6287"}],"curies":[{"name":"wp","href":"https:\/\/api.w.org\/{rel}","templated":true}]}}