{"id":6274,"date":"2016-08-05T17:52:06","date_gmt":"2016-08-05T17:52:06","guid":{"rendered":"vem_ausschreibung.htm"},"modified":"2016-08-05T17:55:19","modified_gmt":"2016-08-05T17:55:19","slug":"vem_ausschreibung.htm","status":"publish","type":"page","link":"https:\/\/www.schachklub-bad-homburg.de\/?page_id=6274","title":{"rendered":"Vereinsmeisterschaft 2016, Ausschreibung"},"content":{"rendered":"<p><a href=\"http:\/\/www.schachklub-bad-homburg.de?p=6274\">Ausschreibung<\/a> &nbsp;  <a href=\"http:\/\/www.schachklub-bad-homburg.de?p=6275\">Teilnehmer (alphabetisch)<\/a>     &nbsp;  <a href=\"http:\/\/www.schachklub-bad-homburg.de?p=6276\">Teilnehmer (DWZ)<\/a>     &nbsp;  <a href=\"http:\/\/www.schachklub-bad-homburg.de?p=6277\">Runden und Ergebnisse<\/a> &nbsp;  <a href=\"http:\/\/www.schachklub-bad-homburg.de?p=3834\">Tabellen<\/a>  &nbsp;  <a href=\"http:\/\/www.schachklub-bad-homburg.de?p=30642\" >Historie<\/a><\/p>\n<table  width=\"550\" bgColor=\"#FFFFFF\" border=\"1\">\n<tbody>\n<tr>\n<td align=\"top\" width=\"120\"><b>             Kurzinfo<\/b>        <\/td>\n<td align=\"top\">            <b>Vereinsturniere in A- und B-Gruppe<\/b> mit attraktiven Preisen.             Vollrundig oder nach Schweizer System je nach Beteiligung.             <br \/>Durch die Einf\u00fchrung der B-Gruppe sollen Jugendliche einen             leichteren Einstieg in das Vereinsleben erhalten und weniger Partien             mit zu gro\u00dfer Leistungsdifferenz stattfinden.        <\/td>\n<\/tr>\n<tr>\n<td align=\"top\" width=\"120\"><b>            Teilnehmer<\/b>        <\/td>\n<td align=\"top\">          <b>Ausschlie\u00dflich Vereinsmitglieder<\/b> sind teilnahmeberechtigt, in der <b>B-Gruppe <\/b>          nur solche ohne DWZ oder mit einer <b>DWZ unter 1600<\/b> (Stand 31.08.2016).        <\/td>\n<\/tr>\n<tr>\n<td align=\"top\" width=\"120\"><b>            Turniermodus<\/b>        <\/td>\n<td align=\"top\">            <b>A-Gruppe:<\/b> Bei <b>bis zu 8<\/b> Teilnehmern Rundenturnier;             bei <b>9 bis 13<\/b> Teilnehmern 5, bei <b>mehr als 13<\/b> Teilnehmern             7 Runden Schweizer System. <br \/>            <b>B-Gruppe:<\/b>  Bei <b> 5 bis 10<\/b> Teilnehmern Rundenturnier, bei             <b>mehr als 10<\/b> Teilnehmern 7 Runden Schweizer System. Bei weniger als             5 Teilnehmern spielen diese im A-Turnier mit.            <br \/><b>F\u00fcr beide Turniere<\/b> werden zun\u00e4chst 7 Runden im Terminkalender vorgesehen.         <\/td>\n<\/tr>\n<tr>\n<td align=\"top\" width=\"120\"><b>             Bedenkzeit        <\/td>\n<td align=\"top\">            <b>A-Gruppe:<\/b> Pro Spieler 1,5 Stunden plus 30 Sek. je Zug (Fischer)             f\u00fcr die ganze Partie. <br \/>            <b>B-Gruppe:<\/b> Pro Spieler 1 Stunde plus 30 Sek. je Zug (Fischer)             f\u00fcr die ganze Partie.        <\/td>\n<\/tr>\n<tr>\n<td align=\"top\" width=\"120\"><b>             Spielort<\/b>        <\/td>\n<td align=\"top\">             In der Regel wird im Vereinshaus Gonzenheim in Bad Homburg gespielt              (<a href = \"http:\/\/www.schachklub-bad-homburg.de?p=3776\">Anfahrtskizze<\/a>).        <\/td>\n<\/tr>\n<tr>\n<td align=\"top\" width=\"120\"><b>             Meldeschluss        <\/td>\n<td align=\"top\">             Die Anmeldung ist im Schachklub oder per E-Mail              (<b><a href = \"mailto:turnierleiter@schachklub-bad-homburg.de\">turnierleiter@schachklub-bad-homburg.de<\/a><\/b>)              m\u00f6glich.               <br \/>Meldeschluss ist am <b>02. September 2016 (20:00 Uhr<\/b> im Schachklub,              <b>16:00<\/b> bei Anmeldung per E-Mail).        <\/td>\n<\/tr>\n<tr>\n<td align=\"top\" width=\"120\"><b>             Spieltage        <\/td>\n<td align=\"top\">            Es ist sp\u00e4testens um <b>20:00 Uhr<\/b> mit den Runden zu beginnen.<br \/>            1. Runde: <b>09.09.2016<\/b><br \/>            2. Runde: <b>07.10.2016<\/b><br \/>            3. Runde: <b>04.11.2016<\/b><br \/>            4. Runde: <b>18.11.2016<\/b><br \/>            5. Runde: <b>09.12.2016<\/b><br \/>            6. Runde: <b>13.01.2017<\/b><br \/>            7. Runde: <b>03.02.2017<\/b>        <\/td>\n<\/tr>\n<tr>\n<td align=\"top\" width=\"120\"><b>             Preise        <\/td>\n<td align=\"top\">             <b>A-Gruppe:<\/b> Der Sieger erh\u00e4lt einen <b>Pokal<\/b>.              Die ersten Drei erhalten eine Urkunde sowie ein Preisgeld in H\u00f6he von              <b>100 &euro;<\/b> f\u00fcr den Sieger, <b>50 &euro;<\/b> f\u00fcr den Zweiten und              <b>25 &euro;<\/b> f\u00fcr den Dritten. Die Geldpreise werden bei Punktgleichheit              nach dem <b>Hort-System<\/b> vergeben. F\u00fcr die Platzierung wird als Zweitwertung              die Turnierleistung (DWZ) herangezogen. F\u00fcr die drei st\u00e4rksten Verbesserer              (massgeblich ist daf\u00fcr die Differenz zwischen alter DWZ und ihrer Turnierleistung)              gibt es <b>weitere Geldpreise<\/b> in H\u00f6he von <b>40, 20 und 10 &euro;<\/b>. <br \/>             <b>B-Gruppe:<\/b> Der Sieger erh\u00e4lt einen <b>Pokal<\/b>. Die ersten Drei erhalten              eine Urkunde. F\u00fcr die Platzierung wird als Zweitwertung Buchholz (bei Schweizer              System) bzw. Sonneborn-Berger (bei Rundenturnier) herangezogen.        <\/td>\n<\/tr>\n<tr>\n<td align=\"top\" width=\"120\"><b>             Sonstiges        <\/td>\n<td align=\"top\">             F\u00fcr die Turniere erfolgt <b>keine DWZ-Wertung<\/b>. Allerdings wird die DWZ-Auswertung              des Turnierprogramms f\u00fcr Zweitwertung und Sonderpreise (s.o.) verwendet.<br \/>             Es wird zwar <b>kein Reuegeld<\/b> erhoben, aber es wird eine sehr hohe Turnierdisziplin              erwartet, insbesondere wenn nach Schweizer System gespielt wird.<br \/>             \u00dcber dieses Turnier wird <b>per Aushang<\/b> in den Vereinsr\u00e4umen sowie aktuell <b>im              Internet<\/b> berichtet.             <br \/>Der <a href = \"http:\/\/www.schachklub-bad-homburg.de\">Schachklub Bad Homburg<\/a> ist der              Veranstalter dieses Turniers.             <br \/>Bei <b>Fragen<\/b> reicht eine              <a href = \"mailto:turnierleiter@schachklub-bad-homburg.de\">Mail-Nachricht<\/a>              an den Turnierleiter, die kurzfristig beantwortet wird!        <\/td>\n<\/tr>\n<\/tbody>\n<\/table><\/div>\n","protected":false},"excerpt":{"rendered":"<p>Ausschreibung &nbsp; Teilnehmer (alphabetisch) &nbsp; Teilnehmer (DWZ) &nbsp; Runden und Ergebnisse &nbsp; Tabellen &nbsp; Historie Kurzinfo Vereinsturniere in A- und B-Gruppe mit attraktiven Preisen. Vollrundig oder nach Schweizer System je nach Beteiligung. Durch die Einf\u00fchrung der B-Gruppe sollen Jugendliche einen leichteren Einstieg in das Vereinsleben erhalten und weniger Partien mit zu gro\u00dfer Leistungsdifferenz stattfinden. Teilnehmer <a href=\"https:\/\/www.schachklub-bad-homburg.de\/?page_id=6274\" class=\"more-link\">...weiterlesen<span class=\"screen-reader-text\"> \"Vereinsmeisterschaft 2016, Ausschreibung\"<\/span><\/a><\/p>\n","protected":false},"author":1,"featured_media":0,"parent":3834,"menu_order":10,"comment_status":"closed","ping_status":"closed","template":"","meta":{"footnotes":""},"class_list":["post-6274","page","type-page","status-publish","h-entry","hentry","h-as-page"],"_links":{"self":[{"href":"https:\/\/www.schachklub-bad-homburg.de\/index.php?rest_route=\/wp\/v2\/pages\/6274","targetHints":{"allow":["GET"]}}],"collection":[{"href":"https:\/\/www.schachklub-bad-homburg.de\/index.php?rest_route=\/wp\/v2\/pages"}],"about":[{"href":"https:\/\/www.schachklub-bad-homburg.de\/index.php?rest_route=\/wp\/v2\/types\/page"}],"author":[{"embeddable":true,"href":"https:\/\/www.schachklub-bad-homburg.de\/index.php?rest_route=\/wp\/v2\/users\/1"}],"replies":[{"embeddable":true,"href":"https:\/\/www.schachklub-bad-homburg.de\/index.php?rest_route=%2Fwp%2Fv2%2Fcomments&post=6274"}],"version-history":[{"count":0,"href":"https:\/\/www.schachklub-bad-homburg.de\/index.php?rest_route=\/wp\/v2\/pages\/6274\/revisions"}],"up":[{"embeddable":true,"href":"https:\/\/www.schachklub-bad-homburg.de\/index.php?rest_route=\/wp\/v2\/pages\/3834"}],"wp:attachment":[{"href":"https:\/\/www.schachklub-bad-homburg.de\/index.php?rest_route=%2Fwp%2Fv2%2Fmedia&parent=6274"}],"curies":[{"name":"wp","href":"https:\/\/api.w.org\/{rel}","templated":true}]}}