{"id":6096,"date":"2015-04-09T21:01:18","date_gmt":"2015-04-09T21:01:18","guid":{"rendered":"sen_ausschreibung.htm"},"modified":"2016-03-24T18:07:25","modified_gmt":"2016-03-24T18:07:25","slug":"sen_ausschreibung.htm","status":"publish","type":"page","link":"https:\/\/www.schachklub-bad-homburg.de\/?page_id=6096","title":{"rendered":"Senioren-Meisterschaft 2015, Ausschreibung"},"content":{"rendered":"<p><a href=\"http:\/\/www.schachklub-bad-homburg.de?p=6096\">Ausschreibung<\/a> &nbsp;         <a href=\"http:\/\/www.schachklub-bad-homburg.de?p=6097\">Teilnehmer (alphabetisch)<\/a> &nbsp;         <a href=\"http:\/\/www.schachklub-bad-homburg.de?p=6098\">Teilnehmer (DWZ)<\/a> &nbsp;         <a href=\"http:\/\/www.schachklub-bad-homburg.de?p=6099\">Paarungen und Ergebnisse<\/a> &nbsp;         <a href=\"http:\/\/www.schachklub-bad-homburg.de?p=3826\">Tabelle<\/a> &nbsp;        <a href=\"http:\/\/www.schachklub-bad-homburg.de?p=30642\" >Historie<\/a><\/p>\n<table bgColor=\"#FFFFFF\" width=\"550\" border=\"1\">\n<tbody>\n<tr>\n<td align=\"top\" width=\"120\"><b>             Kurzinfo<\/b>        <\/td>\n<td align=\"top\">           <b>Vereinsturnier<\/b> mit einer Bedenkzeit von 1,5 Stunden            plus 30 Sekunden je Zug f\u00fcr die ganze Partie.        Vollrundig oder nach Schweizer System je nach Beteiligung.        <\/td>\n<\/tr>\n<tr>\n<td align=\"top\" width=\"120\"><b>             Teilnehmer<\/b>        <\/td>\n<td align=\"top\">    Das Turnier ist <b>offen<\/b> f\u00fcr alle Schachspielerinnen vom Jahrgang 1960 und     fr\u00fcher bzw. f\u00fcr alle Schachspieler vom Jahrgang 1955 und fr\u00fcher.        <\/td>\n<\/tr>\n<tr>\n<td align=\"top\" width=\"120\"><b>             Turniermodus<\/b>        <\/td>\n<td align=\"top\">    Bei <b>bis zu 8<\/b> Teilnehmern Rundenturnier (Zweitwertung Sonneborn-Berger), sonst     5 Runden Schweizer System (Zweitwertung Buchholz, Drittwertung Sonneborn-Berger).    <br \/>F\u00fcr die Durchf\u00fchrung des Turniers werden zun\u00e4chst 5 Runden im Kalender vorgesehen.         <\/td>\n<\/tr>\n<tr>\n<td align=\"top\" width=\"120\"><b>            Bedenkzeit        <\/td>\n<td align=\"top\">       1,5 Stunden plus 30 Sekunden je Zug f\u00fcr die ganze Partie (Spielweise 12             auf unseren Digitaluhren).         <\/td>\n<\/tr>\n<tr>\n<td align=\"top\" width=\"120\"><b>             Spielort<\/b>        <\/td>\n<td align=\"top\">             In der Regel wird im Vereinshaus Gonzenheim in Bad Homburg gespielt              (<a href = \"http:\/\/www.schachklub-bad-homburg.de?p=3776\">Anfahrtskizze<\/a>).        <\/td>\n<\/tr>\n<tr>\n<td align=\"top\" width=\"120\"><b>             Meldeschluss        <\/td>\n<td align=\"top\">    Die Anmeldung ist im Schachklub in der ausgeh\u00e4ngten Liste oder per E-Mail     (<b><a href =\"mailto:seniorenwart@schachklub-bad-homburg.de\">seniorenwart@schachklub-bad-homburg.de<\/a><\/b>)              m\u00f6glich.               <\/p>\n<p>             Meldeschluss ist am <b>Montag, dem 04. Mai 2015<\/b> (einschlie\u00dflich).        <\/td>\n<\/tr>\n<tr>\n<td align=\"top\" width=\"120\"><b>             Spieltage        <\/td>\n<td align=\"top\">            Es ist in der Regel um 20.00 Uhr mit den Runden zu beginnen.<br \/>            1. Runde: <b>08.05.2015<\/b><br \/>            2. Runde: <b>19.06.2015<\/b><br \/>            3. Runde: <b>03.07.2015<\/b><br \/>            4. Runde: <b>24.07.2015<\/b><br \/>            5. Runde: <b>14.08.2015<\/b>        <\/td>\n<\/tr>\n<tr>\n<td align=\"top\" width=\"120\"><b>             Preise        <\/td>\n<td align=\"top\">    Der Sieger erh\u00e4lt einen <b>Pokal<\/b>. Der Zweit- und Drittplatzierte     erhalten je eine gravierte Medaille.        <\/td>\n<\/tr>\n<tr>\n<td align=\"top\" width=\"120\"><b>             DWZ-Wertung        <\/td>\n<td align=\"top\">             F\u00fcr das Turnier erfolgt <b>keine<\/b> DWZ-Wertung.         <\/td>\n<\/tr>\n<tr>\n<td align=\"top\" width=\"120\"><b>             Reuegeld        <\/td>\n<td align=\"top\">             Es wird zwar kein Reuegeld erhoben, aber es wird eine sehr hohe              <b>Turnierdisziplin<\/b> erwartet, insbesondere wenn nach Schweizer              System gespielt wird.        <\/td>\n<\/tr>\n<tr>\n<td align=\"top\" width=\"120\"><b>            Info-Dienst        <\/td>\n<td align=\"top\">             \u00dcber dieses Turnier und den Fortschritt der einzelnen Teilnehmer wird per Aushang in              den Vereinsr\u00e4umen sowie aktuell im Internet berichtet. Alle das Turnier betreffenden              Informationen werden per E-Mail verteilt oder \u00fcber diese Seiten des Vereines ver\u00f6ffentlicht.        <\/td>\n<\/tr>\n<tr>\n<td align=\"top\" width=\"120\"><b>             Veranstalter        <\/td>\n<td align=\"top\">             Der <a href = \"http:\/\/www.schachklub-bad-homburg.de\" target = \"_top\">Schachklub Bad Homburg<\/a> ist der              Veranstalter dieses Turniers.        <\/td>\n<\/tr>\n<tr>\n<td align=\"top\" width=\"120\"><b>             Noch Fragen?        <\/td>\n<td align=\"top\">    Dann reicht eine <a href = \"mailto:seniorenwart@schachklub-bad-homburg.de\">    Mail-Nachricht<\/a> an den Seniorenwart, die kurzfristig beantwortet wird!        <\/td>\n<\/tr>\n<\/tbody>\n<\/table><\/div>\n","protected":false},"excerpt":{"rendered":"<p>Ausschreibung &nbsp; Teilnehmer (alphabetisch) &nbsp; Teilnehmer (DWZ) &nbsp; Paarungen und Ergebnisse &nbsp; Tabelle &nbsp; Historie Kurzinfo Vereinsturnier mit einer Bedenkzeit von 1,5 Stunden plus 30 Sekunden je Zug f\u00fcr die ganze Partie. Vollrundig oder nach Schweizer System je nach Beteiligung. Teilnehmer Das Turnier ist offen f\u00fcr alle Schachspielerinnen vom Jahrgang 1960 und fr\u00fcher bzw. f\u00fcr <a href=\"https:\/\/www.schachklub-bad-homburg.de\/?page_id=6096\" class=\"more-link\">...weiterlesen<span class=\"screen-reader-text\"> \"Senioren-Meisterschaft 2015, Ausschreibung\"<\/span><\/a><\/p>\n","protected":false},"author":1,"featured_media":0,"parent":3826,"menu_order":10,"comment_status":"closed","ping_status":"closed","template":"","meta":{"footnotes":""},"class_list":["post-6096","page","type-page","status-publish","h-entry","hentry","h-as-page"],"_links":{"self":[{"href":"https:\/\/www.schachklub-bad-homburg.de\/index.php?rest_route=\/wp\/v2\/pages\/6096","targetHints":{"allow":["GET"]}}],"collection":[{"href":"https:\/\/www.schachklub-bad-homburg.de\/index.php?rest_route=\/wp\/v2\/pages"}],"about":[{"href":"https:\/\/www.schachklub-bad-homburg.de\/index.php?rest_route=\/wp\/v2\/types\/page"}],"author":[{"embeddable":true,"href":"https:\/\/www.schachklub-bad-homburg.de\/index.php?rest_route=\/wp\/v2\/users\/1"}],"replies":[{"embeddable":true,"href":"https:\/\/www.schachklub-bad-homburg.de\/index.php?rest_route=%2Fwp%2Fv2%2Fcomments&post=6096"}],"version-history":[{"count":0,"href":"https:\/\/www.schachklub-bad-homburg.de\/index.php?rest_route=\/wp\/v2\/pages\/6096\/revisions"}],"up":[{"embeddable":true,"href":"https:\/\/www.schachklub-bad-homburg.de\/index.php?rest_route=\/wp\/v2\/pages\/3826"}],"wp:attachment":[{"href":"https:\/\/www.schachklub-bad-homburg.de\/index.php?rest_route=%2Fwp%2Fv2%2Fmedia&parent=6096"}],"curies":[{"name":"wp","href":"https:\/\/api.w.org\/{rel}","templated":true}]}}