{"id":5905,"date":"2014-03-14T15:47:05","date_gmt":"2014-03-14T15:47:05","guid":{"rendered":"vpm_ausschreibung.htm"},"modified":"2014-03-14T15:22:42","modified_gmt":"2014-03-14T15:22:42","slug":"vpm_ausschreibung.htm","status":"publish","type":"page","link":"https:\/\/www.schachklub-bad-homburg.de\/?page_id=5905","title":{"rendered":"Pokalmeisterschaft 2014, Ausschreibung"},"content":{"rendered":"<p><a href=\"http:\/\/www.schachklub-bad-homburg.de?p=5905\">Ausschreibung<\/a>  &nbsp;  <a href=\"http:\/\/www.schachklub-bad-homburg.de?p=5906\">Teilnehmer (alphabetisch)<\/a> &nbsp;  <a href=\"http:\/\/www.schachklub-bad-homburg.de?p=5907\">Teilnehmer (DWZ)<\/a> &nbsp;  <a href=\"http:\/\/www.schachklub-bad-homburg.de?p=5908\">Paarungen\/Ergebnisse<\/a>&nbsp;  <a href=\"http:\/\/www.schachklub-bad-homburg.de?p=3817\">KO-Baum<\/a> &nbsp;  <a href=\"http:\/\/www.schachklub-bad-homburg.de?p=30642\" >Historie<\/a><\/p>\n<table width=\"550\" bgColor=\"#FFFFFF\" border=\"1\">\n<tbody>\n<tr>\n<td align=\"top\" width=\"120\"><b>             Kurzinfo<\/b>        <\/td>\n<td align=\"top\">           Turnier nach <b>KO-System<\/b> mit Preisen und einer            Bedenkzeit von 1,5 Stunden plus 30 Sekunden je Zug f\u00fcr die ganze Partie.         <\/td>\n<\/tr>\n<tr>\n<td align=\"top\" width=\"120\"><b>             Teilnehmer<\/b>        <\/td>\n<td align=\"top\">           <b>Ausschlie\u00dflich Vereinsmitglieder des SK Bad Homburg<\/b> sind teilnahmeberechtigt.        <\/td>\n<\/tr>\n<tr>\n<td align=\"top\" width=\"120\"><b>             Turniermodus<\/b>        <\/td>\n<td align=\"top\">             F\u00fcr die Durchf\u00fchrung des Turniers sind 5 Termine im Kalender reserviert.              Bei mehr als 32 Teilnehmern wird die Vorrunde zusammen mit den schon       m\u00f6glichen Partien der 1. Runde gespielt. Die Paarungen werden mindestens       <b>eine Woche vor jeder Runde<\/b>              ausgelost. Bei Remis folgt <b>unmittelbar<\/b> ein Stichkampf mit einer 15-Minuten-Partie,              danach ggf. 5-Minuten-Partien mit stets wechselnden Farben.              Die erste Siegpartie bringt die Entscheidung.         <\/td>\n<\/tr>\n<tr>\n<td align=\"top\" width=\"120\"><b>             Bedenkzeit        <\/td>\n<td align=\"top\">            1,5 Stunden plus 30 Sekunden je Zug f\u00fcr die ganze Partie (Spielweise 12             auf unseren Digitaluhren).         <\/td>\n<\/tr>\n<tr>\n<td align=\"top\" width=\"120\"><b>             Spielort<\/b>        <\/td>\n<td align=\"top\">             In der Regel wird im Vereinshaus Gonzenheim in Bad Homburg gespielt       (<a href = \"http:\/\/www.schachklub-bad-homburg.de?p=3776\">Anfahrtskizze<\/a>).        <\/td>\n<\/tr>\n<tr>\n<td align=\"top\" width=\"120\"><b>             Meldeschluss        <\/td>\n<td align=\"top\">             Meldeschluss ist am <b>28.03.2014<\/b> um <b>20:00 Uhr<\/b>.              Die Auslosung erfolgt direkt nach Meldeschluss.         <\/td>\n<\/tr>\n<tr>\n<td align=\"top\" width=\"120\"><b>             Spieltage        <\/td>\n<td align=\"top\">            Es ist in der Regel um 20.00 Uhr mit den Partien zu beginnen.            <br \/>           <b>1. Runde und ggf. Vorrunde: 04.04.2014 <\/b><br \/>           <b>2. Runde (1\/8-Finale):            23.05.2014<\/b><br \/>           <b>3. Runde (1\/4-Finale):            04.07.2014<\/b><br \/>           <b>4. Runde (1\/2-Finale):            05.09.2014<\/b><br \/>           <b>5. Runde (Finale):                24.10.2014<\/b>        <\/td>\n<\/tr>\n<tr>\n<td align=\"top\" width=\"120\"><b>             Preise        <\/td>\n<td align=\"top\">             Der Sieger erh\u00e4lt einen <b>Pokal<\/b>. Sieger und Zweiter erhalten eine Urkunde    sowie ein Preisgeld in H\u00f6he von <b>80 bzw. 40 Euro<\/b>.        <\/td>\n<\/tr>\n<tr>\n<td align=\"top\" width=\"120\"><b>             Start-, Reuegeld        <\/td>\n<td align=\"top\">             Es wird kein Startgeld und kein Reuegeld erhoben.        <\/td>\n<\/tr>\n<tr>\n<td align=\"top\" width=\"120\"><b>             DWZ-Wertung        <\/td>\n<td align=\"top\">             F\u00fcr das Turnier erfolgt <b>keine<\/b> DWZ-Wertung        <\/td>\n<\/tr>\n<tr>\n<td align=\"top\" width=\"120\"><b>            Info-Dienst        <\/td>\n<td align=\"top\">             \u00dcber dieses Turnier wird aktuell im Internet und per Aushang berichtet. Alle       das Turnier betreffende Informationen werden ausschlie\u00dflich so ver\u00f6ffentlicht.        <\/td>\n<\/tr>\n<tr>\n<td align=\"top\" width=\"120\"><b>             Veranstalter        <\/td>\n<td align=\"top\">             Der <a href = \"http:\/\/www.schachklub-bad-homburg.de\">Schachklub Bad Homburg<\/a> ist       der Veranstalter dieses Turniers.        <\/td>\n<\/tr>\n<tr>\n<td align=\"top\" width=\"120\"><b>             Fragen?        <\/td>\n<td align=\"top\">            Eine E-Mail an    den <a href = \"mailto:turnierleiter@schachklub-bad-homburg.de\">Organisator<\/a> wird    kurzfristig beantwortet.        <\/td>\n<\/tr>\n<\/tbody>\n<\/table>\n","protected":false},"excerpt":{"rendered":"<p>Ausschreibung &nbsp; Teilnehmer (alphabetisch) &nbsp; Teilnehmer (DWZ) &nbsp; Paarungen\/Ergebnisse&nbsp; KO-Baum &nbsp; Historie Kurzinfo Turnier nach KO-System mit Preisen und einer Bedenkzeit von 1,5 Stunden plus 30 Sekunden je Zug f\u00fcr die ganze Partie. Teilnehmer Ausschlie\u00dflich Vereinsmitglieder des SK Bad Homburg sind teilnahmeberechtigt. Turniermodus F\u00fcr die Durchf\u00fchrung des Turniers sind 5 Termine im Kalender reserviert. Bei <a href=\"https:\/\/www.schachklub-bad-homburg.de\/?page_id=5905\" class=\"more-link\">...weiterlesen<span class=\"screen-reader-text\"> \"Pokalmeisterschaft 2014, Ausschreibung\"<\/span><\/a><\/p>\n","protected":false},"author":1,"featured_media":0,"parent":3817,"menu_order":10,"comment_status":"closed","ping_status":"closed","template":"","meta":{"footnotes":""},"class_list":["post-5905","page","type-page","status-publish","h-entry","hentry","h-as-page"],"_links":{"self":[{"href":"https:\/\/www.schachklub-bad-homburg.de\/index.php?rest_route=\/wp\/v2\/pages\/5905","targetHints":{"allow":["GET"]}}],"collection":[{"href":"https:\/\/www.schachklub-bad-homburg.de\/index.php?rest_route=\/wp\/v2\/pages"}],"about":[{"href":"https:\/\/www.schachklub-bad-homburg.de\/index.php?rest_route=\/wp\/v2\/types\/page"}],"author":[{"embeddable":true,"href":"https:\/\/www.schachklub-bad-homburg.de\/index.php?rest_route=\/wp\/v2\/users\/1"}],"replies":[{"embeddable":true,"href":"https:\/\/www.schachklub-bad-homburg.de\/index.php?rest_route=%2Fwp%2Fv2%2Fcomments&post=5905"}],"version-history":[{"count":0,"href":"https:\/\/www.schachklub-bad-homburg.de\/index.php?rest_route=\/wp\/v2\/pages\/5905\/revisions"}],"up":[{"embeddable":true,"href":"https:\/\/www.schachklub-bad-homburg.de\/index.php?rest_route=\/wp\/v2\/pages\/3817"}],"wp:attachment":[{"href":"https:\/\/www.schachklub-bad-homburg.de\/index.php?rest_route=%2Fwp%2Fv2%2Fmedia&parent=5905"}],"curies":[{"name":"wp","href":"https:\/\/api.w.org\/{rel}","templated":true}]}}