{"id":5528,"date":"2012-07-15T10:55:11","date_gmt":"2012-07-15T10:55:11","guid":{"rendered":"vem_ausschreibung.htm"},"modified":"2012-08-19T22:38:47","modified_gmt":"2012-08-19T22:38:47","slug":"vem_ausschreibung.htm","status":"publish","type":"page","link":"https:\/\/www.schachklub-bad-homburg.de\/?page_id=5528","title":{"rendered":"Vereinsmeisterschaft 2012, Ausschreibung"},"content":{"rendered":"<p><a href=\"http:\/\/www.schachklub-bad-homburg.de?p=5528\">Ausschreibung<\/a> &nbsp;  <a href=\"http:\/\/www.schachklub-bad-homburg.de?p=5529\">Teilnehmer (alphabetisch)<\/a>     &nbsp;  <a href=\"http:\/\/www.schachklub-bad-homburg.de?p=5530\">Teilnehmer (DWZ)<\/a>     &nbsp;  <a href=\"http:\/\/www.schachklub-bad-homburg.de?p=5531\">Runden und Ergebnisse<\/a> &nbsp;  <a href=\"http:\/\/www.schachklub-bad-homburg.de?p=3802\">Tabelle<\/a>  &nbsp;  <a href=\"http:\/\/www.schachklub-bad-homburg.de?p=30642\" >Historie<\/a><\/p>\n<table bgColor=\"#FFFFFF\" border=\"1\">\n<tbody>\n<tr>\n<td align=\"top\" width=\"120\"><b>             Kurzinfo<\/b>        <\/td>\n<td align=\"top\">           <b>Vereinsturnier<\/b> mit Pokal und <b>attraktiven Preisen<\/b>           und einer Bedenkzeit von zwei Stunden f\u00fcr mindestens 40 Z\u00fcge (danach 15 Minuten     plus 30 Sekunden je Zug f\u00fcr den Rest der Partie).            Vollrundig oder nach Schweizer System je nach Beteiligung.        <\/td>\n<\/tr>\n<tr>\n<td align=\"top\" width=\"120\"><b>             Teilnehmer<\/b>        <\/td>\n<td align=\"top\">          <b>Ausschlie\u00dflich Vereinsmitglieder<\/b> sind teilnahmeberechtigt.         <\/td>\n<\/tr>\n<tr>\n<td align=\"top\" width=\"120\"><b>             Turniermodus<\/b>        <\/td>\n<td align=\"top\">             Bei <b>bis zu 8<\/b> Teilnehmern Rundenturnier; bei <b>9 bis 13<\/b> Teilnehmern 6,               bei <b>mehr als 13<\/b> Teilnehmern 7 Runden Schweizer System.              <br \/>F\u00fcr die Durchf\u00fchrung des Turniers werden 7 Runden im Kalender vorgesehen.         <\/td>\n<\/tr>\n<tr>\n<td align=\"top\" width=\"120\"><b>             Bedenkzeit        <\/td>\n<td align=\"top\">            2 Stunden f\u00fcr mindestens die ersten 40 Z\u00fcge, danach 15 Minuten      plus 30 Sekunden je Zug (Fischer-Methode) pro Spieler f\u00fcr             den Rest der Partie. Diese Bedenkzeit ist bei unseren neuen Digitaluhren      unter Spielweise \"17\" verf\u00fcgbar.      Bei Verwendung von mechanischen Uhren gelten 30 Minuten als 2. Spielphase.        <\/td>\n<\/tr>\n<tr>\n<td align=\"top\" width=\"120\"><b>             Spielort<\/b>        <\/td>\n<td align=\"top\">             In der Regel wird im Vereinshaus Gonzenheim in Bad Homburg gespielt              (<a href = \"http:\/\/www.schachklub-bad-homburg.de?p=3776\">Anfahrtskizze<\/a>).        <\/td>\n<\/tr>\n<tr>\n<td align=\"top\" width=\"120\"><b>             Meldeschluss        <\/td>\n<td align=\"top\">             Die Anmeldung ist im Schachklub, telefonisch (<b>06172\/32274<\/b>) oder per E-Mail              (<b><a href = \"mailto:turnierleiter@schachklub-bad-homburg.de\">turnierleiter@schachklub-bad-homburg.de<\/a><\/b>)              m\u00f6glich.               <\/p>\n<p>             Meldeschluss ist der <b>24. August 2012 (20:00 Uhr<\/b> im Schachklub,              <b>14:00<\/b> bei Anmeldung per Telefon oder E-Mail).        <\/td>\n<\/tr>\n<tr>\n<td align=\"top\" width=\"120\"><b>             Spieltage        <\/td>\n<td align=\"top\">            Es ist sp\u00e4testens um <b>20:00 Uhr<\/b> mit den Runden zu beginnen.<br \/>            1. Runde: <b>07.09.2012<\/b><br \/>            2. Runde: <b>21.09.2012<\/b><br \/>            3. Runde: <b>19.10.2012<\/b><br \/>            4. Runde: <b>09.11.2012<\/b><br \/>            5. Runde: <b>23.11.2012<\/b><br \/>            6. Runde: <b>14.12.2012<\/b><br \/>            7. Runde: <b>18.01.2013<\/b>        <\/td>\n<\/tr>\n<tr>\n<td align=\"top\" width=\"120\"><b>             Preise        <\/td>\n<td align=\"top\">             Der Sieger erh\u00e4lt einen <b>Pokal<\/b>.              Die ersten Drei erhalten eine Urkunde sowie ein Preisgeld in H\u00f6he von              <b>100 &euro;<\/b> f\u00fcr den Sieger, <b>50 &euro;<\/b> f\u00fcr den Zweiten und              <b>25 &euro;<\/b> f\u00fcr den Dritten. Die Geldpreise werden bei Punktgleichheit              nach dem <b>Hort-System<\/b> vergeben. F\u00fcr die Platzierung wird als Zweitwertung              die Turnierleistung (DWZ) herangezogen. F\u00fcr die drei st\u00e4rksten Verbesserer              (massgeblich ist daf\u00fcr die Differenz zwischen alter DWZ und ihrer Turnierleistung)              gibt es <b>weitere Geldpreise<\/b> in H\u00f6he von <b>40, 20 und 10 &euro;<\/b>.         <\/td>\n<\/tr>\n<tr>\n<td align=\"top\" width=\"120\"><b>             DWZ-Wertung        <\/td>\n<td align=\"top\">             F\u00fcr das Turnier erfolgt <b>keine<\/b> DWZ-Wertung. Allerdings wird die DWZ-Auswertung              des Turnierprogramms f\u00fcr Zweitwertung und Sonderpreise (s.o.) verwendet.        <\/td>\n<\/tr>\n<tr>\n<td align=\"top\" width=\"120\"><b>             Reuegeld        <\/td>\n<td align=\"top\">             Es wird zwar kein Reuegeld erhoben, aber es wird eine sehr hohe <b>Turnierdisziplin<\/b>              erwartet, insbesondere wenn nach Schweizer System gespielt wird.        <\/td>\n<\/tr>\n<tr>\n<td align=\"top\" width=\"120\"><b>            Info-Dienst        <\/td>\n<td align=\"top\">             \u00dcber dieses Turnier und den Fortschritt der einzelnen Teilnehmer wird per Aushang in              den Vereinsr\u00e4umen sowie aktuell im Internet berichtet. Alle das Turnier betreffenden              Informationen werden per E-Mail verteilt oder \u00fcber diese Seiten des Vereines ver\u00f6ffentlicht.        <\/td>\n<\/tr>\n<tr>\n<td align=\"top\" width=\"120\"><b>             Veranstalter        <\/td>\n<td align=\"top\">             Der <a href = \"http:\/\/www.schachklub-bad-homburg.de\">Schachklub Bad Homburg<\/a> ist der              Veranstalter dieses Turniers.        <\/td>\n<\/tr>\n<tr>\n<td align=\"top\" width=\"120\"><b>             Noch Fragen?        <\/td>\n<td align=\"top\">             Dann reicht eine <a href = \"mailto:turnierleiter@schachklub-bad-homburg.de\">Mail-Nachricht<\/a>              an den Turnierleiter, die kurzfristig beantwortet wird!        <\/td>\n<\/tr>\n<\/tbody>\n<\/table><\/div>\n","protected":false},"excerpt":{"rendered":"<p>Ausschreibung &nbsp; Teilnehmer (alphabetisch) &nbsp; Teilnehmer (DWZ) &nbsp; Runden und Ergebnisse &nbsp; Tabelle &nbsp; Historie Kurzinfo Vereinsturnier mit Pokal und attraktiven Preisen und einer Bedenkzeit von zwei Stunden f\u00fcr mindestens 40 Z\u00fcge (danach 15 Minuten plus 30 Sekunden je Zug f\u00fcr den Rest der Partie). Vollrundig oder nach Schweizer System je nach Beteiligung. Teilnehmer Ausschlie\u00dflich <a href=\"https:\/\/www.schachklub-bad-homburg.de\/?page_id=5528\" class=\"more-link\">...weiterlesen<span class=\"screen-reader-text\"> \"Vereinsmeisterschaft 2012, Ausschreibung\"<\/span><\/a><\/p>\n","protected":false},"author":1,"featured_media":0,"parent":3802,"menu_order":10,"comment_status":"closed","ping_status":"closed","template":"","meta":{"footnotes":""},"class_list":["post-5528","page","type-page","status-publish","h-entry","hentry","h-as-page"],"_links":{"self":[{"href":"https:\/\/www.schachklub-bad-homburg.de\/index.php?rest_route=\/wp\/v2\/pages\/5528","targetHints":{"allow":["GET"]}}],"collection":[{"href":"https:\/\/www.schachklub-bad-homburg.de\/index.php?rest_route=\/wp\/v2\/pages"}],"about":[{"href":"https:\/\/www.schachklub-bad-homburg.de\/index.php?rest_route=\/wp\/v2\/types\/page"}],"author":[{"embeddable":true,"href":"https:\/\/www.schachklub-bad-homburg.de\/index.php?rest_route=\/wp\/v2\/users\/1"}],"replies":[{"embeddable":true,"href":"https:\/\/www.schachklub-bad-homburg.de\/index.php?rest_route=%2Fwp%2Fv2%2Fcomments&post=5528"}],"version-history":[{"count":0,"href":"https:\/\/www.schachklub-bad-homburg.de\/index.php?rest_route=\/wp\/v2\/pages\/5528\/revisions"}],"up":[{"embeddable":true,"href":"https:\/\/www.schachklub-bad-homburg.de\/index.php?rest_route=\/wp\/v2\/pages\/3802"}],"wp:attachment":[{"href":"https:\/\/www.schachklub-bad-homburg.de\/index.php?rest_route=%2Fwp%2Fv2%2Fmedia&parent=5528"}],"curies":[{"name":"wp","href":"https:\/\/api.w.org\/{rel}","templated":true}]}}