{"id":5118,"date":"2010-05-15T13:21:45","date_gmt":"2010-05-15T13:21:45","guid":{"rendered":"sen_ausschreibung.htm"},"modified":"2011-01-30T15:08:30","modified_gmt":"2011-01-30T15:08:30","slug":"sen_ausschreibung.htm","status":"publish","type":"page","link":"https:\/\/www.schachklub-bad-homburg.de\/?page_id=5118","title":{"rendered":"Senioren-Meisterschaft 2010, Ausschreibung"},"content":{"rendered":"<p><a href=\"http:\/\/www.schachklub-bad-homburg.de?p=5118\">Ausschreibung<\/a> &nbsp;         <a href=\"http:\/\/www.schachklub-bad-homburg.de?p=5119\">Teilnehmer (alphabetisch)<\/a> &nbsp;         <a href=\"http:\/\/www.schachklub-bad-homburg.de?p=5120\">Teilnehmer (DWZ)<\/a> &nbsp;         <a href=\"http:\/\/www.schachklub-bad-homburg.de?p=5121\">Paarungen und Ergebnisse<\/a> &nbsp;         <a href=\"http:\/\/www.schachklub-bad-homburg.de?p=3784\">Tabelle<\/a> &nbsp;        <a href=\"http:\/\/www.schachklub-bad-homburg.de?p=30642\" >Historie<\/a><\/p>\n<table bgColor=\"#FFFFFF\" border=\"1\">\n<tbody>\n<tr>\n<td align=\"top\" width=\"120\"><b>             Kurzinfo<\/b>        <\/td>\n<td align=\"top\">           <b>Vereinsturnier<\/b> mit einer Bedenkzeit von zwei Stunden f\u00fcr 40 Z\u00fcge plus            30 Minuten f\u00fcr den Rest. Vollrundig oder nach Schweizer System je nach Beteiligung.        <\/td>\n<\/tr>\n<tr>\n<td align=\"top\" width=\"120\"><b>             Teilnehmer<\/b>        <\/td>\n<td align=\"top\">             Das Turnier ist <b>offen<\/b> f\u00fcr alle Schachspieler Jahrgang 1950 und fr\u00fcher.        <\/td>\n<\/tr>\n<tr>\n<td align=\"top\" width=\"120\"><b>             Turniermodus<\/b>        <\/td>\n<td align=\"top\">             Bei <b>bis zu 8<\/b> Teilnehmern Rundenturnier, sonst 6 Runden Schweizer System.              <br \/>             Bei Punktgleichheit an der Tabellenspitze findet ein Stichkampf statt, danach ggf. 15-Minuten-Partien mit wechselnden Farben. Die erste Siegpartie bringt die Entscheidung.             <\/p>\n<p>F\u00fcr die Durchf\u00fchrung des Turniers werden 6 Runden im Kalender vorgesehen.         <\/td>\n<\/tr>\n<tr>\n<td align=\"top\" width=\"120\"><b>             Bedenkzeit        <\/td>\n<td align=\"top\">            2 Stunden f\u00fcr die ersten 40 Z\u00fcge zuz\u00fcglich 30 Minuten pro Spieler f\u00fcr             den Rest der Partie.         <\/td>\n<\/tr>\n<tr>\n<td align=\"top\" width=\"120\"><b>             Spielort<\/b>        <\/td>\n<td align=\"top\">             In der Regel wird im Vereinshaus Gonzenheim in Bad Homburg gespielt              (<a href = \"http:\/\/www.schachklub-bad-homburg.de?p=3776\">Anfahrtskizze<\/a>).        <\/td>\n<\/tr>\n<tr>\n<td align=\"top\" width=\"120\"><b>             Meldeschluss        <\/td>\n<td align=\"top\">             Die Anmeldung ist im Schachklub, telefonisch (<b>06172\/998117<\/b>) oder per E-Mail             (<b><a href = \"mailto:seniorenwart@schachklub-bad-homburg.de\">seniorenwart@schachklub-bad-homburg.de<\/a><\/b>) bei Wilfrid Vogel m\u00f6glich.             <\/p>\n<p>             Meldeschluss ist der <b>2. Juli 2010 (20:00 Uhr<\/b> im Schachklub,             <b>14:00<\/b> bei Anmeldung per Telefon oder E-Mail).        <\/td>\n<\/tr>\n<tr>\n<td align=\"top\" width=\"120\"><b>             Spieltage        <\/td>\n<td align=\"top\">            Es ist sp\u00e4testens um <b>20:00 Uhr<\/b> mit den Runden zu beginnen.            <br \/>            1. Runde: <b>09.07.2010<\/b>            <br \/>            2. Runde: <b>06.08.2010<\/b>            <br \/>            3. Runde: <b>10.09.2010<\/b>            <br \/>            4. Runde: <b>15.10.2010<\/b>            <br \/>            5. Runde: <b>05.11.2010<\/b>            <br \/>            6. Runde: <b>03.12.2010<\/b>                    <\/td>\n<\/tr>\n<tr>\n<td align=\"top\" width=\"120\"><b>             Preise        <\/td>\n<td align=\"top\">             Der Sieger erh\u00e4lt einen <b>Pokal<\/b>. Alle Teilnehmer erhalten eine Urkunde.        <\/td>\n<\/tr>\n<tr>\n<td align=\"top\" width=\"120\"><b>             DWZ-Wertung        <\/td>\n<td align=\"top\">             F\u00fcr das Turnier erfolgt <b>keine<\/b> DWZ-Wertung.         <\/td>\n<\/tr>\n<tr>\n<td align=\"top\" width=\"120\"><b>             Reuegeld        <\/td>\n<td align=\"top\">             Es wird kein Reuegeld erhoben, aber eine hohe             <b>Turnierdisziplin<\/b> erwartet.        <\/td>\n<\/tr>\n<tr>\n<td align=\"top\" width=\"120\"><b>            Info-Dienst        <\/td>\n<td align=\"top\">             \u00dcber dieses Turnier und den Fortschritt der einzelnen Teilnehmer wird per Aushang in              den Vereinsr\u00e4umen sowie aktuell im Internet berichtet. Alle das Turnier betreffenden              Informationen werden per E-Mail verteilt oder \u00fcber diese Seiten des Vereines ver\u00f6ffentlicht.        <\/td>\n<\/tr>\n<tr>\n<td align=\"top\" width=\"120\"><b>             Veranstalter        <\/td>\n<td align=\"top\">             Der <a href = \"http:\/\/www.schachklub-bad-homburg.de\" target = \"_top\">Schachklub Bad Homburg<\/a> ist der             Veranstalter dieses Turniers.        <\/td>\n<\/tr>\n<tr>\n<td align=\"top\" width=\"120\"><b>             Noch Fragen?        <\/td>\n<td align=\"top\">             Dann reicht eine <a href = \"mailto:seniorenwart@schachklub-bad-homburg.de\">Mail-Nachricht<\/a>             an den Seniorenwart, die kurzfristig beantwortet wird!        <\/td>\n<\/tr>\n<\/tbody>\n<\/table><\/div>\n","protected":false},"excerpt":{"rendered":"<p>Ausschreibung &nbsp; Teilnehmer (alphabetisch) &nbsp; Teilnehmer (DWZ) &nbsp; Paarungen und Ergebnisse &nbsp; Tabelle &nbsp; Historie Kurzinfo Vereinsturnier mit einer Bedenkzeit von zwei Stunden f\u00fcr 40 Z\u00fcge plus 30 Minuten f\u00fcr den Rest. Vollrundig oder nach Schweizer System je nach Beteiligung. Teilnehmer Das Turnier ist offen f\u00fcr alle Schachspieler Jahrgang 1950 und fr\u00fcher. Turniermodus Bei bis <a href=\"https:\/\/www.schachklub-bad-homburg.de\/?page_id=5118\" class=\"more-link\">...weiterlesen<span class=\"screen-reader-text\"> \"Senioren-Meisterschaft 2010, Ausschreibung\"<\/span><\/a><\/p>\n","protected":false},"author":1,"featured_media":0,"parent":3784,"menu_order":10,"comment_status":"closed","ping_status":"closed","template":"","meta":{"footnotes":""},"class_list":["post-5118","page","type-page","status-publish","h-entry","hentry","h-as-page"],"_links":{"self":[{"href":"https:\/\/www.schachklub-bad-homburg.de\/index.php?rest_route=\/wp\/v2\/pages\/5118","targetHints":{"allow":["GET"]}}],"collection":[{"href":"https:\/\/www.schachklub-bad-homburg.de\/index.php?rest_route=\/wp\/v2\/pages"}],"about":[{"href":"https:\/\/www.schachklub-bad-homburg.de\/index.php?rest_route=\/wp\/v2\/types\/page"}],"author":[{"embeddable":true,"href":"https:\/\/www.schachklub-bad-homburg.de\/index.php?rest_route=\/wp\/v2\/users\/1"}],"replies":[{"embeddable":true,"href":"https:\/\/www.schachklub-bad-homburg.de\/index.php?rest_route=%2Fwp%2Fv2%2Fcomments&post=5118"}],"version-history":[{"count":0,"href":"https:\/\/www.schachklub-bad-homburg.de\/index.php?rest_route=\/wp\/v2\/pages\/5118\/revisions"}],"up":[{"embeddable":true,"href":"https:\/\/www.schachklub-bad-homburg.de\/index.php?rest_route=\/wp\/v2\/pages\/3784"}],"wp:attachment":[{"href":"https:\/\/www.schachklub-bad-homburg.de\/index.php?rest_route=%2Fwp%2Fv2%2Fmedia&parent=5118"}],"curies":[{"name":"wp","href":"https:\/\/api.w.org\/{rel}","templated":true}]}}