{"id":4720,"date":"2009-01-30T15:25:02","date_gmt":"2009-01-30T15:25:02","guid":{"rendered":"sen_ausschreibung.htm"},"modified":"2011-01-30T15:10:31","modified_gmt":"2011-01-30T15:10:31","slug":"sen_ausschreibung.htm","status":"publish","type":"page","link":"https:\/\/www.schachklub-bad-homburg.de\/?page_id=4720","title":{"rendered":"Senioren-Meisterschaft 2008, Ausschreibung"},"content":{"rendered":"<p><a href=\"http:\/\/www.schachklub-bad-homburg.de?p=4720\">Ausschreibung<\/a> &nbsp;         <a href=\"http:\/\/www.schachklub-bad-homburg.de?p=4721\">Teilnehmer (alphabetisch)<\/a> &nbsp;         <a href=\"http:\/\/www.schachklub-bad-homburg.de?p=4722\">Teilnehmer (DWZ)<\/a> &nbsp;         <a href=\"http:\/\/www.schachklub-bad-homburg.de?p=4723\">Paarungen und Ergebnisse<\/a> &nbsp;         <a href=\"http:\/\/www.schachklub-bad-homburg.de?p=4124\">Kreuztabelle<\/a><\/p>\n<table width=\"550\" bgColor=\"#FFFFFF\" border=\"1\">\n<tbody>\n<tr>\n<td align=\"top\" width=\"120\"><b>             Turniermodus<\/b>        <\/td>\n<td align=\"top\">             Es wird ein Rundenturnier gespielt.         <\/td>\n<\/tr>\n<tr>\n<td align=\"top\" width=\"120\"><b>             Bedenkzeit        <\/td>\n<td align=\"top\">             Die Bedenkzeit betr\u00e4gt 2 Stunden f\u00fcr die ersten 40 Z\u00fcge plus 30 Minuten f\u00fcr              den Rest der Partie pro Spieler.         <\/td>\n<\/tr>\n<tr>\n<td align=\"top\" width=\"120\"><b>             Spielort<\/b>        <\/td>\n<td align=\"top\">             Es wird freitags ab 19:00 Uhr an den Spielabenden des Schachklubs gespielt.              Runden k\u00f6nnen nach Vereinbarung vor- und nachgeholt werden, was auch privat              (d.h. au\u00dferhalb des Schachklubs) m\u00f6glich ist. Jedoch sollten die 1. und die              9. Runde m\u00f6glichst geschlossen stattfinden.              <br \/>             Eine <a href = \"http:\/\/www.schachklub-bad-homburg.de?p=3776\">Anfahrtskizze<\/a> ist unter den            Kontaktdaten zu finden.        <\/td>\n<\/tr>\n<tr>\n<td align=\"top\" width=\"120\"><b>             Spieltage        <\/td>\n<td align=\"top\">            04.04.2008 <br \/>            02.05.2008 <br \/>            16.05.2008 <br \/>            20.06.2008 <br \/>            04.07.2008 <br \/>            18.07.2008 <br \/>            08.08.2008 <br \/>            22.08.2008 <br \/>            12.09.2008         <\/td>\n<\/tr>\n<tr>\n<td align=\"top\" width=\"120\"><b>             Preise        <\/td>\n<td align=\"top\">             Die ersten Drei erhalten je eine Urkunde.        <\/td>\n<\/tr>\n<tr>\n<td align=\"top\" width=\"120\"><b>             Start-, Reuegeld        <\/td>\n<td align=\"top\">             Es wird kein Startgeld und kein Reuegeld erhoben.        <\/td>\n<\/tr>\n<tr>\n<td align=\"top\" width=\"120\"><b>            Info-Dienst        <\/td>\n<td align=\"top\">             \u00dcber dieses Turnier wird aktuell im Internet und per Aushang berichtet. Alle das Turnier betreffende Informationen werden ausschlie\u00dflich so ver\u00f6ffentlicht.        <\/td>\n<\/tr>\n<tr>\n<td align=\"top\" width=\"120\"><b>             Veranstalter        <\/td>\n<td align=\"top\">             Der <a href = \"http:\/\/www.schachklub-bad-homburg.de\" target = \"_top\">Schachklub Bad Homburg<\/a> ist der Veranstalter dieses Turniers.        <\/td>\n<\/tr>\n<tr>\n<td align=\"top\" width=\"120\"><b>             Fragen?        <\/td>\n<td align=\"top\">            Die Teilnehmer Helmut Desor und Werner Hoffmann             sind f\u00fcr die Durchf\u00fchrung des Turniers und bei Fragen zust\u00e4ndig        <\/td>\n<\/tr>\n<\/tbody>\n<\/table>\n","protected":false},"excerpt":{"rendered":"<p>Ausschreibung &nbsp; Teilnehmer (alphabetisch) &nbsp; Teilnehmer (DWZ) &nbsp; Paarungen und Ergebnisse &nbsp; Kreuztabelle Turniermodus Es wird ein Rundenturnier gespielt. Bedenkzeit Die Bedenkzeit betr\u00e4gt 2 Stunden f\u00fcr die ersten 40 Z\u00fcge plus 30 Minuten f\u00fcr den Rest der Partie pro Spieler. Spielort Es wird freitags ab 19:00 Uhr an den Spielabenden des Schachklubs gespielt. Runden k\u00f6nnen <a href=\"https:\/\/www.schachklub-bad-homburg.de\/?page_id=4720\" class=\"more-link\">...weiterlesen<span class=\"screen-reader-text\"> \"Senioren-Meisterschaft 2008, Ausschreibung\"<\/span><\/a><\/p>\n","protected":false},"author":1,"featured_media":0,"parent":4124,"menu_order":10,"comment_status":"closed","ping_status":"closed","template":"","meta":{"footnotes":""},"class_list":["post-4720","page","type-page","status-publish","h-entry","hentry","h-as-page"],"_links":{"self":[{"href":"https:\/\/www.schachklub-bad-homburg.de\/index.php?rest_route=\/wp\/v2\/pages\/4720","targetHints":{"allow":["GET"]}}],"collection":[{"href":"https:\/\/www.schachklub-bad-homburg.de\/index.php?rest_route=\/wp\/v2\/pages"}],"about":[{"href":"https:\/\/www.schachklub-bad-homburg.de\/index.php?rest_route=\/wp\/v2\/types\/page"}],"author":[{"embeddable":true,"href":"https:\/\/www.schachklub-bad-homburg.de\/index.php?rest_route=\/wp\/v2\/users\/1"}],"replies":[{"embeddable":true,"href":"https:\/\/www.schachklub-bad-homburg.de\/index.php?rest_route=%2Fwp%2Fv2%2Fcomments&post=4720"}],"version-history":[{"count":0,"href":"https:\/\/www.schachklub-bad-homburg.de\/index.php?rest_route=\/wp\/v2\/pages\/4720\/revisions"}],"up":[{"embeddable":true,"href":"https:\/\/www.schachklub-bad-homburg.de\/index.php?rest_route=\/wp\/v2\/pages\/4124"}],"wp:attachment":[{"href":"https:\/\/www.schachklub-bad-homburg.de\/index.php?rest_route=%2Fwp%2Fv2%2Fmedia&parent=4720"}],"curies":[{"name":"wp","href":"https:\/\/api.w.org\/{rel}","templated":true}]}}