{"id":4713,"date":"2009-01-30T15:25:02","date_gmt":"2009-01-30T15:25:02","guid":{"rendered":"vpm_ausschreibung.htm"},"modified":"2011-01-30T15:10:21","modified_gmt":"2011-01-30T15:10:21","slug":"vpm_ausschreibung.htm","status":"publish","type":"page","link":"https:\/\/www.schachklub-bad-homburg.de\/?page_id=4713","title":{"rendered":"Pokalmeisterschaft 2008, Ausschreibung"},"content":{"rendered":"<p><a href=\"http:\/\/www.schachklub-bad-homburg.de?p=4713\">Ausschreibung<\/a>  &nbsp;  <a href=\"http:\/\/www.schachklub-bad-homburg.de?p=4714\">Teilnehmer (alphabetisch)<\/a> &nbsp;  <a href=\"http:\/\/www.schachklub-bad-homburg.de?p=4715\">Teilnehmer (DWZ)<\/a> &nbsp;  <a href=\"http:\/\/www.schachklub-bad-homburg.de?p=4716\">Paarungen\/Ergebnisse<\/a>&nbsp;  <a href=\"http:\/\/www.schachklub-bad-homburg.de?p=4119\">KO-Baum<\/a> &nbsp;  <a href=\"http:\/\/www.schachklub-bad-homburg.de?p=30642\" >Historie<\/a><\/p>\n<table width=\"550\" bgColor=\"#FFFFFF\" border=\"1\">\n<tbody>\n<tr>\n<td align=\"top\" width=\"120\"><b>             Kurzinfo<\/b>        <\/td>\n<td align=\"top\">           Offenes Pokalturnier nach <b>KO-System<\/b> mit Preisen und einer            Bedenkzeit von 2 Stunden\/40 Z\u00fcge plus 30 Minuten f\u00fcr den Rest.         <\/td>\n<\/tr>\n<tr>\n<td align=\"top\" width=\"120\"><b>             Teilnehmer<\/b>        <\/td>\n<td align=\"top\">           Das Turnier ist <b>offen<\/b> f\u00fcr alle Schachspieler.        <\/td>\n<\/tr>\n<tr>\n<td align=\"top\" width=\"120\"><b>             Turniermodus<\/b>        <\/td>\n<td align=\"top\">             F\u00fcr die Durchf\u00fchrung des Turniers sind zun\u00e4chst 5 Termine im Kalender reserviert.              Weitere Termine werden ggf. fr\u00fchzeitig bekannt gemacht. Bei mehr als 32              Teilnehmern wird die Vorrunde zusammen mit den schon m\u00f6glichen Partien der              1. Runde gespielt. Die Paarungen werden mindestens <b>eine Woche vor jeder Runde<\/b>              ausgelost. Bei Remis folgt <b>eine<\/b> 15-Minuten-Partie,              danach ggf. 5-Minuten-Partien mit stets wechselnden Farben.              Die erste Siegpartie bringt die Entscheidung.         <\/td>\n<\/tr>\n<tr>\n<td align=\"top\" width=\"120\"><b>             Bedenkzeit        <\/td>\n<td align=\"top\">            2 Stunden f\u00fcr die ersten 40 Z\u00fcge zuz\u00fcglich 30 Minuten pro Spieler f\u00fcr              den Rest der Partie.         <\/td>\n<\/tr>\n<tr>\n<td align=\"top\" width=\"120\"><b>             Spielort<\/b>        <\/td>\n<td align=\"top\">             In der Regel wird im Vereinshaus Gonzenheim in Bad Homburg gespielt (<a href = \"http:\/\/www.schachklub-bad-homburg.de?p=3776\">Anfahrtskizze<\/a>).        <\/td>\n<\/tr>\n<tr>\n<td align=\"top\" width=\"120\"><b>             Meldeschluss        <\/td>\n<td align=\"top\">             <b>04. April 2008, 20:00 Uhr<\/b>. Auslosung direkt danach.         <\/td>\n<\/tr>\n<tr>\n<td align=\"top\" width=\"120\"><b>             Spieltage        <\/td>\n<td align=\"top\">            Es wird p\u00fcnktlich um 19.30 Uhr mit den Runden begonnen.            <br \/>           <b>1. Runde und ggf. Vorrunde: 11.04.2008 <\/b>           <br \/>           (die Partien der 1. Runde sind <b>bis zum 31.05.2008<\/b> zu absolvieren!)           <br \/>           <b>2. Runde (1\/8-Finale):            06.06.2008<\/b>           <br \/>           <b>3. Runde (1\/4-Finale):            22.08.2008<\/b>           <br \/>           <b>4. Runde (1\/2-Finale):            12.09.2008<\/b>           <br \/>           <b>5. Runde (Finale):                07.11.2008<\/b>        <\/td>\n<\/tr>\n<tr>\n<td align=\"top\" width=\"120\"><b>             Preise        <\/td>\n<td align=\"top\">             Der Sieger erh\u00e4lt einen <b>Pokal<\/b>. Sieger und Zweiter erhalten eine Urkunde sowie ein Preisgeld in H\u00f6he von <b>50 bzw. 25 Euro<\/b>.          <\/td>\n<\/tr>\n<tr>\n<td align=\"top\" width=\"120\"><b>             Start-, Reuegeld        <\/td>\n<td align=\"top\">             Es wird kein Startgeld und kein Reuegeld erhoben.        <\/td>\n<\/tr>\n<tr>\n<td align=\"top\" width=\"120\"><b>             DWZ-Wertung        <\/td>\n<td align=\"top\">             F\u00fcr das Turnier erfolgt <b>keine<\/b> DWZ-Wertung        <\/td>\n<\/tr>\n<tr>\n<td align=\"top\" width=\"120\"><b>            Info-Dienst        <\/td>\n<td align=\"top\">             \u00dcber dieses Turnier wird aktuell im Internet und per Aushang berichtet. Alle das Turnier betreffende Informationen werden ausschlie\u00dflich so ver\u00f6ffentlicht.        <\/td>\n<\/tr>\n<tr>\n<td align=\"top\" width=\"120\"><b>             Veranstalter        <\/td>\n<td align=\"top\">             Der <a href = \"http:\/\/www.schachklub-bad-homburg.de\" target = \"_top\">Schachklub Bad Homburg<\/a> ist der Veranstalter dieses Turniers.        <\/td>\n<\/tr>\n<tr>\n<td align=\"top\" width=\"120\"><b>             Fragen?        <\/td>\n<td align=\"top\">            Eine E-Mail an den <a href = \"mailto:turnierleiter@schachklub-bad-homburg.de\">Organisator<\/a> wird kurzfristig beantwortet.        <\/td>\n<\/tr>\n<\/tbody>\n<\/table>\n","protected":false},"excerpt":{"rendered":"<p>Ausschreibung &nbsp; Teilnehmer (alphabetisch) &nbsp; Teilnehmer (DWZ) &nbsp; Paarungen\/Ergebnisse&nbsp; KO-Baum &nbsp; Historie Kurzinfo Offenes Pokalturnier nach KO-System mit Preisen und einer Bedenkzeit von 2 Stunden\/40 Z\u00fcge plus 30 Minuten f\u00fcr den Rest. Teilnehmer Das Turnier ist offen f\u00fcr alle Schachspieler. Turniermodus F\u00fcr die Durchf\u00fchrung des Turniers sind zun\u00e4chst 5 Termine im Kalender reserviert. Weitere Termine <a href=\"https:\/\/www.schachklub-bad-homburg.de\/?page_id=4713\" class=\"more-link\">...weiterlesen<span class=\"screen-reader-text\"> \"Pokalmeisterschaft 2008, Ausschreibung\"<\/span><\/a><\/p>\n","protected":false},"author":1,"featured_media":0,"parent":4119,"menu_order":10,"comment_status":"closed","ping_status":"closed","template":"","meta":{"footnotes":""},"class_list":["post-4713","page","type-page","status-publish","h-entry","hentry","h-as-page"],"_links":{"self":[{"href":"https:\/\/www.schachklub-bad-homburg.de\/index.php?rest_route=\/wp\/v2\/pages\/4713","targetHints":{"allow":["GET"]}}],"collection":[{"href":"https:\/\/www.schachklub-bad-homburg.de\/index.php?rest_route=\/wp\/v2\/pages"}],"about":[{"href":"https:\/\/www.schachklub-bad-homburg.de\/index.php?rest_route=\/wp\/v2\/types\/page"}],"author":[{"embeddable":true,"href":"https:\/\/www.schachklub-bad-homburg.de\/index.php?rest_route=\/wp\/v2\/users\/1"}],"replies":[{"embeddable":true,"href":"https:\/\/www.schachklub-bad-homburg.de\/index.php?rest_route=%2Fwp%2Fv2%2Fcomments&post=4713"}],"version-history":[{"count":0,"href":"https:\/\/www.schachklub-bad-homburg.de\/index.php?rest_route=\/wp\/v2\/pages\/4713\/revisions"}],"up":[{"embeddable":true,"href":"https:\/\/www.schachklub-bad-homburg.de\/index.php?rest_route=\/wp\/v2\/pages\/4119"}],"wp:attachment":[{"href":"https:\/\/www.schachklub-bad-homburg.de\/index.php?rest_route=%2Fwp%2Fv2%2Fmedia&parent=4713"}],"curies":[{"name":"wp","href":"https:\/\/api.w.org\/{rel}","templated":true}]}}