{"id":4704,"date":"2009-01-30T15:25:01","date_gmt":"2009-01-30T15:25:01","guid":{"rendered":"jed_ausschreibung.htm"},"modified":"2008-08-31T17:30:37","modified_gmt":"2008-08-31T17:30:37","slug":"jed_ausschreibung.htm","status":"publish","type":"page","link":"https:\/\/www.schachklub-bad-homburg.de\/?page_id=4704","title":{"rendered":"Jedermannturnier 2008, Ausschreibung"},"content":{"rendered":"<p><a href=\"http:\/\/www.schachklub-bad-homburg.de?p=4704\">Ausschreibung<\/a> &nbsp;  <a href=\"wp-content\/uploads\/2009\/01\/491_Flyer Jedermannturnier.pdf\">Flyer<\/a> &nbsp;  <a href=\"http:\/\/www.schachklub-bad-homburg.de?p=4705\">Teilnehmer<\/a>     &nbsp;  <a href=\"http:\/\/www.schachklub-bad-homburg.de?p=4684\">Kreuztabelle<\/a><\/p>\n<table bgColor=\"#FFFFFF\" border=\"1\">\n<tbody>\n<tr>\n<td align=\"top\" width=\"120\"><b>             Kurzinfo<\/b>        <\/td>\n<td align=\"top\">           <b>Offenes Schachturnier<\/b> f\u00fcr Gelegenheitsspieler, Anf\u00e4nger und Wiedereinsteiger. Es werden            <b>frei vereinbarte<\/b> Partien gespielt. Es wird zwar wie ein <b>Rundenturnier<\/b> ausgelegt,            es m\u00fcssen aber <b>nicht<\/b> alle Partien ausgetragen werden.        <\/td>\n<\/tr>\n<tr>\n<td align=\"top\" width=\"120\"><b>             Teilnehmer<\/b>        <\/td>\n<td align=\"top\">           Das Turnier ist <b>offen<\/b> f\u00fcr alle Schachspieler und wendet sich vor allem an solche,            die nicht regelm\u00e4\u00dfig spielen wollen oder k\u00f6nnen; also an Kinder, Jugendliche, Senioren, Anf\u00e4nger und Gelegenheitsspieler.            Trotz des Namens des Turniers (Jeder<b>mann<\/b>) sind selbstverst\u00e4ndlich weibliche Teilnehmer <b>besonders<\/b> willkommen.        <\/td>\n<\/tr>\n<tr>\n<td align=\"top\" width=\"120\"><b>             Turniermodus,             <br \/>             Bedenkzeit<\/b>        <\/td>\n<td align=\"top\">            Der Teilnehmer tr\u00e4gt sich in die im Schachklub aush\u00e4ngende Tabelle (mit Name und Telefonnummer)             ein und kann dann mit den anderen Teilnehmern seine Partien vereinbaren und spielen.             Die f\u00fcr die jeweilige Partie g\u00fcltige Farbverteilung ist aus dieser Tabelle ersichtlich.             Die normale Bedenkzeit betr\u00e4gt <b>1 Stunde<\/b> pro Partie und Spieler,             es kann jedoch zwischen den Spielern <b>eine abweichende Bedenkzeit<\/b>             und auch der Verzicht auf Notation vereinbart werden. Es muss <b>nicht mit allen<\/b> Gegnern gespielt werden.            Es ist m\u00f6glich, noch im Laufe des Turniers einzusteigen.        <\/td>\n<\/tr>\n<tr>\n<td align=\"top\" width=\"120\"><b>             Spielort<\/b>        <\/td>\n<td align=\"top\">             In der Regel wird im Vereinshaus Gonzenheim in Bad Homburg gespielt (<a href = \"http:\/\/www.schachklub-bad-homburg.de?p=3776\">Anfahrtskizze<\/a>).        <\/td>\n<\/tr>\n<tr>\n<td align=\"top\" width=\"120\"><b>             Meldeschluss        <\/td>\n<td align=\"top\">             Das Turnier beginnt am <b>01.02.2008<\/b> und der letzte Spieltag ist der <b>28.11.2008<\/b>; Teilnehmer k\u00f6nnen              sich aber noch bis zum <b>12.09.2008<\/b>  eintragen und mitspielen!             <br \/>             Die Anmeldung ist auch per <b>E-Mail<\/b> m\u00f6glich an: <b><a href = \"mailto:turnierleiter@schachklub-bad-homburg.de\">turnierleiter@schachklub-bad-homburg.de<\/a><\/b>        <\/td>\n<\/tr>\n<tr>\n<td align=\"top\" width=\"120\"><b>             Spieltage        <\/td>\n<td align=\"top\">           Alle im Terminkalender des Schachklubs als \u201eSpieltage\u201c ausgewiesenen Freitage; es kann <b>auch privat<\/b> gespielt werden.        <\/td>\n<\/tr>\n<tr>\n<td align=\"top\" width=\"120\"><b>             Preise        <\/td>\n<td align=\"top\">             Nach Beendigung des Turniers ergibt sich die Rangfolge aus dem gezeigten              Niveau derjenigen Teilnehmer, die mindestens 50% aller Partien gespielt haben. Dieses              Niveau wird mit objektiven Auswertungsmethoden (DWZ) ermittelt und soll Ungerechtigkeiten verhindern,              die durch Unterschiede in der Anzahl von Partien und St\u00e4rke der Gegner sonst auftreten w\u00fcrden.              <br \/>Die ersten Drei in dieser Rangfolge erhalten eine <b>Urkunde<\/b>.        <\/td>\n<\/tr>\n<tr>\n<td align=\"top\" width=\"120\"><b>             Startgeld, Reuegeld        <\/td>\n<td align=\"top\">             Es wird kein Startgeld und kein Reuegeld erhoben.          <\/td>\n<\/tr>\n<tr>\n<td align=\"top\" width=\"120\"><b>            Info-Dienst        <\/td>\n<td align=\"top\">             \u00dcber dieses Turnier wird aktuell im Internet und per Aushang berichtet.              Alle das Turnier betreffende Informationen werden ausschlie\u00dflich so ver\u00f6ffentlicht.        <\/td>\n<\/tr>\n<tr>\n<td align=\"top\" width=\"120\"><b>             Veranstalter        <\/td>\n<td align=\"top\">             Der <a href = \"http:\/\/www.schachklub-bad-homburg.de\" target =\"_top\">Schachklub Bad Homburg<\/a> ist der Veranstalter dieses Turniers.        <\/td>\n<\/tr>\n<tr>\n<td align=\"top\" width=\"120\"><b>             Fragen?        <\/td>\n<td align=\"top\">             Eine <a href = \"mailto:turnierleiter@schachklub-bad-homburg.de\">E-Mail<\/a> an den Organisator wird kurzfristig beantwortet.        <\/td>\n<\/tr>\n<\/tbody>\n<\/table><\/div>\n","protected":false},"excerpt":{"rendered":"<p>Ausschreibung &nbsp; Flyer &nbsp; Teilnehmer &nbsp; Kreuztabelle Kurzinfo Offenes Schachturnier f\u00fcr Gelegenheitsspieler, Anf\u00e4nger und Wiedereinsteiger. Es werden frei vereinbarte Partien gespielt. Es wird zwar wie ein Rundenturnier ausgelegt, es m\u00fcssen aber nicht alle Partien ausgetragen werden. Teilnehmer Das Turnier ist offen f\u00fcr alle Schachspieler und wendet sich vor allem an solche, die nicht regelm\u00e4\u00dfig spielen <a href=\"https:\/\/www.schachklub-bad-homburg.de\/?page_id=4704\" class=\"more-link\">...weiterlesen<span class=\"screen-reader-text\"> \"Jedermannturnier 2008, Ausschreibung\"<\/span><\/a><\/p>\n","protected":false},"author":1,"featured_media":0,"parent":4684,"menu_order":10,"comment_status":"closed","ping_status":"closed","template":"","meta":{"footnotes":""},"class_list":["post-4704","page","type-page","status-publish","h-entry","hentry","h-as-page"],"_links":{"self":[{"href":"https:\/\/www.schachklub-bad-homburg.de\/index.php?rest_route=\/wp\/v2\/pages\/4704","targetHints":{"allow":["GET"]}}],"collection":[{"href":"https:\/\/www.schachklub-bad-homburg.de\/index.php?rest_route=\/wp\/v2\/pages"}],"about":[{"href":"https:\/\/www.schachklub-bad-homburg.de\/index.php?rest_route=\/wp\/v2\/types\/page"}],"author":[{"embeddable":true,"href":"https:\/\/www.schachklub-bad-homburg.de\/index.php?rest_route=\/wp\/v2\/users\/1"}],"replies":[{"embeddable":true,"href":"https:\/\/www.schachklub-bad-homburg.de\/index.php?rest_route=%2Fwp%2Fv2%2Fcomments&post=4704"}],"version-history":[{"count":0,"href":"https:\/\/www.schachklub-bad-homburg.de\/index.php?rest_route=\/wp\/v2\/pages\/4704\/revisions"}],"up":[{"embeddable":true,"href":"https:\/\/www.schachklub-bad-homburg.de\/index.php?rest_route=\/wp\/v2\/pages\/4684"}],"wp:attachment":[{"href":"https:\/\/www.schachklub-bad-homburg.de\/index.php?rest_route=%2Fwp%2Fv2%2Fmedia&parent=4704"}],"curies":[{"name":"wp","href":"https:\/\/api.w.org\/{rel}","templated":true}]}}