{"id":4687,"date":"2009-01-30T15:25:01","date_gmt":"2009-01-30T15:25:01","guid":{"rendered":"vbm_ausschreibung.htm"},"modified":"2010-05-02T14:00:15","modified_gmt":"2010-05-02T14:00:15","slug":"vbm_ausschreibung.htm","status":"publish","type":"page","link":"https:\/\/www.schachklub-bad-homburg.de\/?page_id=4687","title":{"rendered":"Monatsblitz 2008, Ausschreibung"},"content":{"rendered":"<p><a href=\"http:\/\/www.schachklub-bad-homburg.de?p=4687\">Ausschreibung<\/a> &nbsp;         <a href=\"http:\/\/www.schachklub-bad-homburg.de?p=4120\">Rangliste<\/a> &nbsp;        <a href=\"http:\/\/www.schachklub-bad-homburg.de?p=30642\" >Historie<\/a> &nbsp;         <br \/>        <a href=\"http:\/\/www.schachklub-bad-homburg.de?p=4688\">Jan<\/a> &nbsp;        <a href=\"http:\/\/www.schachklub-bad-homburg.de?p=4689\">Feb<\/a> &nbsp;        <a href=\"http:\/\/www.schachklub-bad-homburg.de?p=4690\">M&auml;r<\/a> &nbsp;        <a href=\"http:\/\/www.schachklub-bad-homburg.de?p=4691\">Apr<\/a> &nbsp;        <a href=\"http:\/\/www.schachklub-bad-homburg.de?p=4692\">Mai<\/a>&nbsp;        <a href=\"http:\/\/www.schachklub-bad-homburg.de?p=4693\">Jun<\/a>&nbsp;        <a href=\"http:\/\/www.schachklub-bad-homburg.de?p=4694\">Jul<\/a>&nbsp;        <a href=\"http:\/\/www.schachklub-bad-homburg.de?p=4695\">Aug<\/a>&nbsp;        <a href=\"http:\/\/www.schachklub-bad-homburg.de?p=4696\">Sep<\/a>&nbsp;        <a href=\"http:\/\/www.schachklub-bad-homburg.de?p=4697\">Okt<\/a>&nbsp;        <a href=\"http:\/\/www.schachklub-bad-homburg.de?p=4698\">Nov<\/a>&nbsp;        <a href=\"http:\/\/www.schachklub-bad-homburg.de?p=4699\">Dez<\/a><\/p>\n<table width=\"550\" bgColor=\"#E0E0E0\" border=\"1\">\n<tbody>\n<tr bgColor=\"#FFFFFF\">\n<td align=\"top\" width=\"120\"><b>Kurzinfo<\/b><\/td>\n<td align=\"top\">Vollrundige Blitzturniere nach FIDE-Regeln am letzten Freitag im Monat.         <\/td>\n<\/tr>\n<tr bgColor=\"#FFFFFF\">\n<td align=\"top\" width=\"120\"><b>Bedenkzeit<\/b><\/td>\n<td align=\"top\">5 Minuten je Spieler und          Partie.<\/td>\n<\/tr>\n<tr bgColor=\"#FFFFFF\">\n<td vAlign=\"top\" width=\"120\"><b>Spielort<\/b><\/td>\n<td vAlign=\"top\">In der Regel wird im          Vereinshaus Gonzenheim in Bad Homburg gespielt, eine <a href = \"http:\/\/www.schachklub-bad-homburg.de?p=3776\" target = \"_blank\">Anfahrtskizze<\/a> ist          unter den Kontaktdaten zu finden.<\/td>\n<\/tr>\n<tr bgColor=\"#FFFFFF\">\n<td vAlign=\"top\" width=\"120\"><b>Spielbeginn, Meldeschlu\u00df<\/b><\/td>\n<td vAlign=\"top\">Turnierbeginn ist jeweils p\u00fcnktlich um 20:15 Uhr, Meldeschluss ist  unmittelbar davor. Wer zu sp\u00e4t kommt hat kein Recht auf Teilnahme!          <\/td>\n<\/tr>\n<tr bgColor=\"#FFFFFF\">\n<td vAlign=\"top\" width=\"120\"><b>Teilnehmer<\/b><\/td>\n<td vAlign=\"top\">Das Turnier ist offen f\u00fcr          alle Schachspieler.<\/td>\n<\/tr>\n<tr bgColor=\"#FFFFFF\">\n<td vAlign=\"top\" width=\"120\"><b>Spieltage<\/b><\/td>\n<td vAlign=\"top\">In der Regel wird am letzten Freitag im Monat gespielt,           jedoch gibt es Ausnahmen durch Feiertage etc. \u00dcber aktuelle Verlegungen informiert der           <a href=\"http:\/\/www.schachklub-bad-homburg.de?p=28780\" >Veranstaltungskalender<\/a>.<\/td>\n<\/tr>\n<tr bgColor=\"#FFFFFF\">\n<td vAlign=\"top\" width=\"120\"><b>Preise in der          Jahreswertung<\/b><\/td>\n<td vAlign=\"top\">Der Sieger der Jahreswertung (Januar-Dezember) erh\u00e4lt einen Pokal, die ersten 3 je eine Urkunde.        <\/td>\n<\/tr>\n<tr bgColor=\"#FFFFFF\">\n<td vAlign=\"top\" width=\"120\" ><b>Rangliste f\u00fcr die Jahreswertung<\/b><\/td>\n<td vAlign=\"top\">Alle Turniere werden f\u00fcr die Ermittlung des Jahressiegers herangezogen.           F\u00fcr den 1.Platz eines Monatsturniers gibt es 13 Punkte, f\u00fcr den 2.Platz 12 Punkte usw.; ab dem 13.           Platz gibt es je 1 Punkt.           Belegen mehrere Spieler den gleichen Platz, erhalten sie die gleiche (hohe) Punktzahl.           Die besten 8 Wertungen je Teilnehmer werden zusammengez\u00e4hlt,           der Teilnehmer mit der h\u00f6chsten Punktsumme ist Jahressieger.        <\/td>\n<\/tr>\n<tr bgColor=\"#FFFFFF\">\n<td vAlign=\"top\" width=\"120\"><b>Spielmodus<\/b><\/td>\n<td vAlign=\"top\">Treten mehr als 24 Spieler zu einem Termin an, so werden Gruppen  nach DWZ (ersatzweise nach Einsch\u00e4tzung) gebildet. Die St\u00e4rksten spielen dann in Gruppe A; in allen anderen Gruppen erhalten die Teilnehmer einen Wertungspunkt. Bei weniger als 7 Teilnehmern wird doppelrundig gespielt.<\/td>\n<\/tr>\n<tr bgColor=\"#FFFFFF\">\n<td vAlign=\"top\" width=\"120\"><b>Startgelder<\/b><\/td>\n<td vAlign=\"top\">Es wird kein Startgeld erhoben.<\/td>\n<\/tr>\n<tr bgColor=\"#FFFFFF\">\n<td vAlign=\"top\" width=\"120\"><b>Info- Dienst<\/b><\/td>\n<td vAlign=\"top\">\u00dcber dieses Turnier und den Fortschritt der einzelnen Teilnehmer wird aktuell im Internet und per Aushang berichtet. Alle das Turnier betreffende Informationen werden ausschlie\u00dflich so ver\u00f6ffentlicht.<\/td>\n<\/tr>\n<tr bgColor=\"#FFFFFF\">\n<td vAlign=\"top\" width=\"120\"><b>Veranstalter<\/b><\/td>\n<td vAlign=\"top\">Der <a href = \"http:\/\/www.schachklub-bad-homburg.de\" target = \"_top\">Schachklub Bad Homburg<\/a> ist der Veranstalter dieses Turniers.<\/td>\n<\/tr>\n<tr bgColor=\"#FFFFFF\">\n<td vAlign=\"top\" width=\"120\"><b>Fragen?<\/b><\/td>\n<td vAlign=\"top\">Eine email an den <a href=\"mailto:Turnierleiter@schachklub-bad-homburg.de\">Organisator<\/a>          wird kurzfristig beantwortet.<\/td>\n<\/tr>\n<\/tbody>\n<\/table>\n","protected":false},"excerpt":{"rendered":"<p>Ausschreibung &nbsp; Rangliste &nbsp; Historie &nbsp; Jan &nbsp; Feb &nbsp; M&auml;r &nbsp; Apr &nbsp; Mai&nbsp; Jun&nbsp; Jul&nbsp; Aug&nbsp; Sep&nbsp; Okt&nbsp; Nov&nbsp; Dez Kurzinfo Vollrundige Blitzturniere nach FIDE-Regeln am letzten Freitag im Monat. Bedenkzeit 5 Minuten je Spieler und Partie. Spielort In der Regel wird im Vereinshaus Gonzenheim in Bad Homburg gespielt, eine Anfahrtskizze ist unter <a href=\"https:\/\/www.schachklub-bad-homburg.de\/?page_id=4687\" class=\"more-link\">...weiterlesen<span class=\"screen-reader-text\"> \"Monatsblitz 2008, Ausschreibung\"<\/span><\/a><\/p>\n","protected":false},"author":1,"featured_media":0,"parent":4120,"menu_order":10,"comment_status":"closed","ping_status":"closed","template":"","meta":{"footnotes":""},"class_list":["post-4687","page","type-page","status-publish","h-entry","hentry","h-as-page"],"_links":{"self":[{"href":"https:\/\/www.schachklub-bad-homburg.de\/index.php?rest_route=\/wp\/v2\/pages\/4687","targetHints":{"allow":["GET"]}}],"collection":[{"href":"https:\/\/www.schachklub-bad-homburg.de\/index.php?rest_route=\/wp\/v2\/pages"}],"about":[{"href":"https:\/\/www.schachklub-bad-homburg.de\/index.php?rest_route=\/wp\/v2\/types\/page"}],"author":[{"embeddable":true,"href":"https:\/\/www.schachklub-bad-homburg.de\/index.php?rest_route=\/wp\/v2\/users\/1"}],"replies":[{"embeddable":true,"href":"https:\/\/www.schachklub-bad-homburg.de\/index.php?rest_route=%2Fwp%2Fv2%2Fcomments&post=4687"}],"version-history":[{"count":0,"href":"https:\/\/www.schachklub-bad-homburg.de\/index.php?rest_route=\/wp\/v2\/pages\/4687\/revisions"}],"up":[{"embeddable":true,"href":"https:\/\/www.schachklub-bad-homburg.de\/index.php?rest_route=\/wp\/v2\/pages\/4120"}],"wp:attachment":[{"href":"https:\/\/www.schachklub-bad-homburg.de\/index.php?rest_route=%2Fwp%2Fv2%2Fmedia&parent=4687"}],"curies":[{"name":"wp","href":"https:\/\/api.w.org\/{rel}","templated":true}]}}