{"id":4686,"date":"2009-01-30T15:25:01","date_gmt":"2009-01-30T15:25:01","guid":{"rendered":"events.htm"},"modified":"2017-01-07T10:43:28","modified_gmt":"2017-01-07T10:43:28","slug":"Veranstaltungen 2008","status":"publish","type":"page","link":"https:\/\/www.schachklub-bad-homburg.de\/?page_id=4686","title":{"rendered":"Veranstaltungen 2008"},"content":{"rendered":"<p>        Wie in jedem Jahr bietet der Schachklub Bad  Homburg die M&ouml;glichkeit zur Teilnahme an vielf&auml;ltigen  Veranstaltungen  an.  <br \/>  Freies Spiel wie Wettkampfatmosph\u00e4re, f\u00fcr Anf\u00e4nger wie f\u00fcr erfahrene Turnierhasen, Blitzschach wie Turnierpartien, Interne wie externe Turniere, f\u00fcr jeden Schachinteressierten ist etwas dabei!  <\/p>\n<table border = \"1\">\n<tr>\n<td valign = \"center\" bgcolor=\"#c0c0c0\" width = \"180\">            <b>Mannschaftsk&auml;mpfe<\/b>    <\/td>\n<td bgcolor=\"#FFFFFF\">      <\/p>\n<ul>\n<li>          <a href=\"http:\/\/www.schachverband-hessen.de\/index.php?id=109\"                      target = \"_blank\">1. Mannschaft<\/a>: Verbandsliga S\u00fcd       <\/li>\n<li>          <a href=\"http:\/\/bezirk-frankfurt.schach-chroniken.net\/archiv\/20082009\/mk\/55bzo00.htm\"                  target = \"_blank\">2. Mannschaft<\/a>: Bezirksoberliga      <\/li>\n<li>           <a href=\"http:\/\/bezirk-frankfurt.schach-chroniken.net\/archiv\/20082009\/mk\/55bzk00.htm\"                  target = \"_blank\">3. Mannschaft<\/a>: Bezirksklasse      <\/li>\n<li>           <a href=\"http:\/\/bezirk-frankfurt.schach-chroniken.net\/archiv\/20082009\/mk\/55krl00.htm\"                  target = \"_blank\">4. Mannschaft<\/a>: Kreisliga      <\/li>\n<\/ul>\n<\/td>\n<\/tr>\n<tr>\n<td valign = \"center\" bgcolor=\"#c0c0c0\" width = \"180\">            <b>Vereinsturniere<\/b>    <\/td>\n<td bgcolor=\"#FFFFFF\">            S\u00e4mtliche Turniere stehen i.a. auch G&auml;sten offen.       Anfragen bitte an den       <a href = \"mailto:turnierleiter@schachklub-bad-homburg.de\">Turnierleiter<\/a>.<\/p>\n<ul>\n<li> <a href=\"http:\/\/www.schachklub-bad-homburg.de?p=4118\">Vereinsmeisterschaft<\/a> (Rundenturnier oder Schweizer System)<\/li>\n<li> <a href=\"http:\/\/www.schachklub-bad-homburg.de?p=4119\">Pokalturnier<\/a> (KO-System)<\/li>\n<li> <a href=\"http:\/\/www.schachklub-bad-homburg.de?p=4122\">Chess960-Meisterschaft<\/a> (\"Biathlon\" im Fischer-Schach)<\/li>\n<li> <a href=\"http:\/\/www.schachklub-bad-homburg.de?p=4121\">Schnellschach-Meisterschaft<\/a> (15-min Partien)  <\/li>\n<li> <a href=\"http:\/\/www.schachklub-bad-homburg.de?p=4120\">Blitzmeisterschaft<\/a> (monatlich mit Gesamtwertung)<\/li>\n<li> <a href=\"http:\/\/www.schachklub-bad-homburg.de?p=4123\">Jugendturnier<\/a> (f\u00fcr Anf\u00e4nger: Kinder und Jugendliche)  <\/li>\n<li> <a href=\"http:\/\/www.schachklub-bad-homburg.de?p=4684\">Jedermannturnier<\/a> (f\u00fcr Gelegenheitsspieler: alle Altersklassen)  <\/li>\n<li> <a href=\"http:\/\/www.schachklub-bad-homburg.de?p=4124\">Seniorenturnier<\/a> (f\u00fcr Senioren ab 60 Jahre)  <\/li>\n<li> <a href=\"http:\/\/www.schachklub-bad-homburg.de?p=28780\">Termin&uuml;bersicht<\/a><\/li>\n<li> <a href=\"http:\/\/www.schachklub-bad-homburg.de?p=30642\">Siegerlisten<\/a> der vergangen Jahre<\/li>\n<\/ul>\n<\/td>\n<\/tr>\n<tr>\n<td valign = \"center\" bgcolor=\"#c0c0c0\" width = \"180\">            <b>Training<\/b>    <\/td>\n<td bgcolor=\"#FFFFFF\">      <\/p>\n<ul>\n<li> <a href = \"http:\/\/www.schachklub-bad-homburg.de?p=4685\">Jugendarbeit<\/a>  <\/li>\n<li> <a href = \"http:\/\/www.schachklub-bad-homburg.de?p=3995\">Training und Kurse f\u00fcr Erwachsene<\/a>   <\/li>\n<\/ul>\n<\/td>\n<\/tr>\n<tr>\n<td valign = \"center\" bgcolor=\"#c0c0c0\" width = \"180\">            <b>Eigene Turniere<\/b>    <\/td>\n<td bgcolor=\"#FFFFFF\">      <\/p>\n<ul>\n<li><a href=\"http:\/\/www.rhein-main-open.de\/2008.php\" target = \"_top\">Rhein-Main-Open<\/a>: Ein gro\u00dfes hessisches und  j\u00e4hrliches Open um Fronleichnam in Bad Homburg<\/li>\n<li><a href=\"http:\/\/www.bad-homburg-open.de\" target = \"_top\">Offene Bad Homburger Stadtmeisterschaft<\/a>: Schnellschachmeisterschaft mit internationaler Besetzung<\/li>\n<li><a href=\"http:\/\/www.ebc.de\/gmturnier98\" target = \"_top\">Internationales Gro&szlig;meisterturnier<\/a>             (zuletzt 1998)<\/li>\n<li> <a href=\"NoneWP\/sen-ec\/index.htm\" target = \"_top\">Europ&auml;ische Seniorenmeisterschaft 2005<\/a><\/li>\n<li> <a href=\"http:\/\/www.aerzteblatt.de\/v4\/archiv\/artikel.asp?src=suche&id=58496\" target = \"_blank\">Deutsche \u00c4rzte-Meisterschaft<\/a><\/li>\n<\/ul>\n<\/td>\n<\/tr>\n<tr>\n<td valign = \"center\" bgcolor=\"#c0c0c0\" width = \"180\">            <b>Fremde Veranstaltungen<\/b>    <\/td>\n<td bgcolor=\"#FFFFFF\">      <\/p>\n<ul>\n<li> <a href=\"http:\/\/hessische.schach-chroniken.net\/turnierangebot_50000.htm\"              target = \"_blank\">Turnierangebot im Hessischen Schachverband<\/a>      <\/li>\n<li> <a href=\"http:\/\/bezirk-frankfurt.schach-chroniken.net\/turnierangebot_55000.htm\"              target = \"_blank\">Turnierangebot im Bezirk Frankfurt<\/a>      <\/li>\n<li><a href=\"wp-content\/uploads\/2009\/01\/318_arosa_ausschreibung.pdf\">Int. Schachturnier Arosa<\/a>: J\u00e4hrlich zu Gast in der Schweizer Partnerstadt Bad Homburgs      <\/li>\n<li><a href=\"http:\/\/www.schachverein-fechenheim.de\" target = \"_blank\">Heinrich-Kraft-Turnier<\/a>: Schnellschach in Fechenheim      <\/li>\n<li><a href=\"http:\/\/www.schachgesellschaft-griesheim.de\/\"            target = \"_blank\">Karl Mala Open<\/a>: Das gr\u00f6\u00dfte hessische Open im Turnierschach      <\/li>\n<li><a href=\"http:\/\/www.chesstigers.de\/ccm7.php\"            target = \"_blank\">Chess-Classics<\/a>: Treffpunkt der Weltelite im Schnellschach und Chess960      <\/li>\n<\/ul>\n<\/td>\n<\/tr>\n<\/table>\n","protected":false},"excerpt":{"rendered":"<p>Wie in jedem Jahr bietet der Schachklub Bad Homburg die M&ouml;glichkeit zur Teilnahme an vielf&auml;ltigen Veranstaltungen an. Freies Spiel wie Wettkampfatmosph\u00e4re, f\u00fcr Anf\u00e4nger wie f\u00fcr erfahrene Turnierhasen, Blitzschach wie Turnierpartien, Interne wie externe Turniere, f\u00fcr jeden Schachinteressierten ist etwas dabei! Mannschaftsk&auml;mpfe 1. Mannschaft: Verbandsliga S\u00fcd 2. Mannschaft: Bezirksoberliga 3. Mannschaft: Bezirksklasse 4. Mannschaft: Kreisliga Vereinsturniere <a href=\"https:\/\/www.schachklub-bad-homburg.de\/?page_id=4686\" class=\"more-link\">...weiterlesen<span class=\"screen-reader-text\"> \"Veranstaltungen 2008\"<\/span><\/a><\/p>\n","protected":false},"author":1,"featured_media":0,"parent":0,"menu_order":56,"comment_status":"closed","ping_status":"closed","template":"","meta":{"footnotes":""},"class_list":["post-4686","page","type-page","status-publish","h-entry","hentry","h-as-page"],"_links":{"self":[{"href":"https:\/\/www.schachklub-bad-homburg.de\/index.php?rest_route=\/wp\/v2\/pages\/4686","targetHints":{"allow":["GET"]}}],"collection":[{"href":"https:\/\/www.schachklub-bad-homburg.de\/index.php?rest_route=\/wp\/v2\/pages"}],"about":[{"href":"https:\/\/www.schachklub-bad-homburg.de\/index.php?rest_route=\/wp\/v2\/types\/page"}],"author":[{"embeddable":true,"href":"https:\/\/www.schachklub-bad-homburg.de\/index.php?rest_route=\/wp\/v2\/users\/1"}],"replies":[{"embeddable":true,"href":"https:\/\/www.schachklub-bad-homburg.de\/index.php?rest_route=%2Fwp%2Fv2%2Fcomments&post=4686"}],"version-history":[{"count":0,"href":"https:\/\/www.schachklub-bad-homburg.de\/index.php?rest_route=\/wp\/v2\/pages\/4686\/revisions"}],"wp:attachment":[{"href":"https:\/\/www.schachklub-bad-homburg.de\/index.php?rest_route=%2Fwp%2Fv2%2Fmedia&parent=4686"}],"curies":[{"name":"wp","href":"https:\/\/api.w.org\/{rel}","templated":true}]}}