{"id":4685,"date":"2009-01-30T15:25:04","date_gmt":"2009-01-30T15:25:04","guid":{"rendered":"jugend.htm"},"modified":"2017-01-28T08:55:51","modified_gmt":"2017-01-28T08:55:51","slug":"Jugendarbeit im Schachklub Bad Homburg","status":"publish","type":"page","link":"https:\/\/www.schachklub-bad-homburg.de\/?page_id=4685","title":{"rendered":"Jugendarbeit im Schachklub Bad Homburg"},"content":{"rendered":"<p>    Der Schachklub Bad Homburg l\u00e4dt alle Kinder und Jugendliche zum Jugendtraining ein. Normalerweise  findet   <\/p>\n<p><div style=\"text-indent:50px;\"><b>  Freitags, von 17:30 bis 19:00 Uhr  im <a href = \"http:\/\/www.schachklub-bad-homburg.de?p=3776\">Vereinshaus Gonzenheim<\/a>  <\/b><\/div>\n<p>  das Jugendtraining unter Leitung engagierter Jugendbetreuer statt (au\u00dfer Ferien, n\u00e4heres siehe auch   <a href = \"http:\/\/www.schachklub-bad-homburg.de?p=28780\">Terminkalender<\/a>). Nat\u00fcrlich hat  der Schachklub nichts dagegen, wenn die \u00e4lteren dann auch am folgenden Spielabend teilnehmen.   <\/p>\n<p>  In diesen Gruppen werden die Schachregeln erlernt, freie Schachpartien gespielt, Turnierschach-Regeln erlernt  und auch Schachdiplome erworben. Aber nat\u00fcrlich kommt bei all dem der Spa\u00df nicht zu kurz.  <\/p>\n<p>  Die letzten Programme:   <\/p>\n<ul>\n<li><a href = \"http:\/\/www.schachklub-bad-homburg.de?p=4430\">Schulschach<\/a><\/li>\n<li><a href = \"wp-content\/uploads\/2009\/01\/235_Flyer_Jugendschach.pdf\">Bauerndiplom 2007<\/a> mit <a href = \"http:\/\/www.schachklub-bad-homburg.de?p=4624\">Pr\u00fcfung<\/a> und <a href = \"http:\/\/www.schachklub-bad-homburg.de?p=4628\">Abschlussbericht<\/a><\/li>\n<li><a href = \"wp-content\/uploads\/2009\/01\/242_Springerdiplom.pdf\">Springerdiplom 2007<\/a><\/li>\n<li><a href = \"wp-content\/uploads\/2009\/01\/492_Flyer Jugendturnier.pdf\">Jugendturnier 2008<\/a><\/li>\n<\/ul>\n<p>  Alle interessierten M\u00e4dchen und Jungen sind jederzeit herzlich Willkommen.   Informationen unter <a href = \"mailto:info@schachklub-bad-homburg.de\">info@schachklub-bad-homburg.de<\/a>.   <\/p>\n<p>  <img src = \"wp-content\/uploads\/2009\/01\/493_jugendtraining.jpg\">  <\/p>\n","protected":false},"excerpt":{"rendered":"<p>Der Schachklub Bad Homburg l\u00e4dt alle Kinder und Jugendliche zum Jugendtraining ein. Normalerweise findet Freitags, von 17:30 bis 19:00 Uhr im Vereinshaus Gonzenheim das Jugendtraining unter Leitung engagierter Jugendbetreuer statt (au\u00dfer Ferien, n\u00e4heres siehe auch Terminkalender). Nat\u00fcrlich hat der Schachklub nichts dagegen, wenn die \u00e4lteren dann auch am folgenden Spielabend teilnehmen. In diesen Gruppen werden <a href=\"https:\/\/www.schachklub-bad-homburg.de\/?page_id=4685\" class=\"more-link\">...weiterlesen<span class=\"screen-reader-text\"> \"Jugendarbeit im Schachklub Bad Homburg\"<\/span><\/a><\/p>\n","protected":false},"author":1,"featured_media":0,"parent":4686,"menu_order":20,"comment_status":"closed","ping_status":"closed","template":"","meta":{"footnotes":""},"class_list":["post-4685","page","type-page","status-publish","h-entry","hentry","h-as-page"],"_links":{"self":[{"href":"https:\/\/www.schachklub-bad-homburg.de\/index.php?rest_route=\/wp\/v2\/pages\/4685","targetHints":{"allow":["GET"]}}],"collection":[{"href":"https:\/\/www.schachklub-bad-homburg.de\/index.php?rest_route=\/wp\/v2\/pages"}],"about":[{"href":"https:\/\/www.schachklub-bad-homburg.de\/index.php?rest_route=\/wp\/v2\/types\/page"}],"author":[{"embeddable":true,"href":"https:\/\/www.schachklub-bad-homburg.de\/index.php?rest_route=\/wp\/v2\/users\/1"}],"replies":[{"embeddable":true,"href":"https:\/\/www.schachklub-bad-homburg.de\/index.php?rest_route=%2Fwp%2Fv2%2Fcomments&post=4685"}],"version-history":[{"count":0,"href":"https:\/\/www.schachklub-bad-homburg.de\/index.php?rest_route=\/wp\/v2\/pages\/4685\/revisions"}],"up":[{"embeddable":true,"href":"https:\/\/www.schachklub-bad-homburg.de\/index.php?rest_route=\/wp\/v2\/pages\/4686"}],"wp:attachment":[{"href":"https:\/\/www.schachklub-bad-homburg.de\/index.php?rest_route=%2Fwp%2Fv2%2Fmedia&parent=4685"}],"curies":[{"name":"wp","href":"https:\/\/api.w.org\/{rel}","templated":true}]}}