{"id":4561,"date":"2009-01-30T15:25:00","date_gmt":"2009-01-30T15:25:00","guid":{"rendered":"vsm_plan.htm"},"modified":"2008-08-31T17:29:13","modified_gmt":"2008-08-31T17:29:13","slug":"vsm_plan.htm","status":"publish","type":"page","link":"https:\/\/www.schachklub-bad-homburg.de\/?page_id=4561","title":{"rendered":"Schnellschach-Meisterschaft 2007, Paarungen"},"content":{"rendered":"<p><a href=\"http:\/\/www.schachklub-bad-homburg.de?p=4559\">Ausschreibung<\/a> &nbsp;         <a href=\"http:\/\/www.schachklub-bad-homburg.de?p=4560\">Teilnehmer<\/a> &nbsp;         <a href=\"http:\/\/www.schachklub-bad-homburg.de?p=4561\">Paarungen<\/a> &nbsp;         <a href=\"http:\/\/www.schachklub-bad-homburg.de?p=4128\">Kreuztabelle<\/a> &nbsp;         <a href=\"http:\/\/www.schachklub-bad-homburg.de?p=30642\">Historie<\/a><\/p>\n<p><pre>  1. Runde                     2. Runde                     3. Runde                      Lenhart   - Hanemann   0:1   Ellrich   - Schmidt,W. 1:0   Faqiry    - Lenhart    0:1    Lebermann - Ellrich    0:1   Hanemann  - Faqiry     1:0   Schmidt,W.- Storck     1:0    Faqiry    - K\u00fchn       1:0   Storck    - Lebermann  1:0   Vogel     - Hanemann   0:1    Vogel     - Storck     0:1   K\u00fchn      - Vogel      0:1   Lebermann - K\u00fchn       1:0                              4. Runde                     5. Runde                     6. Runde                     Storck    - Ellrich    0:1   Vogel     - Faqiry     0:1   K\u00fchn      - Storck     0:1   Lenhart   - Vogel      1:0   Ellrich   - K\u00fchn       1:0   Faqiry    - Lebermann  0:1   K\u00fchn      - Schmidt,W. 0:1   Lebermann - Lenhart    0:1   Hanemann  - Ellrich    1:0   Hanemann  - Lebermann  \u00bd:\u00bd   Schmidt,W.- Hanemann   \u00bd:\u00bd   Lenhart   - Schmidt,W. 0:1     7. Runde                     8. Runde                     9. Runde                     Lebermann - Vogel      +:-   Hanemann  - K\u00fchn       1:0   Schmidt,W.- Lebermann  1:0   Storck    - Hanemann   1:0   Vogel     - Schmidt,W. -:+   K\u00fchn      - Lenhart    \u00bd:\u00bd   Schmidt,W.- Faqiry     1:0   Lenhart   - Storck     1:0   Ellrich   - Vogel      +:-   Ellrich   - Lenhart    1:0   Faqiry    - Ellrich    1:0   Storck    - Faqiry     0:1     <\/pre>\n","protected":false},"excerpt":{"rendered":"<p>Ausschreibung &nbsp; Teilnehmer &nbsp; Paarungen &nbsp; Kreuztabelle &nbsp; Historie 1. Runde 2. Runde 3. Runde Lenhart - Hanemann 0:1 Ellrich - Schmidt,W. 1:0 Faqiry - Lenhart 0:1 Lebermann - Ellrich 0:1 Hanemann - Faqiry 1:0 Schmidt,W.- Storck 1:0 Faqiry - K\u00fchn 1:0 Storck - Lebermann 1:0 Vogel - Hanemann 0:1 Vogel - Storck 0:1 K\u00fchn <a href=\"https:\/\/www.schachklub-bad-homburg.de\/?page_id=4561\" class=\"more-link\">...weiterlesen<span class=\"screen-reader-text\"> \"Schnellschach-Meisterschaft 2007, Paarungen\"<\/span><\/a><\/p>\n","protected":false},"author":1,"featured_media":0,"parent":4128,"menu_order":30,"comment_status":"closed","ping_status":"closed","template":"","meta":{"footnotes":""},"class_list":["post-4561","page","type-page","status-publish","h-entry","hentry","h-as-page"],"_links":{"self":[{"href":"https:\/\/www.schachklub-bad-homburg.de\/index.php?rest_route=\/wp\/v2\/pages\/4561","targetHints":{"allow":["GET"]}}],"collection":[{"href":"https:\/\/www.schachklub-bad-homburg.de\/index.php?rest_route=\/wp\/v2\/pages"}],"about":[{"href":"https:\/\/www.schachklub-bad-homburg.de\/index.php?rest_route=\/wp\/v2\/types\/page"}],"author":[{"embeddable":true,"href":"https:\/\/www.schachklub-bad-homburg.de\/index.php?rest_route=\/wp\/v2\/users\/1"}],"replies":[{"embeddable":true,"href":"https:\/\/www.schachklub-bad-homburg.de\/index.php?rest_route=%2Fwp%2Fv2%2Fcomments&post=4561"}],"version-history":[{"count":0,"href":"https:\/\/www.schachklub-bad-homburg.de\/index.php?rest_route=\/wp\/v2\/pages\/4561\/revisions"}],"up":[{"embeddable":true,"href":"https:\/\/www.schachklub-bad-homburg.de\/index.php?rest_route=\/wp\/v2\/pages\/4128"}],"wp:attachment":[{"href":"https:\/\/www.schachklub-bad-homburg.de\/index.php?rest_route=%2Fwp%2Fv2%2Fmedia&parent=4561"}],"curies":[{"name":"wp","href":"https:\/\/api.w.org\/{rel}","templated":true}]}}