{"id":4449,"date":"2009-01-30T15:24:59","date_gmt":"2009-01-30T15:24:59","guid":{"rendered":"vpm_ausschreibung.htm"},"modified":"2011-01-30T15:12:04","modified_gmt":"2011-01-30T15:12:04","slug":"vpm_ausschreibung.htm","status":"publish","type":"page","link":"https:\/\/www.schachklub-bad-homburg.de\/?page_id=4449","title":{"rendered":"Pokalmeisterschaft 2006, Ausschreibung"},"content":{"rendered":"<p><a href=\"http:\/\/www.schachklub-bad-homburg.de?p=4449\">Ausschreibung<\/a>  &nbsp;  <a href=\"http:\/\/www.schachklub-bad-homburg.de?p=4450\">Teilnehmer<\/a> &nbsp;  <a href=\"http:\/\/www.schachklub-bad-homburg.de?p=4451\">Paarungen\/Ergebnisse<\/a>&nbsp;  <a href=\"http:\/\/www.schachklub-bad-homburg.de?p=4131\">KO-Baum<\/a> &nbsp;  <a href=\"http:\/\/www.schachklub-bad-homburg.de?p=30642\">Ewige Liste<\/a><\/p>\n<table class=MsoNormalTable border=1 cellpadding=0 width=550 style=width:412.5pt;   mso-cellspacing:1.5pt;mso-padding-alt:0cm 0cm 0cm 0cm>\n<tr style=mso-yfti-irow:0;mso-yfti-firstrow:yes>\n<td colspan=3 style=border:none;padding:.75pt .75pt .75pt .75pt 400>        <\/td>\n<\/tr>\n<p>   <u1:p><\/u1:p>   <\/p>\n<tr style=mso-yfti-irow:1>\n<td width=120 style=width:90.0pt;background:#FFFFFF;padding:.75pt .75pt .75pt .75pt>\n<p class=MsoNormal style=mso-margin-top-alt:auto;mso-margin-bottom-alt:auto><b><span    style=font-size:10.0pt;font-family:Arial>Kurzinfo<\/span><\/b><o:p><\/o:p><\/p>\n<\/td>\n<p>    <u1:p><\/u1:p>    <\/p>\n<td width=10 style=width:7.5pt;background:#FFFFFF;padding:.75pt .75pt .75pt .75pt><span    style=font-size:12.0pt;font-family:\"Times New Roman\";mso-fareast-font-family:    \"Times New Roman\";mso-ansi-language:DE;mso-fareast-language:DE;mso-bidi-language:    AR-SA><u1:p><\/u1:p><\/span>    <\/p>\n<p class=MsoNormal><o:p>&nbsp;<\/o:p><\/p>\n<\/td>\n<td style=background:#FFFFFF;padding:.75pt .75pt .75pt .75pt>\n<p class=MsoNormal style=mso-margin-top-alt:auto;mso-margin-bottom-alt:auto><span    style=font-size:10.0pt;font-family:Arial>Offenes Pokalturnier nach    KO-System mit Preisen und einer Bedenkzeit von 2 Stunden\/40 Z\u00fcge plus 30    Minuten f\u00fcr den Rest.&nbsp;<\/span><\/p>\n<\/td>\n<\/tr>\n<p>   <u1:p><\/u1:p>   <\/p>\n<tr style=mso-yfti-irow:2>\n<td width=120 valign=top style=width:90.0pt;background:#FFFFFF;padding:.75pt .75pt .75pt .75pt>\n<p class=MsoNormal style=mso-margin-top-alt:auto;mso-margin-bottom-alt:auto><b><span    style=font-size:10.0pt;font-family:Arial>Teilnehmer<\/span><\/b><o:p><\/o:p><\/p>\n<\/td>\n<p>    <u1:p><\/u1:p>    <\/p>\n<td width=10 valign=top style=width:7.5pt;background:#FFFFFF;padding:.75pt .75pt .75pt .75pt><span    style=font-size:12.0pt;font-family:\"Times New Roman\";mso-fareast-font-family:    \"Times New Roman\";mso-ansi-language:DE;mso-fareast-language:DE;mso-bidi-language:    AR-SA><u1:p><\/u1:p><\/span>    <\/p>\n<p class=MsoNormal><o:p>&nbsp;<\/o:p><\/p>\n<\/td>\n<td valign=top style=background:#FFFFFF;padding:.75pt .75pt .75pt .75pt>\n<p class=MsoNormal style=mso-margin-top-alt:auto;mso-margin-bottom-alt:auto><span    style=font-size:10.0pt;font-family:Arial>Das Turnier ist offen f\u00fcr alle    Schachspieler.&nbsp;<\/span><\/p>\n<\/td>\n<\/tr>\n<p>   <u1:p><\/u1:p>   <\/p>\n<tr style=mso-yfti-irow:3>\n<td width=120 valign=top style=width:90.0pt;background:#FFFFFF;padding:.75pt .75pt .75pt .75pt>\n<p class=MsoNormal style=mso-margin-top-alt:auto;mso-margin-bottom-alt:auto><b><span    style=font-size:10.0pt;font-family:Arial>Turniermodus<\/span><\/b><o:p><\/o:p><\/p>\n<\/td>\n<p>    <u1:p><\/u1:p>    <\/p>\n<td width=10 valign=top style=width:7.5pt;background:#FFFFFF;padding:.75pt .75pt .75pt .75pt><span    style=font-size:12.0pt;font-family:\"Times New Roman\";mso-fareast-font-family:    \"Times New Roman\";mso-ansi-language:DE;mso-fareast-language:DE;mso-bidi-language:    AR-SA><u1:p><\/u1:p><\/span>    <\/p>\n<p class=MsoNormal><o:p>&nbsp;<\/o:p><\/p>\n<\/td>\n<td valign=top style=background:#FFFFFF;padding:.75pt .75pt .75pt .75pt>\n<p class=MsoNormal style=mso-margin-top-alt:auto;mso-margin-bottom-alt:auto><span    style=font-size:10.0pt;font-family:Arial>F\u00fcr die Durchf\u00fchrung des Turniers    sind zun\u00e4chst 2 Termine im Kalender reserviert. Die weiteren Termine werden    fr\u00fchzeitig bekannt gemacht. Bei mehr als 32 Teilnehmern wird die Vorrunde    zusammen mit den schon m\u00f6glichen Partien der 1. Runde gespielt. Die Paarungen    werden mindestens eine Woche vor jeder Runde ausgelost. Bei Remis folgen    5-Minuten-Blitzpartien mit wechselnden Farben bis zur ersten Siegpartie, die    damit die Entscheidung bringt. <\/span><\/p>\n<\/td>\n<\/tr>\n<tr style=mso-yfti-irow:4>\n<td width=120 style=width:90.0pt;background:#FFFFFF;padding:.75pt .75pt .75pt .75pt>\n<p class=MsoNormal style=mso-margin-top-alt:auto;mso-margin-bottom-alt:auto><b><span    style=font-size:10.0pt;font-family:Arial>Bedenkzeit<\/span><\/b><o:p><\/o:p><\/p>\n<\/td>\n<p>    <u1:p><\/u1:p>    <\/p>\n<td width=10 style=width:7.5pt;background:#FFFFFF;padding:.75pt .75pt .75pt .75pt><span    style=font-size:12.0pt;font-family:\"Times New Roman\";mso-fareast-font-family:    \"Times New Roman\";mso-ansi-language:DE;mso-fareast-language:DE;mso-bidi-language:    AR-SA><u1:p><\/u1:p><\/span>    <\/p>\n<p class=MsoNormal><o:p>&nbsp;<\/o:p><\/p>\n<\/td>\n<td style=background:#FFFFFF;padding:.75pt .75pt .75pt .75pt>\n<p class=MsoNormal style=mso-margin-top-alt:auto;mso-margin-bottom-alt:auto><span    style=font-size:10.0pt;font-family:Arial>2 Stunden f\u00fcr die ersten 40 Z\u00fcge zuz\u00fcglich    30 Minuten pro Spieler f\u00fcr den Rest der Partie. <\/span><\/p>\n<\/td>\n<\/tr>\n<tr style=mso-yfti-irow:5>\n<td width=120 valign=top style=width:90.0pt;background:#FFFFFF;padding:.75pt .75pt .75pt .75pt>\n<p class=MsoNormal style=mso-margin-top-alt:auto;mso-margin-bottom-alt:auto><b><span    style=font-size:10.0pt;font-family:Arial>Spielort<\/span><\/b><o:p><\/o:p><\/p>\n<\/td>\n<p>    <u1:p><\/u1:p>    <\/p>\n<td width=10 valign=top style=width:7.5pt;background:#FFFFFF;padding:.75pt .75pt .75pt .75pt><span    style=font-size:12.0pt;font-family:\"Times New Roman\";mso-fareast-font-family:    \"Times New Roman\";mso-ansi-language:DE;mso-fareast-language:DE;mso-bidi-language:    AR-SA><u1:p><\/u1:p><\/span>    <\/p>\n<p class=MsoNormal><o:p>&nbsp;<\/o:p><\/p>\n<\/td>\n<td valign=top style=background:#FFFFFF;padding:.75pt .75pt .75pt .75pt>\n<p class=MsoNormal style=mso-margin-top-alt:auto;mso-margin-bottom-alt:auto><span    style=font-size:10.0pt;font-family:Arial>In der Regel wird im Vereinshaus    Gonzenheim in Bad Homburg gespielt (<a href=\"http:\/\/www.schachklub-bad-homburg.de?p=3776\">Anfahrtskizze<\/a>).<\/span><\/p>\n<\/td>\n<\/tr>\n<p>   <u1:p><\/u1:p>   <\/p>\n<tr style=mso-yfti-irow:6>\n<td width=120 valign=top style=width:90.0pt;background:#FFFFFF;padding:.75pt .75pt .75pt .75pt>\n<p class=MsoNormal style=mso-margin-top-alt:auto;mso-margin-bottom-alt:auto><b><span    style=font-size:10.0pt;font-family:Arial>Meldeschluss<\/span><\/b><o:p><\/o:p><\/p>\n<\/td>\n<td width=10 valign=top style=width:7.5pt;background:#FFFFFF;padding:.75pt .75pt .75pt .75pt><span    style=font-size:12.0pt;font-family:\"Times New Roman\";mso-fareast-font-family:    \"Times New Roman\";mso-ansi-language:DE;mso-fareast-language:DE;mso-bidi-language:    AR-SA><u1:p><\/u1:p><\/span>    <\/p>\n<p class=MsoNormal><o:p>&nbsp;<\/o:p><\/p>\n<\/td>\n<td valign=top style=background:#FFFFFF;padding:.75pt .75pt .75pt .75pt>\n<p class=MsoNormal style=mso-margin-top-alt:auto;mso-margin-bottom-alt:auto><b><span    style=font-size:10.0pt;font-family:Arial>16. Juni 2006, 21:00 Uhr (w\u00e4hrend    der Rhein-Main-Open).<u1:p><\/u1:p> <\/span><\/b><span style=font-size:10.0pt;    font-family:Arial;mso-bidi-font-weight:bold>Auslosung direkt danach (ab    21:01 Uhr).<b> <o:p><\/o:p><\/b><\/span><\/p>\n<\/td>\n<\/tr>\n<tr style=mso-yfti-irow:7>\n<td width=120 valign=top style=width:90.0pt;background:#FFFFFF;padding:.75pt .75pt .75pt .75pt>\n<p class=MsoNormal style=mso-margin-top-alt:auto;mso-margin-bottom-alt:auto><b><span    style=font-size:10.0pt;font-family:Arial>Spieltage<\/span><\/b><o:p><\/o:p><\/p>\n<\/td>\n<p>    <u1:p><\/u1:p>    <\/p>\n<td width=10 valign=top style=width:7.5pt;background:#FFFFFF;padding:.75pt .75pt .75pt .75pt><span    style=font-size:12.0pt;font-family:\"Times New Roman\";mso-fareast-font-family:    \"Times New Roman\";mso-ansi-language:DE;mso-fareast-language:DE;mso-bidi-language:    AR-SA><u1:p><\/u1:p><\/span>    <\/p>\n<p class=MsoNormal><o:p>&nbsp;<\/o:p><\/p>\n<\/td>\n<td valign=top style=background:#FFFFFF;padding:.75pt .75pt .75pt .75pt>    <span style=font-size:10.0pt;font-family:Arial>Es wird    p\u00fcnktlich um 19.30 Uhr mit den Runden begonnen.<br \/>    <b style=mso-bidi-font-weight:normal>1. Runde und ggf. Vorrunde: 23.06.2006<\/b>    <u1:p><\/u1:p><o:p><\/o:p><\/span>    <br \/><b style=mso-bidi-font-weight:normal><span    style=font-size:10.0pt;font-family:Arial>2. Runde (1\/8-Finale):<span    style=mso-spacerun:yes>\u00a0\u00a0\u00a0\u00a0\u00a0\u00a0\u00a0\u00a0\u00a0\u00a0\u00a0 <\/span>15.09.2006<\/span><o:p><\/o:p><\/b>    <br \/><b style=mso-bidi-font-weight:normal><span    style=font-size:10.0pt;font-family:Arial>3. Runde (1\/4-Finale):<span    style=mso-spacerun:yes>\u00a0\u00a0\u00a0\u00a0\u00a0\u00a0\u00a0\u00a0\u00a0\u00a0\u00a0 <\/span>20.10.2006<\/span><o:p><\/o:p><\/b>    <br \/><b style=mso-bidi-font-weight:normal><span    style=font-size:10.0pt;font-family:Arial>4. Runde (1\/2-Finale):<span    style=mso-spacerun:yes>\u00a0\u00a0\u00a0\u00a0\u00a0\u00a0\u00a0\u00a0\u00a0\u00a0\u00a0 <\/span>08.12.2006<\/span><o:p><\/o:p><\/b>    <br \/><b style=mso-bidi-font-weight:normal><span    style=font-size:10.0pt;font-family:Arial>5. Runde (Finale): &nbsp;&nbsp;&nbsp;&nbsp;&nbsp;<span    style=mso-spacerun:yes>\u00a0\u00a0\u00a0\u00a0\u00a0\u00a0\u00a0\u00a0\u00a0\u00a0\u00a0 <\/span>12.01.2007<\/span><o:p><\/o:p><\/b>    <\/td>\n<\/tr>\n<tr style=mso-yfti-irow:8>\n<td width=120 valign=top style=width:90.0pt;background:#FFFFFF;padding:.75pt .75pt .75pt .75pt>\n<p class=MsoNormal style=mso-margin-top-alt:auto;mso-margin-bottom-alt:auto><b><span    style=font-size:10.0pt;font-family:Arial>Preise<\/span><\/b><o:p><\/o:p><\/p>\n<\/td>\n<p>    <u1:p><\/u1:p>    <\/p>\n<td width=10 valign=top style=width:7.5pt;background:#FFFFFF;padding:.75pt .75pt .75pt .75pt><span    style=font-size:12.0pt;font-family:\"Times New Roman\";mso-fareast-font-family:    \"Times New Roman\";mso-ansi-language:DE;mso-fareast-language:DE;mso-bidi-language:    AR-SA><u1:p><\/u1:p><\/span>    <\/p>\n<p class=MsoNormal><o:p>&nbsp;<\/o:p><\/p>\n<\/td>\n<td valign=top style=background:#FFFFFF;padding:.75pt .75pt .75pt .75pt>\n<p class=MsoNormal style=mso-margin-top-alt:auto;mso-margin-bottom-alt:auto><span    style=font-size:10.0pt;font-family:Arial>Der Sieger erh\u00e4lt einen Pokal.    Sieger und Zweiter erhalten eine Urkunde sowie ein Preisgeld in H\u00f6he von 50    Euro f\u00fcr den Sieger und 25 Euro f\u00fcr den Zweitplazierten.<\/span><\/p>\n<\/td>\n<\/tr>\n<p>   <u1:p><\/u1:p>   <\/p>\n<tr style=mso-yfti-irow:9>\n<td width=120 valign=top style=width:90.0pt;background:#FFFFFF;padding:.75pt .75pt .75pt .75pt>\n<p class=MsoNormal style=mso-margin-top-alt:auto;mso-margin-bottom-alt:auto><b><span    style=font-size:10.0pt;font-family:Arial>DWZ-Wertung<\/span><\/b><o:p><\/o:p><\/p>\n<\/td>\n<p>    <u1:p><\/u1:p>    <\/p>\n<td width=10 valign=top style=width:7.5pt;background:#FFFFFF;padding:.75pt .75pt .75pt .75pt><span    style=font-size:12.0pt;font-family:\"Times New Roman\";mso-fareast-font-family:    \"Times New Roman\";mso-ansi-language:DE;mso-fareast-language:DE;mso-bidi-language:    AR-SA><u1:p><\/u1:p><\/span>    <\/p>\n<p class=MsoNormal><o:p>&nbsp;<\/o:p><\/p>\n<\/td>\n<td valign=top style=background:#FFFFFF;padding:.75pt .75pt .75pt .75pt>\n<p class=MsoNormal style=mso-margin-top-alt:auto;mso-margin-bottom-alt:auto><span    style=font-size:10.0pt;font-family:Arial>F\u00fcr das Turnier erfolgt eine    DWZ-Wertung<\/span><\/p>\n<\/td>\n<\/tr>\n<tr style=mso-yfti-irow:10>\n<td width=120 valign=top style=width:90.0pt;background:#FFFFFF;padding:.75pt .75pt .75pt .75pt>\n<p class=MsoNormal style=mso-margin-top-alt:auto;mso-margin-bottom-alt:auto><b><span    style=font-size:10.0pt;font-family:Arial>Info- Dienst<\/span><\/b><o:p><\/o:p><\/p>\n<\/td>\n<p>    <u1:p><\/u1:p>    <\/p>\n<td width=10 valign=top style=width:7.5pt;background:#FFFFFF;padding:.75pt .75pt .75pt .75pt><span    style=font-size:12.0pt;font-family:\"Times New Roman\";mso-fareast-font-family:    \"Times New Roman\";mso-ansi-language:DE;mso-fareast-language:DE;mso-bidi-language:    AR-SA><u1:p><\/u1:p><\/span>    <\/p>\n<p class=MsoNormal><o:p>&nbsp;<\/o:p><\/p>\n<\/td>\n<td valign=top style=background:#FFFFFF;padding:.75pt .75pt .75pt .75pt>\n<p class=MsoNormal style=mso-margin-top-alt:auto;mso-margin-bottom-alt:auto><span    style=font-size:10.0pt;font-family:Arial>\u00dcber dieses Turnier und den    Fortschritt der einzelnen Teilnehmer wird per Aushang in den Vereinsr\u00e4umen    sowie aktuell im Internet berichtet. Alle notwendigen das Turnier betreffende    Informationen werden per eMail verteilt oder \u00fcber diese Seiten des Vereines    ver\u00f6ffentlicht.<\/span><\/p>\n<\/td>\n<\/tr>\n<p>   <u1:p><\/u1:p>   <\/p>\n<tr style=mso-yfti-irow:11>\n<td width=120 valign=top style=width:90.0pt;background:#FFFFFF;padding:.75pt .75pt .75pt .75pt>\n<p class=MsoNormal style=mso-margin-top-alt:auto;mso-margin-bottom-alt:auto><b><span    style=font-size:10.0pt;font-family:Arial>Veranstalter<\/span><\/b><o:p><\/o:p><\/p>\n<\/td>\n<p>    <u1:p><\/u1:p>    <\/p>\n<td width=10 valign=top style=width:7.5pt;background:#FFFFFF;padding:.75pt .75pt .75pt .75pt><span    style=font-size:12.0pt;font-family:\"Times New Roman\";mso-fareast-font-family:    \"Times New Roman\";mso-ansi-language:DE;mso-fareast-language:DE;mso-bidi-language:    AR-SA><u1:p><\/u1:p><\/span>    <\/p>\n<p class=MsoNormal><o:p>&nbsp;<\/o:p><\/p>\n<\/td>\n<td valign=top style=background:#FFFFFF;padding:.75pt .75pt .75pt .75pt>\n<p class=MsoNormal style=mso-margin-top-alt:auto;mso-margin-bottom-alt:auto><span    style=font-size:10.0pt;font-family:Arial>Der <a href = \"http:\/\/www.schachklub-bad-homburg.de\" target = \"_top\">Schachklub Bad Homburg<\/a> ist    der Veranstalter dieses Turniers.<\/span><\/p>\n<\/td>\n<\/tr>\n<p>   <u1:p><\/u1:p>   <\/p>\n<tr style=mso-yfti-irow:12;mso-yfti-lastrow:yes>\n<td width=120 valign=top style=width:90.0pt;background:#FFFFFF;padding:.75pt .75pt .75pt .75pt>\n<p class=MsoNormal style=mso-margin-top-alt:auto;mso-margin-bottom-alt:auto><b><span    style=font-size:10.0pt;font-family:Arial>Noch Fragen?<\/span><\/b><o:p><\/o:p><\/p>\n<\/td>\n<p>    <u1:p><\/u1:p>    <\/p>\n<td width=10 valign=top style=width:7.5pt;background:#FFFFFF;padding:.75pt .75pt .75pt .75pt><span    style=font-size:12.0pt;font-family:\"Times New Roman\";mso-fareast-font-family:    \"Times New Roman\";mso-ansi-language:DE;mso-fareast-language:DE;mso-bidi-language:    AR-SA><u1:p><\/u1:p><\/span>    <\/p>\n<p class=MsoNormal><o:p>&nbsp;<\/o:p><\/p>\n<\/td>\n<td valign=top style=background:#FFFFFF;padding:.75pt .75pt .75pt .75pt>\n<p class=MsoNormal style=mso-margin-top-alt:auto;mso-margin-bottom-alt:auto><span    style=font-size:10.0pt;font-family:Arial>Dann reicht eine <a    href=\"mailto:turnierleiter@schachklub-bad-homburg.de\">Mail-Nachricht an den    Turnierleiter<\/a>, die kurzfristig beantwortet wird!<\/span><\/p>\n<\/td>\n<\/tr>\n<p>   <u1:p><\/u1:p>  <\/table>\n<\/p><\/div>\n<p class=MsoNormal><o:p>&nbsp;<\/o:p><\/p>\n<\/p><\/div>\n","protected":false},"excerpt":{"rendered":"<p>Ausschreibung &nbsp; Teilnehmer &nbsp; Paarungen\/Ergebnisse&nbsp; KO-Baum &nbsp; Ewige Liste Kurzinfo &nbsp; Offenes Pokalturnier nach KO-System mit Preisen und einer Bedenkzeit von 2 Stunden\/40 Z\u00fcge plus 30 Minuten f\u00fcr den Rest.&nbsp; Teilnehmer &nbsp; Das Turnier ist offen f\u00fcr alle Schachspieler.&nbsp; Turniermodus &nbsp; F\u00fcr die Durchf\u00fchrung des Turniers sind zun\u00e4chst 2 Termine im Kalender reserviert. Die weiteren <a href=\"https:\/\/www.schachklub-bad-homburg.de\/?page_id=4449\" class=\"more-link\">...weiterlesen<span class=\"screen-reader-text\"> \"Pokalmeisterschaft 2006, Ausschreibung\"<\/span><\/a><\/p>\n","protected":false},"author":1,"featured_media":0,"parent":4131,"menu_order":10,"comment_status":"closed","ping_status":"closed","template":"","meta":{"footnotes":""},"class_list":["post-4449","page","type-page","status-publish","h-entry","hentry","h-as-page"],"_links":{"self":[{"href":"https:\/\/www.schachklub-bad-homburg.de\/index.php?rest_route=\/wp\/v2\/pages\/4449","targetHints":{"allow":["GET"]}}],"collection":[{"href":"https:\/\/www.schachklub-bad-homburg.de\/index.php?rest_route=\/wp\/v2\/pages"}],"about":[{"href":"https:\/\/www.schachklub-bad-homburg.de\/index.php?rest_route=\/wp\/v2\/types\/page"}],"author":[{"embeddable":true,"href":"https:\/\/www.schachklub-bad-homburg.de\/index.php?rest_route=\/wp\/v2\/users\/1"}],"replies":[{"embeddable":true,"href":"https:\/\/www.schachklub-bad-homburg.de\/index.php?rest_route=%2Fwp%2Fv2%2Fcomments&post=4449"}],"version-history":[{"count":0,"href":"https:\/\/www.schachklub-bad-homburg.de\/index.php?rest_route=\/wp\/v2\/pages\/4449\/revisions"}],"up":[{"embeddable":true,"href":"https:\/\/www.schachklub-bad-homburg.de\/index.php?rest_route=\/wp\/v2\/pages\/4131"}],"wp:attachment":[{"href":"https:\/\/www.schachklub-bad-homburg.de\/index.php?rest_route=%2Fwp%2Fv2%2Fmedia&parent=4449"}],"curies":[{"name":"wp","href":"https:\/\/api.w.org\/{rel}","templated":true}]}}