{"id":4431,"date":"2009-01-30T15:24:59","date_gmt":"2009-01-30T15:24:59","guid":{"rendered":"khenkin_ausschreibung.htm"},"modified":"2017-01-06T14:43:46","modified_gmt":"2017-01-06T14:43:46","slug":"khenkin_ausschreibung.htm","status":"publish","type":"page","link":"https:\/\/www.schachklub-bad-homburg.de\/?page_id=4431","title":{"rendered":"Schachtraining Gro\u00dfmeister Khenkin, Ausschreibung"},"content":{"rendered":"<p><a href = \"http:\/\/www.schachklub-bad-homburg.de?p=4431\" target=\"khenkin_texte\">Ausschreibung<\/a>  &nbsp;&nbsp;  <a href = \"http:\/\/www.schachklub-bad-homburg.de?p=4452\" target=\"khenkin_texte\">Anmeldung<\/a>  &nbsp;&nbsp;  <a href = \"http:\/\/www.schachklub-bad-homburg.de?p=4453\" target=\"khenkin_texte\">Teilnehmer<\/a>  &nbsp;&nbsp;  <a href = \"http:\/\/www.schachklub-bad-homburg.de?p=4454\" target=\"khenkin_texte\">Bilder<\/a>  &nbsp;&nbsp;  <a href = \"wp-content\/uploads\/2009\/01\/142_khenkin_feedback.pdf\" target=\"khenkin_texte\">Feedback<\/a><\/p>\n<p>    <center>  <\/p>\n<table width=\"550\" bgColor=\"#E0E0E0\" border=\"1\">\n<caption>          <\/caption>\n<tbody>\n<tr bgColor=\"#FFFFFF\">\n<td align=\"top\" width=\"120\"><b><font  size=\"3\">Kurzinfo<\/font><\/b><\/td>\n<td align=\"top\" width=\"10\">&nbsp;<\/td>\n<td align=\"top\"><font  size=\"3\">          <img src = \"wp-content\/uploads\/2009\/01\/188_khenkin, igor.jpg\", align = \"right\">          Gro\u00dfmeister <a href=\"http:\/\/www.fide.com\/ratings\/card.phtml?event=4659600\" target=\"_blank\">Igor Khenkin<\/a>, mit einer Elozahl von 2620 die Nummer 102 der Welt und               die Nummer 2 in Deutschland (nebenbei auch souver\u00e4ner Sieger des <a href = \"http:\/\/www.rhein-main-open.de\" target =\"_top\">Rhein-Main-Opens 2006<\/a>),           l\u00e4dt alle interessierten         Schachspieler zum Training ein.           <br \/>          Als Themen werden derzeit Er\u00f6ffnungen sowie der \u00dcbergang vom Mittelspiel ins Endspiel geplant.           Die Teilnehmer d\u00fcrfen aber noch W\u00fcnsche \u00e4u\u00dfern, die nach M\u00f6glichkeit gerne ber\u00fccksichtigt werden.   <\/p>\n<p>          Igor Khenkin hat selbst als Jugendlicher mit dem bekannten sehr erfolgreichen Schachtrainer Mark Dworetski trainiert - dieser Methode verdankt er           nach eigener Aussage eine Menge an Schachwissen.           <\/p>\n<p>          Homepage: <a href = \"http:\/\/www.khenkin-chesstraining.de\/\" target = \"_blank\">http:\/\/www.khenkin-chesstraining.de\/<\/a>        <\/td>\n<\/tr>\n<tr bgColor=\"#FFFFFF\">\n<td vAlign=\"top\" width=\"120\"><b><font  size=\"3\">Ort<\/font><\/b><\/td>\n<td vAlign=\"top\" width=\"10\">&nbsp;<\/td>\n<td vAlign=\"top\"><font  size=\"3\">Vereinshaus Gonzenheim in Bad Homburg, eine <a href = \"http:\/\/www.schachklub-bad-homburg.de?p=3776\">Anfahrtskizze<\/a> ist          unter den Kontaktdaten zu finden.<\/font><\/td>\n<\/tr>\n<tr bgColor=\"#FFFFFF\">\n<td vAlign=\"top\" width=\"120\"><b><font  size=\"3\">Meldeschlu\u00df<\/font><\/b><\/td>\n<td vAlign=\"top\" width=\"10\">&nbsp;<\/td>\n<td vAlign=\"top\"><font  size=\"3\">15. Oktober 2006<\/font><\/td>\n<\/tr>\n<tr bgColor=\"#FFFFFF\">\n<td vAlign=\"top\" width=\"120\"><b><font  size=\"3\">Zeit<\/font><\/b><\/td>\n<td vAlign=\"top\" width=\"10\">&nbsp;<\/td>\n<td vAlign=\"top\"><font  size=\"3\">Samstag, 21. Oktober 2006. 10:30 bis 12:30 und von 14:00 bis 18:00 Uhr<\/font><\/td>\n<\/tr>\n<tr bgColor=\"#FFFFFF\">\n<td vAlign=\"top\" width=\"120\"><b><font  size=\"3\">Teilnehmer<\/font><\/b><\/td>\n<td vAlign=\"top\" width=\"10\">&nbsp;<\/td>\n<td vAlign=\"top\"><font  size=\"3\">Die Schulung ist offen f\u00fcr alle interessierten Schachspieler.          <\/font><\/td>\n<\/tr>\n<tr bgColor=\"#FFFFFF\">\n<td vAlign=\"top\" width=\"120\"><b><font  size=\"3\">Anmeldegeb\u00fchr<\/font><\/b><\/td>\n<td vAlign=\"top\" width=\"10\">&nbsp;<\/td>\n<td vAlign=\"top\"><font  size=\"3\">20.-- EUR f\u00fcr Vereinsmitglieder des <a href = \"http:\/\/www.schachklub-bad-homburg.de\" target = \"_top\">Schachklub Bad Homburg<\/a>  <br \/>  25.-- EUR f\u00fcr andere Schachspieler  <\/p>\n<p>  Die Anmeldegeb\u00fchr ist bis 15. Oktober auf das Konto des Schachklub Bad Homburg, Konto-Nr. 107 2005 bei der Taunussparkasse, BLZ 512 500 00, zu \u00fcberweisen.<\/font><\/td>\n<\/tr>\n<tr bgColor=\"#FFFFFF\">\n<td vAlign=\"top\" width=\"120\"><b><font  size=\"3\">Veranstalter<\/font><\/b><\/td>\n<td vAlign=\"top\" width=\"10\">&nbsp;<\/td>\n<td vAlign=\"top\"><font  size=\"3\">Der Schachklub Bad Homburg          ist der Veranstalter dieser Schulung.<\/font><\/td>\n<\/tr>\n<tr bgColor=\"#FFFFFF\">\n<td vAlign=\"top\" width=\"120\"><b><font  size=\"3\">Noch Fragen?<\/font><\/b><\/td>\n<td vAlign=\"top\" width=\"10\">&nbsp;<\/td>\n<td vAlign=\"top\"><font  size=\"3\">Eine email an den <a href=\"mailto:webmaster@schachklub-bad-homburg.de\">Organisator<\/a>          wird kurzfristig, meist noch am selben Tage beantwortet.<\/font><\/td>\n<\/tr>\n<\/tbody>\n<\/table>\n<p>  <\/center>      <\/p>\n","protected":false},"excerpt":{"rendered":"<p>Ausschreibung &nbsp;&nbsp; Anmeldung &nbsp;&nbsp; Teilnehmer &nbsp;&nbsp; Bilder &nbsp;&nbsp; Feedback Kurzinfo &nbsp; Gro\u00dfmeister Igor Khenkin, mit einer Elozahl von 2620 die Nummer 102 der Welt und die Nummer 2 in Deutschland (nebenbei auch souver\u00e4ner Sieger des Rhein-Main-Opens 2006), l\u00e4dt alle interessierten Schachspieler zum Training ein. Als Themen werden derzeit Er\u00f6ffnungen sowie der \u00dcbergang vom Mittelspiel ins <a href=\"https:\/\/www.schachklub-bad-homburg.de\/?page_id=4431\" class=\"more-link\">...weiterlesen<span class=\"screen-reader-text\"> \"Schachtraining Gro\u00dfmeister Khenkin, Ausschreibung\"<\/span><\/a><\/p>\n","protected":false},"author":1,"featured_media":0,"parent":4433,"menu_order":10,"comment_status":"closed","ping_status":"closed","template":"","meta":{"footnotes":""},"class_list":["post-4431","page","type-page","status-publish","h-entry","hentry","h-as-page"],"_links":{"self":[{"href":"https:\/\/www.schachklub-bad-homburg.de\/index.php?rest_route=\/wp\/v2\/pages\/4431","targetHints":{"allow":["GET"]}}],"collection":[{"href":"https:\/\/www.schachklub-bad-homburg.de\/index.php?rest_route=\/wp\/v2\/pages"}],"about":[{"href":"https:\/\/www.schachklub-bad-homburg.de\/index.php?rest_route=\/wp\/v2\/types\/page"}],"author":[{"embeddable":true,"href":"https:\/\/www.schachklub-bad-homburg.de\/index.php?rest_route=\/wp\/v2\/users\/1"}],"replies":[{"embeddable":true,"href":"https:\/\/www.schachklub-bad-homburg.de\/index.php?rest_route=%2Fwp%2Fv2%2Fcomments&post=4431"}],"version-history":[{"count":0,"href":"https:\/\/www.schachklub-bad-homburg.de\/index.php?rest_route=\/wp\/v2\/pages\/4431\/revisions"}],"up":[{"embeddable":true,"href":"https:\/\/www.schachklub-bad-homburg.de\/index.php?rest_route=\/wp\/v2\/pages\/4433"}],"wp:attachment":[{"href":"https:\/\/www.schachklub-bad-homburg.de\/index.php?rest_route=%2Fwp%2Fv2%2Fmedia&parent=4431"}],"curies":[{"name":"wp","href":"https:\/\/api.w.org\/{rel}","templated":true}]}}