{"id":4174,"date":"2009-01-30T15:25:04","date_gmt":"2009-01-30T15:25:04","guid":{"rendered":"1980chur.htm"},"modified":"2017-01-07T08:58:55","modified_gmt":"2017-01-07T08:58:55","slug":"Chronik Schachklub Bad Homburg 1927 e.V.","status":"publish","type":"page","link":"https:\/\/www.schachklub-bad-homburg.de\/?page_id=4174","title":{"rendered":"Chronik Schachklub Bad Homburg 1927 e.V."},"content":{"rendered":"<p>    \u00dcber Pfingsten 1980 reiste der Schachklub in einer gro\u00dfen Gruppe mit dem Bus nach Chur.   Aus dieser Zeit sind noch Fotos erhalten, die allerdings auch im Original nur Passfoto-Gr\u00f6\u00dfe haben.   <\/p>\n<p>  Durch Klicks auf die nachfolgenden Thumbs erh\u00e4lt man die maximale Aufl\u00f6sung der Fotos.   <\/p>\n<p>  Wer immer Namen oder Anekdoten zu diesen Fotos beitragen kann, meldet sich bitte   <a href = \"mailto:webmaster@schachklub-bad-homburg.de\">beim Webmaster<\/a>.   <\/p>\n<table border>\n<tr>\n<td valign = \"top\">      <a href = \"wp-content\/uploads\/2009\/01\/3669_1980chur1.jpg\" target = \"_blank\"><img src = \"wp-content\/uploads\/2009\/01\/3670_1980chur1thb.jpg\"><\/a>    <\/td>\n<td valign = \"top\">      <em>         Ankunft und Brotzeit in Chur!      <\/em>    <\/td>\n<\/tr>\n<tr>\n<td valign = \"top\">      <a href = \"wp-content\/uploads\/2009\/01\/3671_1980chur2.jpg\" target = \"_blank\"><img src = \"wp-content\/uploads\/2009\/01\/3672_1980chur2thb.jpg\"><\/a>    <\/td>\n<td valign = \"top\">      <em>         Ausflug in die Stadt ...      <\/em>    <\/td>\n<\/tr>\n<tr>\n<td valign = \"top\">      <a href = \"wp-content\/uploads\/2009\/01\/3673_1980chur3.jpg\" target = \"_blank\"><img src = \"wp-content\/uploads\/2009\/01\/3674_1980chur3thb.jpg\"><\/a>    <\/td>\n<td valign = \"top\">      <em>         ... und Gebirge.      <\/em>    <\/td>\n<\/tr>\n<tr>\n<td valign = \"top\">      <a href = \"wp-content\/uploads\/2009\/01\/3675_1980chur4.jpg\" target = \"_blank\"><img src = \"wp-content\/uploads\/2009\/01\/3676_1980chur4thb.jpg\"><\/a>    <\/td>\n<td valign = \"top\">      <em>         Gem\u00fctliches Beisammensein auf der Alm      <\/em>    <\/td>\n<\/tr>\n<tr>\n<td valign = \"top\">      <a href = \"wp-content\/uploads\/2009\/01\/3677_1980chur5.jpg\" target = \"_blank\"><img src = \"wp-content\/uploads\/2009\/01\/3678_1980chur5thb.jpg\"><\/a>    <\/td>\n<td valign = \"top\">      <em>         Heimfahrt.       <\/em>    <\/td>\n<\/tr>\n<tr>\n<td valign = \"top\">      <a href = \"wp-content\/uploads\/2009\/01\/3679_1980chur6.jpg\" target = \"_blank\"><img src = \"wp-content\/uploads\/2009\/01\/3680_1980chur6thb.jpg\"><\/a>    <\/td>\n<td valign = \"top\">      <em>        c15: Manfred K\u00fchlmeyer ist ersch\u00f6pft. <br \/>        c16: Manche (Wer?) k\u00f6nnen das Schachspielen nicht lassen!      <\/em>    <\/td>\n<\/tr>\n","protected":false},"excerpt":{"rendered":"<p>\u00dcber Pfingsten 1980 reiste der Schachklub in einer gro\u00dfen Gruppe mit dem Bus nach Chur. Aus dieser Zeit sind noch Fotos erhalten, die allerdings auch im Original nur Passfoto-Gr\u00f6\u00dfe haben. Durch Klicks auf die nachfolgenden Thumbs erh\u00e4lt man die maximale Aufl\u00f6sung der Fotos. Wer immer Namen oder Anekdoten zu diesen Fotos beitragen kann, meldet sich <a href=\"https:\/\/www.schachklub-bad-homburg.de\/?page_id=4174\" class=\"more-link\">...weiterlesen<span class=\"screen-reader-text\"> \"Chronik Schachklub Bad Homburg 1927 e.V.\"<\/span><\/a><\/p>\n","protected":false},"author":1,"featured_media":0,"parent":4175,"menu_order":85,"comment_status":"closed","ping_status":"closed","template":"","meta":{"footnotes":""},"class_list":["post-4174","page","type-page","status-publish","h-entry","hentry","h-as-page"],"_links":{"self":[{"href":"https:\/\/www.schachklub-bad-homburg.de\/index.php?rest_route=\/wp\/v2\/pages\/4174","targetHints":{"allow":["GET"]}}],"collection":[{"href":"https:\/\/www.schachklub-bad-homburg.de\/index.php?rest_route=\/wp\/v2\/pages"}],"about":[{"href":"https:\/\/www.schachklub-bad-homburg.de\/index.php?rest_route=\/wp\/v2\/types\/page"}],"author":[{"embeddable":true,"href":"https:\/\/www.schachklub-bad-homburg.de\/index.php?rest_route=\/wp\/v2\/users\/1"}],"replies":[{"embeddable":true,"href":"https:\/\/www.schachklub-bad-homburg.de\/index.php?rest_route=%2Fwp%2Fv2%2Fcomments&post=4174"}],"version-history":[{"count":0,"href":"https:\/\/www.schachklub-bad-homburg.de\/index.php?rest_route=\/wp\/v2\/pages\/4174\/revisions"}],"up":[{"embeddable":true,"href":"https:\/\/www.schachklub-bad-homburg.de\/index.php?rest_route=\/wp\/v2\/pages\/4175"}],"wp:attachment":[{"href":"https:\/\/www.schachklub-bad-homburg.de\/index.php?rest_route=%2Fwp%2Fv2%2Fmedia&parent=4174"}],"curies":[{"name":"wp","href":"https:\/\/api.w.org\/{rel}","templated":true}]}}