{"id":4169,"date":"2009-01-30T15:25:00","date_gmt":"2009-01-30T15:25:00","guid":{"rendered":"http:\/\/vorstand.htm"},"modified":"2020-01-26T10:53:44","modified_gmt":"2020-01-26T09:53:44","slug":"vorstandsmitglieder-2007","status":"publish","type":"page","link":"https:\/\/www.schachklub-bad-homburg.de\/?page_id=4169","title":{"rendered":"Vorstandsmitglieder 2007"},"content":{"rendered":"<table>\n<tbody>\n<tr>\n<td bgcolor=\"#c0c0c0\" width=\"180\"><b>1. Vorsitzender<\/b><\/td>\n<td bgcolor=\"#ffffff\" width=\"200\"><a href=\"mailto:vorsitzender@schachklub-bad-homburg.de\">J\u00fcrgen Roser<\/a><\/td>\n<\/tr>\n<tr>\n<td bgcolor=\"#c0c0c0\"><b>2. Vorsitzender<\/b><\/td>\n<td bgcolor=\"#ffffff\"><a href=\"mailto:vorsitzender2@schachklub-bad-homburg.de\">Gerald Braunberger<\/a><\/td>\n<\/tr>\n<tr>\n<td bgcolor=\"#c0c0c0\"><b>Schatzmeister<\/b><\/td>\n<td bgcolor=\"#ffffff\"><a href=\"mailto:kassenwart@schachklub-bad-homburg.de\">G\u00fcnter Horny<\/a><\/td>\n<\/tr>\n<tr>\n<td bgcolor=\"#c0c0c0\"><b>Turnierleiter<\/b><\/td>\n<td bgcolor=\"#ffffff\"><a href=\"mailto:turnierleiter@schachklub-bad-homburg.de\">Paul Lenhart<\/a><\/td>\n<\/tr>\n<tr>\n<td bgcolor=\"#c0c0c0\"><b>Schriftf\u00fchrer<\/b><\/td>\n<td bgcolor=\"#ffffff\">Norbert Waleschkowski<\/td>\n<\/tr>\n<tr>\n<td bgcolor=\"#c0c0c0\"><b>Jugendleiter<\/b><\/td>\n<td bgcolor=\"#ffffff\"><a href=\"mailto:jugendleiter@schachklub-bad-homburg.de\">Egon Biondic<\/a><\/td>\n<\/tr>\n<tr>\n<td bgcolor=\"#c0c0c0\"><b>Pressereferent<\/b><\/td>\n<td bgcolor=\"#ffffff\"><a href=\"mailto:webmaster@schachklub-bad-homburg.de\">Walter Schmidt<\/a><\/td>\n<\/tr>\n<tr>\n<td bgcolor=\"#c0c0c0\"><b>Materialwart<\/b><\/td>\n<td bgcolor=\"#ffffff\">Frank Hoffmann<\/td>\n<\/tr>\n<tr>\n<td bgcolor=\"#c0c0c0\"><b>Referent f\u00fcr Seniorenschach<\/b><\/td>\n<td bgcolor=\"#ffffff\">Helmut Desor<\/td>\n<\/tr>\n<\/tbody>\n<\/table>\n","protected":false},"excerpt":{"rendered":"<p>1. Vorsitzender J\u00fcrgen Roser 2. Vorsitzender Gerald Braunberger Schatzmeister G\u00fcnter Horny Turnierleiter Paul Lenhart Schriftf\u00fchrer Norbert Waleschkowski Jugendleiter Egon Biondic Pressereferent Walter Schmidt Materialwart Frank Hoffmann Referent f\u00fcr Seniorenschach Helmut Desor<\/p>\n","protected":false},"author":1,"featured_media":0,"parent":4534,"menu_order":10,"comment_status":"closed","ping_status":"closed","template":"","meta":{"footnotes":""},"class_list":["post-4169","page","type-page","status-publish","h-entry","hentry","h-as-page"],"_links":{"self":[{"href":"https:\/\/www.schachklub-bad-homburg.de\/index.php?rest_route=\/wp\/v2\/pages\/4169","targetHints":{"allow":["GET"]}}],"collection":[{"href":"https:\/\/www.schachklub-bad-homburg.de\/index.php?rest_route=\/wp\/v2\/pages"}],"about":[{"href":"https:\/\/www.schachklub-bad-homburg.de\/index.php?rest_route=\/wp\/v2\/types\/page"}],"author":[{"embeddable":true,"href":"https:\/\/www.schachklub-bad-homburg.de\/index.php?rest_route=\/wp\/v2\/users\/1"}],"replies":[{"embeddable":true,"href":"https:\/\/www.schachklub-bad-homburg.de\/index.php?rest_route=%2Fwp%2Fv2%2Fcomments&post=4169"}],"version-history":[{"count":1,"href":"https:\/\/www.schachklub-bad-homburg.de\/index.php?rest_route=\/wp\/v2\/pages\/4169\/revisions"}],"predecessor-version":[{"id":16201,"href":"https:\/\/www.schachklub-bad-homburg.de\/index.php?rest_route=\/wp\/v2\/pages\/4169\/revisions\/16201"}],"up":[{"embeddable":true,"href":"https:\/\/www.schachklub-bad-homburg.de\/index.php?rest_route=\/wp\/v2\/pages\/4534"}],"wp:attachment":[{"href":"https:\/\/www.schachklub-bad-homburg.de\/index.php?rest_route=%2Fwp%2Fv2%2Fmedia&parent=4169"}],"curies":[{"name":"wp","href":"https:\/\/api.w.org\/{rel}","templated":true}]}}