{"id":4123,"date":"2009-01-30T15:25:01","date_gmt":"2009-01-30T15:25:01","guid":{"rendered":"jug_kreuztabelle.htm"},"modified":"2008-09-26T18:00:16","modified_gmt":"2008-09-26T18:00:16","slug":"jug_kreuztabelle.htm","status":"publish","type":"page","link":"https:\/\/www.schachklub-bad-homburg.de\/?page_id=4123","title":{"rendered":"Jugendturnier 2008, Tabelle"},"content":{"rendered":"<p><a href=\"http:\/\/www.schachklub-bad-homburg.de?p=4706\">Ausschreibung<\/a> &nbsp;  <a href=\"wp-content\/uploads\/2009\/01\/492_Flyer Jugendturnier.pdf\">Flyer<\/a> &nbsp;  <a href=\"http:\/\/www.schachklub-bad-homburg.de?p=4707\">Teilnehmer<\/a>     &nbsp;  <a href=\"http:\/\/www.schachklub-bad-homburg.de?p=4708\">Runden und Ergebnisse<\/a> &nbsp;  <a href=\"http:\/\/www.schachklub-bad-homburg.de?p=4123\">Kreuztabelle<\/a><\/p>\n<p><p>  <b>Sortiert nach Rangliste:<\/b>  <\/p>\n<table border bgcolor = \"#FFFFFF\">      <Table border cellspacing = \"0\" bgcolor = \"#FFFFFF\">  <TR VALIGN=\"bottom\">  <TD BGCOLOR=#C0C0C0 ALIGN=\"center\"><B>  Pl<\/B><\/TD>  <TD BGCOLOR=#C0C0C0 ALIGN=\"left\"><B>  Name<\/B><\/TD>  <TD BGCOLOR=#C0C0C0 ALIGN=\"center\" ><B>  JL<\/B><\/TD>  <TD BGCOLOR=#C0C0C0 ALIGN=\"center\" ><B>  CL<\/B><\/TD>  <TD BGCOLOR=#C0C0C0 ALIGN=\"center\" ><B>  MD<\/B><\/TD>  <TD BGCOLOR=#C0C0C0 ALIGN=\"center\" ><B>  NW<\/B><\/TD>  <TD BGCOLOR=#C0C0C0 ALIGN=\"center\" ><B>  DO<\/B><\/TD>  <TD BGCOLOR=#C0C0C0 ALIGN=\"center\" ><B>  ME<\/B><\/TD>  <TD BGCOLOR=#C0C0C0 ALIGN=\"center\" ><B>  FW<\/B><\/TD>  <TD BGCOLOR=#C0C0C0 ALIGN=\"center\" ><B>  SW<\/B><\/TD>  <TD BGCOLOR=#C0C0C0 ALIGN=\"center\" ><B>  MP<\/B><\/TD>  <TD BGCOLOR=#C0C0C0 ALIGN=\"center\" ><B>  JR<\/B><\/TD>  <TD BGCOLOR=#C0C0C0 ALIGN=\"center\" ><B>  RD<\/B><\/TD>  <TD BGCOLOR=#C0C0C0 ALIGN=\"center\" ><B>  PK<\/B><\/TD>  <TD BGCOLOR=#C0C0C0 ALIGN=\"center\" ><B>  LD<\/B><\/TD>  <TD BGCOLOR=#C0C0C0 ALIGN=\"center\" ><B>  Pt<\/B><\/TD>  <\/TR>  <TR VALIGN=\"bottom\">  <TD ALIGN=\"center\" ><B>  1<\/B><\/TD>  <TD ALIGN=\"left\"><B>  Jonas Lenz<\/B><\/TD>  <TD BGCOLOR=#333333 ALIGN=\"center\" ><FONT  COLOR=#000000>  MM<\/TD>  <TD ALIGN=\"center\" >  1    <\/TD>  <TD ALIGN=\"center\" >   &frac12;<\/TD>  <TD ALIGN=\"center\" >  1    <\/TD>  <TD  ALIGN=\"center\" >  1    <\/TD>  <TD ALIGN=\"center\" >  1    <\/TD>  <TD  ALIGN=\"center\" >  1    <\/TD>  <TD  ALIGN=\"center\" >  1    <\/TD>  <TD ALIGN=\"center\" >  1    <\/TD>  <TD ALIGN=\"center\" >  1    <\/TD>  <TD  ALIGN=\"center\" >  1    <\/TD>  <TD  ALIGN=\"center\" >  1    <\/TD>  <TD  ALIGN=\"center\" >  1    <\/TD>  <TD ALIGN=\"center\" ><B>  11,5<\/B><\/TD>  <\/TR>  <TR VALIGN=\"bottom\">  <TD ALIGN=\"center\" ><B>  2<\/B><\/TD>  <TD ALIGN=\"left\"><B>  Claas Latta<\/B><\/TD>  <TD  ALIGN=\"center\" >  0    <\/TD>  <TD BGCOLOR=#333333 ALIGN=\"center\" ><FONT  COLOR=#000000>  MM<\/TD>  <TD  ALIGN=\"center\" >  1    <\/TD>  <TD  ALIGN=\"center\" >  1    <\/TD>  <TD ALIGN=\"center\" >  1    <\/TD>  <TD  ALIGN=\"center\" >  1    <\/TD>  <TD ALIGN=\"center\" >  1    <\/TD>  <TD ALIGN=\"center\" >  1    <\/TD>  <TD  ALIGN=\"center\" >  1    <\/TD>  <TD  ALIGN=\"center\" >  1    <\/TD>  <TD ALIGN=\"center\" >  0    <\/TD>  <TD ALIGN=\"center\" >  1    <\/TD>  <TD ALIGN=\"center\" >  1    <\/TD>  <TD ALIGN=\"center\" ><B>  10,0<\/B><\/TD>  <\/TR>  <TR VALIGN=\"bottom\">  <TD ALIGN=\"center\" ><B>  3<\/B><\/TD>  <TD ALIGN=\"left\"><B>  Maximilian Dzambazovski<\/B><\/TD>  <TD  ALIGN=\"center\" >   &frac12;<\/TD>  <TD ALIGN=\"center\" >  0    <\/TD>  <TD BGCOLOR=#333333 ALIGN=\"center\" ><FONT  COLOR=#000000>  MM<\/TD>  <TD  ALIGN=\"center\" >  0    <\/TD>  <TD ALIGN=\"center\" >  1    <\/TD>  <TD ALIGN=\"center\" >  1    <\/TD>  <TD ALIGN=\"center\" >  1    <\/TD>  <TD ALIGN=\"center\" >  1    <\/TD>  <TD  ALIGN=\"center\" >  1    <\/TD>  <TD  ALIGN=\"center\" >  1    <\/TD>  <TD  ALIGN=\"center\" >  1    <\/TD>  <TD  ALIGN=\"center\" >  1    <\/TD>  <TD ALIGN=\"center\" >  1    <\/TD>  <TD ALIGN=\"center\" ><B>  9,5<\/B><\/TD>  <\/TR>  <TR VALIGN=\"bottom\">  <TD ALIGN=\"center\" ><B>  4<\/B><\/TD>  <TD ALIGN=\"left\" ><B>  Nicola Wilhelmi<\/B><\/TD>  <TD  ALIGN=\"center\" >  0    <\/TD>  <TD ALIGN=\"center\" >  0    <\/TD>  <TD ALIGN=\"center\" >  1    <\/TD>  <TD BGCOLOR=#333333 ALIGN=\"center\" ><FONT  COLOR=#000000>  MM<\/TD>  <TD ALIGN=\"center\" >  1    <\/TD>  <TD ALIGN=\"center\" >  1    <\/TD>  <TD  ALIGN=\"center\" >  1    <\/TD>  <TD ALIGN=\"center\" >  0    <\/TD>  <TD  ALIGN=\"center\" >  1    <\/TD>  <TD  ALIGN=\"center\" >  1    <\/TD>  <TD  ALIGN=\"center\" >  1    <\/TD>  <TD  ALIGN=\"center\" >  1    <\/TD>  <TD ALIGN=\"center\" >  1    <\/TD>  <TD ALIGN=\"center\" ><B>  9,0<\/B><\/TD>  <\/TR>  <TR VALIGN=\"bottom\">  <TD ALIGN=\"center\" ><B>  5<\/B><\/TD>  <TD ALIGN=\"left\" ><B>  David Ochs<\/B><\/TD>  <TD ALIGN=\"center\" >  0    <\/TD>  <TD  ALIGN=\"center\" >  0    <\/TD>  <TD  ALIGN=\"center\" >  0    <\/TD>  <TD  ALIGN=\"center\" >  0    <\/TD>  <TD BGCOLOR=#333333 ALIGN=\"center\" ><FONT  COLOR=#000000>  MM<\/TD>  <TD  ALIGN=\"center\" >  1    <\/TD>  <TD ALIGN=\"center\" >  0    <\/TD>  <TD ALIGN=\"center\" >  1    <\/TD>  <TD  ALIGN=\"center\" >  1    <\/TD>  <TD  ALIGN=\"center\" >  1    <\/TD>  <TD ALIGN=\"center\" >  1    <\/TD>  <TD ALIGN=\"center\" >  1    <\/TD>  <TD ALIGN=\"center\" >  1    <\/TD>  <TD ALIGN=\"center\" ><B>  7,0<\/B><\/TD>  <\/TR>  <TR VALIGN=\"bottom\">  <TD ALIGN=\"center\" ><B>  6<\/B><\/TD>  <TD ALIGN=\"left\"><B>  Maximilian Ernst<\/B><\/TD>  <TD  ALIGN=\"center\" >  0    <\/TD>  <TD ALIGN=\"center\" >  0    <\/TD>  <TD  ALIGN=\"center\" >  0    <\/TD>  <TD  ALIGN=\"center\" >  0    <\/TD>  <TD ALIGN=\"center\" >  0    <\/TD>  <TD BGCOLOR=#333333 ALIGN=\"center\" ><FONT  COLOR=#000000>  MM<\/TD>  <TD ALIGN=\"center\" >   &frac12;<\/TD>  <TD ALIGN=\"center\" >  1    <\/TD>  <TD  ALIGN=\"center\" >  1    <\/TD>  <TD  ALIGN=\"center\" >  1    <\/TD>  <TD BGCOLOR=#FFFFFF ALIGN=\"center\" >  1    <\/TD>  <TD  ALIGN=\"center\" >  1    <\/TD>  <TD ALIGN=\"center\" >  1    <\/TD>  <TD ALIGN=\"center\" ><B>  6,5<\/B><\/TD>  <\/TR>  <TR VALIGN=\"bottom\">  <TD ALIGN=\"center\" ><B>  6<\/B><\/TD>  <TD ALIGN=\"left\"><B>  Felix Wenk<\/B><\/TD>  <TD ALIGN=\"center\" >  0    <\/TD>  <TD  ALIGN=\"center\" >  0    <\/TD>  <TD  ALIGN=\"center\" >  0    <\/TD>  <TD ALIGN=\"center\" >  0    <\/TD>  <TD  ALIGN=\"center\" >  1    <\/TD>  <TD  ALIGN=\"center\" >   &frac12;<\/TD>  <TD BGCOLOR=#333333 ALIGN=\"center\" ><FONT  COLOR=#000000>  MM<\/TD>  <TD  ALIGN=\"center\" >   &frac12;<\/TD>  <TD ALIGN=\"center\" >  1    <\/TD>  <TD ALIGN=\"center\" >   &frac12;<\/TD>  <TD ALIGN=\"center\" >  1    <\/TD>  <TD ALIGN=\"center\" >  1    <\/TD>  <TD  ALIGN=\"center\" >  1    <\/TD>  <TD ALIGN=\"center\" ><B>  6,5<\/B><\/TD>  <\/TR>  <TR VALIGN=\"bottom\">  <TD ALIGN=\"center\" ><B>  8<\/B><\/TD>  <TD ALIGN=\"left\" ><B>  Sebastian W&auml;ltermann<\/B><\/TD>  <TD ALIGN=\"center\" >  0    <\/TD>  <TD  ALIGN=\"center\" >  0    <\/TD>  <TD  ALIGN=\"center\" >  0    <\/TD>  <TD  ALIGN=\"center\" >  1    <\/TD>  <TD  ALIGN=\"center\" >  0    <\/TD>  <TD  ALIGN=\"center\" >  0    <\/TD>  <TD ALIGN=\"center\" >   &frac12;<\/TD>  <TD BGCOLOR=#333333 ALIGN=\"center\" ><FONT  COLOR=#000000>  MM<\/TD>  <TD ALIGN=\"center\" >  1    <\/TD>  <TD ALIGN=\"center\" >  1    <\/TD>  <TD ALIGN=\"center\" >  1    <\/TD>  <TD ALIGN=\"center\" >  0    <\/TD>  <TD  ALIGN=\"center\" >  1    <\/TD>  <TD ALIGN=\"center\" ><B>  5,5<\/B><\/TD>  <\/TR>  <TR VALIGN=\"bottom\">  <TD ALIGN=\"center\" ><B>  9<\/B><\/TD>  <TD ALIGN=\"left\" ><B>  Michael Prediger<\/B><\/TD>  <TD  ALIGN=\"center\" >  0    <\/TD>  <TD ALIGN=\"center\" >  0    <\/TD>  <TD ALIGN=\"center\" >  0    <\/TD>  <TD ALIGN=\"center\" >  0    <\/TD>  <TD ALIGN=\"center\" >  0    <\/TD>  <TD ALIGN=\"center\" >  0    <\/TD>  <TD  ALIGN=\"center\" >  0    <\/TD>  <TD  ALIGN=\"center\" >  0    <\/TD>  <TD BGCOLOR=#333333 ALIGN=\"center\" ><FONT  COLOR=#000000>  MM<\/TD>  <TD ALIGN=\"center\" >   &frac12;<\/TD>  <TD  ALIGN=\"center\" >  1    <\/TD>  <TD  ALIGN=\"center\" >  1    <\/TD>  <TD  ALIGN=\"center\" >  1    <\/TD>  <TD ALIGN=\"center\" ><B>  3,5<\/B><\/TD>  <\/TR>  <TR VALIGN=\"bottom\">  <TD ALIGN=\"center\" ><B>  10<\/B><\/TD>  <TD ALIGN=\"left\" ><B>  Johannes Reissmann<\/B><\/TD>  <TD  ALIGN=\"center\" >  0    <\/TD>  <TD ALIGN=\"center\" >  0    <\/TD>  <TD ALIGN=\"center\" >  0    <\/TD>  <TD ALIGN=\"center\" >  0    <\/TD>  <TD ALIGN=\"center\" >  0    <\/TD>  <TD ALIGN=\"center\" >  0    <\/TD>  <TD  ALIGN=\"center\" >   &frac12;<\/TD>  <TD  ALIGN=\"center\" >  0    <\/TD>  <TD  ALIGN=\"center\" >   &frac12;<\/TD>  <TD BGCOLOR=#333333 ALIGN=\"center\" ><FONT  COLOR=#000000>  MM<\/TD>  <TD  ALIGN=\"center\" >  0    <\/TD>  <TD  ALIGN=\"center\" >  1    <\/TD>  <TD ALIGN=\"center\" >  1    <\/TD>  <TD ALIGN=\"center\" ><B>  3,0<\/B><\/TD>  <\/TR>  <TR VALIGN=\"bottom\">  <TD ALIGN=\"center\" ><B>  11<\/B><\/TD>  <TD ALIGN=\"left\"><B>  Rron Dengler<\/B><\/TD>  <TD ALIGN=\"center\" >  0    <\/TD>  <TD  ALIGN=\"center\" >  1    <\/TD>  <TD ALIGN=\"center\" >  0    <\/TD>  <TD ALIGN=\"center\" >  0    <\/TD>  <TD  ALIGN=\"center\" >  0    <\/TD>  <TD  ALIGN=\"center\" >  0    <\/TD>  <TD  ALIGN=\"center\" >  0    <\/TD>  <TD  ALIGN=\"center\" >  0    <\/TD>  <TD ALIGN=\"center\" >  0    <\/TD>  <TD ALIGN=\"center\" >  1    <\/TD>  <TD BGCOLOR=#333333 ALIGN=\"center\" ><FONT  COLOR=#000000>  MM<\/TD>  <TD ALIGN=\"center\" >  0    <\/TD>  <TD  ALIGN=\"center\" >   &frac12;<\/TD>  <TD ALIGN=\"center\" ><B>  2,5<\/B><\/TD>  <\/TR>  <TR VALIGN=\"bottom\">  <TD ALIGN=\"center\" ><B>  12<\/B><\/TD>  <TD ALIGN=\"left\"><B>  Peter Klingelh&ouml;fer<\/B><\/TD>  <TD ALIGN=\"center\" >  0    <\/TD>  <TD  ALIGN=\"center\" >  0    <\/TD>  <TD ALIGN=\"center\" >  0    <\/TD>  <TD ALIGN=\"center\" >  0    <\/TD>  <TD  ALIGN=\"center\" >  0    <\/TD>  <TD ALIGN=\"center\" >  0    <\/TD>  <TD  ALIGN=\"center\" >  0    <\/TD>  <TD  ALIGN=\"center\" >  1    <\/TD>  <TD ALIGN=\"center\" >  0    <\/TD>  <TD ALIGN=\"center\" >  0    <\/TD>  <TD  ALIGN=\"center\" >  1    <\/TD>  <TD BGCOLOR=#333333 ALIGN=\"center\" ><FONT  COLOR=#000000>  MM<\/TD>  <TD  ALIGN=\"center\" >  0    <\/TD>  <TD ALIGN=\"center\" ><B>  2,0<\/B><\/TD>  <\/TR>  <TR VALIGN=\"bottom\">  <TD ALIGN=\"center\" ><B>  13<\/B><\/TD>  <TD ALIGN=\"left\"><B>  Lauritz Dittrich<\/B><\/TD>  <TD ALIGN=\"center\" >  0    <\/TD>  <TD  ALIGN=\"center\" >  0    <\/TD>  <TD  ALIGN=\"center\" >  0    <\/TD>  <TD  ALIGN=\"center\" >  0    <\/TD>  <TD  ALIGN=\"center\" >  0    <\/TD>  <TD  ALIGN=\"center\" >  0    <\/TD>  <TD ALIGN=\"center\" >  0    <\/TD>  <TD ALIGN=\"center\" >  0    <\/TD>  <TD ALIGN=\"center\" >  0    <\/TD>  <TD  ALIGN=\"center\" >  0    <\/TD>  <TD ALIGN=\"center\" >   &frac12;<\/TD>  <TD ALIGN=\"center\" >  1    <\/TD>  <TD BGCOLOR=#333333 ALIGN=\"center\" ><FONT  COLOR=#000000>  MM<\/TD>  <TD ALIGN=\"center\" ><B>  1,5<\/B><\/TD>  <\/TR>        <\/table>\n<p>    <b>Sortiert nach Auslosung:<\/b>  <br \/>  In der folgenden Tabelle bedeutet ein wei\u00dfes Feld in einer Zeile, dass dieser   Spieler in der entsprechenden Partie Wei\u00df hatte. Beispielsweise  hatte in der ersten Runde Maximilian Ernst Wei\u00df gegen Felix Wenk.   <\/p>\n<p><table border cellspacing = \"0\" bgcolor = \"#FFFFFF\">      <TR VALIGN=\"bottom\">  <TD BGCOLOR=#C0C0C0 ALIGN=\"center\"><B>  Pl<\/B><\/TD>  <TD BGCOLOR=#C0C0C0 ALIGN=\"left\"><B>  Name<\/B><\/TD>  <TD BGCOLOR=#C0C0C0 ALIGN=\"center\" ><B>  ME<\/B><\/TD>  <TD BGCOLOR=#C0C0C0 ALIGN=\"center\" ><B>  PK<\/B><\/TD>  <TD BGCOLOR=#C0C0C0 ALIGN=\"center\" ><B>  CL<\/B><\/TD>  <TD BGCOLOR=#C0C0C0 ALIGN=\"center\" ><B>  JL<\/B><\/TD>  <TD BGCOLOR=#C0C0C0 ALIGN=\"center\" ><B>  DO<\/B><\/TD>  <TD BGCOLOR=#C0C0C0 ALIGN=\"center\" ><B>  MP<\/B><\/TD>  <TD BGCOLOR=#C0C0C0 ALIGN=\"center\" ><B>  LD<\/B><\/TD>  <TD BGCOLOR=#C0C0C0 ALIGN=\"center\" ><B>  JR<\/B><\/TD>  <TD BGCOLOR=#C0C0C0 ALIGN=\"center\" ><B>  SW<\/B><\/TD>  <TD BGCOLOR=#C0C0C0 ALIGN=\"center\" ><B>  NW<\/B><\/TD>  <TD BGCOLOR=#C0C0C0 ALIGN=\"center\" ><B>  FW<\/B><\/TD>  <TD BGCOLOR=#C0C0C0 ALIGN=\"center\" ><B>  MD<\/B><\/TD>  <TD BGCOLOR=#C0C0C0 ALIGN=\"center\" ><B>  RD<\/B><\/TD>  <TD BGCOLOR=#C0C0C0 ALIGN=\"center\" ><B>  Pt<\/B><\/TD>  <\/TR>  <TR VALIGN=\"bottom\">  <TD ALIGN=\"center\" ><B>  6<\/B><\/TD>  <TD ALIGN=\"left\"><B>  Maximilian Ernst<\/B><\/TD>  <TD BGCOLOR=#333333 ALIGN=\"center\" ><FONT  COLOR=#000000>  MM<\/TD>  <TD BGCOLOR=#C0C0C0 ALIGN=\"center\" >  1    <\/TD>  <TD ALIGN=\"center\" >  0    <\/TD>  <TD BGCOLOR=#C0C0C0 ALIGN=\"center\" >  0    <\/TD>  <TD ALIGN=\"center\" >  0    <\/TD>  <TD BGCOLOR=#C0C0C0 ALIGN=\"center\" >  1    <\/TD>  <TD ALIGN=\"center\" >  1    <\/TD>  <TD BGCOLOR=#C0C0C0 ALIGN=\"center\" >  1    <\/TD>  <TD ALIGN=\"center\" >  1    <\/TD>  <TD BGCOLOR=#C0C0C0 ALIGN=\"center\" >  0    <\/TD>  <TD ALIGN=\"center\" >   &frac12;<\/TD>  <TD BGCOLOR=#C0C0C0 ALIGN=\"center\" >  0    <\/TD>  <TD BGCOLOR=#FFFFFF ALIGN=\"center\" >  1    <\/TD>  <TD ALIGN=\"center\" ><B>  6,5<\/B><\/TD>  <\/TR>  <TR VALIGN=\"bottom\">  <TD ALIGN=\"center\" ><B>  12<\/B><\/TD>  <TD ALIGN=\"left\"><B>  Peter Klingelh&ouml;fer<\/B><\/TD>  <TD ALIGN=\"center\" >  0    <\/TD>  <TD BGCOLOR=#333333 ALIGN=\"center\" ><FONT  COLOR=#000000>  MM<\/TD>  <TD BGCOLOR=#C0C0C0 ALIGN=\"center\" >  0    <\/TD>  <TD ALIGN=\"center\" >  0    <\/TD>  <TD BGCOLOR=#C0C0C0 ALIGN=\"center\" >  0    <\/TD>  <TD ALIGN=\"center\" >  0    <\/TD>  <TD BGCOLOR=#C0C0C0 ALIGN=\"center\" >  0    <\/TD>  <TD ALIGN=\"center\" >  0    <\/TD>  <TD BGCOLOR=#C0C0C0 ALIGN=\"center\" >  1    <\/TD>  <TD ALIGN=\"center\" >  0    <\/TD>  <TD BGCOLOR=#C0C0C0 ALIGN=\"center\" >  0    <\/TD>  <TD ALIGN=\"center\" >  0    <\/TD>  <TD BGCOLOR=#C0C0C0 ALIGN=\"center\" >  1    <\/TD>  <TD ALIGN=\"center\" ><B>  2,0<\/B><\/TD>  <\/TR>  <TR VALIGN=\"bottom\">  <TD ALIGN=\"center\" ><B>  2<\/B><\/TD>  <TD ALIGN=\"left\"><B>  Claas Latta<\/B><\/TD>  <TD BGCOLOR=#C0C0C0 ALIGN=\"center\" >  1    <\/TD>  <TD ALIGN=\"center\" >  1    <\/TD>  <TD BGCOLOR=#333333 ALIGN=\"center\" ><FONT  COLOR=#000000>  MM<\/TD>  <TD BGCOLOR=#C0C0C0 ALIGN=\"center\" >  0    <\/TD>  <TD ALIGN=\"center\" >  1    <\/TD>  <TD BGCOLOR=#C0C0C0 ALIGN=\"center\" >  1    <\/TD>  <TD ALIGN=\"center\" >  1    <\/TD>  <TD BGCOLOR=#C0C0C0 ALIGN=\"center\" >  1    <\/TD>  <TD ALIGN=\"center\" >  1    <\/TD>  <TD BGCOLOR=#C0C0C0 ALIGN=\"center\" >  1    <\/TD>  <TD ALIGN=\"center\" >  1    <\/TD>  <TD BGCOLOR=#C0C0C0 ALIGN=\"center\" >  1    <\/TD>  <TD ALIGN=\"center\" >  0    <\/TD>  <TD ALIGN=\"center\" ><B>  10,0<\/B><\/TD>  <\/TR>  <TR VALIGN=\"bottom\">  <TD ALIGN=\"center\" ><B>  1<\/B><\/TD>  <TD ALIGN=\"left\"><B>  Jonas Lenz<\/B><\/TD>  <TD ALIGN=\"center\" >  1    <\/TD>  <TD BGCOLOR=#C0C0C0 ALIGN=\"center\" >  1    <\/TD>  <TD ALIGN=\"center\" >  1    <\/TD>  <TD BGCOLOR=#333333 ALIGN=\"center\" ><FONT  COLOR=#000000>  MM<\/TD>  <TD BGCOLOR=#C0C0C0 ALIGN=\"center\" >  1    <\/TD>  <TD ALIGN=\"center\" >  1    <\/TD>  <TD BGCOLOR=#C0C0C0 ALIGN=\"center\" >  1    <\/TD>  <TD ALIGN=\"center\" >  1    <\/TD>  <TD BGCOLOR=#C0C0C0 ALIGN=\"center\" >  1    <\/TD>  <TD ALIGN=\"center\" >  1    <\/TD>  <TD BGCOLOR=#C0C0C0 ALIGN=\"center\" >  1    <\/TD>  <TD ALIGN=\"center\" >   &frac12;<\/TD>  <TD BGCOLOR=#C0C0C0 ALIGN=\"center\" >  1    <\/TD>  <TD ALIGN=\"center\" ><B>  11,5<\/B><\/TD>  <\/TR>  <TR VALIGN=\"bottom\">  <TD ALIGN=\"center\" ><B>  5<\/B><\/TD>  <TD ALIGN=\"left\" ><B>  David Ochs<\/B><\/TD>  <TD BGCOLOR=#C0C0C0 ALIGN=\"center\" >  1    <\/TD>  <TD ALIGN=\"center\" >  1    <\/TD>  <TD BGCOLOR=#C0C0C0 ALIGN=\"center\" >  0    <\/TD>  <TD ALIGN=\"center\" >  0    <\/TD>  <TD BGCOLOR=#333333 ALIGN=\"center\" ><FONT  COLOR=#000000>  MM<\/TD>  <TD BGCOLOR=#C0C0C0 ALIGN=\"center\" >  1    <\/TD>  <TD ALIGN=\"center\" >  1    <\/TD>  <TD BGCOLOR=#C0C0C0 ALIGN=\"center\" >  1    <\/TD>  <TD ALIGN=\"center\" >  1    <\/TD>  <TD BGCOLOR=#C0C0C0 ALIGN=\"center\" >  0    <\/TD>  <TD ALIGN=\"center\" >  0    <\/TD>  <TD BGCOLOR=#C0C0C0 ALIGN=\"center\" >  0    <\/TD>  <TD ALIGN=\"center\" >  1    <\/TD>  <TD ALIGN=\"center\" ><B>  7,0<\/B><\/TD>  <\/TR>  <TR VALIGN=\"bottom\">  <TD ALIGN=\"center\" ><B>  9<\/B><\/TD>  <TD ALIGN=\"left\" ><B>  Michael Prediger<\/B><\/TD>  <TD ALIGN=\"center\" >  0    <\/TD>  <TD BGCOLOR=#C0C0C0 ALIGN=\"center\" >  1    <\/TD>  <TD ALIGN=\"center\" >  0    <\/TD>  <TD BGCOLOR=#C0C0C0 ALIGN=\"center\" >  0    <\/TD>  <TD ALIGN=\"center\" >  0    <\/TD>  <TD BGCOLOR=#333333 ALIGN=\"center\" ><FONT  COLOR=#000000>  MM<\/TD>  <TD BGCOLOR=#C0C0C0 ALIGN=\"center\" >  1    <\/TD>  <TD ALIGN=\"center\" >   &frac12;<\/TD>  <TD BGCOLOR=#C0C0C0 ALIGN=\"center\" >  0    <\/TD>  <TD ALIGN=\"center\" >  0    <\/TD>  <TD BGCOLOR=#C0C0C0 ALIGN=\"center\" >  0    <\/TD>  <TD ALIGN=\"center\" >  0    <\/TD>  <TD BGCOLOR=#C0C0C0 ALIGN=\"center\" >  1    <\/TD>  <TD ALIGN=\"center\" ><B>  3,5<\/B><\/TD>  <\/TR>  <TR VALIGN=\"bottom\">  <TD ALIGN=\"center\" ><B>  13<\/B><\/TD>  <TD ALIGN=\"left\"><B>  Lauritz Dittrich<\/B><\/TD>  <TD BGCOLOR=#C0C0C0 ALIGN=\"center\" >  0    <\/TD>  <TD ALIGN=\"center\" >  1    <\/TD>  <TD BGCOLOR=#C0C0C0 ALIGN=\"center\" >  0    <\/TD>  <TD ALIGN=\"center\" >  0    <\/TD>  <TD BGCOLOR=#C0C0C0 ALIGN=\"center\" >  0    <\/TD>  <TD ALIGN=\"center\" >  0    <\/TD>  <TD BGCOLOR=#333333 ALIGN=\"center\" ><FONT  COLOR=#000000>  MM<\/TD>  <TD BGCOLOR=#C0C0C0 ALIGN=\"center\" >  0    <\/TD>  <TD ALIGN=\"center\" >  0    <\/TD>  <TD BGCOLOR=#C0C0C0 ALIGN=\"center\" >  0    <\/TD>  <TD ALIGN=\"center\" >  0    <\/TD>  <TD BGCOLOR=#C0C0C0 ALIGN=\"center\" >  0    <\/TD>  <TD ALIGN=\"center\" >   &frac12;<\/TD>  <TD ALIGN=\"center\" ><B>  1,5<\/B><\/TD>  <\/TR>  <TR VALIGN=\"bottom\">  <TD ALIGN=\"center\" ><B>  10<\/B><\/TD>  <TD ALIGN=\"left\" ><B>  Johannes Reissmann<\/B><\/TD>  <TD ALIGN=\"center\" >  0    <\/TD>  <TD BGCOLOR=#C0C0C0 ALIGN=\"center\" >  1    <\/TD>  <TD ALIGN=\"center\" >  0    <\/TD>  <TD BGCOLOR=#C0C0C0 ALIGN=\"center\" >  0    <\/TD>  <TD ALIGN=\"center\" >  0    <\/TD>  <TD BGCOLOR=#C0C0C0 ALIGN=\"center\" >   &frac12;<\/TD>  <TD ALIGN=\"center\" >  1    <\/TD>  <TD BGCOLOR=#333333 ALIGN=\"center\" ><FONT  COLOR=#000000>  MM<\/TD>  <TD BGCOLOR=#C0C0C0 ALIGN=\"center\" >  0    <\/TD>  <TD ALIGN=\"center\" >  0    <\/TD>  <TD BGCOLOR=#C0C0C0 ALIGN=\"center\" >   &frac12;<\/TD>  <TD ALIGN=\"center\" >  0    <\/TD>  <TD BGCOLOR=#C0C0C0 ALIGN=\"center\" >  0    <\/TD>  <TD ALIGN=\"center\" ><B>  3,0<\/B><\/TD>  <\/TR>  <TR VALIGN=\"bottom\">  <TD ALIGN=\"center\" ><B>  8<\/B><\/TD>  <TD ALIGN=\"left\" ><B>  Sebastian W&auml;ltermann<\/B><\/TD>  <TD BGCOLOR=#C0C0C0 ALIGN=\"center\" >  0    <\/TD>  <TD ALIGN=\"center\" >  0    <\/TD>  <TD BGCOLOR=#C0C0C0 ALIGN=\"center\" >  0    <\/TD>  <TD ALIGN=\"center\" >  0    <\/TD>  <TD BGCOLOR=#C0C0C0 ALIGN=\"center\" >  0    <\/TD>  <TD ALIGN=\"center\" >  1    <\/TD>  <TD BGCOLOR=#C0C0C0 ALIGN=\"center\" >  1    <\/TD>  <TD ALIGN=\"center\" >  1    <\/TD>  <TD BGCOLOR=#333333 ALIGN=\"center\" ><FONT  COLOR=#000000>  MM<\/TD>  <TD BGCOLOR=#C0C0C0 ALIGN=\"center\" >  1    <\/TD>  <TD ALIGN=\"center\" >   &frac12;<\/TD>  <TD BGCOLOR=#C0C0C0 ALIGN=\"center\" >  0    <\/TD>  <TD ALIGN=\"center\" >  1    <\/TD>  <TD ALIGN=\"center\" ><B>  5,5<\/B><\/TD>  <\/TR>  <TR VALIGN=\"bottom\">  <TD ALIGN=\"center\" ><B>  4<\/B><\/TD>  <TD ALIGN=\"left\" ><B>  Nicola Wilhelmi<\/B><\/TD>  <TD ALIGN=\"center\" >  1    <\/TD>  <TD BGCOLOR=#C0C0C0 ALIGN=\"center\" >  1    <\/TD>  <TD ALIGN=\"center\" >  0    <\/TD>  <TD BGCOLOR=#C0C0C0 ALIGN=\"center\" >  0    <\/TD>  <TD ALIGN=\"center\" >  1    <\/TD>  <TD BGCOLOR=#C0C0C0 ALIGN=\"center\" >  1    <\/TD>  <TD ALIGN=\"center\" >  1    <\/TD>  <TD BGCOLOR=#C0C0C0 ALIGN=\"center\" >  1    <\/TD>  <TD ALIGN=\"center\" >  0    <\/TD>  <TD BGCOLOR=#333333 ALIGN=\"center\" ><FONT  COLOR=#000000>  MM<\/TD>  <TD BGCOLOR=#C0C0C0 ALIGN=\"center\" >  1    <\/TD>  <TD ALIGN=\"center\" >  1    <\/TD>  <TD BGCOLOR=#C0C0C0 ALIGN=\"center\" >  1    <\/TD>  <TD ALIGN=\"center\" ><B>  9,0<\/B><\/TD>  <\/TR>  <TR VALIGN=\"bottom\">  <TD ALIGN=\"center\" ><B>  6<\/B><\/TD>  <TD ALIGN=\"left\"><B>  Felix Wenk<\/B><\/TD>  <TD BGCOLOR=#C0C0C0 ALIGN=\"center\" >   &frac12;<\/TD>  <TD ALIGN=\"center\" >  1    <\/TD>  <TD BGCOLOR=#C0C0C0 ALIGN=\"center\" >  0    <\/TD>  <TD ALIGN=\"center\" >  0    <\/TD>  <TD BGCOLOR=#C0C0C0 ALIGN=\"center\" >  1    <\/TD>  <TD ALIGN=\"center\" >  1    <\/TD>  <TD BGCOLOR=#C0C0C0 ALIGN=\"center\" >  1    <\/TD>  <TD ALIGN=\"center\" >   &frac12;<\/TD>  <TD BGCOLOR=#C0C0C0 ALIGN=\"center\" >   &frac12;<\/TD>  <TD ALIGN=\"center\" >  0    <\/TD>  <TD BGCOLOR=#333333 ALIGN=\"center\" ><FONT  COLOR=#000000>  MM<\/TD>  <TD BGCOLOR=#C0C0C0 ALIGN=\"center\" >  0    <\/TD>  <TD ALIGN=\"center\" >  1    <\/TD>  <TD ALIGN=\"center\" ><B>  6,5<\/B><\/TD>  <\/TR>  <TR VALIGN=\"bottom\">  <TD ALIGN=\"center\" ><B>  3<\/B><\/TD>  <TD ALIGN=\"left\"><B>  Maximilian Dzambazovski<\/B><\/TD>  <TD ALIGN=\"center\" >  1    <\/TD>  <TD BGCOLOR=#C0C0C0 ALIGN=\"center\" >  1    <\/TD>  <TD ALIGN=\"center\" >  0    <\/TD>  <TD BGCOLOR=#C0C0C0 ALIGN=\"center\" >   &frac12;<\/TD>  <TD ALIGN=\"center\" >  1    <\/TD>  <TD BGCOLOR=#C0C0C0 ALIGN=\"center\" >  1    <\/TD>  <TD ALIGN=\"center\" >  1    <\/TD>  <TD BGCOLOR=#C0C0C0 ALIGN=\"center\" >  1    <\/TD>  <TD ALIGN=\"center\" >  1    <\/TD>  <TD BGCOLOR=#C0C0C0 ALIGN=\"center\" >  0    <\/TD>  <TD ALIGN=\"center\" >  1    <\/TD>  <TD BGCOLOR=#333333 ALIGN=\"center\" ><FONT  COLOR=#000000>  MM<\/TD>  <TD BGCOLOR=#C0C0C0 ALIGN=\"center\" >  1    <\/TD>  <TD ALIGN=\"center\" ><B>  9,5<\/B><\/TD>  <\/TR>  <TR VALIGN=\"bottom\">  <TD ALIGN=\"center\" ><B>  11<\/B><\/TD>  <TD ALIGN=\"left\"><B>  Rron Dengler<\/B><\/TD>  <TD BGCOLOR=#C0C0C0 ALIGN=\"center\" >  0    <\/TD>  <TD ALIGN=\"center\" >  0    <\/TD>  <TD BGCOLOR=#C0C0C0 ALIGN=\"center\" >  1    <\/TD>  <TD ALIGN=\"center\" >  0    <\/TD>  <TD BGCOLOR=#C0C0C0 ALIGN=\"center\" >  0    <\/TD>  <TD ALIGN=\"center\" >  0    <\/TD>  <TD BGCOLOR=#C0C0C0 ALIGN=\"center\" >   &frac12;<\/TD>  <TD ALIGN=\"center\" >  1    <\/TD>  <TD BGCOLOR=#C0C0C0 ALIGN=\"center\" >  0    <\/TD>  <TD ALIGN=\"center\" >  0    <\/TD>  <TD BGCOLOR=#C0C0C0 ALIGN=\"center\" >  0    <\/TD>  <TD ALIGN=\"center\" >  0    <\/TD>  <TD BGCOLOR=#333333 ALIGN=\"center\" ><FONT  COLOR=#000000>  MM<\/TD>  <TD ALIGN=\"center\" ><B>  2,5<\/B><\/TD>  <\/TR>        <\/table>\n","protected":false},"excerpt":{"rendered":"<p>Ausschreibung &nbsp; Flyer &nbsp; Teilnehmer &nbsp; Runden und Ergebnisse &nbsp; Kreuztabelle Sortiert nach Rangliste: Pl Name JL CL MD NW DO ME FW SW MP JR RD PK LD Pt 1 Jonas Lenz MM 1 &frac12; 1 1 1 1 1 1 1 1 1 1 11,5 2 Claas Latta 0 MM 1 1 1 <a href=\"https:\/\/www.schachklub-bad-homburg.de\/?page_id=4123\" class=\"more-link\">...weiterlesen<span class=\"screen-reader-text\"> \"Jugendturnier 2008, Tabelle\"<\/span><\/a><\/p>\n","protected":false},"author":1,"featured_media":0,"parent":4686,"menu_order":50,"comment_status":"closed","ping_status":"closed","template":"","meta":{"footnotes":""},"class_list":["post-4123","page","type-page","status-publish","h-entry","hentry","h-as-page"],"_links":{"self":[{"href":"https:\/\/www.schachklub-bad-homburg.de\/index.php?rest_route=\/wp\/v2\/pages\/4123","targetHints":{"allow":["GET"]}}],"collection":[{"href":"https:\/\/www.schachklub-bad-homburg.de\/index.php?rest_route=\/wp\/v2\/pages"}],"about":[{"href":"https:\/\/www.schachklub-bad-homburg.de\/index.php?rest_route=\/wp\/v2\/types\/page"}],"author":[{"embeddable":true,"href":"https:\/\/www.schachklub-bad-homburg.de\/index.php?rest_route=\/wp\/v2\/users\/1"}],"replies":[{"embeddable":true,"href":"https:\/\/www.schachklub-bad-homburg.de\/index.php?rest_route=%2Fwp%2Fv2%2Fcomments&post=4123"}],"version-history":[{"count":0,"href":"https:\/\/www.schachklub-bad-homburg.de\/index.php?rest_route=\/wp\/v2\/pages\/4123\/revisions"}],"up":[{"embeddable":true,"href":"https:\/\/www.schachklub-bad-homburg.de\/index.php?rest_route=\/wp\/v2\/pages\/4686"}],"wp:attachment":[{"href":"https:\/\/www.schachklub-bad-homburg.de\/index.php?rest_route=%2Fwp%2Fv2%2Fmedia&parent=4123"}],"curies":[{"name":"wp","href":"https:\/\/api.w.org\/{rel}","templated":true}]}}