{"id":4122,"date":"2009-01-30T15:25:01","date_gmt":"2009-01-30T15:25:01","guid":{"rendered":"c960_kreuztabelle.htm"},"modified":"2008-09-26T17:59:40","modified_gmt":"2008-09-26T17:59:40","slug":"c960_kreuztabelle.htm","status":"publish","type":"page","link":"https:\/\/www.schachklub-bad-homburg.de\/?page_id=4122","title":{"rendered":"Chess960 Vereinsmeisterschaft 2008 , Tabelle"},"content":{"rendered":"<p><a href=\"http:\/\/www.schachklub-bad-homburg.de?p=4700\">Ausschreibung<\/a> &nbsp;   <a href=\"http:\/\/www.schachklub-bad-homburg.de?p=4701\">Teilnehmer (alphabetisch)<\/a>       &nbsp;   <a href=\"http:\/\/www.schachklub-bad-homburg.de?p=4702\">Teilnehmer (DWZ)<\/a>       &nbsp;   <a href=\"http:\/\/www.schachklub-bad-homburg.de?p=4703\">Runden und Ergebnisse<\/a>  &nbsp;    <a href=\"http:\/\/www.schachklub-bad-homburg.de?p=4122\">Kreuztabelle<\/a>   &nbsp;   <a href=\"http:\/\/www.schachklub-bad-homburg.de?p=30642\" >Historie<\/a><\/p>\n<table border cellspacing = \"0\" bgcolor = \"#FFFFFF\">\n<p>  Die beiden Teilnehmer Manfred von Selasinsky und Frank M\u00fcller traten w\u00e4hrend des Turniers zur\u00fcck  und erscheinen daher nicht in dieser Tabelle.   <\/p>\n<p>    <TR VALIGN=\"bottom\">  <TD BGCOLOR=#C0C0C0 ALIGN=\"center\"><B>  Pl<\/B><\/TD>  <TD BGCOLOR=#C0C0C0 ALIGN=\"left\"><B>  Name<\/B><\/TD>  <TD BGCOLOR=#C0C0C0 ALIGN=\"center\"><B>  DWZ<\/B><\/TD>  <TD BGCOLOR=#C0C0C0 ALIGN=\"center\" ><B>  WS<\/B><\/TD>  <TD BGCOLOR=#C0C0C0 ALIGN=\"center\" ><B>  RK<\/B><\/TD>  <TD BGCOLOR=#C0C0C0 ALIGN=\"center\" ><B>  PL<\/B><\/TD>  <TD BGCOLOR=#C0C0C0 ALIGN=\"center\" ><B>  RF<\/B><\/TD>  <TD BGCOLOR=#C0C0C0 ALIGN=\"center\" ><B>  HL<\/B><\/TD>  <TD BGCOLOR=#C0C0C0 ALIGN=\"center\" ><B>  RB<\/B><\/TD>  <TD BGCOLOR=#C0C0C0 ALIGN=\"center\" ><B>  Pkt<\/B><\/TD>  <TD BGCOLOR=#C0C0C0 ALIGN=\"center\" ><B>  SoBe<\/B><\/TD>  <TD BGCOLOR=#C0C0C0 ALIGN=\"center\" ><B>  BuHz<\/B><\/TD>  <\/TR>  <TR VALIGN=\"bottom\">  <TD ALIGN=\"center\" ><B>  1<\/B><\/TD>  <TD ALIGN=\"left\"><B>  Schmidt, Walter<\/B><\/TD>  <TD ALIGN=\"center\" >  2170<\/TD>  <TD BGCOLOR=#000000 ALIGN=\"center\" ><FONT  COLOR=#000000>  MM<\/TD>  <TD ALIGN=\"center\" >  1    <\/TD>  <TD ALIGN=\"center\" >  2 &frac12;<\/TD>  <TD ALIGN=\"center\" >  3    <\/TD>  <TD ALIGN=\"center\" >  3    <\/TD>  <TD ALIGN=\"center\" >  2 &frac12;<\/TD>  <TD ALIGN=\"center\" ><B>  12,0<\/B><\/TD>  <TD ALIGN=\"center\" >  73,75<\/TD>  <TD ALIGN=\"center\" >  33,0<\/TD>  <\/TR>  <TR VALIGN=\"bottom\">  <TD ALIGN=\"center\" ><B>  2<\/B><\/TD>  <TD ALIGN=\"left\"><B>  Kaiser, Richard<\/B><\/TD>  <TD ALIGN=\"center\" >  2117<\/TD>  <TD ALIGN=\"center\" >  2    <\/TD>  <TD BGCOLOR=#000000 ALIGN=\"center\" ><FONT  COLOR=#000000>  MM<\/TD>  <TD ALIGN=\"center\" >  1    <\/TD>  <TD ALIGN=\"center\" >  2    <\/TD>  <TD ALIGN=\"center\" >  2    <\/TD>  <TD ALIGN=\"center\" >  3    <\/TD>  <TD ALIGN=\"center\" ><B>  10,0<\/B><\/TD>  <TD ALIGN=\"center\" >  61,50<\/TD>  <TD ALIGN=\"center\" >  35,0<\/TD>  <\/TR>  <TR VALIGN=\"bottom\">  <TD ALIGN=\"center\" ><B>  3<\/B><\/TD>  <TD ALIGN=\"left\"><B>  Lenhart, Paul<\/B><\/TD>  <TD ALIGN=\"center\" >  1830<\/TD>  <TD ALIGN=\"center\" >   &frac12;<\/TD>  <TD ALIGN=\"center\" >  2    <\/TD>  <TD BGCOLOR=#000000 ALIGN=\"center\" ><FONT  COLOR=#000000>  MM<\/TD>  <TD ALIGN=\"center\" >  1    <\/TD>  <TD ALIGN=\"center\" >  3    <\/TD>  <TD ALIGN=\"center\" >  3    <\/TD>  <TD ALIGN=\"center\" ><B>  9,5<\/B><\/TD>  <TD ALIGN=\"center\" >  50,50<\/TD>  <TD ALIGN=\"center\" >  35,5<\/TD>  <\/TR>  <TR VALIGN=\"bottom\">  <TD ALIGN=\"center\" ><B>  4<\/B><\/TD>  <TD ALIGN=\"left\"><B>  Faqiry, Ramat<\/B><\/TD>  <TD ALIGN=\"center\" >  1853<\/TD>  <TD ALIGN=\"center\" >  0    <\/TD>  <TD ALIGN=\"center\" >  1    <\/TD>  <TD ALIGN=\"center\" >  2    <\/TD>  <TD BGCOLOR=#000000 ALIGN=\"center\" ><FONT  COLOR=#000000>  MM<\/TD>  <TD ALIGN=\"center\" >  2    <\/TD>  <TD ALIGN=\"center\" >  3    <\/TD>  <TD ALIGN=\"center\" ><B>  8,0<\/B><\/TD>  <TD ALIGN=\"center\" >  41,00<\/TD>  <TD ALIGN=\"center\" >  37,0<\/TD>  <\/TR>  <TR VALIGN=\"bottom\">  <TD ALIGN=\"center\" ><B>  5<\/B><\/TD>  <TD ALIGN=\"left\" ><B>  Lebermann, Hellmuth<\/B><\/TD>  <TD ALIGN=\"center\" >  1854<\/TD>  <TD ALIGN=\"center\" >  0    <\/TD>  <TD ALIGN=\"center\" >  1    <\/TD>  <TD ALIGN=\"center\" >  0    <\/TD>  <TD ALIGN=\"center\" >  1    <\/TD>  <TD BGCOLOR=#000000 ALIGN=\"center\" ><FONT  COLOR=#000000>  MM<\/TD>  <TD ALIGN=\"center\" >  2 &frac12;<\/TD>  <TD ALIGN=\"center\" ><B>  4,5<\/B><\/TD>  <TD ALIGN=\"center\" >  20,50<\/TD>  <TD ALIGN=\"center\" >  40,5<\/TD>  <\/TR>  <TR VALIGN=\"bottom\">  <TD ALIGN=\"center\" ><B>  6<\/B><\/TD>  <TD ALIGN=\"left\"><B>  Berg, Rainer<\/B><\/TD>  <TD ALIGN=\"center\" >  1546<\/TD>  <TD ALIGN=\"center\" >   &frac12;<\/TD>  <TD ALIGN=\"center\" >  0    <\/TD>  <TD ALIGN=\"center\" >  0    <\/TD>  <TD ALIGN=\"center\" >  0    <\/TD>  <TD ALIGN=\"center\" >   &frac12;<\/TD>  <TD BGCOLOR=#000000 ALIGN=\"center\" ><FONT  COLOR=#000000>  MM<\/TD>  <TD ALIGN=\"center\" ><B>  1,0<\/B><\/TD>  <TD ALIGN=\"center\" >  8,25<\/TD>  <TD ALIGN=\"center\" >  44,0<\/TD>  <\/TR>      <\/table>\n","protected":false},"excerpt":{"rendered":"<p>Ausschreibung &nbsp; Teilnehmer (alphabetisch) &nbsp; Teilnehmer (DWZ) &nbsp; Runden und Ergebnisse &nbsp; Kreuztabelle &nbsp; Historie Die beiden Teilnehmer Manfred von Selasinsky und Frank M\u00fcller traten w\u00e4hrend des Turniers zur\u00fcck und erscheinen daher nicht in dieser Tabelle. Pl Name DWZ WS RK PL RF HL RB Pkt SoBe BuHz 1 Schmidt, Walter 2170 MM 1 2 <a href=\"https:\/\/www.schachklub-bad-homburg.de\/?page_id=4122\" class=\"more-link\">...weiterlesen<span class=\"screen-reader-text\"> \"Chess960 Vereinsmeisterschaft 2008 , Tabelle\"<\/span><\/a><\/p>\n","protected":false},"author":1,"featured_media":0,"parent":4686,"menu_order":50,"comment_status":"closed","ping_status":"closed","template":"","meta":{"footnotes":""},"class_list":["post-4122","page","type-page","status-publish","h-entry","hentry","h-as-page"],"_links":{"self":[{"href":"https:\/\/www.schachklub-bad-homburg.de\/index.php?rest_route=\/wp\/v2\/pages\/4122","targetHints":{"allow":["GET"]}}],"collection":[{"href":"https:\/\/www.schachklub-bad-homburg.de\/index.php?rest_route=\/wp\/v2\/pages"}],"about":[{"href":"https:\/\/www.schachklub-bad-homburg.de\/index.php?rest_route=\/wp\/v2\/types\/page"}],"author":[{"embeddable":true,"href":"https:\/\/www.schachklub-bad-homburg.de\/index.php?rest_route=\/wp\/v2\/users\/1"}],"replies":[{"embeddable":true,"href":"https:\/\/www.schachklub-bad-homburg.de\/index.php?rest_route=%2Fwp%2Fv2%2Fcomments&post=4122"}],"version-history":[{"count":0,"href":"https:\/\/www.schachklub-bad-homburg.de\/index.php?rest_route=\/wp\/v2\/pages\/4122\/revisions"}],"up":[{"embeddable":true,"href":"https:\/\/www.schachklub-bad-homburg.de\/index.php?rest_route=\/wp\/v2\/pages\/4686"}],"wp:attachment":[{"href":"https:\/\/www.schachklub-bad-homburg.de\/index.php?rest_route=%2Fwp%2Fv2%2Fmedia&parent=4122"}],"curies":[{"name":"wp","href":"https:\/\/api.w.org\/{rel}","templated":true}]}}