{"id":3995,"date":"2017-01-03T20:38:09","date_gmt":"2017-01-03T20:38:09","guid":{"rendered":"erwachsene.htm"},"modified":"2017-01-28T08:57:36","modified_gmt":"2017-01-28T08:57:36","slug":"Training f\u00fcr Erwachsene","status":"publish","type":"page","link":"https:\/\/www.schachklub-bad-homburg.de\/?page_id=3995","title":{"rendered":"Training f\u00fcr Erwachsene"},"content":{"rendered":"<p>    Alle Schachinteressierten sind jederzeit zum Spielabend   <\/p>\n<p><div style=\"text-indent:50px;\"><b>  Freitags, ab 19:30 Uhr  im <a href = \"http:\/\/www.schachklub-bad-homburg.de?p=3776\">Vereinshaus Gonzenheim<\/a>  <\/b><\/div>\n<p>  willkommen (siehe auch <a href = \"http:\/\/www.schachklub-bad-homburg.de?p=28780\">Terminkalender<\/a>).   <\/p>\n<p>  Neben vielen Spielpartnern aller Spielst\u00e4rken gibt es hier auch immer wieder   Veranstaltungen zur Spielst\u00e4rkeverbesserung:   <\/p>\n<ul>\n<li><a href = \"wp-content\/uploads\/2009\/01\/234_Flyer_Erwachsenenkurs.pdf\">Schachkurs f\u00fcr Erwachsene<\/a><\/li>\n<li><a href = \"http:\/\/www.schachklub-bad-homburg.de?p=4431\">Training mit GM Khenkin<\/a><\/li>\n<li>Der Schachklub ist Mitglied in der <a href = \"http:\/\/www.chesstigers.de\" target = \"_blank\">Chesstigers Universit\u00e4t<\/a><\/li>\n<li><a href = \"wp-content\/uploads\/2007\/04\/209_20070413, chesstigers.pdf\" >Interne Seminare<\/a><\/li>\n<\/ul>\n<p>  Schauen Sie einfach mal vorbei!  Informationen unter <a href = \"mailto:info@schachklub-bad-homburg.de\">info@schachklub-bad-homburg.de<\/a>.   <\/p>\n<p>  <img src = \"wp-content\/uploads\/2017\/01\/490_erwachsenentraining.jpg\">  <\/p>\n","protected":false},"excerpt":{"rendered":"<p>Alle Schachinteressierten sind jederzeit zum Spielabend Freitags, ab 19:30 Uhr im Vereinshaus Gonzenheim willkommen (siehe auch Terminkalender). Neben vielen Spielpartnern aller Spielst\u00e4rken gibt es hier auch immer wieder Veranstaltungen zur Spielst\u00e4rkeverbesserung: Schachkurs f\u00fcr Erwachsene Training mit GM Khenkin Der Schachklub ist Mitglied in der Chesstigers Universit\u00e4t Interne Seminare Schauen Sie einfach mal vorbei! Informationen unter <a href=\"https:\/\/www.schachklub-bad-homburg.de\/?page_id=3995\" class=\"more-link\">...weiterlesen<span class=\"screen-reader-text\"> \"Training f\u00fcr Erwachsene\"<\/span><\/a><\/p>\n","protected":false},"author":1,"featured_media":0,"parent":4686,"menu_order":10,"comment_status":"closed","ping_status":"closed","template":"","meta":{"footnotes":""},"class_list":["post-3995","page","type-page","status-publish","h-entry","hentry","h-as-page"],"_links":{"self":[{"href":"https:\/\/www.schachklub-bad-homburg.de\/index.php?rest_route=\/wp\/v2\/pages\/3995","targetHints":{"allow":["GET"]}}],"collection":[{"href":"https:\/\/www.schachklub-bad-homburg.de\/index.php?rest_route=\/wp\/v2\/pages"}],"about":[{"href":"https:\/\/www.schachklub-bad-homburg.de\/index.php?rest_route=\/wp\/v2\/types\/page"}],"author":[{"embeddable":true,"href":"https:\/\/www.schachklub-bad-homburg.de\/index.php?rest_route=\/wp\/v2\/users\/1"}],"replies":[{"embeddable":true,"href":"https:\/\/www.schachklub-bad-homburg.de\/index.php?rest_route=%2Fwp%2Fv2%2Fcomments&post=3995"}],"version-history":[{"count":0,"href":"https:\/\/www.schachklub-bad-homburg.de\/index.php?rest_route=\/wp\/v2\/pages\/3995\/revisions"}],"up":[{"embeddable":true,"href":"https:\/\/www.schachklub-bad-homburg.de\/index.php?rest_route=\/wp\/v2\/pages\/4686"}],"wp:attachment":[{"href":"https:\/\/www.schachklub-bad-homburg.de\/index.php?rest_route=%2Fwp%2Fv2%2Fmedia&parent=3995"}],"curies":[{"name":"wp","href":"https:\/\/api.w.org\/{rel}","templated":true}]}}