{"id":3871,"date":"2009-01-30T15:25:01","date_gmt":"2009-01-30T15:25:01","guid":{"rendered":"abschlussbericht.htm"},"modified":"2017-02-04T17:00:54","modified_gmt":"2017-02-04T17:00:54","slug":"Queens-Chess 2007","status":"publish","type":"page","link":"https:\/\/www.schachklub-bad-homburg.de\/?page_id=3871","title":{"rendered":"Queens-Chess 2007"},"content":{"rendered":"<p>    Der Schachklub Bad Homburg unterst\u00fctzte das   <a href = \"http:\/\/www.parkhotel-bad-homburg.de\" target =\"_blank\">Parkhotel Bad Homburg<\/a>  und den <a href = \"http:\/\/www.schachbund.de\" target =\"_blank\">Deutschen Schachbund<\/a> bei der Ausrichtung  des ersten Ladies Grandmaster Tournament, genannt Queens-Chess, in Bad Homburg.   <\/p>\n<p>  Das Turnier hat eine eigene Homepage: <a href = \"http:\/\/www.queens-chess.de\" target = \"_blank\">www.queens-chess.de<\/a>.   <\/p>\n<p>  Es trat der Kern der deutschen Nationalmannschaft gegen eine Internationale Auswahl an.   Am Ende gewann \u00fcberlegen Zhao Xue aus China:   <\/td>\n<td>  <img src = \"wp-content\/uploads\/2009\/01\/317_qclogo.jpg\" align = \"right\">  <\/p>\n<p>  <TABLE BORDER cellpadding=4> <TR ALIGN=center> <TD>1<\/TD> <\/p>\n<td align=left><b>Xue,Zhao<\/b><\/td>\n<td>CHN<\/td>\n<p> <TD>2500<\/TD> <TD>+161<\/TD> <TD><b>X<\/b><\/TD><TD>1<\/TD><TD>\u00bd<\/TD><TD>1<\/TD><TD>\u00bd<\/TD><TD>1<\/TD><TD>1<\/TD><TD>1<\/TD><TD>\u00bd<\/TD><TD>1<\/TD><TD><b>7.5 \/ 9<\/b><\/TD> <TD>&nbsp;<\/TD> <\/TR> <TR ALIGN=center> <TD>2<\/TD> <\/p>\n<td align=left><b>Paehtz,Elisabeth<\/b><\/td>\n<td>GER<\/td>\n<p> <TD>2457<\/TD> <TD>+7<\/TD> <TD>0<\/TD><TD><b>X<\/b><\/TD><TD>\u00bd<\/TD><TD>\u00bd<\/TD><TD>1<\/TD><TD>\u00bd<\/TD><TD>\u00bd<\/TD><TD>1<\/TD><TD>\u00bd<\/TD><TD>1<\/TD><TD><b>5.5 \/ 9<\/b><\/TD> <TD>&nbsp;<\/TD> <\/TR> <TR ALIGN=center> <TD>3<\/TD> <\/p>\n<td align=left><b>Tairova,Elena<\/b><\/td>\n<td>RUS<\/td>\n<p> <TD>2410<\/TD> <TD>+20<\/TD> <TD>\u00bd<\/TD><TD>\u00bd<\/TD><TD><b>X<\/b><\/TD><TD>\u00bd<\/TD><TD>\u00bd<\/TD><TD>1<\/TD><TD>1<\/TD><TD>0<\/TD><TD>0<\/TD><TD>1<\/TD><TD><b>5.0 \/ 9<\/b><\/TD> <TD>21.75<\/TD> <\/TR> <TR ALIGN=center> <TD>4<\/TD> <\/p>\n<td align=left><b>Socko,Monika<\/b><\/td>\n<td>POL<\/td>\n<p> <TD>2479<\/TD> <TD>-56<\/TD> <TD>0<\/TD><TD>\u00bd<\/TD><TD>\u00bd<\/TD><TD><b>X<\/b><\/TD><TD>\u00bd<\/TD><TD>\u00bd<\/TD><TD>\u00bd<\/TD><TD>1<\/TD><TD>\u00bd<\/TD><TD>1<\/TD><TD><b>5.0 \/ 9<\/b><\/TD> <TD>19.25<\/TD> <\/TR> <TR ALIGN=center> <TD>5<\/TD> <\/p>\n<td align=left><b>Kovalevskaja,Ekaterina<\/b><\/td>\n<td>RUS<\/td>\n<p> <TD>2454<\/TD> <TD>-67<\/TD> <TD>\u00bd<\/TD><TD>0<\/TD><TD>\u00bd<\/TD><TD>\u00bd<\/TD><TD><b>X<\/b><\/TD><TD>\u00bd<\/TD><TD>\u00bd<\/TD><TD>\u00bd<\/TD><TD>1<\/TD><TD>\u00bd<\/TD><TD><b>4.5 \/ 9<\/b><\/TD> <TD>19.00<\/TD> <\/TR> <TR ALIGN=center> <TD>6<\/TD> <\/p>\n<td align=left><b>Kachiani-Gersinska,Ketino<\/b><\/td>\n<td>GER<\/td>\n<p> <TD>2405<\/TD> <TD>-12<\/TD> <TD>0<\/TD><TD>\u00bd<\/TD><TD>0<\/TD><TD>\u00bd<\/TD><TD>\u00bd<\/TD><TD><b>X<\/b><\/TD><TD>\u00bd<\/TD><TD>1<\/TD><TD>1<\/TD><TD>\u00bd<\/TD><TD><b>4.5 \/ 9<\/b><\/TD> <TD>17.50<\/TD> <\/TR> <TR ALIGN=center> <TD>7<\/TD> <\/p>\n<td align=left><b>Michna,Marta<\/b><\/td>\n<td>GER<\/td>\n<p> <TD>2377<\/TD> <TD>-20<\/TD> <TD>0<\/TD><TD>\u00bd<\/TD><TD>0<\/TD><TD>\u00bd<\/TD><TD>\u00bd<\/TD><TD>\u00bd<\/TD><TD><b>X<\/b><\/TD><TD>\u00bd<\/TD><TD>\u00bd<\/TD><TD>1<\/TD><TD><b>4.0 \/ 9<\/b><\/TD> <TD>15.25<\/TD> <\/TR> <TR ALIGN=center> <TD>8<\/TD> <\/p>\n<td align=left><b>Peptan,Corina<\/b><\/td>\n<td>ROM<\/td>\n<p> <TD>2411<\/TD> <TD>-58<\/TD> <TD>0<\/TD><TD>0<\/TD><TD>1<\/TD><TD>0<\/TD><TD>\u00bd<\/TD><TD>0<\/TD><TD>\u00bd<\/TD><TD><b>X<\/b><\/TD><TD>1<\/TD><TD>1<\/TD><TD><b>4.0 \/ 9<\/b><\/TD> <TD>14.25<\/TD> <\/TR> <TR ALIGN=center> <TD>9<\/TD> <\/p>\n<td align=left><b>Nill,Jessica<\/b><\/td>\n<td>GER<\/td>\n<p> <TD>2238<\/TD> <TD>+52<\/TD> <TD>\u00bd<\/TD><TD>\u00bd<\/TD><TD>1<\/TD><TD>\u00bd<\/TD><TD>0<\/TD><TD>0<\/TD><TD>\u00bd<\/TD><TD>0<\/TD><TD><b>X<\/b><\/TD><TD>0<\/TD><TD><b>3.0 \/ 9<\/b><\/TD> <TD>&nbsp;<\/TD> <\/TR> <TR ALIGN=center> <TD>10<\/TD> <\/p>\n<td align=left><b>Mader,Manuela<\/b><\/td>\n<td>GER<\/td>\n<p> <TD>2204<\/TD> <TD>-7<\/TD> <TD>0<\/TD><TD>0<\/TD><TD>0<\/TD><TD>0<\/TD><TD>\u00bd<\/TD><TD>\u00bd<\/TD><TD>0<\/TD><TD>0<\/TD><TD>1<\/TD><TD><b>X<\/b><\/TD><TD><b>2.0 \/ 9<\/b><\/TD> <TD>&nbsp;<\/TD> <\/TR> <CAPTION ALIGN=bottom>Durchschnitt Elo: 2393 <=> Cat: 6 m = 5.40<\/CAPTION> <\/TABLE>  <\/p>\n<p>  Hier (wie auch auf der <a href = \"http:\/\/www.queens-chess.de\" target = \"_blank\">Homepage<\/a>) finden Sie viele Berichte und Bilder zum Turnier:   <br \/>  <a href = \"http:\/\/www.schachklub-bad-homburg.de?p=3849\">Er\u00f6ffnung, 05.07.07<\/a>  <br \/>  <a href = \"http:\/\/www.schachklub-bad-homburg.de?p=4626\">1. Runde, 06.07.07<\/a>  <br \/>  <a href = \"http:\/\/www.schachklub-bad-homburg.de?p=4629\">2. Runde, 07.07.07<\/a>  <br \/>  <a href = \"http:\/\/www.schachklub-bad-homburg.de?p=4630\">3. Runde, 08.07.07<\/a>  <br \/>  <a href = \"http:\/\/www.schachklub-bad-homburg.de?p=4631\">4. Runde, 09.07.07<\/a>  <br \/>  <a href = \"http:\/\/www.schachklub-bad-homburg.de?p=4632\">5. Runde, 10.07.07<\/a>  <br \/>  <a href = \"http:\/\/www.schachklub-bad-homburg.de?p=4633\">6. Runde, 12.07.07<\/a>  <br \/>  <a href = \"http:\/\/www.schachklub-bad-homburg.de?p=4634\">7. Runde, 13.07.07<\/a>  <br \/>  <a href = \"http:\/\/www.schachklub-bad-homburg.de?p=4635\">8. Runde, 14.07.07<\/a>  <br \/>  <a href = \"http:\/\/www.schachklub-bad-homburg.de?p=4636\">9. Runde, 15.07.07<\/a>  <br \/>  <a href = \"wp-content\/uploads\/2009\/01\/241_qc.pgn\">Alle Partien als PGN<\/a>    <\/p>\n<p>    <em>Sponsor und M\u00e4zen Jochim Petry mit seinen Damen<\/em>  <br \/>  <img src = \"wp-content\/uploads\/2009\/01\/316_petry.jpg\">  <\/p>\n<p>      <em>Zhao Xue: Spielte eine Elo-Performance von 2661 und holte eine GM-Norm der M\u00e4nner<\/em>  <br \/>  <img src = \"wp-content\/uploads\/2009\/01\/314_xue.jpg\">  <\/p>\n<p>    <em>Elisabeth P\u00e4htz, wieder mal st\u00e4rkste Deutsche<\/em>  <br \/>  <img src = \"wp-content\/uploads\/2009\/01\/282_paehtz.jpg\">  <\/p>\n<p>    <em>Uwe B\u00f6nch kommentierte wie gewohnt...<\/em>  <br \/>  <img src = \"wp-content\/uploads\/2009\/01\/265_boensch kommentiert.jpg\">  <\/p>\n<p>    <em>... vor interessierten Zuschauern<\/em>  <br \/>  <img src = \"wp-content\/uploads\/2009\/01\/315_zuschauer.jpg\">  <\/p>\n<p>    <em>Die Siegerehrung<\/em>  <br \/>  <img src = \"wp-content\/uploads\/2009\/01\/289_siegerehrung.jpg\">  <\/p>\n<p>    <em>Schachprominenz versammelt sich um die B\u00fcrgermeisterin Dr. Ursula Jungherr<\/em>  <br \/>  <img src = \"wp-content\/uploads\/2009\/01\/287_prominenz.jpg\">  <\/p>\n<p>    <em>Alle Teilnehmer samt Organisatoren<\/em>  <br \/>  <img src = \"wp-content\/uploads\/2009\/01\/270_gruppenfoto.jpg\">  <\/p>\n<p>    <em>Schachmacher im Rhein-Main-Gebiet: J\u00fcrgen Roser, Hans-Walter Schmitt und Hans Dieter Post<\/em>  <br \/>  <img src = \"wp-content\/uploads\/2009\/01\/288_schachmacher.jpg\">  <\/p>\n<p>    <em>Uwe B\u00f6nch kommentierte wie gewohnt...<\/em>  <br \/>  <img src = \"wp-content\/uploads\/2009\/01\/266_boensch kommentiert2.jpg\">  <\/p>\n<p>    Abschlie\u00dfend pr\u00e4sentierten P\u00e4htz und Xue im Lebendschach im Kurpark Bad Homburg noch die Partie   Nisipenau-Shirov von der Fide-WM 1999. Ein ganz herzlicher Dank geht an die Volksb\u00fchne Bad Homburg, die dieses Event erst m\u00f6glich gemacht haben. Gro\u00dfmeister Hort kommentierte die Partie.<\/p>\n","protected":false},"excerpt":{"rendered":"<p>Der Schachklub Bad Homburg unterst\u00fctzte das Parkhotel Bad Homburg und den Deutschen Schachbund bei der Ausrichtung des ersten Ladies Grandmaster Tournament, genannt Queens-Chess, in Bad Homburg. Das Turnier hat eine eigene Homepage: www.queens-chess.de. Es trat der Kern der deutschen Nationalmannschaft gegen eine Internationale Auswahl an. Am Ende gewann \u00fcberlegen Zhao Xue aus China: 1 Xue,Zhao <a href=\"https:\/\/www.schachklub-bad-homburg.de\/?page_id=3871\" class=\"more-link\">...weiterlesen<span class=\"screen-reader-text\"> \"Queens-Chess 2007\"<\/span><\/a><\/p>\n","protected":false},"author":1,"featured_media":0,"parent":4534,"menu_order":1,"comment_status":"closed","ping_status":"closed","template":"","meta":{"footnotes":""},"class_list":["post-3871","page","type-page","status-publish","h-entry","hentry","h-as-page"],"_links":{"self":[{"href":"https:\/\/www.schachklub-bad-homburg.de\/index.php?rest_route=\/wp\/v2\/pages\/3871","targetHints":{"allow":["GET"]}}],"collection":[{"href":"https:\/\/www.schachklub-bad-homburg.de\/index.php?rest_route=\/wp\/v2\/pages"}],"about":[{"href":"https:\/\/www.schachklub-bad-homburg.de\/index.php?rest_route=\/wp\/v2\/types\/page"}],"author":[{"embeddable":true,"href":"https:\/\/www.schachklub-bad-homburg.de\/index.php?rest_route=\/wp\/v2\/users\/1"}],"replies":[{"embeddable":true,"href":"https:\/\/www.schachklub-bad-homburg.de\/index.php?rest_route=%2Fwp%2Fv2%2Fcomments&post=3871"}],"version-history":[{"count":0,"href":"https:\/\/www.schachklub-bad-homburg.de\/index.php?rest_route=\/wp\/v2\/pages\/3871\/revisions"}],"up":[{"embeddable":true,"href":"https:\/\/www.schachklub-bad-homburg.de\/index.php?rest_route=\/wp\/v2\/pages\/4534"}],"wp:attachment":[{"href":"https:\/\/www.schachklub-bad-homburg.de\/index.php?rest_route=%2Fwp%2Fv2%2Fmedia&parent=3871"}],"curies":[{"name":"wp","href":"https:\/\/api.w.org\/{rel}","templated":true}]}}