{"id":3845,"date":"2009-01-30T15:24:53","date_gmt":"2009-01-30T15:24:53","guid":{"rendered":"http:\/\/meisters.htm"},"modified":"2020-03-05T09:11:07","modified_gmt":"2020-03-05T08:11:07","slug":"meisterschach","status":"publish","type":"page","link":"https:\/\/www.schachklub-bad-homburg.de\/?page_id=3845","title":{"rendered":"Meisterschach"},"content":{"rendered":"<p><img decoding=\"async\" src=\"wp-content\/uploads\/2009\/01\/3768_tartyat2.jpg\" width=\"300\" align=\"right\" \/> Bad Homburg war mehrfach Austragungsort internationaler und hochkar\u00e4tig besetzter Turniere. <a href=\"https:\/\/www.365chess.com\/tournaments\/Bad_Homburg_1927\">Bereits 1927 fand hier ein Meisterturnier<\/a> statt, in welchem viele Spieler der damaligen Weltspitze teilnahmen.<\/p>\n<p>In den neunziger Jahren wurde diese Tradition mit den <a href=\"http:\/\/www.ebc.de\/gmturnier98\" target=\"_blank\" rel=\"noopener noreferrer\">Gro\u00dfmeisterturnieren von 1996, 1997 und 1998<\/a> fortgesetzt. Die Gro\u00dfmeisterturniere waren in den jeweiligen Jahren nach Dortmund die zweitst\u00e4rksten Turniere in Deutschland.<\/p>\n<p>Das wohl bekannteste Partiefragment aus diesem Turnier ist aus der Partie Yates gegen Tartakower nach <em>56. Kb1<\/em> \u00fcberliefert:<\/p>\n<p>Schwarz sah sich schon auf der Gewinnerstra\u00dfe. Es folgten: <em>56. ... Dxb4\u00a0 57. axb4 axb3\u00a0 58. Kb2 Kc4\u00a0 59. Ka3 b2<\/em>. Anstelle des nun erwarteten <em>60. Kxb2<\/em> zog Weiss allerdings <em>60. Ka2!!<\/em> und nach <em>60. ... b1L+\u00a0 61. Kxb1 Kxb4\u00a0 62. Kb2<\/em> endete die Partie remis.<\/p>\n<p>Hier finden Sie die Seiten des <a href=\"http:\/\/www.queens-chess.de\" target=\"_blank\" rel=\"noopener noreferrer\">Queens Chess Turniers 2007<\/a>.<\/p>\n<p>Hier finden Sie die Seiten des <a href=\"http:\/\/www.ebc.de\/gmturnier98\" target=\"_blank\" rel=\"noopener noreferrer\">Gro\u00dfmeisterturniers 1998<\/a>.<\/p>\n<p>Hier finden Sie die Seiten der <a href=\"NoneWP\/sen-ec\/index.htm\" target=\"_top\" rel=\"noopener noreferrer\">Europ\u00e4ischen Seniorenmeisterschaft 2005<\/a>.<\/p>\n<p>Au\u00dferdem f\u00fchrt der Schachklub Bad Homburg regelm\u00e4\u00dfig das <a href=\"http:\/\/rhein-main-open.de\" target=\"_blank\" rel=\"noopener noreferrer\"> Rhein-Main-Open<\/a> durch, das immer mehr Internationale Meister und Gro\u00dfmeister des k\u00f6niglichen Spiels anlockt.<\/p>\n","protected":false},"excerpt":{"rendered":"<p>Bad Homburg war mehrfach Austragungsort internationaler und hochkar\u00e4tig besetzter Turniere. Bereits 1927 fand hier ein Meisterturnier statt, in welchem viele Spieler der damaligen Weltspitze teilnahmen. In den neunziger Jahren wurde diese Tradition mit den Gro\u00dfmeisterturnieren von 1996, 1997 und 1998 fortgesetzt. Die Gro\u00dfmeisterturniere waren in den jeweiligen Jahren nach Dortmund die zweitst\u00e4rksten Turniere in Deutschland. <a href=\"https:\/\/www.schachklub-bad-homburg.de\/?page_id=3845\" class=\"more-link\">...weiterlesen<span class=\"screen-reader-text\"> \"Meisterschach\"<\/span><\/a><\/p>\n","protected":false},"author":1,"featured_media":0,"parent":0,"menu_order":42,"comment_status":"closed","ping_status":"closed","template":"","meta":{"footnotes":""},"class_list":["post-3845","page","type-page","status-publish","h-entry","hentry","h-as-page"],"_links":{"self":[{"href":"https:\/\/www.schachklub-bad-homburg.de\/index.php?rest_route=\/wp\/v2\/pages\/3845","targetHints":{"allow":["GET"]}}],"collection":[{"href":"https:\/\/www.schachklub-bad-homburg.de\/index.php?rest_route=\/wp\/v2\/pages"}],"about":[{"href":"https:\/\/www.schachklub-bad-homburg.de\/index.php?rest_route=\/wp\/v2\/types\/page"}],"author":[{"embeddable":true,"href":"https:\/\/www.schachklub-bad-homburg.de\/index.php?rest_route=\/wp\/v2\/users\/1"}],"replies":[{"embeddable":true,"href":"https:\/\/www.schachklub-bad-homburg.de\/index.php?rest_route=%2Fwp%2Fv2%2Fcomments&post=3845"}],"version-history":[{"count":2,"href":"https:\/\/www.schachklub-bad-homburg.de\/index.php?rest_route=\/wp\/v2\/pages\/3845\/revisions"}],"predecessor-version":[{"id":16630,"href":"https:\/\/www.schachklub-bad-homburg.de\/index.php?rest_route=\/wp\/v2\/pages\/3845\/revisions\/16630"}],"wp:attachment":[{"href":"https:\/\/www.schachklub-bad-homburg.de\/index.php?rest_route=%2Fwp%2Fv2%2Fmedia&parent=3845"}],"curies":[{"name":"wp","href":"https:\/\/api.w.org\/{rel}","templated":true}]}}