{"id":3839,"date":"2017-02-11T08:23:08","date_gmt":"2017-02-11T08:23:08","guid":{"rendered":"http:\/\/vpm_ausschreibung.htm"},"modified":"2017-03-03T14:40:18","modified_gmt":"2017-03-03T14:40:18","slug":"vpm_ausschreibung-htm","status":"publish","type":"page","link":"https:\/\/www.schachklub-bad-homburg.de\/?page_id=3839","title":{"rendered":"Pokalmeisterschaft 2017, Ausschreibung"},"content":{"rendered":"<p><a href=\"http:\/\/www.schachklub-bad-homburg.de?p=3839\">Ausschreibung<\/a> \u00a0 <a href=\"http:\/\/www.schachklub-bad-homburg.de?p=6457\">Teilnehmer (alphabetisch)<\/a> \u00a0 <a href=\"http:\/\/www.schachklub-bad-homburg.de?p=6458\">Teilnehmer (DWZ)<\/a> \u00a0 <a href=\"http:\/\/www.schachklub-bad-homburg.de?p=6459\">Paarungen\/Ergebnisse<\/a>\u00a0 <a href=\"http:\/\/www.schachklub-bad-homburg.de?p=6460\">KO-Baum<\/a> \u00a0 <a href=\"http:\/\/www.schachklub-bad-homburg.de?p=30642\">Historie<\/a><\/p>\n<table border=\"1\" width=\"550\" bgcolor=\"#ffffff\">\n<tbody>\n<tr>\n<td align=\"top\" width=\"120\"><b> Kurzinfo<\/b><\/td>\n<td align=\"top\">Turnier nach <b>KO-System<\/b> mit Preisen und einer Bedenkzeit von 1,5 Stunden plus 30 Sekunden je Zug f\u00fcr die ganze Partie.<\/td>\n<\/tr>\n<tr>\n<td align=\"top\" width=\"120\"><b> Teilnehmer<\/b><\/td>\n<td align=\"top\"><b>Ausschlie\u00dflich Vereinsmitglieder des SK Bad Homburg<\/b> sind teilnahmeberechtigt.<\/td>\n<\/tr>\n<tr>\n<td align=\"top\" width=\"120\"><b> Turniermodus<\/b><\/td>\n<td align=\"top\">F\u00fcr die Durchf\u00fchrung des Turniers sind 5 Termine im Kalender reserviert. Bei mehr als 32 Teilnehmern wird die Vorrunde zusammen mit den schon m\u00f6glichen Partien der 1. Runde gespielt. Die Paarungen werden mindestens <b>eine Woche vor jeder Runde<\/b> ausgelost.<br \/>\nBei Remis folgt <b>zwingend (!) unmittelbar<\/b> ein Stichkampf mit einer 15-Minuten-Partie, danach ggf. 5-Minuten-Partien mit stets wechselnden Farben. Die erste Siegpartie bringt die Entscheidung.<br \/>\n<b>Hinweis:<\/b> wenn das Ergebnis nicht <b>sp\u00e4testens 4 Wochen<\/b> nach dem ersten m\u00f6glichen Freitagstermin vorliegt, wird der Turnierleiter in der Regel eine <b>Entscheidung \u00fcber die Partiewertung<\/b> treffen.<\/td>\n<\/tr>\n<tr>\n<td align=\"top\" width=\"120\"><b> Bedenkzeit <\/b><\/td>\n<td align=\"top\">1,5 Stunden plus 30 Sekunden je Zug f\u00fcr die ganze Partie (Spielweise 12 auf unseren Digitaluhren).<\/td>\n<\/tr>\n<tr>\n<td align=\"top\" width=\"120\"><b> Spielort<\/b><\/td>\n<td align=\"top\">In der Regel wird im Vereinshaus Gonzenheim in Bad Homburg gespielt (<a href=\"http:\/\/www.schachklub-bad-homburg.de?p=3776\">Anfahrtskizze<\/a>).<\/td>\n<\/tr>\n<tr>\n<td align=\"top\" width=\"120\"><b> Meldeschluss <\/b><\/td>\n<td align=\"top\">Meldeschluss ist am <b>10.03.2017<\/b> um <b>20:00 Uhr<\/b>. Die Auslosung erfolgt direkt danach.<\/td>\n<\/tr>\n<tr>\n<td align=\"top\" width=\"120\"><b> Spieltage <\/b><\/td>\n<td align=\"top\">Es ist in der Regel um 20.00 Uhr mit den Partien zu beginnen.<br \/>\n<b>1. Runde und ggf. Vorrunde: 10.03.2017 <\/b><br \/>\n<b>2. Runde (1\/8-Finale): 05.05.2017<\/b><br \/>\n<b>3. Runde (1\/4-Finale): 23.06.2017<\/b><br \/>\n<b>4. Runde (1\/2-Finale): 01.09.2017<\/b><br \/>\n<b>5. Runde (Finale): 10.11.2017<\/b><\/td>\n<\/tr>\n<tr>\n<td align=\"top\" width=\"120\"><b> Preise <\/b><\/td>\n<td align=\"top\">Der Sieger erh\u00e4lt einen <b>Pokal<\/b>. Sieger und Zweiter erhalten eine Urkunde sowie ein Preisgeld in H\u00f6he von <b>80 bzw. 40 Euro<\/b>.<\/td>\n<\/tr>\n<tr>\n<td align=\"top\" width=\"120\"><b> Start-, Reuegeld <\/b><\/td>\n<td align=\"top\">Es wird kein Startgeld und kein Reuegeld erhoben.<\/td>\n<\/tr>\n<tr>\n<td align=\"top\" width=\"120\"><b> DWZ-Wertung <\/b><\/td>\n<td align=\"top\">F\u00fcr das Turnier erfolgt <b>keine<\/b> DWZ-Wertung<\/td>\n<\/tr>\n<tr>\n<td align=\"top\" width=\"120\"><b> Info-Dienst <\/b><\/td>\n<td align=\"top\">\u00dcber dieses Turnier wird aktuell im Internet und per Aushang berichtet. Alle das Turnier betreffende Informationen werden ausschlie\u00dflich so ver\u00f6ffentlicht.<\/td>\n<\/tr>\n<tr>\n<td align=\"top\" width=\"120\"><b> Veranstalter <\/b><\/td>\n<td align=\"top\">Der <a href=\"http:\/\/www.schachklub-bad-homburg.de\">Schachklub Bad Homburg<\/a> ist der Veranstalter dieses Turniers.<\/td>\n<\/tr>\n<tr>\n<td align=\"top\" width=\"120\"><b> Fragen? <\/b><\/td>\n<td align=\"top\">Eine E-Mail an den <a href=\"mailto:turnierleiter@schachklub-bad-homburg.de\">Organisator<\/a> wird kurzfristig beantwortet.<\/td>\n<\/tr>\n<\/tbody>\n<\/table>\n","protected":false},"excerpt":{"rendered":"<p>Ausschreibung \u00a0 Teilnehmer (alphabetisch) \u00a0 Teilnehmer (DWZ) \u00a0 Paarungen\/Ergebnisse\u00a0 KO-Baum \u00a0 Historie Kurzinfo Turnier nach KO-System mit Preisen und einer Bedenkzeit von 1,5 Stunden plus 30 Sekunden je Zug f\u00fcr die ganze Partie. Teilnehmer Ausschlie\u00dflich Vereinsmitglieder des SK Bad Homburg sind teilnahmeberechtigt. Turniermodus F\u00fcr die Durchf\u00fchrung des Turniers sind 5 Termine im Kalender reserviert. Bei <a href=\"https:\/\/www.schachklub-bad-homburg.de\/?page_id=3839\" class=\"more-link\">...weiterlesen<span class=\"screen-reader-text\"> \"Pokalmeisterschaft 2017, Ausschreibung\"<\/span><\/a><\/p>\n","protected":false},"author":1,"featured_media":0,"parent":6460,"menu_order":10,"comment_status":"closed","ping_status":"closed","template":"","meta":{"footnotes":""},"class_list":["post-3839","page","type-page","status-publish","h-entry","hentry","h-as-page"],"_links":{"self":[{"href":"https:\/\/www.schachklub-bad-homburg.de\/index.php?rest_route=\/wp\/v2\/pages\/3839","targetHints":{"allow":["GET"]}}],"collection":[{"href":"https:\/\/www.schachklub-bad-homburg.de\/index.php?rest_route=\/wp\/v2\/pages"}],"about":[{"href":"https:\/\/www.schachklub-bad-homburg.de\/index.php?rest_route=\/wp\/v2\/types\/page"}],"author":[{"embeddable":true,"href":"https:\/\/www.schachklub-bad-homburg.de\/index.php?rest_route=\/wp\/v2\/users\/1"}],"replies":[{"embeddable":true,"href":"https:\/\/www.schachklub-bad-homburg.de\/index.php?rest_route=%2Fwp%2Fv2%2Fcomments&post=3839"}],"version-history":[{"count":1,"href":"https:\/\/www.schachklub-bad-homburg.de\/index.php?rest_route=\/wp\/v2\/pages\/3839\/revisions"}],"predecessor-version":[{"id":8224,"href":"https:\/\/www.schachklub-bad-homburg.de\/index.php?rest_route=\/wp\/v2\/pages\/3839\/revisions\/8224"}],"up":[{"embeddable":true,"href":"https:\/\/www.schachklub-bad-homburg.de\/index.php?rest_route=\/wp\/v2\/pages\/6460"}],"wp:attachment":[{"href":"https:\/\/www.schachklub-bad-homburg.de\/index.php?rest_route=%2Fwp%2Fv2%2Fmedia&parent=3839"}],"curies":[{"name":"wp","href":"https:\/\/api.w.org\/{rel}","templated":true}]}}