{"id":35357,"date":"2026-04-05T22:08:10","date_gmt":"2026-04-05T20:08:10","guid":{"rendered":"https:\/\/www.schachklub-bad-homburg.de\/?page_id=35357"},"modified":"2026-04-05T22:20:22","modified_gmt":"2026-04-05T20:20:22","slug":"senioren-meisterschaft-2026-ausschreibung","status":"publish","type":"page","link":"https:\/\/www.schachklub-bad-homburg.de\/?page_id=35357","title":{"rendered":"Senioren-Meisterschaft 2026, Ausschreibung"},"content":{"rendered":"\n<p><a href=\"https:\/\/www.schachklub-bad-homburg.de\/?page_id=35357\">Ausschreibung<\/a> <a href=\"https:\/\/www.schachklub-bad-homburg.de\/?page_id=35360\" data-type=\"page\" data-id=\"35360\">Teilnehmer (alphabetisch)<\/a> <a href=\"https:\/\/www.schachklub-bad-homburg.de\/?page_id=35364\" data-type=\"page\" data-id=\"35364\">Teilnehmer (DWZ)<\/a> <a href=\"https:\/\/www.schachklub-bad-homburg.de\/?page_id=35368\" data-type=\"page\" data-id=\"35368\">Paarungen\/Ergebnisse<\/a> <a href=\"https:\/\/www.schachklub-bad-homburg.de\/?page_id=35371\" data-type=\"page\" data-id=\"35371\">Tabelle<\/a> <a href=\"https:\/\/www.schachklub-bad-homburg.de\/?page_id=30642\">Historie<\/a><\/p>\n\n\n\n<body leftmargin=\"30\">\n\n<h3>Ausschreibung<\/h3>\n<table>\n  <tbody>\n    <tr>\n      <th style=\"vertical-align:top;\">Kurzinfo<\/th>\n      <td><b>Offenes Vereinsturnier<\/b> mit einer Bedenkzeit von 1,5 Stunden (plus 30 Sekunden je Zug) f\u00fcr die ganze Partie.<\/td>\n    <\/tr>\n    <tr>\n      <th style=\"vertical-align:top;\">Bedenkzeit<\/th>\n      <td>Die Bedenkzeit betr\u00e4gt <b>90 Minuten zuz\u00fcglich 30 Sekunden (Fischer) je Zug<\/b> (Spielweise 12 bzw. 17 auf unseren Digitaluhren).<\/td>\n    <\/tr>\n    <tr>\n      <th style=\"vertical-align:top;\">Turniermodus<\/th>\n      <td>Bei <b>bis zu 6<\/b> Teilnehmer Rundenturnier (Zweitwertung Sonneborn-Berger), <b>bis zu 9<\/b> Teilnehmen 4 Runden, sonst 5 Runden Schweizer System \n(jeweils Zweitwertung Buchholz, Drittwertung Sonneborn-Berger). \nF\u00fcr die Durchf\u00fchrung des Turniers werden 5 Runden im Kalender vorgesehen.<\/td>\n    <\/tr>\n    <tr>\n      <th style=\"vertical-align:top;\">Spielort, Meldeschluss<\/th>\n      <td>In der Regel wird im Vereinshaus Gonzenheim gespielt (<a href=\"https:\/\/schachklub-bad-homburg.de\/?page_id=3776\">Anfahrtskizze<\/a>).\nDie Anmeldung ist im Schachklub in der ausgeh\u00e4ngten Liste oder per E-Mail (<b><a href=\"mailto:turnierleiter@schachklub-bad-homburg.de\">turnierleiter@schachklub-bad-homburg.de<\/a><\/b>) m\u00f6glich.  \nMeldeschluss ist am <b>24. April 2026 im Schachklub bzw. am 01.Mai (Feiertag) per E-Mail.<\/b><\/td>\n    <\/tr>\n    <tr>\n      <th style=\"vertical-align:top;\">Spieltage<\/th>\n      <td>Es ist in der Regel um 20.00 Uhr mit den Runden zu beginnen.<br>\n1. Runde: <b>08.05.2026<\/b><br>\n2. Runde: <b>19.06.2026<\/b><br>\n3. Runde: <b>10.07.2026<\/b><br>\n4. Runde: <b>07.08.2026<\/b><br>\n5. Runde: <b>04.09.2026<\/b><br>\n      <b><font color=\"red\" <b=\"\">Regelung bez\u00fcglich der Verbindlichkeit der Termine:<\/font><\/b><br>\nDie genannten Termine gelten zun\u00e4chst <b>als vereinbart!<\/b> Verlegungen sind jedoch m\u00f6glich. \nBis sp\u00e4testens 12:00 am <b>Samstag vor dem n\u00e4chsten Termin<\/b> muss dem Turnierleiter ein Ergebnis der Partie oder ein mit ihm abgestimmtes Vorgehen vorliegen - anderenfalls wird die Partie <b>mit 0:0 gewertet<\/b>. \nNur vor dem ersten Termin erhalten <b>alle Spieler die Information \u00fcber die Kontaktdaten aller m\u00f6glichen Gegner<\/b> (E-Mail-Adresse und\/oder Telefonnummer) sowie die Paarungen der ersten Runde. \nDanach obliegt <b>ihnen selbst<\/b>, die Information \u00fcber ihren n\u00e4chsten Gegner aus dem <b>Internet<\/b> oder durch den <b>Aushang im Klub<\/b> zu erfahren. \n      <\/td>\n\n    <\/tr>\n    <tr>\n      <th style=\"vertical-align:top;\">Teilnehmer<\/th>\n      <td>Das Turnier ist <b>offen<\/b> f\u00fcr alle Schachspieler vom <b>Jahrgang 1961<\/b> und fr\u00fcher.<\/td>\n    <\/tr>\n    <tr>\n      <th style=\"vertical-align:top;\">Preise<\/th>\n      <td>Der Sieger erh\u00e4lt einen <b>Pokal<\/b>. Der Zweit- und Drittplatzierte erhalten je eine gravierte Medaille.<\/td>\n    <\/tr>\n    <tr>\n      <th style=\"vertical-align:top;\">DWZ-Wertung<\/th>\n      <td>F\u00fcr das Turnier erfolgt <b>keine<\/b> DWZ-Wertung.<\/td>\n    <\/tr>\n    <tr>\n      <th style=\"vertical-align:top;\">Startgelder<\/th>\n      <td>Es wird kein Startgeld erhoben.<\/td>\n    <\/tr>\n    <tr>\n      <th style=\"vertical-align:top;\">Info-Dienst<\/th>\n      <td>\u00dcber dieses Turnier wird aktuell im Internet und per Aushang berichtet. Alle das Turnier betreffende Informationen werden ausschlie\u00dflich so ver\u00f6ffentlicht.<\/td>\n    <\/tr>\n    <tr>\n      <th style=\"vertical-align:top;\">Veranstalter<\/th>\n      <td>Der <a href=\"https:\/\/www.schachklub-bad-homburg.de\/\">Schachklub Bad Homburg<\/a> ist der Veranstalter dieses Turniers.<\/td>\n    <\/tr>\n    <tr>\n      <th style=\"vertical-align:top;\">Fragen?<\/th>\n      <td>Eine E-Mail an den <a href=\"mailto:seniorenwart@schachklub-bad-homburg.de\">Organisator<\/a>  wird kurzfristig beantwortet.<\/td>\n    <\/tr>\n  <\/tbody>\n<\/table>\n","protected":false},"excerpt":{"rendered":"<p>Ausschreibung Teilnehmer (alphabetisch) Teilnehmer (DWZ) Paarungen\/Ergebnisse Tabelle Historie Ausschreibung Kurzinfo Offenes Vereinsturnier mit einer Bedenkzeit von 1,5 Stunden (plus 30 Sekunden je Zug) f\u00fcr die ganze Partie. Bedenkzeit Die Bedenkzeit betr\u00e4gt 90 Minuten zuz\u00fcglich 30 Sekunden (Fischer) je Zug (Spielweise 12 bzw. 17 auf unseren Digitaluhren). Turniermodus Bei bis zu 6 Teilnehmer Rundenturnier (Zweitwertung Sonneborn-Berger), <a href=\"https:\/\/www.schachklub-bad-homburg.de\/?page_id=35357\" class=\"more-link\">...weiterlesen<span class=\"screen-reader-text\"> \"Senioren-Meisterschaft 2026, Ausschreibung\"<\/span><\/a><\/p>\n","protected":false},"author":10,"featured_media":0,"parent":34518,"menu_order":0,"comment_status":"closed","ping_status":"closed","template":"","meta":{"footnotes":""},"class_list":["post-35357","page","type-page","status-publish","h-entry","hentry","h-as-page"],"_links":{"self":[{"href":"https:\/\/www.schachklub-bad-homburg.de\/index.php?rest_route=\/wp\/v2\/pages\/35357","targetHints":{"allow":["GET"]}}],"collection":[{"href":"https:\/\/www.schachklub-bad-homburg.de\/index.php?rest_route=\/wp\/v2\/pages"}],"about":[{"href":"https:\/\/www.schachklub-bad-homburg.de\/index.php?rest_route=\/wp\/v2\/types\/page"}],"author":[{"embeddable":true,"href":"https:\/\/www.schachklub-bad-homburg.de\/index.php?rest_route=\/wp\/v2\/users\/10"}],"replies":[{"embeddable":true,"href":"https:\/\/www.schachklub-bad-homburg.de\/index.php?rest_route=%2Fwp%2Fv2%2Fcomments&post=35357"}],"version-history":[{"count":3,"href":"https:\/\/www.schachklub-bad-homburg.de\/index.php?rest_route=\/wp\/v2\/pages\/35357\/revisions"}],"predecessor-version":[{"id":35374,"href":"https:\/\/www.schachklub-bad-homburg.de\/index.php?rest_route=\/wp\/v2\/pages\/35357\/revisions\/35374"}],"up":[{"embeddable":true,"href":"https:\/\/www.schachklub-bad-homburg.de\/index.php?rest_route=\/wp\/v2\/pages\/34518"}],"wp:attachment":[{"href":"https:\/\/www.schachklub-bad-homburg.de\/index.php?rest_route=%2Fwp%2Fv2%2Fmedia&parent=35357"}],"curies":[{"name":"wp","href":"https:\/\/api.w.org\/{rel}","templated":true}]}}