{"id":34790,"date":"2026-01-21T19:59:08","date_gmt":"2026-01-21T18:59:08","guid":{"rendered":"https:\/\/www.schachklub-bad-homburg.de\/?page_id=34790"},"modified":"2026-01-21T20:08:57","modified_gmt":"2026-01-21T19:08:57","slug":"jugend-vereinsmeisterschaft-2026-ausschreibung","status":"publish","type":"page","link":"https:\/\/www.schachklub-bad-homburg.de\/?page_id=34790","title":{"rendered":"Jugend-Vereinsmeisterschaft 2026, Ausschreibung"},"content":{"rendered":"\n<p><a href=\"https:\/\/www.schachklub-bad-homburg.de\/?page_id=34790\">Ausschreibung<\/a> <a href=\"https:\/\/www.schachklub-bad-homburg.de\/?page_id=34797\">Tabelle<\/a> <a href=\"https:\/\/www.schachklub-bad-homburg.de\/?page_id=34800\">Paarungen<\/a> <a href=\"https:\/\/www.schachklub-bad-homburg.de\/?page_id=30642\">Historie<\/a><\/p>\n\n\n\n<figure class=\"wp-block-table\"><table><tbody><tr><th><b> Kurzinf<\/b>o<\/th><td>Jugend-Meisterschaft&nbsp;des Schachklub Bad Homburg im Modus eines modifizierten Keizer-Systems.<\/td><\/tr><tr><th><b>Teilnehmer<\/b><\/th><td>Jugendliche Vereinsmitglieder&nbsp;(Jahrgang 2005 und j\u00fcnger) sind teilnahmeberechtigt. G\u00e4ste k\u00f6nnen ohne Wertung mitspielen. Ausnahmen k\u00f6nnen von der Turnierleitung zugelassen werden.<\/td><\/tr><tr><th><b>Turniermodus<\/b><\/th><td>11 Runden Keizer-System.<br>Es gelten grunds\u00e4tzlich die FIDE-Regeln nach den Grunds\u00e4tzen der HSJ zur Regelauslegung bei Turnieren der U10. Abweichend davon verliert nur bei TeilnehmerInnen der Altersklassen U8 &amp; U10 erst der dritte vom Gegner selbst reklamierte regelwidrige Zug (ohne vorherige Zeitgutschriften), bei allen anderen TeilnehmerInnen gilt die FIDE-Regel 7.5.5 bei vom Gegner selbst reklamierten regelwidrigen Z\u00fcgen.<br>Es besteht Notationspflicht (Ausnahmen kann der Turnierleiter festlegen).<br>Richtlinie III.4 der FIDE-Regeln kommt nicht zur Anwendung.<\/td><\/tr><tr><th><b>Bedenkzeit<\/b><\/th><td>25 Minuten + 10 Sek. Inkrement&nbsp;pro SpielerIn und Partie.<\/td><\/tr><tr><th><b>Spielort<\/b><\/th><td>In der Regel wird&nbsp;w\u00e4hrend des regul\u00e4ren Jugendtrainings&nbsp;am Freitag im Vereinshaus Gonzenheim in Bad Homburg gespielt.<\/td><\/tr><tr><th><b>Spieltags-registrierung<\/b><\/th><td>Pers\u00f6nliche Registrierung an jedem Spieltag bis 18:45 Uhr.<\/td><\/tr><tr><th><b>Spieltage<\/b><\/th><td>30.01.2026<br>06.02.2026<br>13.03.2026<br>17.04.2026<br>08.05.2026<br>12.06.2026<br>28.08.2026<br>18.09.2026<br>23.10.2026<br>13.11.2026<br>04.12.2026<br>\u00dcber aktuelle Verlegungen informiert der <a href=\"https:\/\/www.schachklub-bad-homburg.de\/?page_id=28780\">Veranstaltungskalender<\/a>.<\/td><\/tr><tr><th><b>Wertung<\/b><\/th><td>1. Wertung: modifizierte Keizer-Punkte<br>2. Wertung bei Punktgleichheit: erzielte Punkte <br>(1 Punkt f\u00fcr Sieg &amp; 0,5 Punkte f\u00fcr Remis)<br>In die Endwertung gehen nur SpielerInnen ein, die <br>mindestens 7 der 11 Runden gespielt haben.<\/td><\/tr><tr><th><b>Hauptpreise<\/b><\/th><td>Die 3 Erstplatzierten erhalten Pokale.<\/td><\/tr><tr><th><b>Altersklassenpreise<\/b><\/th><td>Es werden die Altersklassen U8, U10 und U12 eingerichtet, wenn mindestens 3 SpielerInnen einer Altersklasse teilnehmen.<br>Bei 3 Spielern \u2192 1 Ratingpreis<br>Bei 4-5 Spielern \u2192 2 Ratingpreise<br>Ab 6 Spielern \u2192 3 Ratingpreise<br>Pokalgewinner sind von den Ratingpreisen ausgenommen.<\/td><\/tr><tr><th><b>Info-Dienst<\/b><\/th><td>\u00dcber dieses Turnier und den Fortschritt der einzelnen Teilnehmer wird aktuell im Internet berichtet.<\/td><\/tr><tr><th><b>Veranstalter<\/b><\/th><td>Der&nbsp;<a href=\"http:\/\/www.schachklub-bad-homburg.de\/\">Schachklub Bad Homburg<\/a>&nbsp;ist der Veranstalter dieses Turniers.<\/td><\/tr><tr><th><b>Noch Fragen?<\/b><\/th><td>Dann reicht eine&nbsp;<a href=\"mailto:jugendleiter@schachklub-bad-homburg.de\">Mail-Nachricht<\/a>&nbsp;an den Jugendleiter Jan Goetz, die kurzfristig beantwortet wird!<br>Erl\u00e4uterungen zum Keizer-System finden sich im Internet, z.B. hier auf deutsch (<a href=\"http:\/\/keizer.schlapp.name\/\">http:\/\/keizer.schlapp.name\/<\/a>) oder noch etwas detaillierter hier auf englisch (<a href=\"https:\/\/www.jbfsoftware.com\/wordpress\/sevilla-keizer\/\">https:\/\/www.jbfsoftware.com\/wordpress\/sevilla-keizer\/<\/a>). <br>Die Modifizierung soll nach den Erfahrungen der letzten Jahre durch die Einbeziehung der TWZ in die Startrangliste, Paarungen mit niedrigerer Differenz der tats\u00e4chlichen Spielst\u00e4rke ergeben.<\/td><\/tr><\/tbody><\/table><\/figure>\n","protected":false},"excerpt":{"rendered":"<p>Ausschreibung Tabelle Paarungen Historie Kurzinfo Jugend-Meisterschaft&nbsp;des Schachklub Bad Homburg im Modus eines modifizierten Keizer-Systems. Teilnehmer Jugendliche Vereinsmitglieder&nbsp;(Jahrgang 2005 und j\u00fcnger) sind teilnahmeberechtigt. G\u00e4ste k\u00f6nnen ohne Wertung mitspielen. Ausnahmen k\u00f6nnen von der Turnierleitung zugelassen werden. Turniermodus 11 Runden Keizer-System.Es gelten grunds\u00e4tzlich die FIDE-Regeln nach den Grunds\u00e4tzen der HSJ zur Regelauslegung bei Turnieren der U10. Abweichend davon <a href=\"https:\/\/www.schachklub-bad-homburg.de\/?page_id=34790\" class=\"more-link\">...weiterlesen<span class=\"screen-reader-text\"> \"Jugend-Vereinsmeisterschaft 2026, Ausschreibung\"<\/span><\/a><\/p>\n","protected":false},"author":10,"featured_media":0,"parent":34518,"menu_order":0,"comment_status":"closed","ping_status":"closed","template":"","meta":{"footnotes":""},"class_list":["post-34790","page","type-page","status-publish","h-entry","hentry","h-as-page"],"_links":{"self":[{"href":"https:\/\/www.schachklub-bad-homburg.de\/index.php?rest_route=\/wp\/v2\/pages\/34790","targetHints":{"allow":["GET"]}}],"collection":[{"href":"https:\/\/www.schachklub-bad-homburg.de\/index.php?rest_route=\/wp\/v2\/pages"}],"about":[{"href":"https:\/\/www.schachklub-bad-homburg.de\/index.php?rest_route=\/wp\/v2\/types\/page"}],"author":[{"embeddable":true,"href":"https:\/\/www.schachklub-bad-homburg.de\/index.php?rest_route=\/wp\/v2\/users\/10"}],"replies":[{"embeddable":true,"href":"https:\/\/www.schachklub-bad-homburg.de\/index.php?rest_route=%2Fwp%2Fv2%2Fcomments&post=34790"}],"version-history":[{"count":4,"href":"https:\/\/www.schachklub-bad-homburg.de\/index.php?rest_route=\/wp\/v2\/pages\/34790\/revisions"}],"predecessor-version":[{"id":34803,"href":"https:\/\/www.schachklub-bad-homburg.de\/index.php?rest_route=\/wp\/v2\/pages\/34790\/revisions\/34803"}],"up":[{"embeddable":true,"href":"https:\/\/www.schachklub-bad-homburg.de\/index.php?rest_route=\/wp\/v2\/pages\/34518"}],"wp:attachment":[{"href":"https:\/\/www.schachklub-bad-homburg.de\/index.php?rest_route=%2Fwp%2Fv2%2Fmedia&parent=34790"}],"curies":[{"name":"wp","href":"https:\/\/api.w.org\/{rel}","templated":true}]}}