{"id":34523,"date":"2025-12-25T10:38:03","date_gmt":"2025-12-25T09:38:03","guid":{"rendered":"https:\/\/www.schachklub-bad-homburg.de\/?page_id=34523"},"modified":"2025-12-30T18:51:09","modified_gmt":"2025-12-30T17:51:09","slug":"jugendarbeit-2026","status":"publish","type":"page","link":"https:\/\/www.schachklub-bad-homburg.de\/?page_id=34523","title":{"rendered":"Jugendarbeit 2026"},"content":{"rendered":"\n<p><em><b>Ein Film \u00fcber die Jugendarbeit im Schachklub Bad Homburg (2018)<\/b><br>Achtung: 194 MB!<br>Musik: Die Schl\u00fcmpfe - Wir sind klein - ihr seid gro\u00df<\/em><br><video src=\"wp-content\/uploads\/2019\/02\/Jugendfilm 2018, mittel.mp4\" preload=\"none\" controls=\"controls\" width=\"1024\" height=\"576\"><\/video><\/p>\n\n\n\n<p>Der Schachklub Bad Homburg l\u00e4dt alle Kinder und Jugendliche zum Jugendtraining ein. Normalerweise findet<\/p>\n\n\n\n<p><b>Freitags, von 17:45 bis 18:30 und von 18:45 bis 19:45 Uhr im <a href=\"https:\/\/www.schachklub-bad-homburg.de\/?page_id=3776\" target=\"_blank\" rel=\"noopener\">Vereinshaus Gonzenheim<\/a><\/b><\/p>\n\n\n\n<p>das Kinder- und Jugendtraining in 2 Gruppen unter Leitung engagierter Jugendbetreuer statt (au\u00dfer Ferien, n\u00e4heres siehe auch <a href=\"http:\/\/www.schachklub-bad-homburg.de?p=28780\">Terminkalender<\/a>). F\u00fcr ausgew\u00e4hlte Sch\u00fcler gibt es auch noch ein Spezialtraining an anderen Tagen, ggf. online.<\/p>\n\n\n\n<p>Dabei ist die Zeit von 17:45 bis 18:30 Uhr f\u00fcr die j\u00fcngeren und Anf\u00e4nger des Spiels gedacht, ab 18:45 Uhr wird f\u00fcr die erfahreneren eine intensivere Erg\u00e4nzung angeboten.<br>Nat\u00fcrlich hat der Schachklub nichts dagegen, wenn die \u00e4lteren dann auch am folgenden Spielabend teilnehmen.<\/p>\n\n\n\n<p>In diesen Gruppen werden die Schachregeln erlernt, freie Schachpartien gespielt, Turnierschach-Regeln erlernt und auch Schachdiplome erworben. Sehr oft <a href=\"https:\/\/www.schachklub-bad-homburg.de\/?cat=90\">fahren die Jugendlichen zusammen mit Betreuern auch auf externe Jugendturniere<\/a>.<\/p>\n\n\n\n<p>Jugend-Vereinsmeisterschaften (<a href=\"https:\/\/www.schachklub-bad-homburg.de\/?page_id=26795\">Lange Partien 2024<\/a> und <a href=\"https:\/\/www.schachklub-bad-homburg.de\/?page_id=26808\">Blitzschach 2024<\/a>) sind meistens sehr gut besucht!<\/p>\n\n\n\n<p>Aber nat\u00fcrlich kommt bei all dem der Spa\u00df nicht zu kurz.<\/p>\n\n\n\n<p><b>Highlights aus dem erfolgreichen Programm:<\/b><\/p>\n\n\n\n<ul class=\"wp-block-list\">\n<li>2025\n<ul class=\"wp-block-list\">\n<li><a href=\"https:\/\/www.schachklub-bad-homburg.de\/?p=34582\">Deutscher Meister U12w und 7. Platz in der U14<\/a><\/li>\n\n\n\n<li><a href=\"https:\/\/www.schachklub-bad-homburg.de\/?p=34505\" data-type=\"post\" data-id=\"26580\">Erneut 4 Jugend-Teams beim Finale der Deutschen Vereinsmeisterschaft<\/a><\/li>\n\n\n\n<li><a href=\"https:\/\/www.schachklub-bad-homburg.de\/?p=32423\">Ein sehr erfreulicher Jahrgang bei der Deutschen Jugend-Einzel<\/a><\/li>\n<\/ul>\n<\/li>\n\n\n\n<li>2024\n<ul class=\"wp-block-list\">\n<li><a href=\"https:\/\/www.schachklub-bad-homburg.de\/?p=30559\" data-type=\"post\" data-id=\"26580\">Erneut 4 Jugend-Teams beim Finale der Deutschen Vereinsmeisterschaft<\/a><\/li>\n\n\n\n<li><a href=\"https:\/\/www.schachklub-bad-homburg.de\/?p=28223\">Sehr zufriedene Gesichter in Willingen<\/a><\/li>\n<\/ul>\n<\/li>\n\n\n\n<li>2023\n<ul class=\"wp-block-list\">\n<li><a href=\"https:\/\/www.schachklub-bad-homburg.de\/?p=26580\" data-type=\"post\" data-id=\"26580\">Bad Homburgs U10 Vierter von Deutschland<\/a>, U12, U12w, U16 <a href=\"https:\/\/www.schachklub-bad-homburg.de\/?p=26596\" data-type=\"post\" data-id=\"26596\">mit tollem Abschlussergebnis<\/a><\/li>\n\n\n\n<li><a href=\"https:\/\/www.schachklub-bad-homburg.de\/?p=25751\">U12w und U16w<\/a>, <a href=\"https:\/\/www.schachklub-bad-homburg.de\/?p=25762\">U16 und U12<\/a> und <a href=\"https:\/\/www.schachklub-bad-homburg.de\/?p=25800\">U10<\/a> qualifizieren sich f\u00fcr Deutsche-Vereinsmeisterschaft<\/li>\n\n\n\n<li><a href=\"https:\/\/www.schachklub-bad-homburg.de\/?p=25045\">9 Teilnehmer bei Deutscher-Jugend-Einzel<\/a><\/li>\n<\/ul>\n<\/li>\n\n\n\n<li>2022\n<ul class=\"wp-block-list\">\n<li><a href=\"https:\/\/www.deutsche-schachjugend.de\/2022\/dvm-u12\/tabelle\/#sk-bad-homburg-1927\">F\u00fcnfter in Deutschland: U12 in M\u00fcnchen<\/a><\/li>\n\n\n\n<li><a href=\"https:\/\/www.deutsche-schachjugend.de\/2022\/dvm-u10\/tabelle\/#sk-bad-homburg-1927\">Tolle Tage in Berlin: U10 bei der DVM<\/a><\/li>\n\n\n\n<li><a href=\"https:\/\/www.schachklub-bad-homburg.de\/?p=22511\">Mitteldeutscher U12-Meister in der Mannschaft<\/a><\/li>\n\n\n\n<li><a href=\"https:\/\/www.schachklub-bad-homburg.de\/?p=22409\">Siebter in Deutschland in der U14-Mannschaft<\/a><\/li>\n\n\n\n<li><a href=\"https:\/\/www.schachklub-bad-homburg.de\/?p=22369\">Deutsche Vize-Meister in der U10-Mannschaft<\/a><\/li>\n\n\n\n<li><a href=\"https:\/\/www.schachklub-bad-homburg.de\/?p=21883\">37 Punkte bei Deutscher Jugend-Einzel<\/a><\/li>\n<\/ul>\n<\/li>\n\n\n\n<li>2021\n<ul class=\"wp-block-list\">\n<li><a href=\"https:\/\/www.schachklub-bad-homburg.de\/?p=19818\" target=\"_blank\" rel=\"noopener\">Mitteldeutscher Mannschaftsmeister U14<\/a><\/li>\n\n\n\n<li><a href=\"https:\/\/www.schachklub-bad-homburg.de\/?p=18100\" target=\"_blank\" rel=\"noopener\">Mannschaftshessenmeister U10<\/a> <\/li>\n<\/ul>\n<\/li>\n\n\n\n<li>2020\n<ul class=\"wp-block-list\">\n<li><a href=\"https:\/\/www.schachklub-bad-homburg.de\/?p=18281\">3 Teilnehmer bei Deutscher-Jugend-Einzel<\/a> <\/li>\n\n\n\n<li><a href=\"https:\/\/www.schachklub-bad-homburg.de\/?p=18100\" target=\"_blank\" rel=\"noopener\">Mannschaftshessenmeister U10<\/a> <\/li>\n<\/ul>\n<\/li>\n\n\n\n<li>2019\n<ul class=\"wp-block-list\">\n<li><a href=\"https:\/\/www.schachklub-bad-homburg.de\/?p=15858\">Tolles Abschneiden bei der Deutschen Vereinsmeisterschaft U12<\/a><\/li>\n\n\n\n<li><a href=\"https:\/\/www.schachklub-bad-homburg.de\/?p=14807\">Sensationssieg bei U12 der Mitteldeutschen Meisterschaft<\/a><\/li>\n\n\n\n<li><a href=\"https:\/\/www.schachklub-bad-homburg.de\/?p=14751\" target=\"_blank\" rel=\"noopener\">Gastgeber im deutsch-japanischen Jugendsportaustausch<\/a><\/li>\n<\/ul>\n<\/li>\n\n\n\n<li>2018\n<ul class=\"wp-block-list\">\n<li><a href=\"https:\/\/www.schachklub-bad-homburg.de\/?p=13189\">Erneute Teilnahme an Deutscher Vereinsmeisterschaft U14w<\/a><\/li>\n\n\n\n<li><a href=\"https:\/\/www.schachklub-bad-homburg.de\/?p=13068\">Rekordbeteiligung bei Hessischer U8-Meisterschaft<\/a><\/li>\n\n\n\n<li><a href=\"https:\/\/www.schachklub-bad-homburg.de\/?p=11068\">19 Teilnehmer bei Bezirks-Jugend-Meisterschaft<\/a><\/li>\n<\/ul>\n<\/li>\n\n\n\n<li>2017\n<ul class=\"wp-block-list\">\n<li><a href=\"https:\/\/www.schachklub-bad-homburg.de\/?p=10686\">Pr\u00e4chtiger Mittelplatz bei Deutscher Vereinsmeisterschaft U14w<\/a><\/li>\n\n\n\n<li><a href=\"https:\/\/www.schachklub-bad-homburg.de\/?p=9751\">Mitteldeutscher Vereinsmeister U14w<\/a><\/li>\n<\/ul>\n<\/li>\n\n\n\n<li>2016\n<ul class=\"wp-block-list\">\n<li><a href=\"https:\/\/www.schachklub-bad-homburg.de?p=3988\">Wieder U14 Hessenmeisterinnen<\/a><\/li>\n<\/ul>\n<\/li>\n\n\n\n<li>2015\n<ul class=\"wp-block-list\">\n<li><a href=\"https:\/\/www.schachklub-bad-homburg.de?p=3925\">U14-Hessenmeisterinnen<\/a><\/li>\n<\/ul>\n<\/li>\n\n\n\n<li>2007 bis 2011\n<ul class=\"wp-block-list\">\n<li><a href=\"https:\/\/www.schachklub-bad-homburg.de?p=4000\">Katerina Hessische U12-Meisterin<\/a> 2011<\/li>\n\n\n\n<li><a href=\"https:\/\/www.schachklub-bad-homburg.de?p=5214\">Erlensee-Pokal<\/a> 2010<\/li>\n\n\n\n<li><a href=\"https:\/\/www.schachklub-bad-homburg.de?p=5169\">Zentrales Lager<\/a> 2010<\/li>\n\n\n\n<li><a href=\"https:\/\/www.schachklub-bad-homburg.de?p=5075\">Jugendturnier<\/a> 2009<\/li>\n\n\n\n<li><a href=\"https:\/\/www.schachklub-bad-homburg.de?p=5073\">U10-Meisterin im Bezirk<\/a> und gleich darauf <a href=\"http:\/\/www.schachklub-bad-homburg.de?p=5081\">im Verein<\/a> 2009<\/li>\n\n\n\n<li><a href=\"https:\/\/www.schachklub-bad-homburg.de?p=4994\">Meister im Erlensee-Open<\/a> 2009<\/li>\n\n\n\n<li><a href=\"https:\/\/www.schachklub-bad-homburg.de?p=4957\">Teilnahme an Hessischer Jugendmeisterschaft<\/a> 2009<\/li>\n\n\n\n<li><a href=\"wp-content\/uploads\/2009\/01\/492_Flyer Jugendturnier.pdf\">Jugendturnier<\/a> 2008<\/li>\n\n\n\n<li><a href=\"wp-content\/uploads\/2009\/01\/242_Springerdiplom.pdf\">Springerdiplom<\/a> 2007<\/li>\n\n\n\n<li><a href=\"wp-content\/uploads\/2009\/01\/235_Flyer_Jugendschach.pdf\">Bauerndiplom<\/a> mit <a href=\"http:\/\/www.schachklub-bad-homburg.de?p=4624\">Pr\u00fcfung<\/a> und <a href=\"http:\/\/www.schachklub-bad-homburg.de?p=4628\">Abschlussbericht<\/a> 2007<\/li>\n<\/ul>\n<\/li>\n<\/ul>\n\n\n\n<p>Alle interessierten M\u00e4dchen und Jungen sind jederzeit herzlich willkommen. Informationen unter <a href=\"mailto:jugendleiter@schachklub-bad-homburg.de\">jugendleiter@schachklub-bad-homburg.de<\/a>.<\/p>\n\n\n\n<p><img decoding=\"async\" class=\"alignnone\" src=\"wp-content\/uploads\/2023\/01\/U10-im-Reichstag.jpg\"><br><em>Jugendleiter Jan Goetz mit einigen seiner Kids auf Tour (Hier im Reichstag Berlin anl\u00e4sslich der <a href=\"https:\/\/www.deutsche-schachjugend.de\/2022\/dvm-u10\/sk-bad-homburg-1927\/\">Deutschen U10-Vereinsmeisterschaft<\/a>).<\/em><\/p>\n","protected":false},"excerpt":{"rendered":"<p>Ein Film \u00fcber die Jugendarbeit im Schachklub Bad Homburg (2018)Achtung: 194 MB!Musik: Die Schl\u00fcmpfe - Wir sind klein - ihr seid gro\u00df Der Schachklub Bad Homburg l\u00e4dt alle Kinder und Jugendliche zum Jugendtraining ein. Normalerweise findet Freitags, von 17:45 bis 18:30 und von 18:45 bis 19:45 Uhr im Vereinshaus Gonzenheim das Kinder- und Jugendtraining in <a href=\"https:\/\/www.schachklub-bad-homburg.de\/?page_id=34523\" class=\"more-link\">...weiterlesen<span class=\"screen-reader-text\"> \"Jugendarbeit 2026\"<\/span><\/a><\/p>\n","protected":false},"author":2,"featured_media":0,"parent":34518,"menu_order":0,"comment_status":"closed","ping_status":"closed","template":"","meta":{"footnotes":""},"class_list":["post-34523","page","type-page","status-publish","h-entry","hentry","h-as-page"],"_links":{"self":[{"href":"https:\/\/www.schachklub-bad-homburg.de\/index.php?rest_route=\/wp\/v2\/pages\/34523","targetHints":{"allow":["GET"]}}],"collection":[{"href":"https:\/\/www.schachklub-bad-homburg.de\/index.php?rest_route=\/wp\/v2\/pages"}],"about":[{"href":"https:\/\/www.schachklub-bad-homburg.de\/index.php?rest_route=\/wp\/v2\/types\/page"}],"author":[{"embeddable":true,"href":"https:\/\/www.schachklub-bad-homburg.de\/index.php?rest_route=\/wp\/v2\/users\/2"}],"replies":[{"embeddable":true,"href":"https:\/\/www.schachklub-bad-homburg.de\/index.php?rest_route=%2Fwp%2Fv2%2Fcomments&post=34523"}],"version-history":[{"count":3,"href":"https:\/\/www.schachklub-bad-homburg.de\/index.php?rest_route=\/wp\/v2\/pages\/34523\/revisions"}],"predecessor-version":[{"id":34601,"href":"https:\/\/www.schachklub-bad-homburg.de\/index.php?rest_route=\/wp\/v2\/pages\/34523\/revisions\/34601"}],"up":[{"embeddable":true,"href":"https:\/\/www.schachklub-bad-homburg.de\/index.php?rest_route=\/wp\/v2\/pages\/34518"}],"wp:attachment":[{"href":"https:\/\/www.schachklub-bad-homburg.de\/index.php?rest_route=%2Fwp%2Fv2%2Fmedia&parent=34523"}],"curies":[{"name":"wp","href":"https:\/\/api.w.org\/{rel}","templated":true}]}}