{"id":34516,"date":"2025-12-25T10:36:53","date_gmt":"2025-12-25T09:36:53","guid":{"rendered":"https:\/\/www.schachklub-bad-homburg.de\/?page_id=34516"},"modified":"2026-03-26T19:16:46","modified_gmt":"2026-03-26T18:16:46","slug":"vorstandsmitglieder-2026","status":"publish","type":"page","link":"https:\/\/www.schachklub-bad-homburg.de\/?page_id=34516","title":{"rendered":"Vorstandsmitglieder 2026"},"content":{"rendered":"<table>\n<tbody>\n<tr>\n<th valign=\"top\" width=\"180\"><b>1. Vorsitzender<\/b><\/th>\n<td valign=\"top\" bgcolor=\"#ffffff\" width=\"300\"><b>Walter Schmidt<\/b><br \/>\nRobert-Kempner-Ring 7<br \/>\n61440 Oberursel<br \/>\n<a href=\"mailto:vorsitzender@schachklub-bad-homburg.de\">vorsitzender@schachklub-bad-homburg.de<\/a><br \/>\nTel: 06171 698697<\/td>\n<td bgcolor=\"#ffffff\"><img decoding=\"async\" src=\"wp-content\/uploads\/2017\/01\/3535_Walter Schmidt.jpg\" \/><\/td>\n<\/tr>\n<tr>\n<th valign=\"top\"><b>2. Vorsitzender<\/b><\/th>\n<td valign=\"top\" bgcolor=\"#ffffff\"><b>Helmut Heiming<\/b><br \/>\n<a href=\"mailto:vorsitzender2@schachklub-bad-homburg.de\">vorsitzender2@schachklub-bad-homburg.de<\/a><\/td>\n<td bgcolor=\"#ffffff\"><img decoding=\"async\" src=\"wp-content\/uploads\/2017\/01\/3529_Helmut Heiming.jpg\" \/><\/td>\n<\/tr>\n<tr height = \"160\">\n<th valign=\"top\"><b>Schatzmeister<br \/>\nMitgliederverwaltung<\/b><\/th>\n<td valign=\"top\" bgcolor=\"#ffffff\"><b>Volker Novak<\/b><br \/>\n<a href=\"mailto:kassenwart@schachklub-bad-homburg.de\">kassenwart@schachklub-bad-homburg.de<\/a><\/td>\n<td bgcolor=\"#ffffff\"><\/td>\n<\/tr>\n<tr>\n<th valign=\"top\"><b>Turnierleiter<\/b><\/th>\n<td valign=\"top\" bgcolor=\"#ffffff\"><b>Paul Lenhart<\/b><br \/>\n<a href=\"mailto:turnierleiter@schachklub-bad-homburg.de\">turnierleiter@schachklub-bad-homburg.de<\/a><\/td>\n<td bgcolor=\"#ffffff\"><img decoding=\"async\" src=\"wp-content\/uploads\/2017\/01\/3533_Paul Lenhart.jpg\" \/><\/td>\n<\/tr>\n<tr>\n<th valign=\"top\"><b>Schriftf\u00fchrer<\/b><\/th>\n<td valign=\"top\" bgcolor=\"#ffffff\"><b>Wolfgang Gebauer<\/b><br \/>\n<a href=\"mailto:schriftfuehrer@schachklub-bad-homburg.de\">schriftfuehrer@schachklub-bad-homburg.de<\/a><\/td>\n<td bgcolor=\"#ffffff\"><img decoding=\"async\" src=\"https:\/\/www.schachklub-bad-homburg.de\/wp-content\/uploads\/2020\/12\/FotoWG.jpg\" \/><\/td>\n<\/tr>\n<tr>\n<th valign=\"top\"><b>Jugendleiter<\/b><\/th>\n<td valign=\"top\" bgcolor=\"#ffffff\"><b>Jan Goetz<\/b><br \/>\n<a href=\"mailto:jugendleiter@schachklub-bad-homburg.de\">jugendleiter@schachklub-bad-homburg.de<\/a><br \/>Tel.: 01573 6180202<\/td>\n<td bgcolor=\"#ffffff\"><img decoding=\"async\" src=\"wp-content\/uploads\/2017\/01\/3530_Jan Goetz.jpg\" \/><\/td>\n<\/tr>\n<tr height = \"160\">\n<th valign=\"top\"><b>Pressereferent<\/b><\/th>\n<td valign=\"top\" bgcolor=\"#ffffff\"><b>Ansgar G\u00f6bel<\/b><br \/>\n<a href=\"mailto:webmaster@schachklub-bad-homburg.de\">webmaster@schachklub-bad-homburg.de<\/a><\/td>\n<td bgcolor=\"#ffffff\"><\/td>\n<\/tr>\n<tr>\n<th valign=\"top\"><b>Materialwart<\/b><\/th>\n<td valign=\"top\" bgcolor=\"#ffffff\"><b>Ulrich Knuplesch<\/b><br \/>\n<a href=\"mailto:materialwart@schachklub-bad-homburg.de\">materialwart@schachklub-bad-homburg.de<\/a><\/td>\n<td bgcolor=\"#ffffff\"><img decoding=\"async\" src=\"wp-content\/uploads\/2018\/02\/Knuplesch-Vorstand.jpg\" \/><\/td>\n<\/tr>\n<tr>\n<th valign=\"top\"><b>Referent f\u00fcr Seniorenschach<\/b><\/th>\n<td valign=\"top\" bgcolor=\"#ffffff\"><b>Dieter B\u00f6rsch<\/b><br \/>\n<a href=\"mailto:seniorenwart@schachklub-bad-homburg.de\">seniorenwart@schachklub-bad-homburg.de<\/a><\/td>\n<td bgcolor=\"#ffffff\"><img loading=\"lazy\" decoding=\"async\" class=\"alignleft size-full wp-image-27461\" src=\"https:\/\/www.schachklub-bad-homburg.de\/wp-content\/uploads\/2024\/03\/1000003961_2.jpg\" alt=\"\" width=\"150\" height=\"200\" \/><\/td>\n<\/tr>\n<\/tbody>\n<\/table>\n","protected":false},"excerpt":{"rendered":"<p>1. Vorsitzender Walter Schmidt Robert-Kempner-Ring 7 61440 Oberursel vorsitzender@schachklub-bad-homburg.de Tel: 06171 698697 2. Vorsitzender Helmut Heiming vorsitzender2@schachklub-bad-homburg.de Schatzmeister Mitgliederverwaltung Volker Novak kassenwart@schachklub-bad-homburg.de Turnierleiter Paul Lenhart turnierleiter@schachklub-bad-homburg.de Schriftf\u00fchrer Wolfgang Gebauer schriftfuehrer@schachklub-bad-homburg.de Jugendleiter Jan Goetz jugendleiter@schachklub-bad-homburg.deTel.: 01573 6180202 Pressereferent Ansgar G\u00f6bel webmaster@schachklub-bad-homburg.de Materialwart Ulrich Knuplesch materialwart@schachklub-bad-homburg.de Referent f\u00fcr Seniorenschach Dieter B\u00f6rsch seniorenwart@schachklub-bad-homburg.de<\/p>\n","protected":false},"author":2,"featured_media":0,"parent":34518,"menu_order":0,"comment_status":"closed","ping_status":"closed","template":"","meta":{"footnotes":""},"class_list":["post-34516","page","type-page","status-publish","h-entry","hentry","h-as-page"],"_links":{"self":[{"href":"https:\/\/www.schachklub-bad-homburg.de\/index.php?rest_route=\/wp\/v2\/pages\/34516","targetHints":{"allow":["GET"]}}],"collection":[{"href":"https:\/\/www.schachklub-bad-homburg.de\/index.php?rest_route=\/wp\/v2\/pages"}],"about":[{"href":"https:\/\/www.schachklub-bad-homburg.de\/index.php?rest_route=\/wp\/v2\/types\/page"}],"author":[{"embeddable":true,"href":"https:\/\/www.schachklub-bad-homburg.de\/index.php?rest_route=\/wp\/v2\/users\/2"}],"replies":[{"embeddable":true,"href":"https:\/\/www.schachklub-bad-homburg.de\/index.php?rest_route=%2Fwp%2Fv2%2Fcomments&post=34516"}],"version-history":[{"count":3,"href":"https:\/\/www.schachklub-bad-homburg.de\/index.php?rest_route=\/wp\/v2\/pages\/34516\/revisions"}],"predecessor-version":[{"id":35291,"href":"https:\/\/www.schachklub-bad-homburg.de\/index.php?rest_route=\/wp\/v2\/pages\/34516\/revisions\/35291"}],"up":[{"embeddable":true,"href":"https:\/\/www.schachklub-bad-homburg.de\/index.php?rest_route=\/wp\/v2\/pages\/34518"}],"wp:attachment":[{"href":"https:\/\/www.schachklub-bad-homburg.de\/index.php?rest_route=%2Fwp%2Fv2%2Fmedia&parent=34516"}],"curies":[{"name":"wp","href":"https:\/\/api.w.org\/{rel}","templated":true}]}}