{"id":33120,"date":"2025-10-02T20:31:29","date_gmt":"2025-10-02T18:31:29","guid":{"rendered":"https:\/\/www.schachklub-bad-homburg.de\/?page_id=33120"},"modified":"2025-10-02T20:39:06","modified_gmt":"2025-10-02T18:39:06","slug":"turnier-simultan-2025-ausschreibung","status":"publish","type":"page","link":"https:\/\/www.schachklub-bad-homburg.de\/?page_id=33120","title":{"rendered":"Turnier-Simultan 2025, Ausschreibung"},"content":{"rendered":"\n<p><a href=\"https:\/\/www.schachklub-bad-homburg.de\/?page_id=33120\">Ausschreibung<\/a> <a href=\"https:\/\/www.schachklub-bad-homburg.de\/?page_id=33124\">Anmeldungen (alphabetisch)<\/a> <a href=\"https:\/\/www.schachklub-bad-homburg.de\/?page_id=33128\">Anmeldungen (DWZ)<\/a> <a href=\"https:\/\/www.schachklub-bad-homburg.de\/?page_id=33131\">Tabelle<\/a> <a href=\"https:\/\/www.schachklub-bad-homburg.de\/?page_id=30646\">Historie<\/a><\/p>\n\n\n\n<body leftmargin=\"30\">\n\n<h3>Ausschreibung<\/h3>\n<table>\n  <tbody>\n    <tr>\n      <th style=\"vertical-align:top;\">Kurzinfo<\/th>\n      \n      <td>Turnier-Simultan f\u00fcr 10 Teilnehmer.\n        <\/td>\n    <\/tr>\n    <tr>\n      <th style=\"vertical-align:top;\">Teilnehmer<\/th>\n      \n      <td>Das Turnier ist offen f\u00fcr alle Schachspieler; <b>Vereinsmitglieder<\/b> sind aber <b>vorrangig<\/b> teilnahmeberechtigt.\n        <\/td>\n    <\/tr>\n    <tr>\n      <th style=\"vertical-align:top;\">Turniermodus<\/th>\n      \n      <td>Bis zu <b>10<\/b> Teilnehmer spielen <b>gleichzeitig<\/b> gegeneinander an jeweils einem Brett mit separater Uhr. \n<br>F\u00fcr einen Sieg erh\u00e4lt man <b>3 Punkte<\/b>, f\u00fcr ein Unentschieden <b>1 Punkt<\/b> und f\u00fcr eine Niederlage keinen Punkt.\n<br>Genauere Instruktionen \u00fcber die Brettfolge, Verhaltensregeln etc. werden den Teilnehmern unmittelbar zu Beginn mitgeteilt. \n        <\/td>\n    <\/tr>\n    <tr>\n      <th style=\"vertical-align:top;\">Bedenkzeit<\/th>\n      \n      <td>Die Bedenkzeit betr\u00e4gt <b>90 Minuten zuz\u00fcglich 30 Sekunden je Zug (Fischer)<\/b> an jedem Brett.\nDie Bedenkzeit eines Spielers kann dadurch an mehreren Brettern gleichzeitig laufen. \n        <\/td>\n    <\/tr>\n    <tr>\n      <th style=\"vertical-align:top;\">Spielort<\/th>\n      \n      <td>Es wird am <b>07.11.2025 im Gunzo-Saal des Vereinshauses Gonzenheim<\/b> (<a href=\"https:\/\/schachklub-bad-homburg.de\/?page_id=3776\">Anfahrtskizze<\/a>) gespielt.\n<br><b>Turnierbeginn ist um 20:00 Uhr<\/b>.\n        <\/td>\n    <\/tr>\n    <tr>\n      <th style=\"vertical-align:top;\">Meldeschluss<\/th>\n      \n      <td>Meldeschluss ist am <b>31.10.2025 um 22:00 Uhr<\/b>.\n<br>Da nur maximal 10 Teilnehmer m\u00f6glich sind, gelten <b>bis zum 24.10.2025 die DWZ-F\u00fchrenden<\/b> der bis dahin Gemeldeten als spielberechtigt; danach gilt ggf. die Reihenfolge der Anmeldung.\n<br>Haben meldende Spieler <b>keine DWZ<\/b>, wird diese durch den Turnierleiter <b>gesch\u00e4tzt. G\u00e4ste<\/b> erhalten dabei formal die <b>DWZ 100<\/b> (s. \"Teilnehmer\")\n<br>Mitglieder, die durch die Beschr\u00e4nkung der Teilnehmer nicht zum Zuge kommen, haben f\u00fcr Folgeveranstaltungen dann ein Vorrecht. \n        <\/td>\n    <\/tr>\n    <tr>\n      <th style=\"vertical-align:top;\">Preise<\/th>\n      \n      <td>Die ersten 3 erhalten eine Urkunde bei der Jahreshauptversammlung des Folgejahres. Punktgleiche belegen gemeinsam die entsprechend geteilten Pl\u00e4tze.\n        <\/td>\n    <\/tr>\n    <tr>\n      <th style=\"vertical-align:top;\">Start-, Reuegeld<\/th>\n      \n      <td>Es wird kein Startgeld und kein Reuegeld erhoben.\n        <\/td>\n    <\/tr>\n    <tr>\n      <th style=\"vertical-align:top;\">Info-Dienst<\/th>\n      \n      <td>\u00dcber dieses Turnier wird aktuell im Internet und per Aushang berichtet. Alle das Turnier betreffende Informationen werden ausschlie\u00dflich so ver\u00f6ffentlicht.\n        <\/td>\n    <\/tr>\n    <tr>\n      <th style=\"vertical-align:top;\">Veranstalter<\/th>\n      \n      <td>Der <a href=\"https:\/\/www.schachklub-bad-homburg.de\/\">Schachklub Bad Homburg<\/a> ist der Veranstalter dieses Turniers.\n        <\/td>\n    <\/tr>\n    <tr>\n      <th style=\"vertical-align:top;\">Fragen?<\/th>\n      \n      <td>Eine E-Mail an den <a href=\"mailto:turnierleiter@schachklub-bad-homburg.de\">Organisator<\/a> wird kurzfristig beantwortet.\n        <\/td>\n    <\/tr>\n  <\/tbody>\n<\/table>\n\n\n\n<p><\/p>\n","protected":false},"excerpt":{"rendered":"<p>Ausschreibung Anmeldungen (alphabetisch) Anmeldungen (DWZ) Tabelle Historie Ausschreibung Kurzinfo Turnier-Simultan f\u00fcr 10 Teilnehmer. Teilnehmer Das Turnier ist offen f\u00fcr alle Schachspieler; Vereinsmitglieder sind aber vorrangig teilnahmeberechtigt. Turniermodus Bis zu 10 Teilnehmer spielen gleichzeitig gegeneinander an jeweils einem Brett mit separater Uhr. F\u00fcr einen Sieg erh\u00e4lt man 3 Punkte, f\u00fcr ein Unentschieden 1 Punkt und f\u00fcr <a href=\"https:\/\/www.schachklub-bad-homburg.de\/?page_id=33120\" class=\"more-link\">...weiterlesen<span class=\"screen-reader-text\"> \"Turnier-Simultan 2025, Ausschreibung\"<\/span><\/a><\/p>\n","protected":false},"author":10,"featured_media":0,"parent":30580,"menu_order":0,"comment_status":"closed","ping_status":"closed","template":"","meta":{"footnotes":""},"class_list":["post-33120","page","type-page","status-publish","h-entry","hentry","h-as-page"],"_links":{"self":[{"href":"https:\/\/www.schachklub-bad-homburg.de\/index.php?rest_route=\/wp\/v2\/pages\/33120","targetHints":{"allow":["GET"]}}],"collection":[{"href":"https:\/\/www.schachklub-bad-homburg.de\/index.php?rest_route=\/wp\/v2\/pages"}],"about":[{"href":"https:\/\/www.schachklub-bad-homburg.de\/index.php?rest_route=\/wp\/v2\/types\/page"}],"author":[{"embeddable":true,"href":"https:\/\/www.schachklub-bad-homburg.de\/index.php?rest_route=\/wp\/v2\/users\/10"}],"replies":[{"embeddable":true,"href":"https:\/\/www.schachklub-bad-homburg.de\/index.php?rest_route=%2Fwp%2Fv2%2Fcomments&post=33120"}],"version-history":[{"count":4,"href":"https:\/\/www.schachklub-bad-homburg.de\/index.php?rest_route=\/wp\/v2\/pages\/33120\/revisions"}],"predecessor-version":[{"id":33134,"href":"https:\/\/www.schachklub-bad-homburg.de\/index.php?rest_route=\/wp\/v2\/pages\/33120\/revisions\/33134"}],"up":[{"embeddable":true,"href":"https:\/\/www.schachklub-bad-homburg.de\/index.php?rest_route=\/wp\/v2\/pages\/30580"}],"wp:attachment":[{"href":"https:\/\/www.schachklub-bad-homburg.de\/index.php?rest_route=%2Fwp%2Fv2%2Fmedia&parent=33120"}],"curies":[{"name":"wp","href":"https:\/\/api.w.org\/{rel}","templated":true}]}}