{"id":31858,"date":"2025-04-08T08:11:07","date_gmt":"2025-04-08T06:11:07","guid":{"rendered":"https:\/\/www.schachklub-bad-homburg.de\/?page_id=31858"},"modified":"2025-05-17T08:39:25","modified_gmt":"2025-05-17T06:39:25","slug":"schnellschach-meisterschaft-2025-teilnehmer-alphabetisch","status":"publish","type":"page","link":"https:\/\/www.schachklub-bad-homburg.de\/?page_id=31858","title":{"rendered":"Schnellschach-Meisterschaft 2025, Teilnehmer (alphabetisch)"},"content":{"rendered":"\n<p><a href=\"https:\/\/www.schachklub-bad-homburg.de\/?page_id=31853\">Ausschreibung<\/a> <a href=\"https:\/\/www.schachklub-bad-homburg.de\/?page_id=31858\">Teilnehmer (alphabetisch)<\/a> <a href=\"https:\/\/www.schachklub-bad-homburg.de\/?page_id=31861\">Teilnehmer (DWZ)<\/a> <a href=\"https:\/\/www.schachklub-bad-homburg.de\/?page_id=31864\">Tabelle<\/a> <a href=\"https:\/\/www.schachklub-bad-homburg.de\/?page_id=30646\">Historie<\/a><\/p>\n\n\n\n<hr class=\"wp-block-separator has-alpha-channel-opacity\"\/>\n\n\n\n<table>\n<tr><th style = \"text-align: center;\" width = \"30\">Nr.<\/th><th style = \"text-align: left;\" width = \"200\">Name<\/th><th style = \"text-align: center;\"  width = \"40\">DWZ<\/th><\/tr>\n<tr><td style = \"text-align: center;\">1<\/td><td>Benz, J\u00fcrgen<\/td><td style = \"text-align: center;\">1517<\/td><\/tr>\n<tr><td style = \"text-align: center;\">2<\/td><td>Fallouh, Philippe<\/td><td style = \"text-align: center;\">1727<\/td><\/tr>\n<tr><td style = \"text-align: center;\">3<\/td><td>Glavev, Danail<\/td><td style = \"text-align: center;\">1571<\/td><\/tr>\n<tr><td style = \"text-align: center;\">4<\/td><td>Graschdankin, Roman<\/td><td style = \"text-align: center;\">1515<\/td><\/tr>\n<tr><td style = \"text-align: center;\">5<\/td><td>G\u00fcttler, Matthias<\/td><td style = \"text-align: center;\">1408<\/td><\/tr>\n<tr><td style = \"text-align: center;\">6<\/td><td>Hasenpflug, Till<\/td><td style = \"text-align: center;\">1685<\/td><\/tr>\n<tr><td style = \"text-align: center;\">7<\/td><td>Heil, Walter<\/td><td style = \"text-align: center;\">1729<\/td><\/tr>\n<tr><td style = \"text-align: center;\">8<\/td><td>Heiming, Helmut<\/td><td style = \"text-align: center;\">1870<\/td><\/tr>\n<tr><td style = \"text-align: center;\">9<\/td><td>Horz, J\u00fcrgen<\/td><td style = \"text-align: center;\">1798<\/td><\/tr>\n<tr><td style = \"text-align: center;\">10<\/td><td>Kesavan, Sarvesh<\/td><td style = \"text-align: center;\">1519<\/td><\/tr>\n<tr><td style = \"text-align: center;\">11<\/td><td>Knuplesch, Ulrich<\/td><td style = \"text-align: center;\">1526<\/td><\/tr>\n<tr><td style = \"text-align: center;\">12<\/td><td>Kreiling, Carsten<\/td><td style = \"text-align: center;\">2029<\/td><\/tr>\n<tr><td style = \"text-align: center;\">13<\/td><td>K\u00fchlmeyer, Manfred<\/td><td style = \"text-align: center;\">2001<\/td><\/tr>\n<tr><td style = \"text-align: center;\">14<\/td><td>Lebermann, Hellmuth<\/td><td style = \"text-align: center;\">1742<\/td><\/tr>\n<tr><td style = \"text-align: center;\">15<\/td><td>Li, Xiao Teng<\/td><td style = \"text-align: center;\">1420<\/td><\/tr>\n<tr><td style = \"text-align: center;\">16<\/td><td>Mandalka, Justus<\/td><td style = \"text-align: center;\">2043<\/td><\/tr>\n<tr><td style = \"text-align: center;\">17<\/td><td>Pichl, Johann<\/td><td style = \"text-align: center;\">1511<\/td><\/tr>\n<tr><td style = \"text-align: center;\">18<\/td><td>Reimer, Otto<\/td><td style = \"text-align: center;\">1735<\/td><\/tr>\n<tr><td style = \"text-align: center;\">19<\/td><td>Schmidt, Walter<\/td><td style = \"text-align: center;\">2174<\/td><\/tr>\n<tr><td style = \"text-align: center;\">20<\/td><td>Schwab, Raoul<\/td><td style = \"text-align: center;\">1280<\/td><\/tr>\n<tr><td style = \"text-align: center;\">21<\/td><td>Seethaler, Peter<\/td><td style = \"text-align: center;\">2084<\/td><\/tr>\n<tr><td style = \"text-align: center;\">22<\/td><td>Wojciechowski, Erwin<\/td><td style = \"text-align: center;\">1350<\/td><\/tr>\n\n<\/table>\n\n\n\n<p><\/p>\n","protected":false},"excerpt":{"rendered":"<p>Ausschreibung Teilnehmer (alphabetisch) Teilnehmer (DWZ) Tabelle Historie Nr. Name DWZ 1 Benz, J\u00fcrgen 1517 2 Fallouh, Philippe 1727 3 Glavev, Danail 1571 4 Graschdankin, Roman 1515 5 G\u00fcttler, Matthias 1408 6 Hasenpflug, Till 1685 7 Heil, Walter 1729 8 Heiming, Helmut 1870 9 Horz, J\u00fcrgen 1798 10 Kesavan, Sarvesh 1519 11 Knuplesch, Ulrich 1526 12 <a href=\"https:\/\/www.schachklub-bad-homburg.de\/?page_id=31858\" class=\"more-link\">...weiterlesen<span class=\"screen-reader-text\"> \"Schnellschach-Meisterschaft 2025, Teilnehmer (alphabetisch)\"<\/span><\/a><\/p>\n","protected":false},"author":10,"featured_media":0,"parent":31853,"menu_order":0,"comment_status":"closed","ping_status":"closed","template":"","meta":{"footnotes":""},"class_list":["post-31858","page","type-page","status-publish","h-entry","hentry","h-as-page"],"_links":{"self":[{"href":"https:\/\/www.schachklub-bad-homburg.de\/index.php?rest_route=\/wp\/v2\/pages\/31858","targetHints":{"allow":["GET"]}}],"collection":[{"href":"https:\/\/www.schachklub-bad-homburg.de\/index.php?rest_route=\/wp\/v2\/pages"}],"about":[{"href":"https:\/\/www.schachklub-bad-homburg.de\/index.php?rest_route=\/wp\/v2\/types\/page"}],"author":[{"embeddable":true,"href":"https:\/\/www.schachklub-bad-homburg.de\/index.php?rest_route=\/wp\/v2\/users\/10"}],"replies":[{"embeddable":true,"href":"https:\/\/www.schachklub-bad-homburg.de\/index.php?rest_route=%2Fwp%2Fv2%2Fcomments&post=31858"}],"version-history":[{"count":8,"href":"https:\/\/www.schachklub-bad-homburg.de\/index.php?rest_route=\/wp\/v2\/pages\/31858\/revisions"}],"predecessor-version":[{"id":32206,"href":"https:\/\/www.schachklub-bad-homburg.de\/index.php?rest_route=\/wp\/v2\/pages\/31858\/revisions\/32206"}],"up":[{"embeddable":true,"href":"https:\/\/www.schachklub-bad-homburg.de\/index.php?rest_route=\/wp\/v2\/pages\/31853"}],"wp:attachment":[{"href":"https:\/\/www.schachklub-bad-homburg.de\/index.php?rest_route=%2Fwp%2Fv2%2Fmedia&parent=31858"}],"curies":[{"name":"wp","href":"https:\/\/api.w.org\/{rel}","templated":true}]}}