{"id":31251,"date":"2025-03-05T20:44:53","date_gmt":"2025-03-05T19:44:53","guid":{"rendered":"https:\/\/www.schachklub-bad-homburg.de\/?page_id=31251"},"modified":"2025-03-22T10:05:17","modified_gmt":"2025-03-22T09:05:17","slug":"pokalmeisterschaft-2025-ausschreibung","status":"publish","type":"page","link":"https:\/\/www.schachklub-bad-homburg.de\/?page_id=31251","title":{"rendered":"Pokalmeisterschaft 2025, Ausschreibung"},"content":{"rendered":"\n<p><a href=\"https:\/\/www.schachklub-bad-homburg.de\/?page_id=31251\">Ausschreibung<\/a> <a href=\"https:\/\/www.schachklub-bad-homburg.de\/?page_id=31254\">Teilnehmer (alphabetisch)<\/a> <a href=\"https:\/\/www.schachklub-bad-homburg.de\/?page_id=31258\">Teilnehmer (DWZ)<\/a> <a href=\"https:\/\/www.schachklub-bad-homburg.de\/?page_id=31261\">Paarungen\/Ergebnisse<\/a> <a href=\"https:\/\/www.schachklub-bad-homburg.de\/?page_id=31264\">KO-Baum<\/a> <a href=\"https:\/\/www.schachklub-bad-homburg.de\/?page_id=30642\">Historie<\/a><\/p>\n\n\n\n<body leftmargin=\"30\">\n\n<table>\n  <tbody>\n    <tr>\n      <th style=\"vertical-align:top;\">Kurzinfo<\/th>\n      <td>Vereinsturnier nach <b>KO-System<\/b> mit Preisen und einer Bedenkzeit von 1,5 Stunden zuz\u00fcglich Inkrement je Zug.<\/td>\n    <\/tr>\n    <tr>\n      <th style=\"vertical-align:top;\">Bedenkzeit<\/th>\n      <td>Die Bedenkzeit betr\u00e4gt <b>einmalig 90 Minuten zuz\u00fcglich 30 Sekunden (Fischer) je Zug<\/b> (Spielweise 12 bzw. 17 auf unseren Digitaluhren).\nBei Remis folgt <b>zwingend (!) unmittelbar<\/b> ein Stichkampf mit 10 Minuten zuz\u00fcglich 10 Sekunden (Fischer) je Zug, danach ggf. weitere mit \n3 Minuten zuz\u00fcglich 2 Sekunden mit stets wechselnden Farben. Die erste Siegpartie bringt die Entscheidung.<\/td>\n    <\/tr>\n    <tr>\n      <th style=\"vertical-align:top;\">Turniermodus<\/th>\n      <td>F\u00fcr die Durchf\u00fchrung des Turniers sind 5 Termine im Kalender reserviert. Bei mehr als 32 Teilnehmern wird die Vorrunde zusammen mit den schon m\u00f6glichen Partien der 1. Runde gespielt. Die Paarungen werden sp\u00e4testens <b>am Sonntag vor jeder Runde<\/b> ausgelost. <br> \n    <\/td><\/tr>\n    <tr>\n      <th style=\"vertical-align:top;\">Spielort, Meldeschluss<\/th>\n      <td>In der Regel wird im Vereinshaus Gonzenheim gespielt (<a href=\"https:\/\/schachklub-bad-homburg.de\/?page_id=3776\">Anfahrtskizze<\/a>). Die Anmeldung ist im Schachklub in der ausgeh\u00e4ngten Liste oder per E-Mail <br>\n(<b><a href=\"mailto:turnierleiter@schachklub-bad-homburg.de\">turnierleiter@schachklub-bad-homburg.de<\/a><\/b>) m\u00f6glich.  \nMeldeschluss ist am <b>28. M\u00e4rz 2025 um 20:00 Uhr.<\/b><br>\n<b>Besonderheit:<\/b> f\u00fcr die 1. Hauptrunde und ggf. die Vorrunde wird die Auslosung so vorgenommen, dass die <b>Leistungsdifferenzen der Gegner nicht allzu gross<\/b> sind; danach wird frei gelost.<\/td>\n    <\/tr>\n    <tr>\n      <th style=\"vertical-align:top;\">Spieltage<\/th>\n      <td>Es ist in der Regel um 20.00 Uhr mit den Runden zu beginnen.<br>\n1. Runde und ggf. Vorrunde: <b>04.04.2025<\/b><br>\n2. Runde: <b>13.06.2025<\/b><br>\n3. Runde: <b>12.09.2025<\/b><br>\n4. Runde: <b>14.11.2025<\/b><br>\n5. Runde: <b>16.01.2026<\/b><br>\n      <b><font color=\"red\" <b=\"\">Regelung bez\u00fcglich der Verbindlichkeit der Termine:<\/font><\/b><br>\nDie genannten Termine gelten zun\u00e4chst <b>als verbindlich vereinbart<\/b>, sofern der Gegner feststeht!. Das kann z.B. durch die Vorrunde nicht immer gegeben sein. \nOhne entsprechende Vereinbarung mit dem Gegner (und Information des Turnierleiters) nicht zu erscheinen kann den <b>Verlust der Partie bedeuten!<\/b>\nVerlegungen sind jedoch m\u00f6glich. Vor jedem Termin erhalten die Spieler die Kontaktdaten ihres Gegners (E-Mail-Adresse und\/oder Telefonnummer).<\/td>\n    <\/tr>\n    <tr>\n      <th style=\"vertical-align:top;\">Teilnehmer<\/th>\n      <td><b>Ausschlie\u00dflich Vereinsmitglieder des SK Bad Homburg<\/b> sind teilnahmeberechtigt.<\/td>\n    <\/tr>\n    <tr>\n      <th style=\"vertical-align:top;\">Preise<\/th>\n      <td>Der Sieger erh\u00e4lt einen <b>Pokal<\/b>. Sieger und Zweiter erhalten eine Urkunde sowie ein Preisgeld in H\u00f6he von <b>80 bzw. 40 Euro<\/b>.<\/td>\n    <\/tr>\n    <tr>\n      <th style=\"vertical-align:top;\">DWZ-Wertung<\/th>\n      <td>F\u00fcr das Turnier erfolgt <b>keine<\/b> DWZ-Wertung.<\/td>\n    <\/tr>\n    <tr>\n      <th style=\"vertical-align:top;\">Startgelder<\/th>\n      <td>Es wird kein Startgeld erhoben.<\/td>\n    <\/tr>\n    <tr>\n      <th style=\"vertical-align:top;\">Info-Dienst<\/th>\n      <td>\u00dcber dieses Turnier wird aktuell im Internet und per Aushang berichtet. Alle das Turnier betreffende Informationen werden ausschlie\u00dflich so ver\u00f6ffentlicht.<\/td>\n    <\/tr>\n    <tr>\n      <th style=\"vertical-align:top;\">Veranstalter<\/th>\n      <td>Der <a href=\"https:\/\/www.schachklub-bad-homburg.de\/\">Schachklub Bad Homburg<\/a> ist der Veranstalter dieses Turniers.<\/td>\n    <\/tr>\n    <tr>\n      <th style=\"vertical-align:top;\">Fragen?<\/th>\n      <td>Eine E-Mail an den <a href=\"mailto:turnierleiter@schachklub-bad-homburg.de\">Organisator<\/a>  wird kurzfristig beantwortet.<\/td>\n    <\/tr>\n  <\/tbody>\n<\/table>\n","protected":false},"excerpt":{"rendered":"<p>Ausschreibung Teilnehmer (alphabetisch) Teilnehmer (DWZ) Paarungen\/Ergebnisse KO-Baum Historie Kurzinfo Vereinsturnier nach KO-System mit Preisen und einer Bedenkzeit von 1,5 Stunden zuz\u00fcglich Inkrement je Zug. Bedenkzeit Die Bedenkzeit betr\u00e4gt einmalig 90 Minuten zuz\u00fcglich 30 Sekunden (Fischer) je Zug (Spielweise 12 bzw. 17 auf unseren Digitaluhren). Bei Remis folgt zwingend (!) unmittelbar ein Stichkampf mit 10 Minuten <a href=\"https:\/\/www.schachklub-bad-homburg.de\/?page_id=31251\" class=\"more-link\">...weiterlesen<span class=\"screen-reader-text\"> \"Pokalmeisterschaft 2025, Ausschreibung\"<\/span><\/a><\/p>\n","protected":false},"author":10,"featured_media":0,"parent":30580,"menu_order":0,"comment_status":"closed","ping_status":"closed","template":"","meta":{"footnotes":""},"class_list":["post-31251","page","type-page","status-publish","h-entry","hentry","h-as-page"],"_links":{"self":[{"href":"https:\/\/www.schachklub-bad-homburg.de\/index.php?rest_route=\/wp\/v2\/pages\/31251","targetHints":{"allow":["GET"]}}],"collection":[{"href":"https:\/\/www.schachklub-bad-homburg.de\/index.php?rest_route=\/wp\/v2\/pages"}],"about":[{"href":"https:\/\/www.schachklub-bad-homburg.de\/index.php?rest_route=\/wp\/v2\/types\/page"}],"author":[{"embeddable":true,"href":"https:\/\/www.schachklub-bad-homburg.de\/index.php?rest_route=\/wp\/v2\/users\/10"}],"replies":[{"embeddable":true,"href":"https:\/\/www.schachklub-bad-homburg.de\/index.php?rest_route=%2Fwp%2Fv2%2Fcomments&post=31251"}],"version-history":[{"count":4,"href":"https:\/\/www.schachklub-bad-homburg.de\/index.php?rest_route=\/wp\/v2\/pages\/31251\/revisions"}],"predecessor-version":[{"id":31499,"href":"https:\/\/www.schachklub-bad-homburg.de\/index.php?rest_route=\/wp\/v2\/pages\/31251\/revisions\/31499"}],"up":[{"embeddable":true,"href":"https:\/\/www.schachklub-bad-homburg.de\/index.php?rest_route=\/wp\/v2\/pages\/30580"}],"wp:attachment":[{"href":"https:\/\/www.schachklub-bad-homburg.de\/index.php?rest_route=%2Fwp%2Fv2%2Fmedia&parent=31251"}],"curies":[{"name":"wp","href":"https:\/\/api.w.org\/{rel}","templated":true}]}}