{"id":28664,"date":"2024-07-18T21:09:03","date_gmt":"2024-07-18T19:09:03","guid":{"rendered":"https:\/\/www.schachklub-bad-homburg.de\/?page_id=28664"},"modified":"2024-08-31T10:26:26","modified_gmt":"2024-08-31T08:26:26","slug":"vereinsmeisterschaft-2024-teilnehmer-alphabetisch","status":"publish","type":"page","link":"https:\/\/www.schachklub-bad-homburg.de\/?page_id=28664","title":{"rendered":"Vereinsmeisterschaft 2024, Teilnehmer (alphabetisch)"},"content":{"rendered":"\n<p><a href=\"https:\/\/www.schachklub-bad-homburg.de\/?page_id=28658\">Ausschreibung<\/a> <a href=\"https:\/\/www.schachklub-bad-homburg.de\/?page_id=28664\">Teilnehmer (alphabetisch)<\/a> <a href=\"https:\/\/www.schachklub-bad-homburg.de\/?page_id=28667\">Teilnehmer (DWZ)<\/a> <a href=\"https:\/\/www.schachklub-bad-homburg.de\/?page_id=28670\">Paarungen<\/a> <a href=\"https:\/\/www.schachklub-bad-homburg.de\/?page_id=28673\">Tabelle<\/a> <a href=\"https:\/\/www.schachklub-bad-homburg.de\/?page_id=30642\">Historie<\/a><\/p>\n\n\n\n<b>Gruppe A<\/b>\n<table>\n<tr><th style = \"text-align: center;\" width = \"30\">Nr.<\/th><th style = \"text-align: left;\" width = \"200\">Name<\/th><th style = \"text-align: center;\"  width = \"40\">DWZ<\/th><\/tr>\n<tr><td style = \"text-align: center;\">1<\/td><td>B\u00f6rsch, Dieter<\/td><td style = \"text-align: center;\">1623<\/td><\/tr>\n<tr><td style = \"text-align: center;\">2<\/td><td>Faqiry, Ramat<\/td><td style = \"text-align: center;\">1961<\/td><\/tr>\n<tr><td style = \"text-align: center;\">3<\/td><td>Gebauer, Wolfgang<\/td><td style = \"text-align: center;\">1751<\/td><\/tr>\n<tr><td style = \"text-align: center;\">4<\/td><td>G\u00f6bel, Ansgar<\/td><td style = \"text-align: center;\">1741<\/td><\/tr>\n<tr><td style = \"text-align: center;\">5<\/td><td>Gold, Jan<\/td><td style = \"text-align: center;\">2025<\/td><\/tr>\n<tr><td style = \"text-align: center;\">6<\/td><td>Hettinger, Heinrich<\/td><td style = \"text-align: center;\">1712<\/td><\/tr>\n<tr><td style = \"text-align: center;\">7<\/td><td>Horz, J\u00fcrgen<\/td><td style = \"text-align: center;\">1795<\/td><\/tr>\n<tr><td style = \"text-align: center;\">8<\/td><td>Knuplesch, Ulrich<\/td><td style = \"text-align: center;\">1526<\/td><\/tr>\n<tr><td style = \"text-align: center;\">9<\/td><td>Kurtz, Cornelius<\/td><td style = \"text-align: center;\">1757<\/td><\/tr>\n<tr><td style = \"text-align: center;\">10<\/td><td>Lebermann, Hellmuth<\/td><td style = \"text-align: center;\">1742<\/td><\/tr>\n<tr><td style = \"text-align: center;\">11<\/td><td>Lenhart, Paul<\/td><td style = \"text-align: center;\">1867<\/td><\/tr>\n<tr><td style = \"text-align: center;\">12<\/td><td>Mandalka, Justus<\/td><td style = \"text-align: center;\">1941<\/td><\/tr>\n<tr><td style = \"text-align: center;\">13<\/td><td>Miyake, Pedro<\/td><td style = \"text-align: center;\">1895<\/td><\/tr>\n<tr><td style = \"text-align: center;\">14<\/td><td>Pichl, Christoph<\/td><td style = \"text-align: center;\">1904<\/td><\/tr>\n<tr><td style = \"text-align: center;\">15<\/td><td>Reimer, Otto<\/td><td style = \"text-align: center;\">1717<\/td><\/tr>\n<tr><td style = \"text-align: center;\">16<\/td><td>Rot\u00e4rmel, Leonie<\/td><td style = \"text-align: center;\">1542<\/td><\/tr>\n<tr><td style = \"text-align: center;\">17<\/td><td>Schmidt, Walter<\/td><td style = \"text-align: center;\">2193<\/td><\/tr>\n<tr><td style = \"text-align: center;\">18<\/td><td>Schneider, Felix<\/td><td style = \"text-align: center;\">1620<\/td><\/tr>\n<tr><td style = \"text-align: center;\">19<\/td><td>Schramm, Matthias<\/td><td style = \"text-align: center;\">1858<\/td><\/tr>\n<tr><td style = \"text-align: center;\">20<\/td><td>Schunicht, Hendrik<\/td><td style = \"text-align: center;\">2000<\/td><\/tr>\n\n\n<\/table>\n\n\n\n<b>Gruppe B<\/b>\n<table>\n<tr><th style = \"text-align: center;\" width = \"30\">Nr.<\/th><th style = \"text-align: left;\" width = \"200\">Name<\/th><th style = \"text-align: center;\"  width = \"40\">DWZ<\/th><\/tr>\n<tr><td style = \"text-align: center;\">1<\/td><td>Benz, J\u00fcrgen<\/td><td style = \"text-align: center;\">1517<\/td><\/tr>\n<tr><td style = \"text-align: center;\">2<\/td><td>Eitner, Alexander<\/td><td style = \"text-align: center;\">1009<\/td><\/tr>\n<tr><td style = \"text-align: center;\">3<\/td><td>Gerhardt, Noah<\/td><td style = \"text-align: center;\">1102<\/td><\/tr>\n<tr><td style = \"text-align: center;\">4<\/td><td>Gesing, Ewald<\/td><td style = \"text-align: center;\">1607<\/td><\/tr>\n<tr><td style = \"text-align: center;\">5<\/td><td>Glavev, Danail<\/td><td style = \"text-align: center;\">1559<\/td><\/tr>\n<tr><td style = \"text-align: center;\">6<\/td><td>G\u00fcttler, Matthias<\/td><td style = \"text-align: center;\">1408<\/td><\/tr>\n<tr><td style = \"text-align: center;\">7<\/td><td>Hasenpflug, Till<\/td><td style = \"text-align: center;\">1560<\/td><\/tr>\n<tr><td style = \"text-align: center;\">8<\/td><td>Hees, Robin<\/td><td style = \"text-align: center;\">1393<\/td><\/tr>\n<tr><td style = \"text-align: center;\">9<\/td><td>Kesavan, Sarvesh<\/td><td style = \"text-align: center;\">1382<\/td><\/tr>\n<tr><td style = \"text-align: center;\">10<\/td><td>Knittel, Michael<\/td><td style = \"text-align: center;\">1470<\/td><\/tr>\n<tr><td style = \"text-align: center;\">11<\/td><td>Li, Thomas<\/td><td style = \"text-align: center;\">1499<\/td><\/tr>\n<tr><td style = \"text-align: center;\">12<\/td><td>Negru, Maximilian<\/td><td style = \"text-align: center;\">1570<\/td><\/tr>\n<tr><td style = \"text-align: center;\">13<\/td><td>Peter, Jan<\/td><td style = \"text-align: center;\">1238<\/td><\/tr>\n<tr><td style = \"text-align: center;\">14<\/td><td>Pichl, Johann<\/td><td style = \"text-align: center;\">1526<\/td><\/tr>\n<tr><td style = \"text-align: center;\">15<\/td><td>Pishnograev, Ilya<\/td><td style = \"text-align: center;\">1395<\/td><\/tr>\n<tr><td style = \"text-align: center;\">16<\/td><td>Schaack, Frank<\/td><td style = \"text-align: center;\">896<\/td><\/tr>\n<tr><td style = \"text-align: center;\">17<\/td><td>Schrader, Mathias<\/td><td style = \"text-align: center;\">1514<\/td><\/tr>\n<tr><td style = \"text-align: center;\">18<\/td><td>Thaler, Regina<\/td><td style = \"text-align: center;\">1124<\/td><\/tr>\n<tr><td style = \"text-align: center;\">19<\/td><td>Vilkesalo, Tero<\/td><td style = \"text-align: center;\">1406<\/td><\/tr>\n<tr><td style = \"text-align: center;\">20<\/td><td>Wolf, Aurelia<\/td><td style = \"text-align: center;\">1127<\/td><\/tr>\n<tr><td style = \"text-align: center;\">21<\/td><td>Wolf, Helena<\/td><td style = \"text-align: center;\">1393<\/td><\/tr>\n<tr><td style = \"text-align: center;\">22<\/td><td>Zhao, Yunsheng<\/td><td style = \"text-align: center;\">1489<\/td><\/tr>\n\n\n<\/table>\n","protected":false},"excerpt":{"rendered":"<p>Ausschreibung Teilnehmer (alphabetisch) Teilnehmer (DWZ) Paarungen Tabelle Historie Gruppe A Nr. Name DWZ 1 B\u00f6rsch, Dieter 1623 2 Faqiry, Ramat 1961 3 Gebauer, Wolfgang 1751 4 G\u00f6bel, Ansgar 1741 5 Gold, Jan 2025 6 Hettinger, Heinrich 1712 7 Horz, J\u00fcrgen 1795 8 Knuplesch, Ulrich 1526 9 Kurtz, Cornelius 1757 10 Lebermann, Hellmuth 1742 11 Lenhart, <a href=\"https:\/\/www.schachklub-bad-homburg.de\/?page_id=28664\" class=\"more-link\">...weiterlesen<span class=\"screen-reader-text\"> \"Vereinsmeisterschaft 2024, Teilnehmer (alphabetisch)\"<\/span><\/a><\/p>\n","protected":false},"author":10,"featured_media":0,"parent":28658,"menu_order":0,"comment_status":"closed","ping_status":"closed","template":"","meta":{"footnotes":""},"class_list":["post-28664","page","type-page","status-publish","h-entry","hentry","h-as-page"],"_links":{"self":[{"href":"https:\/\/www.schachklub-bad-homburg.de\/index.php?rest_route=\/wp\/v2\/pages\/28664","targetHints":{"allow":["GET"]}}],"collection":[{"href":"https:\/\/www.schachklub-bad-homburg.de\/index.php?rest_route=\/wp\/v2\/pages"}],"about":[{"href":"https:\/\/www.schachklub-bad-homburg.de\/index.php?rest_route=\/wp\/v2\/types\/page"}],"author":[{"embeddable":true,"href":"https:\/\/www.schachklub-bad-homburg.de\/index.php?rest_route=\/wp\/v2\/users\/10"}],"replies":[{"embeddable":true,"href":"https:\/\/www.schachklub-bad-homburg.de\/index.php?rest_route=%2Fwp%2Fv2%2Fcomments&post=28664"}],"version-history":[{"count":16,"href":"https:\/\/www.schachklub-bad-homburg.de\/index.php?rest_route=\/wp\/v2\/pages\/28664\/revisions"}],"predecessor-version":[{"id":29185,"href":"https:\/\/www.schachklub-bad-homburg.de\/index.php?rest_route=\/wp\/v2\/pages\/28664\/revisions\/29185"}],"up":[{"embeddable":true,"href":"https:\/\/www.schachklub-bad-homburg.de\/index.php?rest_route=\/wp\/v2\/pages\/28658"}],"wp:attachment":[{"href":"https:\/\/www.schachklub-bad-homburg.de\/index.php?rest_route=%2Fwp%2Fv2%2Fmedia&parent=28664"}],"curies":[{"name":"wp","href":"https:\/\/api.w.org\/{rel}","templated":true}]}}