{"id":26926,"date":"2024-01-23T20:07:54","date_gmt":"2024-01-23T19:07:54","guid":{"rendered":"https:\/\/www.schachklub-bad-homburg.de\/?page_id=26926"},"modified":"2024-01-23T20:19:58","modified_gmt":"2024-01-23T19:19:58","slug":"tandem-blitzmeisterschaft-2024-regeln","status":"publish","type":"page","link":"https:\/\/www.schachklub-bad-homburg.de\/?page_id=26926","title":{"rendered":"Tandem-Blitz-Meisterschaft 2024, Regeln"},"content":{"rendered":"\n<p><a href=\"https:\/\/www.schachklub-bad-homburg.de\/?page_id=26915\">Ausschreibung<\/a> <a href=\"https:\/\/www.schachklub-bad-homburg.de\/?page_id=26920\">Teilnehmer<\/a> <a href=\"https:\/\/www.schachklub-bad-homburg.de\/?page_id=26923\">Rangliste<\/a> <a href=\"https:\/\/www.schachklub-bad-homburg.de\/?page_id=26926\">Regeln<\/a> <a href=\"https:\/\/www.schachklub-bad-homburg.de\/?page_id=30642\">Historie<\/a><\/p>\n\n\n\n<h1 class=\"wp-block-heading\">Tandemregeln<\/h1>\n\n\n\n<p>(in Anlehnung an die aus schachbund.de\/tandem-schach.html):<\/p>\n\n\n\n<ol class=\"wp-block-list\">\n<li>Tandem-Schach ist ein Mannschaftsspiel. Eine Mannschaft besteht aus zwei Spielern.<\/li>\n\n\n\n<li>Es wird an zwei benachbarten Brettern gespielt, die Spieler einer Mannschaft sitzen auf der gleichen Seite des Tisches, also nebeneinander.<\/li>\n\n\n\n<li>In jeder Mannschaft erh\u00e4lt ein Spieler die Wei\u00dfen, der andere Spieler die schwarzen Steine.<\/li>\n\n\n\n<li>Die Idee des Spiels ist nun folgende:\n<ul class=\"wp-block-list\">\n<li>4.1 Spieler A der Mannschaft I f\u00fchrt die wei\u00dfen Steine, schl\u00e4gt somit die schwarzen Figuren&nbsp;seines Gegners.<\/li>\n\n\n\n<li>4.2 Diese geschlagenen schwarzen Steine \u00fcbergibt Spieler A seinem Mitspieler, der diese dann als die eigenen Figuren in seine Partie einbauen kann.<\/li>\n\n\n\n<li>4.3 Alle Spieler verfahren in entsprechender Weise.<\/li>\n\n\n\n<li>4.4 Damit findet zwischen den Spielern einer Mannschaft ein st\u00e4ndiger Austausch der erbeuteten und abgetauschten Steine statt; geschlagene Figuren erwachen auf dem Nebenbrett zu neuem Leben. (Dabei kann es also vorkommen, dass man durch Einsetzen mit zwei wei\u00dffeldrigen L\u00e4ufern oder vier Springer spielt.)<\/li>\n<\/ul>\n<\/li>\n\n\n\n<li>Jeder Spieler erh\u00e4lt 3 Minuten plus 2 Sekunden Bedenkzeit. Die beiden Schachuhren stehen au\u00dfen, damit jeder Spieler beide Uhren einsehen kann.<\/li>\n\n\n\n<li>Wenn nicht anders betont (z. B. 5.: Stellung der Uhren), gelten die Blitzregeln des DSB,&nbsp;&nbsp;&nbsp;&nbsp;&nbsp;&nbsp;&nbsp;&nbsp;&nbsp;&nbsp;&nbsp;&nbsp;&nbsp;&nbsp; insbesondere:&nbsp;<strong>Ber\u00fchrt-gef\u00fchrt<\/strong>;&nbsp;<strong>K\u00f6nig darf nicht geschlagen werden<\/strong>;&nbsp;<strong>unm\u00f6glicher Zug verliert<\/strong>.<\/li>\n\n\n\n<li>Die Besonderheit des Spiels ist nun das Einsetzen einer Figur, die der Mitspieler seinem Gegner\u00a0\u00a0\u00a0\u00a0\u00a0\u00a0\u00a0\u00a0\u00a0\u00a0\u00a0 geschlagen hat. Dabei ist folgendes zu beachten:\n<ul class=\"wp-block-list\">\n<li>7.1 Figuren d\u00fcrfen nur auf freien Feldern eingesetzt werden.<\/li>\n\n\n\n<li>7.2 Das Einsetzen einer Figur gilt als Zug.<\/li>\n\n\n\n<li><strong>7.3 Figuren d\u00fcrfen mit gleichzeitigem Schachgebot, jedoch nicht mit \"Matt\" eingesetzt werden.&nbsp;Eine mit Matt eingesetzte Figur muss wieder zur\u00fcckgenommen werden.<\/strong><\/li>\n\n\n\n<li>7.4 Bauern d\u00fcrfen weder auf der eigenen noch auf der gegnerischen Grundreihe eingesetzt werden.<\/li>\n\n\n\n<li><strong>7.5 Zieht ein Bauer auf die letzte Reihe<\/strong>,&nbsp;<strong>wird er so behandelt, als w\u00e4re er bereits geschlagen worden.<\/strong><\/li>\n\n\n\n<li><strong>7.6 Eine einzusetzende Figur muss eingesetzt (gef\u00fchrt) werden, wenn sie das Schachbrett ber\u00fchrt&nbsp;hat. Ist die Figur losgelassen, gilt der Zug als ausgef\u00fchrt, R\u00fccknahme ist nicht mehr m\u00f6glich,&nbsp;Ausnahme siehe 7.3 und wie bei sonstigen unm\u00f6glichen Z\u00fcgen.<\/strong><\/li>\n<\/ul>\n<\/li>\n\n\n\n<li><strong>Eine Begegnung ist gewonnen, wenn einer der beiden Spieler gewonnen hat. Dies ist gegeben bei:<\/strong>\n<ul class=\"wp-block-list\">\n<li>8.1 Mattsetzen des Gegners<\/li>\n\n\n\n<li>8.2 Zeit\u00fcberschreitung<\/li>\n\n\n\n<li>8.3 unm\u00f6glicher Zug<\/li>\n\n\n\n<li>8.4 Aufgabe<\/li>\n<\/ul>\n<\/li>\n\n\n\n<li><strong>Remis kommt zustande, wenn<\/strong>\n<ul class=\"wp-block-list\">\n<li><strong>9.1 jeweils ein Spieler einer Mannschaft mattgesetzt wird (gleichzeitig)<\/strong><\/li>\n\n\n\n<li><strong>9.2 wenn bei je einem Spieler die Zeit \u00fcberschritten ist<\/strong><\/li>\n\n\n\n<li><strong>9.3 durch Dauerschach auf einem Brett<\/strong><\/li>\n\n\n\n<li><strong>9.4 durch Einigung der Mannschaften<\/strong><\/li>\n\n\n\n<li><strong>9.5 Patt gibt es nicht. Notfalls muss als Zug eine Figur eingesetzt werden<\/strong><\/li>\n<\/ul>\n<\/li>\n\n\n\n<li><strong>Spieler einer Mannschaft d\u00fcrfen sich untereinander verst\u00e4ndigen, soweit es das eigene Brett betrifft.<\/strong>\n<ul class=\"wp-block-list\">\n<li><strong>10.1 Beispiel: \"Ich brauche einen Bauern\/Turm zum Einsetzen!\" oder:&nbsp; \"Vorsicht, ich verliere\/opfere die Dame\/einen Springer!\"<\/strong><\/li>\n\n\n\n<li><strong>10.2 Ausnahme: Zeit\u00fcberschreitung des Gegners darf auch vom Nachbarbrett aus reklamiert bzw.<\/strong>&nbsp;<strong>&nbsp;eigene Mitspieler auf eine drohende Zeit\u00fcberschreitung hingewiesen werden.<\/strong><\/li>\n\n\n\n<li><strong>10.3 Die Verst\u00e4ndigung darf auf keinen Fall so weit gehen, dass sich die Spieler gegenseitig&nbsp;Z\u00fcge vorschlagen oder Kombinationen beraten<\/strong><\/li>\n<\/ul>\n<\/li>\n\n\n\n<li><strong>Das zur Verf\u00fcgung stehende Einsatzmaterial ist jederzeit f\u00fcr den Gegner sichtbar aufzustellen.<\/strong><\/li>\n<\/ol>\n","protected":false},"excerpt":{"rendered":"<p>Ausschreibung Teilnehmer Rangliste Regeln Historie Tandemregeln (in Anlehnung an die aus schachbund.de\/tandem-schach.html):<\/p>\n","protected":false},"author":10,"featured_media":0,"parent":26915,"menu_order":0,"comment_status":"closed","ping_status":"closed","template":"","meta":{"footnotes":""},"class_list":["post-26926","page","type-page","status-publish","h-entry","hentry","h-as-page"],"_links":{"self":[{"href":"https:\/\/www.schachklub-bad-homburg.de\/index.php?rest_route=\/wp\/v2\/pages\/26926","targetHints":{"allow":["GET"]}}],"collection":[{"href":"https:\/\/www.schachklub-bad-homburg.de\/index.php?rest_route=\/wp\/v2\/pages"}],"about":[{"href":"https:\/\/www.schachklub-bad-homburg.de\/index.php?rest_route=\/wp\/v2\/types\/page"}],"author":[{"embeddable":true,"href":"https:\/\/www.schachklub-bad-homburg.de\/index.php?rest_route=\/wp\/v2\/users\/10"}],"replies":[{"embeddable":true,"href":"https:\/\/www.schachklub-bad-homburg.de\/index.php?rest_route=%2Fwp%2Fv2%2Fcomments&post=26926"}],"version-history":[{"count":4,"href":"https:\/\/www.schachklub-bad-homburg.de\/index.php?rest_route=\/wp\/v2\/pages\/26926\/revisions"}],"predecessor-version":[{"id":26938,"href":"https:\/\/www.schachklub-bad-homburg.de\/index.php?rest_route=\/wp\/v2\/pages\/26926\/revisions\/26938"}],"up":[{"embeddable":true,"href":"https:\/\/www.schachklub-bad-homburg.de\/index.php?rest_route=\/wp\/v2\/pages\/26915"}],"wp:attachment":[{"href":"https:\/\/www.schachklub-bad-homburg.de\/index.php?rest_route=%2Fwp%2Fv2%2Fmedia&parent=26926"}],"curies":[{"name":"wp","href":"https:\/\/api.w.org\/{rel}","templated":true}]}}