{"id":26915,"date":"2024-01-23T19:56:21","date_gmt":"2024-01-23T18:56:21","guid":{"rendered":"https:\/\/www.schachklub-bad-homburg.de\/?page_id=26915"},"modified":"2024-01-23T20:15:46","modified_gmt":"2024-01-23T19:15:46","slug":"tandem-blitz-meisterschaft-2024","status":"publish","type":"page","link":"https:\/\/www.schachklub-bad-homburg.de\/?page_id=26915","title":{"rendered":"Tandem-Blitz-Meisterschaft 2024, Ausschreibung"},"content":{"rendered":"\n<p><a href=\"https:\/\/www.schachklub-bad-homburg.de\/?page_id=26915\">Ausschreibung<\/a> <a href=\"https:\/\/www.schachklub-bad-homburg.de\/?page_id=26920\">Teilnehmer<\/a> <a href=\"https:\/\/www.schachklub-bad-homburg.de\/?page_id=26923\">Rangliste<\/a> <a href=\"https:\/\/www.schachklub-bad-homburg.de\/?page_id=26926\">Regeln<\/a> <a href=\"https:\/\/www.schachklub-bad-homburg.de\/?page_id=30642\">Historie<\/a><\/p>\n\n\n\n<h3>Ausschreibung<\/h3>\n<table>\n  <tbody>\n    <tr>\n      <th style=\"vertical-align:top;\">Kurzinfo<\/th>\n      \n      <td>Offenes vollrundiges Tandem-Blitz-Schachturnier f\u00fcr <b>maximal 16 2er-Teams<\/b>.\n       <\/td>\n    <\/tr>\n    <tr>\n      <th style=\"vertical-align:top;\">Bedenkzeit<\/th>\n      \n      <td>Die Bedenkzeit betr\u00e4gt <b>3 Minuten zuz\u00fcglich 2 Sekunden je Zug (Fischer)<\/b>. Im Falle eines zurecht reklamierten regelwidrigen Zuges gibt es - im Gegensatz zu der unpraktikablen FIDE-Regel - keine Zeitgutschrift, sondern die Partie gilt als verloren.\n\t<\/td>\n    <\/tr>\n    <tr>\n      <th style=\"vertical-align:top;\">Turniermodus<\/th>\n      \n      <td>Jede Mannschaft spielt gegen jede andere; bei weniger als 7 Teams wird doppelrundig (mit vertauschten Farben) gespielt. Der Spielst\u00e4rkere jeden Teams (nach <a href=\"https:\/\/www.schachklub-bad-homburg.de\/?page_id=26933\">aktueller Blitz-Wertungszahl BWZ<\/a> unseres Klubs, ggf. gesch\u00e4tzt) spielt an Brett 1. Die <b>BWZ-Summe des Teams darf 3838<\/b> nicht \u00fcbersteigen. \nMit den anzuwendenden <a href=\"https:\/\/schachklub-bad-homburg.de\/?page_id=26926\">Regeln f\u00fcr Tandem-Blitz<\/a> sollten sich die Teilnehmer vorher vertraut machen.\n\t<\/td>\n    <\/tr>\n    <tr>\n      <th style=\"vertical-align:top;\">Spielbeginn, Meldeschluss<\/th>\n      \n      <td>Turnierbeginn ist am <b>09.02.2024<\/b> im Vereinshaus Gonzenheim <b>p\u00fcnktlich um 20:15 Uhr<\/b>, Meldeschluss ist um <b>20:00<\/b>.\n\t<\/td>\n    <\/tr>\n    <tr>\n      <th style=\"vertical-align:top;\">Teilnehmer<\/th>\n      \n      <td>Das Turnier ist offen f\u00fcr alle Schachspieler.\n\t<\/td>\n    <\/tr>\n    <tr>\n      <th style=\"vertical-align:top;\">Preise<\/th>\n      \n      <td>Die <b>besten drei Teams<\/b> (Zweitwertung: <b>kleinere BWZ-Summe<\/b>) erhalten sofort nach Beendigung einen <b>kleinen saisonalen Sachpreis<\/b>. \n      <\/td>\n    <\/tr>\n    <tr>\n      <th style=\"vertical-align:top;\">Startgelder<\/th>\n      \n      <td>Es wird kein Startgeld erhoben.\n\t<\/td>\n    <\/tr>\n    <tr>\n      <th style=\"vertical-align:top;\">Info-Dienst<\/th>\n\n      <td>\u00dcber dieses Turnier wird aktuell im Internet und per Aushang berichtet. Alle das Turnier betreffende Informationen werden ausschlie\u00dflich so ver\u00f6ffentlicht.\n\t<\/td>\n    <\/tr>\n    <tr>\n      <th style=\"vertical-align:top;\">Veranstalter<\/th>\n      \n      <td>Der <a href=\"https:\/\/www.schachklub-bad-homburg.de\/\">Schachklub Bad Homburg<\/a> ist der Veranstalter dieses Turniers.\n\t<\/td>\n    <\/tr>\n    <tr>\n      <th style=\"vertical-align:top;\">Fragen?<\/th>\n      \n      <td>Eine email an den <a href=\"mailto:Turnierleiter@schachklub-bad-homburg.de\">Organisator<\/a>  wird kurzfristig beantwortet.\n\t<\/td>\n    <\/tr>\n  <\/tbody>\n<\/table>\n","protected":false},"excerpt":{"rendered":"<p>Ausschreibung Teilnehmer Rangliste Regeln Historie Ausschreibung Kurzinfo Offenes vollrundiges Tandem-Blitz-Schachturnier f\u00fcr maximal 16 2er-Teams. Bedenkzeit Die Bedenkzeit betr\u00e4gt 3 Minuten zuz\u00fcglich 2 Sekunden je Zug (Fischer). Im Falle eines zurecht reklamierten regelwidrigen Zuges gibt es - im Gegensatz zu der unpraktikablen FIDE-Regel - keine Zeitgutschrift, sondern die Partie gilt als verloren. Turniermodus Jede Mannschaft spielt <a href=\"https:\/\/www.schachklub-bad-homburg.de\/?page_id=26915\" class=\"more-link\">...weiterlesen<span class=\"screen-reader-text\"> \"Tandem-Blitz-Meisterschaft 2024, Ausschreibung\"<\/span><\/a><\/p>\n","protected":false},"author":10,"featured_media":0,"parent":26613,"menu_order":0,"comment_status":"closed","ping_status":"closed","template":"","meta":{"footnotes":""},"class_list":["post-26915","page","type-page","status-publish","h-entry","hentry","h-as-page"],"_links":{"self":[{"href":"https:\/\/www.schachklub-bad-homburg.de\/index.php?rest_route=\/wp\/v2\/pages\/26915","targetHints":{"allow":["GET"]}}],"collection":[{"href":"https:\/\/www.schachklub-bad-homburg.de\/index.php?rest_route=\/wp\/v2\/pages"}],"about":[{"href":"https:\/\/www.schachklub-bad-homburg.de\/index.php?rest_route=\/wp\/v2\/types\/page"}],"author":[{"embeddable":true,"href":"https:\/\/www.schachklub-bad-homburg.de\/index.php?rest_route=\/wp\/v2\/users\/10"}],"replies":[{"embeddable":true,"href":"https:\/\/www.schachklub-bad-homburg.de\/index.php?rest_route=%2Fwp%2Fv2%2Fcomments&post=26915"}],"version-history":[{"count":6,"href":"https:\/\/www.schachklub-bad-homburg.de\/index.php?rest_route=\/wp\/v2\/pages\/26915\/revisions"}],"predecessor-version":[{"id":26935,"href":"https:\/\/www.schachklub-bad-homburg.de\/index.php?rest_route=\/wp\/v2\/pages\/26915\/revisions\/26935"}],"up":[{"embeddable":true,"href":"https:\/\/www.schachklub-bad-homburg.de\/index.php?rest_route=\/wp\/v2\/pages\/26613"}],"wp:attachment":[{"href":"https:\/\/www.schachklub-bad-homburg.de\/index.php?rest_route=%2Fwp%2Fv2%2Fmedia&parent=26915"}],"curies":[{"name":"wp","href":"https:\/\/api.w.org\/{rel}","templated":true}]}}