{"id":26636,"date":"2024-01-02T13:21:21","date_gmt":"2024-01-02T12:21:21","guid":{"rendered":"https:\/\/www.schachklub-bad-homburg.de\/?page_id=26636"},"modified":"2024-01-02T14:02:36","modified_gmt":"2024-01-02T13:02:36","slug":"blitzmeisterschaft-2024-ausschreibung","status":"publish","type":"page","link":"https:\/\/www.schachklub-bad-homburg.de\/?page_id=26636","title":{"rendered":"Blitzmeisterschaft 2024, Ausschreibung"},"content":{"rendered":"\n<p><a href=\"https:\/\/www.schachklub-bad-homburg.de\/?page_id=26636\">Ausschreibung<\/a> <a href=\"https:\/\/www.schachklub-bad-homburg.de\/?page_id=26643\">Rangliste<\/a> <a href=\"https:\/\/www.schachklub-bad-homburg.de\/?page_id=30642\">Historie<\/a><\/p>\n\n\n\n<p><a href=\"https:\/\/www.schachklub-bad-homburg.de\/?page_id=26648\">Januar<\/a> <a href=\"https:\/\/www.schachklub-bad-homburg.de\/?page_id=26653\">Februar<\/a> <a href=\"https:\/\/www.schachklub-bad-homburg.de\/?page_id=26656\">M\u00e4rz<\/a> <a href=\"https:\/\/www.schachklub-bad-homburg.de\/?page_id=26659\">April<\/a> <a href=\"https:\/\/www.schachklub-bad-homburg.de\/?page_id=26662\">Mai<\/a> <a href=\"https:\/\/www.schachklub-bad-homburg.de\/?page_id=26666\">Juni<\/a> <a href=\"https:\/\/www.schachklub-bad-homburg.de\/?page_id=26670\">Juli<\/a> <a href=\"https:\/\/www.schachklub-bad-homburg.de\/?page_id=26674\">August<\/a> <a href=\"https:\/\/www.schachklub-bad-homburg.de\/?page_id=26678\">September<\/a> <a href=\"https:\/\/www.schachklub-bad-homburg.de\/?page_id=26682\">Oktober<\/a> <a href=\"https:\/\/www.schachklub-bad-homburg.de\/?page_id=26686\">November<\/a> <a href=\"https:\/\/www.schachklub-bad-homburg.de\/?page_id=26690\">Dezember<\/a><\/p>\n\n\n\n<h3>Ausschreibung<\/h3>\n<table>\n  <tbody>\n    <tr>\n      <th style=\"vertical-align:top;\">Kurzinfo<\/th>\n      <td>Blitzturniere (weitgehend nach FIDE-Regeln) <b>vollrundig oder nach Schweizer System<\/b> am letzten Spielabend-Freitag im Monat.<\/td>\n    <\/tr>\n    <tr>\n      <th style=\"vertical-align:top;\">Bedenkzeit<\/th>\n      <td><b>3 Minuten plus 2 Sekunden<\/b> pro Zug (Fischer-Modus) je Spieler und Partie. Im Falle eines zurecht reklamierten regelwidrigen Zuges \ngibt es - im Gegensatz zu der unpraktikablen FIDE-Regel - keine Zeitgutschrift, sondern es wird verfahren wie nach dem zweiten solchen Fall.<\/td>\n    <\/tr>\n    <tr>\n      <th style=\"vertical-align:top;\">Spielort<\/th>\n      <td>In der Regel wird im Vereinshaus Gonzenheim gespielt, eine <a href=\"https:\/\/www.schachklub-bad-homburg.de\/?page_id=3776\">Anfahrtskizze<\/a> \nist unter den Kontaktdaten zu finden.<\/td>\n    <\/tr>\n    <tr>\n      <th style=\"vertical-align:top;\">Spielbeginn, Meldeschluss<\/th>\n      <td>Turnierbeginn ist jeweils <b>p\u00fcnktlich um 20:15 Uhr<\/b>, Meldeschluss ist unmittelbar davor. Wer zu sp\u00e4t kommt hat kein Recht auf Teilnahme!<\/td>\n    <\/tr>\n    <tr>\n      <th style=\"vertical-align:top;\">Teilnehmer<\/th>\n      <td>Das Turnier ist offen f\u00fcr alle Schachspieler.<\/td>\n    <\/tr>\n    <tr>\n      <th style=\"vertical-align:top;\">Spieltage<\/th>\n      <td>Es wird monatlich von Januar 2024 bis Dezember 2024 in der Regel jeweils am letzten Freitag des Monats gespielt, jedoch gibt es Ausnahmen durch Feiertage etc. \n\u00dcber aktuelle Verlegungen informiert der <a href=\"https:\/\/www.schachklub-bad-homburg.de\/?page_id=28780\">Terminkalender<\/a>.<\/td>\n    <\/tr>\n    <tr>\n      <th style=\"vertical-align:top;\">Rangliste f\u00fcr die Jahreswertung<\/th>\n      <td>Alle Turniere werden f\u00fcr die Ermittlung der Jahreswertung herangezogen. F\u00fcr den 1.Platz eines Monatsturniers gibt es 13 Punkte, f\u00fcr den 2.Platz 12 Punkte usw.; \nab dem 13. Platz gibt es je 1 Punkt.<br>Belegen mehrere Spieler den gleichen Platz, erhalten sie die gleiche (hohe) Punktzahl. Die <b>Summe der besten 8 Wertungen<\/b> \nje Teilnehmer bestimmt die Rangfolge. \nBei Gleichstand um den 1., 2. oder 3. Platz erfolgt zun\u00e4chst ein Stichkampfturnier \u00fcber soviele Runden, dass jeder Spieler mindestens 6 Partien spielt; \ndanach ggf. einrundige Stichkampfturniere bis zur Entscheidung. Die anf\u00e4nglichen Farben werden dabei gelost, danach nach M\u00f6glichkeit immer gewechselt.\n<br>Die Summe der in allen Turnieren <b>gegen dabei besser platzierte Gegner<\/b> erzielten Punkte bestimmt die Rangliste der <b>Favoritenschrecke<\/b>.\nIm <b>Dezember-Turnier<\/b> erhalten alle Teilnehmer <b>zwei Wertungspunkte und einen Favoritenschreckpunkt zus\u00e4tzlich!<\/b><\/td>\n    <\/tr>\n    <tr>\n      <th style=\"vertical-align:top;\">Preise<\/th>\n      <td>Der <b>Sieger der Jahreswertung 2024<\/b> erh\u00e4lt einen Pokal, die ersten 3 je eine Urkunde sowie ein Preisgeld in H\u00f6he von 60 &euro; f\u00fcr den Sieger, 40 &euro; \nf\u00fcr den Zweiten und 20 &euro; f\u00fcr den Dritten.<br>F\u00fcr die <b>zwei gr\u00f6\u00dften Favoritenschrecke<\/b> der Jahreswertung gibt es 20 bzw. 10 &euro;.<br>Der <b>Monatsbeste<\/b> \ndes (knappen) unteren Drittels der Start-Rangliste nach Spielst\u00e4rke erh\u00e4lt sofort nach dem Turnierende einen kleinen Sachpreis.\nDiese <b>Spielst\u00e4rke (\"BWZ\") <\/b>wird - beginnend mit der g\u00fcltigen (oder notfalls gesch\u00e4tzten) DWZ bei den Teilnahmen an den Monatsturnieren - nach Methoden \nder DWZ-Ermittling fortlaufend gef\u00fchrt.<\/td>\n    <\/tr>\n    <tr>\n      <th style=\"vertical-align:top;\">Spielmodus<\/th>\n      <td>Treten <b>mehr als 18 Spieler<\/b> zu einem Termin an, so werden <b>13 Runden nach Schweizer System<\/b> (ohne Feinwertung) gespielt. \nBei <b>weniger als 7 Teilnehmern wird doppelrundig<\/b> gespielt. Ansonsten wird vollrundig gespielt.<\/td>\n    <\/tr>\n    <tr>\n      <th style=\"vertical-align:top;\">Startgelder<\/th>\n      <td>Es wird kein Startgeld erhoben.<\/td>\n    <\/tr>\n    <tr>\n      <th style=\"vertical-align:top;\">Info-Dienst<\/th>\n      <td>\u00dcber dieses Turnier und den Fortschritt der einzelnen Teilnehmer wird aktuell im Internet und per Aushang berichtet.<\/td>\n    <\/tr>\n    <tr>\n      <th style=\"vertical-align:top;\">Veranstalter<\/th>\n      <td>Der <a href=\"https:\/\/www.schachklub-bad-homburg.de\/\">Schachklub Bad Homburg<\/a> ist der Veranstalter dieses Turniers.<\/td>\n    <\/tr>\n  <\/tbody>\n<\/table>\n","protected":false},"excerpt":{"rendered":"<p>Ausschreibung Rangliste Historie Januar Februar M\u00e4rz April Mai Juni Juli August September Oktober November Dezember Ausschreibung Kurzinfo Blitzturniere (weitgehend nach FIDE-Regeln) vollrundig oder nach Schweizer System am letzten Spielabend-Freitag im Monat. Bedenkzeit 3 Minuten plus 2 Sekunden pro Zug (Fischer-Modus) je Spieler und Partie. Im Falle eines zurecht reklamierten regelwidrigen Zuges gibt es - im <a href=\"https:\/\/www.schachklub-bad-homburg.de\/?page_id=26636\" class=\"more-link\">...weiterlesen<span class=\"screen-reader-text\"> \"Blitzmeisterschaft 2024, Ausschreibung\"<\/span><\/a><\/p>\n","protected":false},"author":10,"featured_media":0,"parent":26613,"menu_order":0,"comment_status":"closed","ping_status":"closed","template":"","meta":{"footnotes":""},"class_list":["post-26636","page","type-page","status-publish","h-entry","hentry","h-as-page"],"_links":{"self":[{"href":"https:\/\/www.schachklub-bad-homburg.de\/index.php?rest_route=\/wp\/v2\/pages\/26636","targetHints":{"allow":["GET"]}}],"collection":[{"href":"https:\/\/www.schachklub-bad-homburg.de\/index.php?rest_route=\/wp\/v2\/pages"}],"about":[{"href":"https:\/\/www.schachklub-bad-homburg.de\/index.php?rest_route=\/wp\/v2\/types\/page"}],"author":[{"embeddable":true,"href":"https:\/\/www.schachklub-bad-homburg.de\/index.php?rest_route=\/wp\/v2\/users\/10"}],"replies":[{"embeddable":true,"href":"https:\/\/www.schachklub-bad-homburg.de\/index.php?rest_route=%2Fwp%2Fv2%2Fcomments&post=26636"}],"version-history":[{"count":6,"href":"https:\/\/www.schachklub-bad-homburg.de\/index.php?rest_route=\/wp\/v2\/pages\/26636\/revisions"}],"predecessor-version":[{"id":26695,"href":"https:\/\/www.schachklub-bad-homburg.de\/index.php?rest_route=\/wp\/v2\/pages\/26636\/revisions\/26695"}],"up":[{"embeddable":true,"href":"https:\/\/www.schachklub-bad-homburg.de\/index.php?rest_route=\/wp\/v2\/pages\/26613"}],"wp:attachment":[{"href":"https:\/\/www.schachklub-bad-homburg.de\/index.php?rest_route=%2Fwp%2Fv2%2Fmedia&parent=26636"}],"curies":[{"name":"wp","href":"https:\/\/api.w.org\/{rel}","templated":true}]}}