{"id":26613,"date":"2024-01-01T08:57:11","date_gmt":"2024-01-01T07:57:11","guid":{"rendered":"https:\/\/www.schachklub-bad-homburg.de\/?page_id=26613"},"modified":"2024-11-09T08:04:53","modified_gmt":"2024-11-09T07:04:53","slug":"veranstaltungen-2024","status":"publish","type":"page","link":"https:\/\/www.schachklub-bad-homburg.de\/?page_id=26613","title":{"rendered":"Veranstaltungen 2024"},"content":{"rendered":"\n<p>Wie in jedem Jahr bietet der Schachklub Bad Homburg die M\u00f6glichkeit zur Teilnahme an vielf\u00e4ltigen Veranstaltungen an.<\/p>\n\n\n\n<p>Freies Spiel wie Wettkampfatmosph\u00e4re, f\u00fcr Anf\u00e4nger wie f\u00fcr erfahrene Turnierhasen, Blitzschach wie Turnierpartien, Interne wie externe Turniere, f\u00fcr jeden Schachinteressierten ist etwas dabei!<\/p>\n\n\n\n<h3 class=\"wp-block-heading\">Mannschaftsk\u00e4mpfe<\/h3>\n\n\n\n<p>Der Schachklub nimmt sowohl im Erwachsenen-Bereich als auch im Jugendbereich an Liga-Wettk\u00e4mpfen teil. Dabei ist von Kreisklasse bis Oberliga (= 3 Ebene bundesweit) alles dabei - jeder findet also Teams f\u00fcr seine Spielst\u00e4rke.<\/p>\n\n\n\n<p>N\u00e4here Informationen und Tabellen:<\/p>\n\n\n\n<ul class=\"wp-block-list\">\n<li><a href=\"https:\/\/www.schachklub-bad-homburg.de\/?page_id=8056\">Ligabetrieb Erwachsene<\/a><\/li>\n\n\n\n\n<li><a href=\"http:\/\/www.schachklub-bad-homburg.de\/LigaOrakel.php\">Das LigaOrakel<\/a><\/li>\n<\/ul>\n\n\n\n<h3 class=\"wp-block-heading\">Vereinsturniere<\/h3>\n\n\n\n<p>S\u00e4mtliche Turniere stehen i.a. auch G\u00e4sten offen. Anfragen bitte an den <a href=\"mailto:turnierleiter@schachklub-bad-homburg.de\">Turnierleiter<\/a>.<\/p>\n\n\n\n<ul class=\"wp-block-list\">\n<li><a href=\"https:\/\/www.schachklub-bad-homburg.de\/?page_id=28670\" data-type=\"page\" data-id=\"22053\">Vereinsmeisterschaft<\/a> (Schweizer System, 2 Gruppen)<\/li>\n\n\n\n<li><a href=\"https:\/\/www.schachklub-bad-homburg.de\/?page_id=27355\">Pokalturnier<\/a> (KO-System)<\/li>\n\n\n\n<li><a href=\"https:\/\/www.schachklub-bad-homburg.de\/?page_id=29443\">Turnier-Simultan<\/a> (10 Spieler gleichzeitig jeder gegen jeden - Turnierbedenkzeit)<\/li>\n\n\n\n<li><a href=\"https:\/\/www.schachklub-bad-homburg.de\/?page_id=27955\">Schnellschach-Meisterschaft<\/a> (Bronstein-Modus)<\/li>\n\n\n\n<li><a href=\"https:\/\/www.schachklub-bad-homburg.de\/?page_id=26643\">Blitzmeisterschaft<\/a> (monatlich mit Gesamtwertung)<\/li>\n\n\n\n<li><a href=\"https:\/\/www.schachklub-bad-homburg.de\/?page_id=27136\">Chess960-Meisterschaft<\/a> (Schnellschach)<\/li>\n\n\n\n<li><a href=\"https:\/\/www.schachklub-bad-homburg.de\/?page_id=26795\">Jugend-Meisterschaft<\/a> (Kinder und Jugendliche)<\/li>\n\n\n\n<li><a href=\"https:\/\/www.schachklub-bad-homburg.de\/?page_id=26808\">Jugend-Blitz-Meisterschaft<\/a> (Kinder und Jugendliche)<\/li>\n\n\n\n<li><a href=\"https:\/\/www.schachklub-bad-homburg.de\/?page_id=27385\">Senioren-Meisterschaft<\/a> (Rundenturnier oder Schweizer System)<\/li>\n\n\n\n<li><a href=\"https:\/\/www.schachklub-bad-homburg.de\/?page_id=26923\">Tandem-Meisterschaft<\/a> (an Fasching)<\/li>\n\n\n\n<li><a href=\"https:\/\/www.schachklub-bad-homburg.de\/?page_id=27514\">Fr\u00fchsommer-Cup<\/a><\/li>\n\n\n\n<li><a href=\"https:\/\/www.schachklub-bad-homburg.de?p=28780\">Termin\u00fcbersicht<\/a><\/li>\n\n\n\n<li><a href=\"https:\/\/www.schachklub-bad-homburg.de?p=30642\">Siegerlisten<\/a> der vergangenen Jahre<\/li>\n<\/ul>\n\n\n\n<h3 class=\"wp-block-heading\">Training<\/h3>\n\n\n\n<ul class=\"wp-block-list\">\n<li><a href=\"https:\/\/www.schachklub-bad-homburg.de\/?page_id=26622\">Jugendarbeit<\/a><\/li>\n\n\n\n<li><a href=\"http:\/\/www.schachklub-bad-homburg.de?p=6439\">Training und Kurse f\u00fcr Erwachsene<\/a><\/li>\n<\/ul>\n\n\n\n<h3 class=\"wp-block-heading\">Eigene Turniere<\/h3>\n\n\n\n<ul class=\"wp-block-list\">\n<li><a href=\"http:\/\/www.rhein-main-open.de\">Rhein-Main-Open<\/a>: Ein gro\u00dfes hessisches und j\u00e4hrliches Open um Fronleichnam in Bad Homburg<\/li>\n\n\n\n<li><a href=\"http:\/\/www.bad-homburg-open.de\/chronik\/2024\/hgo_frameset.htm\">Jugend-DWZ-Cup<\/a>: Jugendturnier in 10 gleichstarken 4er-Gruppen<\/li>\n<\/ul>\n\n\n\n<h3 class=\"wp-block-heading\">Historische GM-Turniere<\/h3>\n\n\n\n<ul class=\"wp-block-list\">\n<li><a href=\"http:\/\/www.schachklub-bad-homburg.de?p=3871\">Damen-GM-Turnier 2007<\/a>: Die Deutsche Damen-Nationalmannschaft im Vergleich mit internationalen G\u00e4sten<\/li>\n\n\n\n<li><a href=\"http:\/\/www.bad-homburg-open.de\/chronik\/2006\/hgo_frameset.htm\">Offene Bad Homburger Stadtmeisterschaft 2006<\/a>: Schnellschachmeisterschaft mit internationaler Besetzung<\/li>\n\n\n\n<li><a href=\"NoneWP\/sen-ec\/index.htm\">Europ\u00e4ische Seniorenmeisterschaft 2005<\/a><\/li>\n\n\n\n<li><a href=\"http:\/\/www.ebc.de\/gmturnier98\">Internationales Gro\u00dfmeisterturnier<\/a> (zuletzt 1998)<\/li>\n<\/ul>\n\n\n\n<h3 class=\"wp-block-heading\">Fremde Veranstaltungen<\/h3>\n\n\n\n<ul class=\"wp-block-list\">\n<li><a href=\"http:\/\/hessische.schach-chroniken.net\/turnierangebot_50000.htm\" target=\"_blank\" rel=\"noreferrer noopener\">Turnierangebot im Hessischen Schachverband<\/a><\/li>\n\n\n\n<li><a href=\"http:\/\/bezirk-frankfurt.schach-chroniken.net\/turnierangebot_55000.htm\" target=\"_blank\" rel=\"noreferrer noopener\">Turnierangebot im Bezirk Frankfurt<\/a><\/li>\n\n\n\n<li><a href=\"http:\/\/fruehjahrsopen.sv1920hofheim.de\/2017\/startseite.php\" target=\"_blank\" rel=\"noreferrer noopener\">Fr\u00fchjahrsopen Hofheim<\/a><\/li>\n\n\n\n<li><a href=\"http:\/\/www.schach-chroniken.net\/hso\/hso_historie.htm\" target=\"_blank\" rel=\"noreferrer noopener\">Heusenstamm-Open<\/a><\/li>\n\n\n\n<li><a href=\"http:\/\/www.schlosspark-open.de\/?q=taxonomy\/term\/19\" target=\"_blank\" rel=\"noreferrer noopener\">Schlosspark-Open Wiesbaden<\/a><\/li>\n\n\n\n<li><a href=\"http:\/\/www.schachverein-fechenheim.de\" target=\"_blank\" rel=\"noreferrer noopener\">Siegfried-Weber-Gedenkturnier<\/a>: Schnellschach in Fechenheim<\/li>\n\n\n\n<li><a href=\"https:\/\/www.schachbund.de\/dem-aerzte.html\" target=\"_blank\" rel=\"noreferrer noopener\">Deutsche \u00c4rzte Meisterschaft<\/a>: Finden oft in Bad Homburg statt<\/li>\n<\/ul>\n","protected":false},"excerpt":{"rendered":"<p>Wie in jedem Jahr bietet der Schachklub Bad Homburg die M\u00f6glichkeit zur Teilnahme an vielf\u00e4ltigen Veranstaltungen an. Freies Spiel wie Wettkampfatmosph\u00e4re, f\u00fcr Anf\u00e4nger wie f\u00fcr erfahrene Turnierhasen, Blitzschach wie Turnierpartien, Interne wie externe Turniere, f\u00fcr jeden Schachinteressierten ist etwas dabei! Mannschaftsk\u00e4mpfe Der Schachklub nimmt sowohl im Erwachsenen-Bereich als auch im Jugendbereich an Liga-Wettk\u00e4mpfen teil. Dabei <a href=\"https:\/\/www.schachklub-bad-homburg.de\/?page_id=26613\" class=\"more-link\">...weiterlesen<span class=\"screen-reader-text\"> \"Veranstaltungen 2024\"<\/span><\/a><\/p>\n","protected":false},"author":2,"featured_media":0,"parent":0,"menu_order":72,"comment_status":"closed","ping_status":"closed","template":"","meta":{"footnotes":""},"class_list":["post-26613","page","type-page","status-publish","h-entry","hentry","h-as-page"],"_links":{"self":[{"href":"https:\/\/www.schachklub-bad-homburg.de\/index.php?rest_route=\/wp\/v2\/pages\/26613","targetHints":{"allow":["GET"]}}],"collection":[{"href":"https:\/\/www.schachklub-bad-homburg.de\/index.php?rest_route=\/wp\/v2\/pages"}],"about":[{"href":"https:\/\/www.schachklub-bad-homburg.de\/index.php?rest_route=\/wp\/v2\/types\/page"}],"author":[{"embeddable":true,"href":"https:\/\/www.schachklub-bad-homburg.de\/index.php?rest_route=\/wp\/v2\/users\/2"}],"replies":[{"embeddable":true,"href":"https:\/\/www.schachklub-bad-homburg.de\/index.php?rest_route=%2Fwp%2Fv2%2Fcomments&post=26613"}],"version-history":[{"count":14,"href":"https:\/\/www.schachklub-bad-homburg.de\/index.php?rest_route=\/wp\/v2\/pages\/26613\/revisions"}],"predecessor-version":[{"id":29633,"href":"https:\/\/www.schachklub-bad-homburg.de\/index.php?rest_route=\/wp\/v2\/pages\/26613\/revisions\/29633"}],"wp:attachment":[{"href":"https:\/\/www.schachklub-bad-homburg.de\/index.php?rest_route=%2Fwp%2Fv2%2Fmedia&parent=26613"}],"curies":[{"name":"wp","href":"https:\/\/api.w.org\/{rel}","templated":true}]}}