{"id":25397,"date":"2023-07-22T08:24:58","date_gmt":"2023-07-22T06:24:58","guid":{"rendered":"https:\/\/www.schachklub-bad-homburg.de\/?page_id=25397"},"modified":"2023-09-02T18:15:02","modified_gmt":"2023-09-02T16:15:02","slug":"vereinsmeisterschaft-2023-teilnehmer-alphabetisch","status":"publish","type":"page","link":"https:\/\/www.schachklub-bad-homburg.de\/?page_id=25397","title":{"rendered":"Vereinsmeisterschaft 2023, Teilnehmer (alphabetisch)"},"content":{"rendered":"\n<p><a href=\"https:\/\/www.schachklub-bad-homburg.de\/?page_id=25392\">Ausschreibung<\/a> <a href=\"https:\/\/www.schachklub-bad-homburg.de\/?page_id=25397\">Teilnehmer (alphabetisch<\/a>) <a href=\"https:\/\/www.schachklub-bad-homburg.de\/?page_id=25400\">Teilnehmer (DWZ)<\/a> <a href=\"https:\/\/www.schachklub-bad-homburg.de\/?page_id=25403\">Paarungen<\/a> <a href=\"https:\/\/www.schachklub-bad-homburg.de\/?page_id=25406\">Tabelle<\/a> <a href=\"https:\/\/www.schachklub-bad-homburg.de\/?page_id=30642\">Historie<\/a><\/p>\n\n\n\n<h3>Gruppe A<\/h3>\n<table>\n<tr><th style = \"text-align: center;\" width = \"30\">Nr.<\/th><th style = \"text-align: left;\" width = \"200\">Name<\/th><th style = \"text-align: center;\"  width = \"40\">DWZ<\/th><\/tr>\n<tr><td style = \"text-align: center;\">1<\/td><td>B\u00f6rsch, Dieter<\/td><td style = \"text-align: center;\">1634<\/td><\/tr>\n<tr><td style = \"text-align: center;\">2<\/td><td>Faqiry, Ramat<\/td><td style = \"text-align: center;\">1936<\/td><\/tr>\n<tr><td style = \"text-align: center;\">3<\/td><td>Gebauer, Wolfgang<\/td><td style = \"text-align: center;\">1764<\/td><\/tr>\n<tr><td style = \"text-align: center;\">4<\/td><td>Geyer, Stephan<\/td><td style = \"text-align: center;\">1709<\/td><\/tr>\n<tr><td style = \"text-align: center;\">5<\/td><td>G\u00f6bel, Ansgar<\/td><td style = \"text-align: center;\">1737<\/td><\/tr>\n<tr><td style = \"text-align: center;\">6<\/td><td>Gold, Jan<\/td><td style = \"text-align: center;\">1967<\/td><\/tr>\n<tr><td style = \"text-align: center;\">7<\/td><td>Heiming, Helmut<\/td><td style = \"text-align: center;\">1879<\/td><\/tr>\n<tr><td style = \"text-align: center;\">8<\/td><td>Hettinger, Heinrich<\/td><td style = \"text-align: center;\">1696<\/td><\/tr>\n<tr><td style = \"text-align: center;\">9<\/td><td>Horz, J\u00fcrgen<\/td><td style = \"text-align: center;\">1789<\/td><\/tr>\n<tr><td style = \"text-align: center;\">10<\/td><td>Knuplesch, Ulrich<\/td><td style = \"text-align: center;\">1533<\/td><\/tr>\n<tr><td style = \"text-align: center;\">11<\/td><td>Lebermann, Hellmuth<\/td><td style = \"text-align: center;\">1796<\/td><\/tr>\n<tr><td style = \"text-align: center;\">12<\/td><td>Lenhart, Paul<\/td><td style = \"text-align: center;\">1867<\/td><\/tr>\n<tr><td style = \"text-align: center;\">13<\/td><td>Lenz, Jonas<\/td><td style = \"text-align: center;\">2118<\/td><\/tr>\n<tr><td style = \"text-align: center;\">14<\/td><td>Mandalka, Justus<\/td><td style = \"text-align: center;\">1862<\/td><\/tr>\n<tr><td style = \"text-align: center;\">15<\/td><td>Miyake, Pedro<\/td><td style = \"text-align: center;\">1737<\/td><\/tr>\n<tr><td style = \"text-align: center;\">16<\/td><td>Negru, Maximilian<\/td><td style = \"text-align: center;\">1568<\/td><\/tr>\n<tr><td style = \"text-align: center;\">17<\/td><td>Pichl, Christoph<\/td><td style = \"text-align: center;\">1708<\/td><\/tr>\n<tr><td style = \"text-align: center;\">18<\/td><td>Reimer, Otto<\/td><td style = \"text-align: center;\">1692<\/td><\/tr>\n<tr><td style = \"text-align: center;\">19<\/td><td>Schmidt, Walter<\/td><td style = \"text-align: center;\">2162<\/td><\/tr>\n<tr><td style = \"text-align: center;\">20<\/td><td>Schneider, Felix<\/td><td style = \"text-align: center;\">1650<sup>(*)<\/sup><\/td><\/tr>\n\n<\/table>\n<font size=\"-2\"><sup>(*)<\/sup> gesch\u00e4tzt<\/font>\n\n<h3>Gruppe B<\/h3>\n<table>\n<tr><th style = \"text-align: center;\" width = \"30\">Nr.<\/th><th style = \"text-align: left;\" width = \"200\">Name<\/th><th style = \"text-align: center;\"  width = \"40\">DWZ<\/th><\/tr>\n<tr><td style = \"text-align: center;\">1<\/td><td>Benz, J\u00fcrgen<\/td><td style = \"text-align: center;\">1517<\/td><\/tr>\n<tr><td style = \"text-align: center;\">2<\/td><td>Glavev, Danail<\/td><td style = \"text-align: center;\">1484<\/td><\/tr>\n<tr><td style = \"text-align: center;\">3<\/td><td>G\u00fcttler, Matthias<\/td><td style = \"text-align: center;\">1373<\/td><\/tr>\n<tr><td style = \"text-align: center;\">4<\/td><td>Hasenpflug, Till<\/td><td style = \"text-align: center;\">1440<\/td><\/tr>\n<tr><td style = \"text-align: center;\">5<\/td><td>Hees, Robin<\/td><td style = \"text-align: center;\">1231<\/td><\/tr>\n<tr><td style = \"text-align: center;\">6<\/td><td>Hilbenz, Philipp<\/td><td style = \"text-align: center;\">1079<\/td><\/tr>\n<tr><td style = \"text-align: center;\">7<\/td><td>Kesavan, Sarvesh<\/td><td style = \"text-align: center;\">1269<\/td><\/tr>\n<tr><td style = \"text-align: center;\">8<\/td><td>Knittel, Michael<\/td><td style = \"text-align: center;\">1513<\/td><\/tr>\n<tr><td style = \"text-align: center;\">9<\/td><td>Peter, Jan<\/td><td style = \"text-align: center;\">1226<\/td><\/tr>\n<tr><td style = \"text-align: center;\">10<\/td><td>Pichl, Johann<\/td><td style = \"text-align: center;\">1453<\/td><\/tr>\n<tr><td style = \"text-align: center;\">11<\/td><td>Pishnograev, Ilya<\/td><td style = \"text-align: center;\">1393<\/td><\/tr>\n<tr><td style = \"text-align: center;\">12<\/td><td>Schaack, Frank<\/td><td style = \"text-align: center;\">918<\/td><\/tr>\n<tr><td style = \"text-align: center;\">13<\/td><td>Schrader, Mathias<\/td><td style = \"text-align: center;\">1556<\/td><\/tr>\n<tr><td style = \"text-align: center;\">14<\/td><td>Sthapit, Adam<\/td><td style = \"text-align: center;\">760<sup>(*)<\/sup><\/td><\/tr>\n<tr><td style = \"text-align: center;\">15<\/td><td>Teggers, Niklas<\/td><td style = \"text-align: center;\">1354<\/td><\/tr>\n<tr><td style = \"text-align: center;\">16<\/td><td>Thaler, Regina<\/td><td style = \"text-align: center;\">1128<\/td><\/tr>\n<tr><td style = \"text-align: center;\">17<\/td><td>Zhao, Yunsheng<\/td><td style = \"text-align: center;\">1442<\/td><\/tr>\n\n<\/table>\n<font size=\"-2\"><sup>(*)<\/sup> gesch\u00e4tzt<\/font>\n\n\n\n<p><\/p>\n","protected":false},"excerpt":{"rendered":"<p>Ausschreibung Teilnehmer (alphabetisch) Teilnehmer (DWZ) Paarungen Tabelle Historie Gruppe A Nr. Name DWZ 1 B\u00f6rsch, Dieter 1634 2 Faqiry, Ramat 1936 3 Gebauer, Wolfgang 1764 4 Geyer, Stephan 1709 5 G\u00f6bel, Ansgar 1737 6 Gold, Jan 1967 7 Heiming, Helmut 1879 8 Hettinger, Heinrich 1696 9 Horz, J\u00fcrgen 1789 10 Knuplesch, Ulrich 1533 11 Lebermann, <a href=\"https:\/\/www.schachklub-bad-homburg.de\/?page_id=25397\" class=\"more-link\">...weiterlesen<span class=\"screen-reader-text\"> \"Vereinsmeisterschaft 2023, Teilnehmer (alphabetisch)\"<\/span><\/a><\/p>\n","protected":false},"author":10,"featured_media":0,"parent":25392,"menu_order":0,"comment_status":"closed","ping_status":"closed","template":"","meta":{"footnotes":""},"class_list":["post-25397","page","type-page","status-publish","h-entry","hentry","h-as-page"],"_links":{"self":[{"href":"https:\/\/www.schachklub-bad-homburg.de\/index.php?rest_route=\/wp\/v2\/pages\/25397","targetHints":{"allow":["GET"]}}],"collection":[{"href":"https:\/\/www.schachklub-bad-homburg.de\/index.php?rest_route=\/wp\/v2\/pages"}],"about":[{"href":"https:\/\/www.schachklub-bad-homburg.de\/index.php?rest_route=\/wp\/v2\/types\/page"}],"author":[{"embeddable":true,"href":"https:\/\/www.schachklub-bad-homburg.de\/index.php?rest_route=\/wp\/v2\/users\/10"}],"replies":[{"embeddable":true,"href":"https:\/\/www.schachklub-bad-homburg.de\/index.php?rest_route=%2Fwp%2Fv2%2Fcomments&post=25397"}],"version-history":[{"count":25,"href":"https:\/\/www.schachklub-bad-homburg.de\/index.php?rest_route=\/wp\/v2\/pages\/25397\/revisions"}],"predecessor-version":[{"id":25653,"href":"https:\/\/www.schachklub-bad-homburg.de\/index.php?rest_route=\/wp\/v2\/pages\/25397\/revisions\/25653"}],"up":[{"embeddable":true,"href":"https:\/\/www.schachklub-bad-homburg.de\/index.php?rest_route=\/wp\/v2\/pages\/25392"}],"wp:attachment":[{"href":"https:\/\/www.schachklub-bad-homburg.de\/index.php?rest_route=%2Fwp%2Fv2%2Fmedia&parent=25397"}],"curies":[{"name":"wp","href":"https:\/\/api.w.org\/{rel}","templated":true}]}}