{"id":25392,"date":"2023-07-22T08:19:22","date_gmt":"2023-07-22T06:19:22","guid":{"rendered":"https:\/\/www.schachklub-bad-homburg.de\/?page_id=25392"},"modified":"2023-07-22T08:34:02","modified_gmt":"2023-07-22T06:34:02","slug":"vereinsmeisterschaft-2023-ausschreibung","status":"publish","type":"page","link":"https:\/\/www.schachklub-bad-homburg.de\/?page_id=25392","title":{"rendered":"Vereinsmeisterschaft 2023, Ausschreibung"},"content":{"rendered":"\n<p><a href=\"https:\/\/www.schachklub-bad-homburg.de\/?page_id=25392\">Ausschreibung<\/a> <a href=\"https:\/\/www.schachklub-bad-homburg.de\/?page_id=25397\">Teilnehmer (alphabetisch)<\/a> <a href=\"https:\/\/www.schachklub-bad-homburg.de\/?page_id=25400\">Teilnehmer (DWZ)<\/a> <a href=\"https:\/\/www.schachklub-bad-homburg.de\/?page_id=25403\">Paarungen<\/a> <a href=\"https:\/\/www.schachklub-bad-homburg.de\/?page_id=25406\">Tabelle<\/a> <a href=\"https:\/\/www.schachklub-bad-homburg.de\/?page_id=30642\">Historie<\/a><\/p>\n\n\n\n<h3>Ausschreibung<\/h3>\n<table>\n  <tbody>\n    <tr>\n      <th style=\"vertical-align:top;\">Kurzinfo<\/th>\n\n      <td><b>Vereinsturniere in A- und B-Gruppe<\/b> mit attraktiven Preisen.<br>\nVollrundig oder nach Schweizer System je nach Beteiligung. \n       <\/td>\n    <\/tr>\n    <tr>\n      <th style=\"vertical-align:top;\">Teilnehmer<\/th>\n\n      <td><b>Ausschlie\u00dflich Vereinsmitglieder<\/b> sind teilnahmeberechtigt, in der <b>B-Gruppe <\/b> nur solche ohne DWZ oder mit einer <b>DWZ unter 1600<\/b> (Stand 25.08.2023).\n       <\/td>\n    <\/tr>\n\n    <tr>\n      <th style=\"vertical-align:top;\">Turniermodus<\/th>\n\n      <td><b>A-Gruppe:<\/b> Bei <b>bis zu 6<\/b> Teilnehmern Rundenturnier; bei <b>7 bis 15<\/b> Teilnehmern 5, bei <b>mehr als 15<\/b> Teilnehmern 6 Runden Schweizer System.<br>\n<b>B-Gruppe:<\/b>  Bei <b> weniger als 5 <\/b>Teilnehmern spielen diese im A-Turnier mit, ansonsten wie in der A-Gruppe.<br>\n<b>F\u00fcr beide Turniere<\/b> werden zun\u00e4chst 5 Runden im Terminkalender vorgesehen. \n       <\/td>\n    <\/tr>\n\n    <tr>\n      <th style=\"vertical-align:top;\">Bedenkzeit<\/th>\n\n      <td><b>A- und B-Gruppe:<\/b>Die Bedenkzeit betr\u00e4gt <b>90 Minuten zuz\u00fcglich 30 Sekunden (Fischer) je Zug<\/b> (Spielweise 12 auf den Digitaluhren DGT-XL bzw. 17 bei der DGT 2010).\n       <\/td>\n    <\/tr>\n  \n    <tr>\n      <th style=\"vertical-align:top;\">Spielort<\/th>\n\n      <td>In der Regel wird im Vereinshaus Gonzenheim gespielt (<a href=\"https:\/\/schachklub-bad-homburg.de\/?page_id=3776\">Anfahrtskizze<\/a>).\n       <\/td>\n    <\/tr>\n\n    <tr>\n      <th style=\"vertical-align:top;\">Meldeschluss<\/th>\n\n      <td>Die Anmeldung ist im Schachklub oder per E-Mail<br>\n(<b><a href=\"mailto:turnierleiter@schachklub-bad-homburg.de\">turnierleiter@schachklub-bad-homburg.de<\/a><\/b>) m\u00f6glich.<br>\nMeldeschluss ist am <b>01. September 2023 (20:00 Uhr<\/b> im Schachklub, <b>16:00<\/b> bei Anmeldung per E-Mail).\n       <\/td>\n    <\/tr>\n\n    <tr>\n      <th style=\"vertical-align:top;\">Spieltage<\/th>\n\n      <td>Es ist sp\u00e4testens um <b>20:00 Uhr<\/b> mit den Runden zu beginnen.<br>\n1. Runde: <b>08.09.2023<\/b><br>\n2. Runde: <b>20.10.2023<\/b><br>\n3. Runde: <b>17.11.2023<\/b><br>\n4. Runde: <b>15.12.2023<\/b><br>\n5. Runde: <b>19.01.2024<\/b><br>\n      <b><font color=\"red\" <b=\"\">Regelung bez\u00fcglich der Verbindlichkeit der Termine:<\/font><\/b><br>\nDie genannten Termine gelten zun\u00e4chst <b>als vereinbart!<\/b> Verlegungen sind jedoch m\u00f6glich. \nBis sp\u00e4testens 12:00 am <b>Samstag vor dem n\u00e4chsten Termin<\/b> muss dem Turnierleiter ein Ergebnis der Partie oder ein mit ihm abgestimmtes Vorgehen vorliegen - anderenfalls wird die Partie <b>mit 0:0 gewertet<\/b>. \nNur vor dem ersten Termin erhalten <b>alle Spieler die Information \u00fcber die Kontaktdaten aller m\u00f6glichen Gegner<\/b> (E-Mail-Adresse und\/oder Telefonnummer) sowie die Paarungen der ersten Runde. \nDanach obliegt <b>ihnen selbst<\/b>, die Information \u00fcber ihren n\u00e4chsten Gegner aus dem <b>Internet<\/b> oder durch den <b>Aushang im Klub<\/b> zu erfahren. \n      <\/td>\n    <\/tr>\n\n    <tr>\n      <th style=\"vertical-align:top;\">Preise<\/th>\n\n      <td><b>A-Gruppe:<\/b> Der Sieger erh\u00e4lt einen <b>Pokal<\/b>. Die ersten Drei erhalten eine Urkunde sowie ein Preisgeld in H\u00f6he von <b>100 \u20ac<\/b> f\u00fcr den Sieger, <b>50 \u20ac<\/b> f\u00fcr den Zweiten und <b>25 \u20ac<\/b> f\u00fcr den Dritten.<br>\nDie Geldpreise werden bei Punktgleichheit nach dem <b>Hort-System<\/b> vergeben. F\u00fcr die Platzierung wird als Zweitwertung die Turnierleistung (DWZ) herangezogen.<br>\nF\u00fcr die drei st\u00e4rksten Verbesserer (massgeblich ist daf\u00fcr die Differenz zwischen alter DWZ und ihrer Turnierleistung) gibt es <b>weitere Geldpreise<\/b> in H\u00f6he von <b>40, 20 und 10 \u20ac<\/b>.<br>\n<b>B-Gruppe:<\/b> Der Sieger erh\u00e4lt einen <b>Pokal<\/b>. Die ersten Drei erhalten eine Urkunde sowie ein Preisgeld in H\u00f6he von <b>60 \u20ac<\/b> f\u00fcr den Sieger, <b>30 \u20ac<\/b> f\u00fcr den Zweiten und <b>20 \u20ac<\/b> f\u00fcr den Dritten.<br>\nVergabe der Geldpreise nach dem <b>Hort-System<\/b> und Zweitwertung erfolgen wie in der A-Gruppe.\n       <\/td>\n    <\/tr>\n\n   <tr>\n      <th style=\"vertical-align:top;\">Sonstiges<\/th>\n\n      <td>F\u00fcr die Turniere erfolgt <b>keine DWZ-Wertung<\/b>. Allerdings wird die DWZ-Auswertung des Turnierprogramms f\u00fcr Zweitwertung und Sonderpreise (s.o.) verwendet.<br>\n\u00dcber dieses Turnier wird <b>per Aushang<\/b> in den Vereinsr\u00e4umen sowie aktuell <b>im Internet<\/b> berichtet.<br>\nDer <a href=\"http:\/\/www.schachklub-bad-homburg.de\/\">Schachklub Bad Homburg<\/a> ist der Veranstalter dieses Turniers.<br>\nBei <b>Fragen<\/b> reicht eine <a href=\"mailto:turnierleiter@schachklub-bad-homburg.de\">Mail-Nachricht<\/a> an den Turnierleiter, die kurzfristig beantwortet wird!\n       <\/td>\n    <\/tr>\n  <\/tbody>\n<\/table>\n\n\n\n<p><\/p>\n","protected":false},"excerpt":{"rendered":"<p>Ausschreibung Teilnehmer (alphabetisch) Teilnehmer (DWZ) Paarungen Tabelle Historie Ausschreibung Kurzinfo Vereinsturniere in A- und B-Gruppe mit attraktiven Preisen. Vollrundig oder nach Schweizer System je nach Beteiligung. Teilnehmer Ausschlie\u00dflich Vereinsmitglieder sind teilnahmeberechtigt, in der B-Gruppe nur solche ohne DWZ oder mit einer DWZ unter 1600 (Stand 25.08.2023). Turniermodus A-Gruppe: Bei bis zu 6 Teilnehmern Rundenturnier; bei <a href=\"https:\/\/www.schachklub-bad-homburg.de\/?page_id=25392\" class=\"more-link\">...weiterlesen<span class=\"screen-reader-text\"> \"Vereinsmeisterschaft 2023, Ausschreibung\"<\/span><\/a><\/p>\n","protected":false},"author":10,"featured_media":0,"parent":23445,"menu_order":0,"comment_status":"closed","ping_status":"closed","template":"","meta":{"footnotes":""},"class_list":["post-25392","page","type-page","status-publish","h-entry","hentry","h-as-page"],"_links":{"self":[{"href":"https:\/\/www.schachklub-bad-homburg.de\/index.php?rest_route=\/wp\/v2\/pages\/25392","targetHints":{"allow":["GET"]}}],"collection":[{"href":"https:\/\/www.schachklub-bad-homburg.de\/index.php?rest_route=\/wp\/v2\/pages"}],"about":[{"href":"https:\/\/www.schachklub-bad-homburg.de\/index.php?rest_route=\/wp\/v2\/types\/page"}],"author":[{"embeddable":true,"href":"https:\/\/www.schachklub-bad-homburg.de\/index.php?rest_route=\/wp\/v2\/users\/10"}],"replies":[{"embeddable":true,"href":"https:\/\/www.schachklub-bad-homburg.de\/index.php?rest_route=%2Fwp%2Fv2%2Fcomments&post=25392"}],"version-history":[{"count":4,"href":"https:\/\/www.schachklub-bad-homburg.de\/index.php?rest_route=\/wp\/v2\/pages\/25392\/revisions"}],"predecessor-version":[{"id":25409,"href":"https:\/\/www.schachklub-bad-homburg.de\/index.php?rest_route=\/wp\/v2\/pages\/25392\/revisions\/25409"}],"up":[{"embeddable":true,"href":"https:\/\/www.schachklub-bad-homburg.de\/index.php?rest_route=\/wp\/v2\/pages\/23445"}],"wp:attachment":[{"href":"https:\/\/www.schachklub-bad-homburg.de\/index.php?rest_route=%2Fwp%2Fv2%2Fmedia&parent=25392"}],"curies":[{"name":"wp","href":"https:\/\/api.w.org\/{rel}","templated":true}]}}