{"id":24612,"date":"2023-04-14T17:31:26","date_gmt":"2023-04-14T15:31:26","guid":{"rendered":"https:\/\/www.schachklub-bad-homburg.de\/?page_id=24612"},"modified":"2023-04-14T17:46:40","modified_gmt":"2023-04-14T15:46:40","slug":"schnellschach-meisterschaft-2023-ausschreibung-2","status":"publish","type":"page","link":"https:\/\/www.schachklub-bad-homburg.de\/?page_id=24612","title":{"rendered":"Schnellschach-Meisterschaft 2023, Ausschreibung"},"content":{"rendered":"\n<p><a href=\"https:\/\/www.schachklub-bad-homburg.de\/?page_id=24612\">Ausschreibung<\/a> <a href=\"https:\/\/www.schachklub-bad-homburg.de\/?page_id=24617\">Teilnehmer (alphabetisch)<\/a> <a href=\"https:\/\/www.schachklub-bad-homburg.de\/?page_id=24620\">Teilnehmer (DWZ)<\/a> <a href=\"https:\/\/www.schachklub-bad-homburg.de\/?page_id=24623\">Tabelle<\/a> <a href=\"https:\/\/www.schachklub-bad-homburg.de\/?page_id=30642\">Historie<\/a><\/p>\n\n\n\n<h3>Ausschreibung<\/h3>\n<table>\n  <tbody>\n    <tr>\n      <th style=\"vertical-align:top;\">Kurzinfo<\/th>\n      \n      <td>Offenes Schnellschachturnier am <b>12.05.2023<\/b>. Je nach Beteiligung <b>Rundenturnier oder Schweizer System<\/b>.\n       <\/td>\n    <\/tr>\n    <tr>\n      <th style=\"vertical-align:top;\">Bedenkzeit<\/th>\n      \n      <td>8 Sekunden frei je Zug plus 13 Minuten je Spieler und Partie (Bronstein). Im Falle eines zurecht reklamierten regelwidrigen Zuges gibt es - im Gegensatz zu der unpraktikablen FIDE-Regel - keine Zeitgutschrift, sondern den vollen Punkt.\n\t<\/td>\n    <\/tr>\n    <tr>\n      <th style=\"vertical-align:top;\">Turniermodus<\/th>\n      \n      <td>Bei bis zu <b>8<\/b> Teilnehmern <b>Rundenturnier<\/b>, sonst <b>7 Runden Schweizer System<\/b> mit Zweitwertung Buchholz und Drittwertung Sonneborn-Berger. Das Turnier wird an einem Abend ausgetragen.\n\t<\/td>\n    <\/tr>\n    <tr>\n      <th style=\"vertical-align:top;\">Spielbeginn, Meldeschluss<\/th>\n      \n      <td>Turnierbeginn ist am <b>12.05.2023<\/b> im Vereinshaus Gonzenheim (<a href=\"https:\/\/schachklub-bad-homburg.de\/?page_id=3776\">Anfahrtskizze<\/a>) <b>p\u00fcnktlich um 20:15 Uhr<\/b>, Meldeschluss ist um <b>20:00<\/b>.\n\t<\/td>\n    <\/tr>\n    <tr>\n      <th style=\"vertical-align:top;\">Teilnehmer<\/th>\n      \n      <td>Das Turnier ist offen f\u00fcr alle Schachspieler.\n<font color=\"red\">Die Einhaltung der auf der Homepage des Vereins und im Klubraum bekannt gegebenen Hygiene-Regeln ist Voraussetzung f\u00fcr die Teilnahme. Bei Verst\u00f6\u00dfen kann die Turnierleitung einen Ausschluss verh\u00e4ngen!<\/font>\n\t<\/td>\n    <\/tr>\n    <tr>\n      <th style=\"vertical-align:top;\">Preise<\/th>\n      \n      <td>Die ersten Drei erhalten bei der Mitgliederversammlung des Folgejahres eine <b>Urkunde<\/b>. \n      <\/td>\n    <\/tr>\n    <tr>\n      <th style=\"vertical-align:top;\">Startgelder<\/th>\n      \n      <td>Es wird kein Startgeld erhoben.\n\t<\/td>\n    <\/tr>\n    <tr>\n      <th style=\"vertical-align:top;\">Info-Dienst<\/th>\n\n      <td>\u00dcber dieses Turnier wird aktuell im Internet und per Aushang berichtet. Alle das Turnier betreffende Informationen werden ausschlie\u00dflich so ver\u00f6ffentlicht.\n\t<\/td>\n    <\/tr>\n    <tr>\n      <th style=\"vertical-align:top;\">Veranstalter<\/th>\n      \n      <td>Der <a href=\"https:\/\/www.schachklub-bad-homburg.de\/\">Schachklub Bad Homburg<\/a> ist der Veranstalter dieses Turniers.\n\t<\/td>\n    <\/tr>\n    <tr>\n      <th style=\"vertical-align:top;\">Fragen?<\/th>\n      \n      <td>Eine email an den <a href=\"mailto:Turnierleiter@schachklub-bad-homburg.de\">Organisator<\/a>  wird kurzfristig beantwortet.\n\t<\/td>\n    <\/tr>\n  <\/tbody>\n<\/table>\n","protected":false},"excerpt":{"rendered":"<p>Ausschreibung Teilnehmer (alphabetisch) Teilnehmer (DWZ) Tabelle Historie Ausschreibung Kurzinfo Offenes Schnellschachturnier am 12.05.2023. Je nach Beteiligung Rundenturnier oder Schweizer System. Bedenkzeit 8 Sekunden frei je Zug plus 13 Minuten je Spieler und Partie (Bronstein). Im Falle eines zurecht reklamierten regelwidrigen Zuges gibt es - im Gegensatz zu der unpraktikablen FIDE-Regel - keine Zeitgutschrift, sondern den <a href=\"https:\/\/www.schachklub-bad-homburg.de\/?page_id=24612\" class=\"more-link\">...weiterlesen<span class=\"screen-reader-text\"> \"Schnellschach-Meisterschaft 2023, Ausschreibung\"<\/span><\/a><\/p>\n","protected":false},"author":10,"featured_media":0,"parent":23445,"menu_order":0,"comment_status":"closed","ping_status":"closed","template":"","meta":{"footnotes":""},"class_list":["post-24612","page","type-page","status-publish","h-entry","hentry","h-as-page"],"_links":{"self":[{"href":"https:\/\/www.schachklub-bad-homburg.de\/index.php?rest_route=\/wp\/v2\/pages\/24612","targetHints":{"allow":["GET"]}}],"collection":[{"href":"https:\/\/www.schachklub-bad-homburg.de\/index.php?rest_route=\/wp\/v2\/pages"}],"about":[{"href":"https:\/\/www.schachklub-bad-homburg.de\/index.php?rest_route=\/wp\/v2\/types\/page"}],"author":[{"embeddable":true,"href":"https:\/\/www.schachklub-bad-homburg.de\/index.php?rest_route=\/wp\/v2\/users\/10"}],"replies":[{"embeddable":true,"href":"https:\/\/www.schachklub-bad-homburg.de\/index.php?rest_route=%2Fwp%2Fv2%2Fcomments&post=24612"}],"version-history":[{"count":5,"href":"https:\/\/www.schachklub-bad-homburg.de\/index.php?rest_route=\/wp\/v2\/pages\/24612\/revisions"}],"predecessor-version":[{"id":24629,"href":"https:\/\/www.schachklub-bad-homburg.de\/index.php?rest_route=\/wp\/v2\/pages\/24612\/revisions\/24629"}],"up":[{"embeddable":true,"href":"https:\/\/www.schachklub-bad-homburg.de\/index.php?rest_route=\/wp\/v2\/pages\/23445"}],"wp:attachment":[{"href":"https:\/\/www.schachklub-bad-homburg.de\/index.php?rest_route=%2Fwp%2Fv2%2Fmedia&parent=24612"}],"curies":[{"name":"wp","href":"https:\/\/api.w.org\/{rel}","templated":true}]}}