{"id":23764,"date":"2023-01-12T20:33:11","date_gmt":"2023-01-12T19:33:11","guid":{"rendered":"https:\/\/www.schachklub-bad-homburg.de\/?page_id=23764"},"modified":"2024-03-03T21:36:12","modified_gmt":"2024-03-03T20:36:12","slug":"jugend-vereinsmeisterschaft-2023-ausschreibung","status":"publish","type":"page","link":"https:\/\/www.schachklub-bad-homburg.de\/?page_id=23764","title":{"rendered":"Jugend-Vereinsmeisterschaft 2023, Ausschreibung"},"content":{"rendered":"\n<p><a href=\"https:\/\/www.schachklub-bad-homburg.de\/?page_id=23764\">Ausschreibung<\/a> <a href=\"https:\/\/www.schachklub-bad-homburg.de\/?page_id=23774\">Tabelle<\/a> <a href=\"https:\/\/www.schachklub-bad-homburg.de\/?page_id=23778\">Paarungen<\/a> <a href=\"https:\/\/www.schachklub-bad-homburg.de\/?page_id=30642\">Historie<\/a><\/p>\n\n\n\n<figure class=\"wp-block-table\"><table><tbody><tr><th><b> Kurzinfo<\/b><\/th><td>Jugend-Meisterschaft&nbsp;des Schachklub Bad Homburg im Modus des Keizer-Systems.<\/td><\/tr><tr><th><b>Teilnehmer<\/b><\/th><td>Ausschlie\u00dflich jugendliche Vereinsmitglieder&nbsp;(Jahrgang 2004 und j\u00fcnger) sind teilnahmeberechtigt. G\u00e4ste k\u00f6nnen ohne Wertung mitspielen. Ausnahmen k\u00f6nnen von der Turnierleitung zugelassen werden. Die Einhaltung der auf der Homepage des Vereins und im Klubraum bekannt gegebenen Hygiene-Regeln ist Voraussetzung f\u00fcr die Teilnahme. Bei Verst\u00f6\u00dfen kann die Turnierleitung einen Ausschluss verh\u00e4ngen!<\/td><\/tr><tr><th><b>Turniermodus<\/b><\/th><td>11 Runden Keizer-System.<br>Es gelten grunds\u00e4tzlich die FIDE-Regeln nach den Grunds\u00e4tzen der HSJ zur Regelauslegung bei Turnieren der U10. Abweichend davon verliert nur bei TeilnehmerInnen der Altersklassen U8 &amp; U10 erst der dritte vom Gegner selbst reklamierte regelwidrige Zug (ohne vorherige Zeitgutschriften), bei allen anderen TeilnehmerInnen gilt die FIDE-Regel 7.5.5 bei vom Gegner selbst reklamierten regelwidrigen Z\u00fcgen.<br>Es besteht Notationspflicht (Ausnahmen kann der Turnierleiter festlegen).<br>Richtlinie III.4 der FIDE-Regeln kommt nicht zur Anwendung.<\/td><\/tr><tr><th><b>Bedenkzeit<\/b><\/th><td>25 Minuten + 10 Sek. Inkrement&nbsp;pro SpielerIn und Partie.<\/td><\/tr><tr><th><b>Spielort<\/b><\/th><td>In der Regel wird&nbsp;w\u00e4hrend des regul\u00e4ren Jugendtrainings&nbsp;am Freitag im Vereinshaus Gonzenheim in Bad Homburg gespielt.<\/td><\/tr><tr><th><b>Spieltags-registrierung<\/b><\/th><td>Pers\u00f6nliche Registrierung an jedem Spieltag bis 18:45 Uhr.<\/td><\/tr><tr><th><b>Spieltage<\/b><\/th><td> <p>13.01.2023<br>03.02.2023<br>08.03.2023<br>21.04.2023<br>05.05.2023<br>23.06.2023<br>07.07.2023<br>29.09.2023<br>13.10.2023<br>24.11.2023<br>15.12.2023<\/p> \u00dcber aktuelle Verlegungen informiert der<a style=\"font-size: revert; font-family: inherit; font-weight: inherit;\" href=\"https:\/\/www.schachklub-bad-homburg.de\/?page_id=28780\"> Veranstaltungskalender<\/a><span style=\"font-size: revert; font-family: inherit; font-weight: inherit; color: initial;\">.<\/span> <\/td><\/tr><tr><th><b>Wertung<\/b><\/th><td>1. Wertung: Keizer-Punkte<p>2. Wertung bei Punktgleichheit: erzielte Punkte (1 Punkt f\u00fcr Sieg &amp; 0,5 Punkte f\u00fcr Remis)<br>In die Endwertung gehen nur SpielerInnen ein, die mindestens 7 der 11 Runden gespielt haben.<\/p><\/td><\/tr><tr><th><b>Hauptpreise<\/b><\/th><td>Die 3 Erstplatzierten erhalten Pokale.<\/td><\/tr><tr><th><b>Altersklassenpreise<\/b><\/th><td>Es werden die Altersklassen U8, U10, U12 und U14 eingerichtet, wenn mindestens 3 SpielerInnen einer Altersklasse teilnehmen.<br>Bei 3 Spielern \u2192 1 Ratingpreis<br>Bei 4-5 Spielern \u2192 2 Ratingpreise<br>Ab 6 Spielern \u2192 3 Ratingpreise<br>Pokalgewinner sind von den Ratingpreisen ausgenommen.<\/td><\/tr><tr><th><b>Info-Dienst<\/b><\/th><td>\u00dcber dieses Turnier und den Fortschritt der einzelnen Teilnehmer wird aktuell im Internet berichtet.<\/td><\/tr><tr><th><b>Veranstalter<\/b><\/th><td>Der&nbsp;<a href=\"http:\/\/www.schachklub-bad-homburg.de\/\">Schachklub Bad Homburg<\/a>&nbsp;ist der Veranstalter dieses Turniers.<\/td><\/tr><tr><th><b>Noch Fragen?<\/b><\/th><td> Dann reicht eine&nbsp;<a style=\"font-size: revert; font-family: inherit; font-weight: inherit;\" href=\"mailto:jugendleiter@schachklub-bad-homburg.de\">Mail-Nachricht<\/a><span style=\"font-size: revert; font-family: inherit; font-weight: inherit; color: initial;\">&nbsp;an den Jugendleiter Jan Goetz, die kurzfristig beantwortet wird!<\/span> <p>Erl\u00e4uterungen zum Keizer-System finden sich im Internet, z.B. hier auf deutsch (<a href=\"http:\/\/keizer.schlapp.name\/\">http:\/\/keizer.schlapp.name\/<\/a>) oder noch etwas detaillierter hier auf englisch (<a href=\"https:\/\/www.jbfsoftware.com\/wordpress\/sevilla-keizer\/\">https:\/\/www.jbfsoftware.com\/wordpress\/sevilla-keizer\/<\/a>).<\/p><\/td><\/tr><\/tbody><\/table><\/figure>\n\n\n\n<p><\/p>\n","protected":false},"excerpt":{"rendered":"<p>Ausschreibung Tabelle Paarungen Historie Kurzinfo Jugend-Meisterschaft&nbsp;des Schachklub Bad Homburg im Modus des Keizer-Systems. Teilnehmer Ausschlie\u00dflich jugendliche Vereinsmitglieder&nbsp;(Jahrgang 2004 und j\u00fcnger) sind teilnahmeberechtigt. G\u00e4ste k\u00f6nnen ohne Wertung mitspielen. Ausnahmen k\u00f6nnen von der Turnierleitung zugelassen werden. Die Einhaltung der auf der Homepage des Vereins und im Klubraum bekannt gegebenen Hygiene-Regeln ist Voraussetzung f\u00fcr die Teilnahme. Bei Verst\u00f6\u00dfen <a href=\"https:\/\/www.schachklub-bad-homburg.de\/?page_id=23764\" class=\"more-link\">...weiterlesen<span class=\"screen-reader-text\"> \"Jugend-Vereinsmeisterschaft 2023, Ausschreibung\"<\/span><\/a><\/p>\n","protected":false},"author":10,"featured_media":0,"parent":23774,"menu_order":0,"comment_status":"closed","ping_status":"closed","template":"","meta":{"footnotes":""},"class_list":["post-23764","page","type-page","status-publish","h-entry","hentry","h-as-page"],"_links":{"self":[{"href":"https:\/\/www.schachklub-bad-homburg.de\/index.php?rest_route=\/wp\/v2\/pages\/23764","targetHints":{"allow":["GET"]}}],"collection":[{"href":"https:\/\/www.schachklub-bad-homburg.de\/index.php?rest_route=\/wp\/v2\/pages"}],"about":[{"href":"https:\/\/www.schachklub-bad-homburg.de\/index.php?rest_route=\/wp\/v2\/types\/page"}],"author":[{"embeddable":true,"href":"https:\/\/www.schachklub-bad-homburg.de\/index.php?rest_route=\/wp\/v2\/users\/10"}],"replies":[{"embeddable":true,"href":"https:\/\/www.schachklub-bad-homburg.de\/index.php?rest_route=%2Fwp%2Fv2%2Fcomments&post=23764"}],"version-history":[{"count":20,"href":"https:\/\/www.schachklub-bad-homburg.de\/index.php?rest_route=\/wp\/v2\/pages\/23764\/revisions"}],"predecessor-version":[{"id":27300,"href":"https:\/\/www.schachklub-bad-homburg.de\/index.php?rest_route=\/wp\/v2\/pages\/23764\/revisions\/27300"}],"up":[{"embeddable":true,"href":"https:\/\/www.schachklub-bad-homburg.de\/index.php?rest_route=\/wp\/v2\/pages\/23774"}],"wp:attachment":[{"href":"https:\/\/www.schachklub-bad-homburg.de\/index.php?rest_route=%2Fwp%2Fv2%2Fmedia&parent=23764"}],"curies":[{"name":"wp","href":"https:\/\/api.w.org\/{rel}","templated":true}]}}