{"id":23639,"date":"2023-01-01T09:44:51","date_gmt":"2023-01-01T08:44:51","guid":{"rendered":"https:\/\/www.schachklub-bad-homburg.de\/?page_id=23639"},"modified":"2023-01-01T09:53:24","modified_gmt":"2023-01-01T08:53:24","slug":"informationen-zum-verein-2023","status":"publish","type":"page","link":"https:\/\/www.schachklub-bad-homburg.de\/?page_id=23639","title":{"rendered":"Informationen zum Verein 2023"},"content":{"rendered":"<p>Den besten \u00dcberblick \u00fcber das Vereinsleben erhalten Sie, wenn Sie auf diesen Webseiten st\u00f6bern - oder schauen Sie einfach mal am Vereinsabend vorbei! Insbesondere G\u00e4ste sind jederzeit herzlich willkommen! F\u00fcr freie Partien wird sicherlich immer jemand am Spielabend vor Ort sein.<\/p>\n<p>Der Schachklub Bad Homburg und seine Mitglieder freuen sich auf Ihren Besuch!<\/p>\n<p>Nachfolgend die wichtigsten administrativen Tipps:<\/p>\n<ul>\n<li><b>Kontakt-E-Mail:<\/b> <a href=\"mailto:info@schachklub-bad-homburg.de\">info@schachklub-bad-homburg.de<\/a><\/li>\n<li><b>Vereinslokal:<\/b> <a href=\"http:\/\/www.schachklub-bad-homburg.de?p=3776\">Vereinshaus Gonzenheim<\/a>, Am Kitzenhof 4, 61352 Bad Homburg v.d.H\u00f6he<\/li>\n<li><b>So finden Sie uns: <\/b><a href=\"http:\/\/www.schachklub-bad-homburg.de?p=3776\">\u00dcbersicht der Spiel- und Ausweichlokale<\/a><\/li>\n<li><b>Spielabende<\/b>: freitags, 17:30-19:00 Jugendschach, danach allgemein<\/li>\n<li><b>Veranstaltungen:<\/b> <a href=\"http:\/\/www.schachklub-bad-homburg.de?p=18442\">Hier<\/a> finden Sie eine Liste mit allen Veranstaltungen des laufenden Jahres.<\/li>\n<li><b>Terminkalender:<\/b> Der <a href=\"http:\/\/www.schachklub-bad-homburg.de?p=28780\">Online-Terminkalender<\/a> ist stets aktuell gepflegt und liefert Hinweise und Links zu Events, die dem Verein wichtig sind.<\/li>\n<li><b>Mitglieder:<\/b> Sie k\u00f6nnen sich anhand der <a href=\"http:\/\/www.schachbund.de\/verein.html?zps=55001\" target=\"_blank\" rel=\"noopener noreferrer\">DSB-Mitgliederliste<\/a> einen Eindruck \u00fcber die Spielst\u00e4rke der Vereinsmitglieder machen.<\/li>\n<li><b>Vorstand:<\/b> <a href=\"https:\/\/www.schachklub-bad-homburg.de\/?page_id=23637\">Alle Vorstandsmitglieder<\/a> geben Ihnen gerne jederzeit Auskunft f\u00fcr weitere Fragen.<\/li>\n<li><b>Satzung:<\/b> Sie m\u00fcssen nat\u00fcrlich nicht gleich Mitglied sein, wenn Sie bei uns einfach mal so Schach spielen m\u00f6chten. Aber wenn Sie m\u00f6chten, k\u00f6nnen Sie schon einmal einen Blick in die <a href=\"wp-content\/uploads\/2009\/01\/11_SATZUNG_SKHG.pdf\">aktuelle Satzung<\/a> werfen.<\/li>\n<li><b>Aufnahmeantrag:<\/b> Aber falls Sie doch Mitglied werden wollen: Hier ist der <a href=\"wp-content\/uploads\/2021\/01\/Aufnahmeantrag_2021.pdf\">Aufnahmeantrag<\/a>. Einfach ausf\u00fcllen und gerne am Vereinsabend abgeben.<\/li>\n<li><b>Datenschutzordnung:<\/b> Der Schachklub Bad Homburg geht sorgsam mit personenbezogenen Daten um. Hier liegt die <a href=\"https:\/\/www.schachklub-bad-homburg.de\/wp-content\/uploads\/2018\/05\/SK-Bad-Homburg-e.V.-Datenschutzordnung.pdf\">SK Bad Homburg e.V. Datenschutzordnung<\/a> bereit.<\/li>\n<li><b>Beitr\u00e4ge:<\/b> F\u00fcr Mitglieder erhebt der Schachklub derzeit die folgenden Jahresbeitr\u00e4ge:\n<ul>\n<li>72 \u20ac f\u00fcr Erwachsene (erm\u00e4\u00dfigt sich auf 60 \u20ac, wenn der Beitrag bis 31.03. bar oder per Einzugserm\u00e4chtigung gezahlt wird)<\/li>\n<li>38 \u20ac f\u00fcr Jugendliche (die \u00fcblicherweise in 2 Halbjahresraten eingesammelt werden). Darin ist das Jugendtraining enthalten.<\/li>\n<li>30 \u20ac f\u00fcr erwachsene Mitglieder ohne Einkommen (auf Antrag).<\/li>\n<\/ul>\n<\/li>\n<li><b>Bankverbindung:<\/b> Sie m\u00f6chten den Beitrag \u00fcberweisen oder dem Verein etwas spenden? Hier sind die Kontodaten:\n<ul>\n<li>Kontoinhaber: Schachklub Bad Homburg<\/li>\n<li>IBAN: DE26512500000001072005<\/li>\n<\/ul>\n<p>F\u00fcr unangek\u00fcndigte Spenden geben Sie Ihren Namen und Anschrift im Verwendungszweck an, damit wir eine Spendenquittung ausstellen k\u00f6nnen.<\/li>\n<\/ul>\n","protected":false},"excerpt":{"rendered":"<p>Den besten \u00dcberblick \u00fcber das Vereinsleben erhalten Sie, wenn Sie auf diesen Webseiten st\u00f6bern - oder schauen Sie einfach mal am Vereinsabend vorbei! Insbesondere G\u00e4ste sind jederzeit herzlich willkommen! F\u00fcr freie Partien wird sicherlich immer jemand am Spielabend vor Ort sein. Der Schachklub Bad Homburg und seine Mitglieder freuen sich auf Ihren Besuch! Nachfolgend die <a href=\"https:\/\/www.schachklub-bad-homburg.de\/?page_id=23639\" class=\"more-link\">...weiterlesen<span class=\"screen-reader-text\"> \"Informationen zum Verein 2023\"<\/span><\/a><\/p>\n","protected":false},"author":2,"featured_media":0,"parent":23445,"menu_order":0,"comment_status":"closed","ping_status":"closed","template":"","meta":{"footnotes":""},"class_list":["post-23639","page","type-page","status-publish","h-entry","hentry","h-as-page"],"_links":{"self":[{"href":"https:\/\/www.schachklub-bad-homburg.de\/index.php?rest_route=\/wp\/v2\/pages\/23639","targetHints":{"allow":["GET"]}}],"collection":[{"href":"https:\/\/www.schachklub-bad-homburg.de\/index.php?rest_route=\/wp\/v2\/pages"}],"about":[{"href":"https:\/\/www.schachklub-bad-homburg.de\/index.php?rest_route=\/wp\/v2\/types\/page"}],"author":[{"embeddable":true,"href":"https:\/\/www.schachklub-bad-homburg.de\/index.php?rest_route=\/wp\/v2\/users\/2"}],"replies":[{"embeddable":true,"href":"https:\/\/www.schachklub-bad-homburg.de\/index.php?rest_route=%2Fwp%2Fv2%2Fcomments&post=23639"}],"version-history":[{"count":3,"href":"https:\/\/www.schachklub-bad-homburg.de\/index.php?rest_route=\/wp\/v2\/pages\/23639\/revisions"}],"predecessor-version":[{"id":23646,"href":"https:\/\/www.schachklub-bad-homburg.de\/index.php?rest_route=\/wp\/v2\/pages\/23639\/revisions\/23646"}],"up":[{"embeddable":true,"href":"https:\/\/www.schachklub-bad-homburg.de\/index.php?rest_route=\/wp\/v2\/pages\/23445"}],"wp:attachment":[{"href":"https:\/\/www.schachklub-bad-homburg.de\/index.php?rest_route=%2Fwp%2Fv2%2Fmedia&parent=23639"}],"curies":[{"name":"wp","href":"https:\/\/api.w.org\/{rel}","templated":true}]}}