{"id":22824,"date":"2022-10-09T12:45:16","date_gmt":"2022-10-09T10:45:16","guid":{"rendered":"https:\/\/www.schachklub-bad-homburg.de\/?page_id=22824"},"modified":"2022-10-17T20:52:31","modified_gmt":"2022-10-17T18:52:31","slug":"turnier-simultan-2022-ausschreibung","status":"publish","type":"page","link":"https:\/\/www.schachklub-bad-homburg.de\/?page_id=22824","title":{"rendered":"Turnier-Simultan 2022, Ausschreibung"},"content":{"rendered":"\n<p><a href=\"https:\/\/www.schachklub-bad-homburg.de\/?page_id=22824\">Ausschreibung<\/a> <a href=\"https:\/\/www.schachklub-bad-homburg.de\/?page_id=22833\">Anmeldungen (alphabetisch)<\/a> <a href=\"https:\/\/www.schachklub-bad-homburg.de\/?page_id=22836\">Anmeldungen (DWZ)<\/a> <a href=\"https:\/\/www.schachklub-bad-homburg.de\/?page_id=22839\">Tabelle<\/a> <a href=\"https:\/\/www.schachklub-bad-homburg.de\/?page_id=30642\">Historie<\/a><\/p>\n\n\n\n<h3 class=\"wp-block-heading\"><\/h3>\n\n\n\n<figure class=\"wp-block-table has-medium-font-size\"><table><tbody><tr><th>Kurzinfo<\/th><td>Turnier-Simultan f\u00fcr 10 Teilnehmer.<\/td><\/tr><tr><th>Teilnehmer<\/th><td>Das Turnier ist offen f\u00fcr alle Schachspieler; <strong>Vereinsmitglieder<\/strong> sind aber <strong>vorrangig<\/strong> teilnahmeberechtigt.<br><font color=\"red\">Die Einhaltung der auf der Homepage des Vereins und im Klubraum bekannt gegebenen Hygiene-Regeln ist Voraussetzung f\u00fcr die Teilnahme. Bei Verst\u00f6\u00dfen kann die Turnierleitung einen Ausschluss verh\u00e4ngen!<\/font><\/td><\/tr><tr><th>Turniermodus<\/th><td>Bis zu <strong>10<\/strong> Teilnehmer spielen <strong>gleichzeitig<\/strong> gegeneinander an jeweils einem Brett mit separater Uhr.<br>F\u00fcr einen Sieg erh\u00e4lt man <strong>3 Punkte<\/strong>, f\u00fcr ein Unentschieden <strong>1 Punkt<\/strong> und f\u00fcr eine Niederlage keinen Punkt.<br>Genauere Instruktionen \u00fcber die Brettfolge, Verhaltensregeln etc. werden den Teilnehmern unmittelbar zu Beginn mitgeteilt.<\/td><\/tr><tr><th>Bedenkzeit<\/th><td>Die Bedenkzeit betr\u00e4gt <strong>90 Minuten zuz\u00fcglich 30 Sekunden je Zug (Fischer)<\/strong> an jedem Brett. Die Bedenkzeit eines Spielers kann dadurch an mehreren Brettern gleichzeitig laufen.<\/td><\/tr><tr><th>Spielort<\/th><td>Es wird am <strong><mark style=\"background-color:#fcb900\" class=\"has-inline-color\">02.12.2022<\/mark> im Vereinshaus Gonzenheim<\/strong> (<a href=\"https:\/\/schachklub-bad-homburg.de\/?page_id=3776\">Anfahrtskizze<\/a>) gespielt.<br><strong>Spielbeginn ist um 20:00 Uhr<\/strong>.<\/td><\/tr><tr><th>Meldeschluss<\/th><td>Meldeschluss ist am <strong><mark style=\"background-color:#fcb900\" class=\"has-inline-color\">25.11.2022<\/mark> um 22:00 Uhr<\/strong>.<br>Da nur maximal 10 Teilnehmer m\u00f6glich sind, gelten <strong>bis zum <mark style=\"background-color:#fcb900\" class=\"has-inline-color\">18.11.2022<\/mark> die DWZ-F\u00fchrenden<\/strong> der bis dahin Gemeldeten als spielberechtigt; danach gilt ggf. die Reihenfolge der Anmeldung.<br>Haben meldende Spieler <strong>keine DWZ<\/strong>, wird diese durch den Turnierleiter <strong>gesch\u00e4tzt. G\u00e4ste<\/strong> erhalten dabei formal die <strong>DWZ 100<\/strong> (s. \"Teilnehmer\")<br>Mitglieder, die durch die Beschr\u00e4nkung der Teilnehmer nicht zum Zuge kommen, haben f\u00fcr Folgeveranstaltungen dann ein Vorrecht.<\/td><\/tr><tr><th>Preise<\/th><td>Die ersten 3 erhalten eine Urkunde bei der Jahreshauptversammlung des Folgejahres. Punktgleiche belegen gemeinsam die entsprechend geteilten Pl\u00e4tze.<\/td><\/tr><tr><th>Start-, Reuegeld<\/th><td>Es wird kein Startgeld und kein Reuegeld erhoben.<\/td><\/tr><tr><th>Info-Dienst<\/th><td>\u00dcber dieses Turnier wird aktuell im Internet und per Aushang berichtet. Alle das Turnier betreffende Informationen werden ausschlie\u00dflich so ver\u00f6ffentlicht.<\/td><\/tr><tr><th>Veranstalter<\/th><td>Der <a href=\"https:\/\/www.schachklub-bad-homburg.de\/\">Schachklub Bad Homburg<\/a> ist der Veranstalter dieses Turniers.<\/td><\/tr><tr><th>Fragen?<\/th><td>Eine E-Mail an den <a href=\"mailto:turnierleiter@schachklub-bad-homburg.de\">Organisator<\/a> wird kurzfristig beantwortet.<\/td><\/tr><\/tbody><\/table><\/figure>\n","protected":false},"excerpt":{"rendered":"<p>Ausschreibung Anmeldungen (alphabetisch) Anmeldungen (DWZ) Tabelle Historie Kurzinfo Turnier-Simultan f\u00fcr 10 Teilnehmer. Teilnehmer Das Turnier ist offen f\u00fcr alle Schachspieler; Vereinsmitglieder sind aber vorrangig teilnahmeberechtigt.Die Einhaltung der auf der Homepage des Vereins und im Klubraum bekannt gegebenen Hygiene-Regeln ist Voraussetzung f\u00fcr die Teilnahme. Bei Verst\u00f6\u00dfen kann die Turnierleitung einen Ausschluss verh\u00e4ngen! Turniermodus Bis zu 10 <a href=\"https:\/\/www.schachklub-bad-homburg.de\/?page_id=22824\" class=\"more-link\">...weiterlesen<span class=\"screen-reader-text\"> \"Turnier-Simultan 2022, Ausschreibung\"<\/span><\/a><\/p>\n","protected":false},"author":10,"featured_media":0,"parent":20728,"menu_order":0,"comment_status":"closed","ping_status":"closed","template":"","meta":{"footnotes":""},"class_list":["post-22824","page","type-page","status-publish","h-entry","hentry","h-as-page"],"_links":{"self":[{"href":"https:\/\/www.schachklub-bad-homburg.de\/index.php?rest_route=\/wp\/v2\/pages\/22824","targetHints":{"allow":["GET"]}}],"collection":[{"href":"https:\/\/www.schachklub-bad-homburg.de\/index.php?rest_route=\/wp\/v2\/pages"}],"about":[{"href":"https:\/\/www.schachklub-bad-homburg.de\/index.php?rest_route=\/wp\/v2\/types\/page"}],"author":[{"embeddable":true,"href":"https:\/\/www.schachklub-bad-homburg.de\/index.php?rest_route=\/wp\/v2\/users\/10"}],"replies":[{"embeddable":true,"href":"https:\/\/www.schachklub-bad-homburg.de\/index.php?rest_route=%2Fwp%2Fv2%2Fcomments&post=22824"}],"version-history":[{"count":6,"href":"https:\/\/www.schachklub-bad-homburg.de\/index.php?rest_route=\/wp\/v2\/pages\/22824\/revisions"}],"predecessor-version":[{"id":22959,"href":"https:\/\/www.schachklub-bad-homburg.de\/index.php?rest_route=\/wp\/v2\/pages\/22824\/revisions\/22959"}],"up":[{"embeddable":true,"href":"https:\/\/www.schachklub-bad-homburg.de\/index.php?rest_route=\/wp\/v2\/pages\/20728"}],"wp:attachment":[{"href":"https:\/\/www.schachklub-bad-homburg.de\/index.php?rest_route=%2Fwp%2Fv2%2Fmedia&parent=22824"}],"curies":[{"name":"wp","href":"https:\/\/api.w.org\/{rel}","templated":true}]}}