{"id":22037,"date":"2022-07-04T19:50:46","date_gmt":"2022-07-04T17:50:46","guid":{"rendered":"https:\/\/www.schachklub-bad-homburg.de\/?page_id=22037"},"modified":"2022-07-04T20:12:38","modified_gmt":"2022-07-04T18:12:38","slug":"vereinsmeisterschaft-2022-ausschreibung","status":"publish","type":"page","link":"https:\/\/www.schachklub-bad-homburg.de\/?page_id=22037","title":{"rendered":"Vereinsmeisterschaft 2022, Ausschreibung"},"content":{"rendered":"\n<p><a href=\"https:\/\/www.schachklub-bad-homburg.de\/?page_id=22037\">Ausschreibung <\/a><a href=\"https:\/\/www.schachklub-bad-homburg.de\/?page_id=22044\">Teilnehmer (alphabetisch)<\/a> <a href=\"https:\/\/www.schachklub-bad-homburg.de\/?page_id=22047\">Teilnehmer (DWZ)<\/a> <a href=\"https:\/\/www.schachklub-bad-homburg.de\/?page_id=22050\">Paarungen<\/a>  <a href=\"https:\/\/www.schachklub-bad-homburg.de\/?page_id=22053\">Tabelle<\/a> <a href=\"https:\/\/www.schachklub-bad-homburg.de\/?p=30642\">Historie<\/a><\/p>\n\n\n<h3>Ausschreibung<\/h3>\n<p><b>Achtung<\/b>, neue Regelung bez\u00fcglich der Verbindlichkeit der Termine:<br>\nDie unten genannten Termine gelten zun\u00e4chst als vereinbart! Verlegungen sind jedoch m\u00f6glich. Bis sp\u00e4testens <b>12:00 am Samstag vor dem n\u00e4chsten Termin<\/b> muss dem Turnierleiter ein Ergebnis der Partie oder ein mit ihm abgestimmtes Vorgehen vorliegen - anderenfalls wird die Partie mit 0:0 gewertet. Nur vor dem ersten Termin erhalten alle Spieler die Information \u00fcber die Kontaktdaten aller m\u00f6glichen Gegner (E-Mail-Adresse und\/oder Telefonnummer) sowie die Paarungen der ersten Runde. Danach obliegt ihnen selbst, die Information \u00fcber ihren n\u00e4chsten Gegner aus dem Internet oder durch den Aushang im Klub zu erfahren.\n<\/p>\n<table>\n<tbody>\n<tr>\n<th style=\"vertical-align: top;\">Kurzinfo<\/th>\n<td><b>Vereinsturniere in A- und B-Gruppe<\/b> mit attraktiven Preisen.<br>\nVollrundig oder nach Schweizer System je nach Beteiligung.<\/td>\n<\/tr>\n<tr>\n<th style=\"vertical-align: top;\">Teilnehmer<\/th>\n<td><b>Ausschlie\u00dflich Vereinsmitglieder<\/b> sind teilnahmeberechtigt, in der <b>B-Gruppe <\/b> nur solche ohne DWZ oder mit einer <b>DWZ unter 1600<\/b> (Stand 01.08.2022).<p><\/p>\n<p><span style=\"color: red;\">Die Einhaltung der auf der Homepage des Vereins und im Klubraum bekannt gegebenen Hygiene-Regeln ist Voraussetzung f\u00fcr die Teilnahme. Bei Verst\u00f6\u00dfen kann die Turnierleitung einen Ausschluss verh\u00e4ngen!<\/span><\/p>\n<\/td>\n<\/tr>\n<tr>\n<th style=\"vertical-align: top;\">Turniermodus<\/th>\n<td><b>A-Gruppe:<\/b> Bei <b>bis zu 6<\/b> Teilnehmern Rundenturnier; bei <b>7 bis 15<\/b> Teilnehmern 5, bei <b>mehr als 15<\/b> Teilnehmern 6 Runden Schweizer System.<br>\n<b>B-Gruppe:<\/b> Bei <b> weniger als 5 <\/b>Teilnehmern spielen diese im A-Turnier mit, ansonsten wie in der A-Gruppe.<br>\n<b>F\u00fcr beide Turniere<\/b> werden zun\u00e4chst 5 Runden im Terminkalender vorgesehen.<\/td>\n<\/tr>\n<tr>\n<th style=\"vertical-align: top;\">Bedenkzeit<\/th>\n<td><b>A- und B-Gruppe:<\/b>Die Bedenkzeit betr\u00e4gt <b>90 Minuten zuz\u00fcglich 30 Sekunden (Fischer) je Zug<\/b> (Spielweise 12 auf unseren Digitaluhren DGT-XL bzw. 17 bei der DGT 2010).<\/td>\n<\/tr>\n<tr>\n<th style=\"vertical-align: top;\">Spielort<\/th>\n<td>In der Regel wird im Vereinshaus Gonzenheim gespielt (<a href=\"https:\/\/schachklub-bad-homburg.de\/?page_id=3776\">Anfahrtskizze<\/a>).<\/td>\n<\/tr>\n<tr>\n<th style=\"vertical-align: top;\">Meldeschluss<\/th>\n<td>Die Anmeldung ist im Schachklub oder per E-Mail<br>\n(<b><a href=\"mailto:turnierleiter@schachklub-bad-homburg.de\">turnierleiter@schachklub-bad-homburg.de<\/a><\/b>) m\u00f6glich.<br>\nMeldeschluss ist am <b>02. September 2022 (20:00 Uhr<\/b> im Schachklub, <b>16:00<\/b> bei Anmeldung per E-Mail).<\/td>\n<\/tr>\n<tr>\n<th style=\"vertical-align: top;\">Spieltage<\/th>\n<td>Es ist sp\u00e4testens um <b>20:00 Uhr<\/b> mit den Runden zu beginnen.<br>\n1. Runde: <b>09.09.2022<\/b><br>\n2. Runde: <b>21.10.2022<\/b><br>\n3. Runde: <b>11.11.2022<\/b><br>\n4. Runde: <b>16.12.2022<\/b><br>\n5. Runde: <b>20.01.2023<\/b><\/td>\n<\/tr>\n<tr>\n<th style=\"vertical-align: top;\">Preise<\/th>\n<td><b>A-Gruppe:<\/b> Der Sieger erh\u00e4lt einen <b>Pokal<\/b>. Die ersten Drei erhalten eine Urkunde sowie ein Preisgeld in H\u00f6he von <b>100 \u20ac<\/b> f\u00fcr den Sieger, <b>50 \u20ac<\/b> f\u00fcr den Zweiten und <b>25 \u20ac<\/b> f\u00fcr den Dritten.<br>\nDie Geldpreise werden bei Punktgleichheit nach dem <b>Hort-System<\/b> vergeben. F\u00fcr die Platzierung wird als Zweitwertung die Turnierleistung (DWZ) herangezogen.<br>\nF\u00fcr die drei st\u00e4rksten Verbesserer (massgeblich ist daf\u00fcr die Differenz zwischen alter DWZ und ihrer Turnierleistung) gibt es <b>weitere Geldpreise<\/b> in H\u00f6he von <b>40, 20 und 10 \u20ac<\/b>.<br>\n<b>B-Gruppe:<\/b> Der Sieger erh\u00e4lt einen <b>Pokal<\/b>. Die ersten Drei erhalten eine Urkunde sowie ein Preisgeld in H\u00f6he von <b>40 \u20ac<\/b> f\u00fcr den Sieger, <b>20 \u20ac<\/b> f\u00fcr den Zweiten und <b>10 \u20ac<\/b> f\u00fcr den Dritten.<br>\nVergabe der Geldpreise nach dem <b>Hort-System<\/b> und Zweitwertung erfolgen wie in der A-Gruppe.<\/td>\n<\/tr>\n<tr>\n<th style=\"vertical-align: top;\">Sonstiges<\/th>\n<td>F\u00fcr die Turniere erfolgt <b>keine DWZ-Wertung<\/b>. Allerdings wird die DWZ-Auswertung des Turnierprogramms f\u00fcr Zweitwertung und Sonderpreise (s.o.) verwendet.<br>\n\u00dcber dieses Turnier wird <b>per Aushang<\/b> in den Vereinsr\u00e4umen sowie aktuell <b>im Internet<\/b> berichtet.<br>\nDer <a href=\"http:\/\/www.schachklub-bad-homburg.de\/\">Schachklub Bad Homburg<\/a> ist der Veranstalter dieses Turniers.<br>\nBei <b>Fragen<\/b> reicht eine <a href=\"mailto:turnierleiter@schachklub-bad-homburg.de\">Mail-Nachricht<\/a> an den Turnierleiter, die kurzfristig beantwortet wird!<\/td>\n<\/tr>\n<\/tbody>\n<\/table>","protected":false},"excerpt":{"rendered":"<p>Ausschreibung Teilnehmer (alphabetisch) Teilnehmer (DWZ) Paarungen Tabelle Historie Ausschreibung Achtung, neue Regelung bez\u00fcglich der Verbindlichkeit der Termine: Die unten genannten Termine gelten zun\u00e4chst als vereinbart! Verlegungen sind jedoch m\u00f6glich. Bis sp\u00e4testens 12:00 am Samstag vor dem n\u00e4chsten Termin muss dem Turnierleiter ein Ergebnis der Partie oder ein mit ihm abgestimmtes Vorgehen vorliegen - anderenfalls wird <a href=\"https:\/\/www.schachklub-bad-homburg.de\/?page_id=22037\" class=\"more-link\">...weiterlesen<span class=\"screen-reader-text\"> \"Vereinsmeisterschaft 2022, Ausschreibung\"<\/span><\/a><\/p>\n","protected":false},"author":10,"featured_media":0,"parent":20728,"menu_order":0,"comment_status":"closed","ping_status":"closed","template":"","meta":{"footnotes":""},"class_list":["post-22037","page","type-page","status-publish","h-entry","hentry","h-as-page"],"_links":{"self":[{"href":"https:\/\/www.schachklub-bad-homburg.de\/index.php?rest_route=\/wp\/v2\/pages\/22037","targetHints":{"allow":["GET"]}}],"collection":[{"href":"https:\/\/www.schachklub-bad-homburg.de\/index.php?rest_route=\/wp\/v2\/pages"}],"about":[{"href":"https:\/\/www.schachklub-bad-homburg.de\/index.php?rest_route=\/wp\/v2\/types\/page"}],"author":[{"embeddable":true,"href":"https:\/\/www.schachklub-bad-homburg.de\/index.php?rest_route=\/wp\/v2\/users\/10"}],"replies":[{"embeddable":true,"href":"https:\/\/www.schachklub-bad-homburg.de\/index.php?rest_route=%2Fwp%2Fv2%2Fcomments&post=22037"}],"version-history":[{"count":6,"href":"https:\/\/www.schachklub-bad-homburg.de\/index.php?rest_route=\/wp\/v2\/pages\/22037\/revisions"}],"predecessor-version":[{"id":22057,"href":"https:\/\/www.schachklub-bad-homburg.de\/index.php?rest_route=\/wp\/v2\/pages\/22037\/revisions\/22057"}],"up":[{"embeddable":true,"href":"https:\/\/www.schachklub-bad-homburg.de\/index.php?rest_route=\/wp\/v2\/pages\/20728"}],"wp:attachment":[{"href":"https:\/\/www.schachklub-bad-homburg.de\/index.php?rest_route=%2Fwp%2Fv2%2Fmedia&parent=22037"}],"curies":[{"name":"wp","href":"https:\/\/api.w.org\/{rel}","templated":true}]}}