{"id":21615,"date":"2022-05-11T12:04:36","date_gmt":"2022-05-11T10:04:36","guid":{"rendered":"https:\/\/www.schachklub-bad-homburg.de\/?page_id=21615"},"modified":"2024-07-31T10:19:42","modified_gmt":"2024-07-31T08:19:42","slug":"jugend-blitzmeisterschaft-2022-ausschreibung","status":"publish","type":"page","link":"https:\/\/www.schachklub-bad-homburg.de\/?page_id=21615","title":{"rendered":"Jugend-Blitzmeisterschaft 2022, Ausschreibung"},"content":{"rendered":"<p><a href=\"https:\/\/www.schachklub-bad-homburg.de\/?page_id=21615\">Ausschreibung  <\/a><a href=\"https:\/\/www.schachklub-bad-homburg.de\/?page_id=21623\">Tabelle  <\/a><a href=\"https:\/\/www.schachklub-bad-homburg.de\/?page_id=30642\">Historie<\/a><\/p>\n<table border=\"1\" width=\"650\" bgcolor=\"#ffffff\">\n<tbody>\n<tr>\n<th align=\"top\" width=\"120\"><b> Kurzinfo<\/b><\/th>\n<td align=\"top\">Monatliche Jugendblitzturniere <b>vollrundig<\/b> in 6er-Gruppen.<\/td>\n<\/tr>\n<tr>\n<tr>\n<th align=\"top\" width=\"120\"><b> Bedenkzeit<\/b><\/th>\n<td align=\"top\"><b>3 Minuten plus 2 Sekunden<\/b> pro Zug (Fischer-Modus) je SpielerIn und Partie. <\/td>\n<\/tr>\n<tr>\n<th align=\"top\" width=\"120\"><b> Spielbeginn, Meldeschluss<\/b><\/th>\n<td align=\"top\">Turnierbeginn ist im Rahmen des <b>Jugendtrainings<\/b> jeweils gegen <b>19:50 Uhr<\/b>, Meldeschluss ist unmittelbar davor. Wer zu sp\u00e4t kommt hat kein Recht auf Teilnahme!<\/td>\n<\/tr>\n<tr>\n<th align=\"top\" width=\"120\"><b>Teilnehmer<\/b><\/th>\n<td align=\"top\">Das Turnier ist offen f\u00fcr alle jugendlichen Schachspieler (U18). Ausnahmen k\u00f6nnen von der Turnierleitung zugelassen werden. Die Einhaltung der auf der Homepage des Vereins und im Klubraum bekannt gegebenen Hygiene-Regeln ist Voraussetzung f\u00fcr die Teilnahme. Bei Verst\u00f6\u00dfen kann die Turnierleitung einen Ausschluss verh\u00e4ngen!<\/td>\n<\/tr>\n<tr>\n<th align=\"top\" width=\"120\"><b>Spieltage<\/b><\/th>\n<td align=\"top\">21.01.<br \/>\n18.02.<br \/>\n25.03.<br \/>\n01.04.<br \/>\n06.05.<br \/>\n03.06.<br \/>\n01.07.<br \/>\n09.09.<br \/>\n07.10.<br \/>\n04.11.<br \/>\n02.12.<br \/>\n\u00dcber aktuelle Verlegungen informiert der <a href=\"https:\/\/www.schachklub-bad-homburg.de\/?page_id=28780\">Veranstaltungskalender<\/a>.\n<\/td>\n<\/tr>\n<tr>\n<th align=\"top\" width=\"120\"><b>Hauptpreise<\/b><\/th>\n<td align=\"top\">Die 3 Erstplatzierten erhalten Pokale.<\/td>\n<\/tr>\n<tr>\n<th align=\"top\" width=\"120\"><b>Altersklassenpreise<\/b><\/th>\n<td align=\"top\">Es werden die Altersklassen U8, U10, U12, U14, U16 und U18 eingerichtet wenn mindestens 3 Spieler einer Altersklasse teilnehmen.<br \/>\nBei 3 Spielern \u2192 1 Ratingpreis<br \/>\nBei 4-5 Spielern \u2192 2 Ratingpreise<br \/>\nAb 6 Spielern \u2192 3 Ratingpreise<br \/>\nPokalgewinner sind von den Ratingpreisen ausgenommen.\n<\/td>\n<\/tr>\n<tr>\n<th align=\"top\" width=\"120\"><b>Rangliste f\u00fcr die Jahreswertung<\/b><\/th>\n<td align=\"top\">Alle Turniere werden f\u00fcr die Ermittlung der Jahreswertung herangezogen. F\u00fcr den <b>1.Platz eines Monatsturniers gibt es 20 Punkte<\/b>, f\u00fcr den 2.Platz 19 Punkte usw.; ab dem 20. Platz gibt es je 1 Punkt.<br \/>\nBelegen mehrere Spieler den gleichen Platz, erhalten sie die gleiche (hohe) Punktzahl. Die besten 8 Turnierwertungen je Teilnehmer werden zusammengez\u00e4hlt, die Summe bestimmt dann die Rangfolge. Bei Gleichstand um den 1., 2. oder 3. Platz erfolgen Stichk\u00e4mpfe nach Vorgabe des Turnierleiters.\n<\/td>\n<\/tr>\n<tr>\n<th align=\"top\" width=\"120\"><b>Spielmodus<\/b><\/th>\n<td align=\"top\">\nAuf Basis der DWZ zu Jahresbeginn wird eine Startrangliste erstellt. Am Spieltag werden Gruppen aus normalerweise je 6 SpielerInnen der Anwesenden in absteigender Reihenfolge der Startrangliste gebildet. In jeder Gruppe wird ein Rundenturnier gespielt. Aus den Partieergebnissen wird eine neue Turnierwertungszahl (TWZ) aus einer modifizierten DWZ-Berechnungslogik errechnet. Daraus ergibt sich die Startrangliste f\u00fcr den n\u00e4chsten Spieltag. Unterj\u00e4hrig neu einsteigende SpielerInnen werden mit ihrer DWZ oder bei DWZ-losen SpielerInnen mit einer gesch\u00e4tzten TWZ in die Startrangliste einsortiert. Versp\u00e4tet zum Spieltag erscheinende SpielerInnen werden ggfs. abweichend einer Turniergruppe zugewiesen.<\/td>\n<\/tr>\n<tr>\n<th align=\"top\" width=\"120\"><b>Info-Dienst<\/b><\/th>\n<td align=\"top\">\u00dcber dieses Turnier und den Fortschritt der einzelnen Teilnehmer wird aktuell im Internet berichtet. Alle das Turnier betreffende Informationen werden ausschlie\u00dflich so ver\u00f6ffentlicht.\n<\/td>\n<\/tr>\n<tr>\n<th align=\"top\" width=\"120\"><b>Veranstalter<\/b><\/th>\n<td align=\"top\">Der&nbsp;<a href=\"http:\/\/www.schachklub-bad-homburg.de\/\"><u>Schachklub Bad Homburg<\/u><\/a>&nbsp;ist der Veranstalter dieses Turniers.<\/td>\n<\/tr>\n<tr>\n<th align=\"top\" width=\"120\"><b>Noch Fragen?<\/b><\/th>\n<td align=\"top\">Eine email an den <a href=\"mailto:jugendleiter@schachklub-bad-homburg.de\">Organisator<\/a> wird kurzfristig beantwortet wird.<\/td>\n<\/tr>\n<\/tbody>\n<\/table>\n","protected":false},"excerpt":{"rendered":"<p>Ausschreibung Tabelle Historie Kurzinfo Monatliche Jugendblitzturniere vollrundig in 6er-Gruppen. Bedenkzeit 3 Minuten plus 2 Sekunden pro Zug (Fischer-Modus) je SpielerIn und Partie. Spielbeginn, Meldeschluss Turnierbeginn ist im Rahmen des Jugendtrainings jeweils gegen 19:50 Uhr, Meldeschluss ist unmittelbar davor. Wer zu sp\u00e4t kommt hat kein Recht auf Teilnahme! Teilnehmer Das Turnier ist offen f\u00fcr alle jugendlichen <a href=\"https:\/\/www.schachklub-bad-homburg.de\/?page_id=21615\" class=\"more-link\">...weiterlesen<span class=\"screen-reader-text\"> \"Jugend-Blitzmeisterschaft 2022, Ausschreibung\"<\/span><\/a><\/p>\n","protected":false},"author":10,"featured_media":0,"parent":21623,"menu_order":0,"comment_status":"closed","ping_status":"closed","template":"","meta":{"footnotes":""},"class_list":["post-21615","page","type-page","status-publish","h-entry","hentry","h-as-page"],"_links":{"self":[{"href":"https:\/\/www.schachklub-bad-homburg.de\/index.php?rest_route=\/wp\/v2\/pages\/21615","targetHints":{"allow":["GET"]}}],"collection":[{"href":"https:\/\/www.schachklub-bad-homburg.de\/index.php?rest_route=\/wp\/v2\/pages"}],"about":[{"href":"https:\/\/www.schachklub-bad-homburg.de\/index.php?rest_route=\/wp\/v2\/types\/page"}],"author":[{"embeddable":true,"href":"https:\/\/www.schachklub-bad-homburg.de\/index.php?rest_route=\/wp\/v2\/users\/10"}],"replies":[{"embeddable":true,"href":"https:\/\/www.schachklub-bad-homburg.de\/index.php?rest_route=%2Fwp%2Fv2%2Fcomments&post=21615"}],"version-history":[{"count":21,"href":"https:\/\/www.schachklub-bad-homburg.de\/index.php?rest_route=\/wp\/v2\/pages\/21615\/revisions"}],"predecessor-version":[{"id":29032,"href":"https:\/\/www.schachklub-bad-homburg.de\/index.php?rest_route=\/wp\/v2\/pages\/21615\/revisions\/29032"}],"up":[{"embeddable":true,"href":"https:\/\/www.schachklub-bad-homburg.de\/index.php?rest_route=\/wp\/v2\/pages\/21623"}],"wp:attachment":[{"href":"https:\/\/www.schachklub-bad-homburg.de\/index.php?rest_route=%2Fwp%2Fv2%2Fmedia&parent=21615"}],"curies":[{"name":"wp","href":"https:\/\/api.w.org\/{rel}","templated":true}]}}