{"id":20958,"date":"2022-02-17T12:44:20","date_gmt":"2022-02-17T11:44:20","guid":{"rendered":"https:\/\/www.schachklub-bad-homburg.de\/?page_id=20958"},"modified":"2022-02-18T07:36:47","modified_gmt":"2022-02-18T06:36:47","slug":"senioren-meisterschaft-2022-ausschreibung","status":"publish","type":"page","link":"https:\/\/www.schachklub-bad-homburg.de\/?page_id=20958","title":{"rendered":"Senioren-Meisterschaft 2022, Ausschreibung"},"content":{"rendered":"\n<h1 class=\"wp-block-heading\" id=\"ausschreibung\">Ausschreibung<\/h1>\n\n\n\n<p><a href=\"https:\/\/www.schachklub-bad-homburg.de\/?page_id=20958\">Ausschreibung<\/a> <a href=\"https:\/\/www.schachklub-bad-homburg.de\/?page_id=20960\">Teilnehmer (alphabetisch)<\/a> <a href=\"https:\/\/www.schachklub-bad-homburg.de\/?page_id=20962\">Teilnehmer (DWZ)<\/a> <a href=\"https:\/\/www.schachklub-bad-homburg.de\/?page_id=20966\">Paarungen und Ergebnisse<\/a> <a href=\"https:\/\/www.schachklub-bad-homburg.de\/?page_id=20969\">Tabelle<\/a> <a href=\"https:\/\/www.schachklub-bad-homburg.de\/?page_id=30642\">Historie<\/a><\/p>\n\n\n\n<p><\/p>\n\n\n\n<figure class=\"wp-block-table\"><table><tbody><tr><th>Kurzinfo<\/th><td><strong>Vereinsturnier<\/strong>&nbsp;im gemischten KO-\/Schweizer-System mit einer Bedenkzeit von 1,5 Stunden plus 30 Sekunden je Zug f\u00fcr die ganze Partie.<\/td><\/tr><tr><th>Bedenkzeit<\/th><td>Die Bedenkzeit betr\u00e4gt&nbsp;<strong>90 Minuten zuz\u00fcglich 30 Sekunden (Fischer) je Zug<\/strong>&nbsp;(Spielweise 12 auf unseren Digitaluhren).<\/td><\/tr><tr><th>Turniermodus<\/th><td>Bei&nbsp;<strong>bis zu 6<\/strong>&nbsp;Teilnehmern Rundenturnier (Zweitwertung Sonneborn-Berger), sonst als&nbsp;<strong>KO-Turnier mit angeschlossenem Schweizer System<\/strong>&nbsp;(Zweitwertung Buchholz, Drittwertung Sonneborn-Berger). Bei Remis im KO-Turnier-Teil folgt zwingend (!) unmittelbar ein Stichkampf mit 10 Minuten zuz\u00fcglich 10 Sekunden (Fischer) je Zug, danach ggf. weitere mit 3 Minuten zuz\u00fcglich 2 Sekunden mit stets wechselnden Farben. Die erste Siegpartie bringt die Entscheidung. F\u00fcr die Durchf\u00fchrung des Turniers werden zun\u00e4chst 4 Runden im Kalender vorgesehen.<\/td><\/tr><tr><th>Spielort, Meldeschluss<\/th><td>In der Regel wird im Vereinshaus Gonzenheim gespielt (<a href=\"https:\/\/schachklub-bad-homburg.de\/?page_id=3776\">Anfahrtskizze<\/a>). Die Anmeldung ist im Schachklub in der ausgeh\u00e4ngten Liste oder per E-Mail (<strong><a href=\"mailto:turnierleiter@schachklub-bad-homburg.de\">turnierleiter@schachklub-bad-homburg.de<\/a><\/strong>) m\u00f6glich. Meldeschluss ist am&nbsp;<strong>04. M\u00e4rz 2022, 20:00<\/strong>.<\/td><\/tr><tr><th>Spieltage<\/th><td>Es ist in der Regel um 20.00 Uhr mit den Runden zu beginnen.<br>1. Runde:&nbsp;<strong>11.03.2022<\/strong><br>2. Runde:&nbsp;<strong>08.04.2022<\/strong><br>3. Runde:&nbsp;<strong>13.05.2022<\/strong><br>4. Runde:&nbsp;<strong>08.07.2022<\/strong><\/td><\/tr><tr><th>Teilnehmer<\/th><td>Das Turnier ist&nbsp;<strong>offen<\/strong>&nbsp;f\u00fcr alle Schachspieler vom&nbsp;<strong>Jahrgang 1957<\/strong>&nbsp;und fr\u00fcher.&nbsp;Die Einhaltung der auf der Homepage des Vereins und im Klubraum bekannt gegebenen Hygiene-Regeln ist Voraussetzung f\u00fcr die Teilnahme. Bei Verst\u00f6\u00dfen kann die Turnierleitung einen Ausschluss verh\u00e4ngen!<\/td><\/tr><tr><th>Preise<\/th><td>Der Sieger erh\u00e4lt einen&nbsp;<strong>Pokal<\/strong>. Der Zweit- und Drittplatzierte erhalten je eine gravierte Medaille.<\/td><\/tr><tr><th>DWZ-Wertung<\/th><td>F\u00fcr das Turnier erfolgt&nbsp;<strong>keine<\/strong>&nbsp;DWZ-Wertung.<\/td><\/tr><tr><th>Startgelder<\/th><td>Es wird kein Startgeld erhoben.<\/td><\/tr><tr><th>Info-Dienst<\/th><td>\u00dcber dieses Turnier wird aktuell im Internet und per Aushang berichtet. Alle das Turnier betreffende Informationen werden ausschlie\u00dflich so ver\u00f6ffentlicht.<\/td><\/tr><tr><th>Veranstalter<\/th><td>Der&nbsp;<a href=\"https:\/\/www.schachklub-bad-homburg.de\/\">Schachklub Bad Homburg<\/a>&nbsp;ist der Veranstalter dieses Turniers.<\/td><\/tr><tr><th>Fragen?<\/th><td>Eine E-Mail an den&nbsp;<a href=\"mailto:seniorenwart@schachklub-bad-homburg.de\">Organisator<\/a>&nbsp;wird kurzfristig beantwortet.<\/td><\/tr><\/tbody><\/table><\/figure>\n","protected":false},"excerpt":{"rendered":"<p>Ausschreibung Ausschreibung Teilnehmer (alphabetisch) Teilnehmer (DWZ) Paarungen und Ergebnisse Tabelle Historie Kurzinfo Vereinsturnier&nbsp;im gemischten KO-\/Schweizer-System mit einer Bedenkzeit von 1,5 Stunden plus 30 Sekunden je Zug f\u00fcr die ganze Partie. Bedenkzeit Die Bedenkzeit betr\u00e4gt&nbsp;90 Minuten zuz\u00fcglich 30 Sekunden (Fischer) je Zug&nbsp;(Spielweise 12 auf unseren Digitaluhren). Turniermodus Bei&nbsp;bis zu 6&nbsp;Teilnehmern Rundenturnier (Zweitwertung Sonneborn-Berger), sonst als&nbsp;KO-Turnier mit <a href=\"https:\/\/www.schachklub-bad-homburg.de\/?page_id=20958\" class=\"more-link\">...weiterlesen<span class=\"screen-reader-text\"> \"Senioren-Meisterschaft 2022, Ausschreibung\"<\/span><\/a><\/p>\n","protected":false},"author":10,"featured_media":0,"parent":20969,"menu_order":0,"comment_status":"closed","ping_status":"closed","template":"","meta":{"footnotes":""},"class_list":["post-20958","page","type-page","status-publish","h-entry","hentry","h-as-page"],"_links":{"self":[{"href":"https:\/\/www.schachklub-bad-homburg.de\/index.php?rest_route=\/wp\/v2\/pages\/20958","targetHints":{"allow":["GET"]}}],"collection":[{"href":"https:\/\/www.schachklub-bad-homburg.de\/index.php?rest_route=\/wp\/v2\/pages"}],"about":[{"href":"https:\/\/www.schachklub-bad-homburg.de\/index.php?rest_route=\/wp\/v2\/types\/page"}],"author":[{"embeddable":true,"href":"https:\/\/www.schachklub-bad-homburg.de\/index.php?rest_route=\/wp\/v2\/users\/10"}],"replies":[{"embeddable":true,"href":"https:\/\/www.schachklub-bad-homburg.de\/index.php?rest_route=%2Fwp%2Fv2%2Fcomments&post=20958"}],"version-history":[{"count":2,"href":"https:\/\/www.schachklub-bad-homburg.de\/index.php?rest_route=\/wp\/v2\/pages\/20958\/revisions"}],"predecessor-version":[{"id":20974,"href":"https:\/\/www.schachklub-bad-homburg.de\/index.php?rest_route=\/wp\/v2\/pages\/20958\/revisions\/20974"}],"up":[{"embeddable":true,"href":"https:\/\/www.schachklub-bad-homburg.de\/index.php?rest_route=\/wp\/v2\/pages\/20969"}],"wp:attachment":[{"href":"https:\/\/www.schachklub-bad-homburg.de\/index.php?rest_route=%2Fwp%2Fv2%2Fmedia&parent=20958"}],"curies":[{"name":"wp","href":"https:\/\/api.w.org\/{rel}","templated":true}]}}