{"id":20909,"date":"2022-02-17T08:04:29","date_gmt":"2022-02-17T07:04:29","guid":{"rendered":"https:\/\/www.schachklub-bad-homburg.de\/?page_id=20909"},"modified":"2022-02-18T07:35:55","modified_gmt":"2022-02-18T06:35:55","slug":"schnellschach-meisterschaft-2022-ausschreibung","status":"publish","type":"page","link":"https:\/\/www.schachklub-bad-homburg.de\/?page_id=20909","title":{"rendered":"Schnellschach-Meisterschaft 2022, Ausschreibung"},"content":{"rendered":"\n<h3 id=\"ausschreibung\">Ausschreibung<\/h3>\n<p>&nbsp;<\/p>\n\n\n\n<p><a href=\"https:\/\/www.schachklub-bad-homburg.de\/?page_id=20909\">Ausschreibung<\/a> <a href=\"https:\/\/www.schachklub-bad-homburg.de\/?page_id=20919\">Teilnehmer (alphabetisch)<\/a> <a href=\"https:\/\/www.schachklub-bad-homburg.de\/?page_id=20921\">Teilnehmer (DWZ<\/a><a href=\"http:\/\/-\thttps:\/\/www.schachklub-bad-homburg.de\/?page_id=20921\">)<\/a> <a href=\"https:\/\/www.schachklub-bad-homburg.de\/?page_id=20923\">Tabelle<\/a> <a href=\"https:\/\/www.schachklub-bad-homburg.de\/?page_id=30642\">Historie<\/a><\/p>\n\n\n\n<figure class=\"wp-block-table\"><table><tbody><tr><th class=\"has-text-align-left\" data-align=\"left\">Kurzinfo<\/th><td>Offenes Schnellschachturnier am&nbsp;<strong>20.05.2022<\/strong>. Je nach Beteiligung&nbsp;<strong>Rundenturnier oder Schweizer System<\/strong>.<\/td><\/tr><tr><th class=\"has-text-align-left\" data-align=\"left\">Bedenkzeit<\/th><td>8 Sekunden frei je Zug plus 13 Minuten je Spieler und Partie (Bronstein). Im Falle eines zurecht reklamierten regelwidrigen Zuges gibt es - im Gegensatz zu der unpraktikablen FIDE-Regel - keine Zeitgutschrift, sondern den vollen Punkt.<\/td><\/tr><tr><th class=\"has-text-align-left\" data-align=\"left\">Turniermodus<\/th><td>Bei bis zu&nbsp;<strong>8<\/strong>&nbsp;Teilnehmern&nbsp;<strong>Rundenturnier<\/strong>, sonst&nbsp;<strong>7 Runden Schweizer System<\/strong>&nbsp;mit Zweitwertung Buchholz und Drittwertung Sonneborn-Berger. Das Turnier wird an einem Abend ausgetragen.<\/td><\/tr><tr><th class=\"has-text-align-left\" data-align=\"left\">Spielbeginn, Meldeschluss<\/th><td>Turnierbeginn ist am&nbsp;<strong>20.05.2022<\/strong>&nbsp;im Vereinshaus Gonzenheim (<a href=\"https:\/\/schachklub-bad-homburg.de\/?page_id=3776\">Anfahrtskizze<\/a>)&nbsp;<strong>p\u00fcnktlich um 20:15 Uhr<\/strong>, Meldeschluss ist um&nbsp;<strong>20:00<\/strong>.<\/td><\/tr><tr><th class=\"has-text-align-left\" data-align=\"left\">Teilnehmer<\/th><td>Das Turnier ist offen f\u00fcr alle Schachspieler.&nbsp;Die Einhaltung der auf der Homepage des Vereins und im Klubraum bekannt gegebenen Hygiene-Regeln ist Voraussetzung f\u00fcr die Teilnahme. Bei Verst\u00f6\u00dfen kann die Turnierleitung einen Ausschluss verh\u00e4ngen!<\/td><\/tr><tr><th class=\"has-text-align-left\" data-align=\"left\">Preise<\/th><td>Die ersten Drei erhalten bei der Mitgliederversammlung des Folgejahres eine&nbsp;<strong>Urkunde<\/strong>.<\/td><\/tr><tr><th class=\"has-text-align-left\" data-align=\"left\">Startgelder<\/th><td>Es wird kein Startgeld erhoben.<\/td><\/tr><tr><th class=\"has-text-align-left\" data-align=\"left\">Info-Dienst<\/th><td>\u00dcber dieses Turnier wird aktuell im Internet und per Aushang berichtet. Alle das Turnier betreffende Informationen werden ausschlie\u00dflich so ver\u00f6ffentlicht.<\/td><\/tr><tr><th class=\"has-text-align-left\" data-align=\"left\">Veranstalter<\/th><td>Der&nbsp;<a href=\"https:\/\/www.schachklub-bad-homburg.de\/\">Schachklub Bad Homburg<\/a>&nbsp;ist der Veranstalter dieses Turniers.<\/td><\/tr><tr><th class=\"has-text-align-left\" data-align=\"left\">Fragen?<\/th><td>Eine email an den&nbsp;<a href=\"mailto:Turnierleiter@schachklub-bad-homburg.de\">Organisator<\/a>&nbsp;wird kurzfristig beantwortet.<\/td><\/tr><\/tbody><\/table><\/figure>\n","protected":false},"excerpt":{"rendered":"<p>Ausschreibung &nbsp; Ausschreibung Teilnehmer (alphabetisch) Teilnehmer (DWZ) Tabelle Historie Kurzinfo Offenes Schnellschachturnier am&nbsp;20.05.2022. Je nach Beteiligung&nbsp;Rundenturnier oder Schweizer System. Bedenkzeit 8 Sekunden frei je Zug plus 13 Minuten je Spieler und Partie (Bronstein). Im Falle eines zurecht reklamierten regelwidrigen Zuges gibt es - im Gegensatz zu der unpraktikablen FIDE-Regel - keine Zeitgutschrift, sondern den vollen <a href=\"https:\/\/www.schachklub-bad-homburg.de\/?page_id=20909\" class=\"more-link\">...weiterlesen<span class=\"screen-reader-text\"> \"Schnellschach-Meisterschaft 2022, Ausschreibung\"<\/span><\/a><\/p>\n","protected":false},"author":10,"featured_media":0,"parent":20923,"menu_order":0,"comment_status":"closed","ping_status":"closed","template":"","meta":{"footnotes":""},"class_list":["post-20909","page","type-page","status-publish","h-entry","hentry","h-as-page"],"_links":{"self":[{"href":"https:\/\/www.schachklub-bad-homburg.de\/index.php?rest_route=\/wp\/v2\/pages\/20909","targetHints":{"allow":["GET"]}}],"collection":[{"href":"https:\/\/www.schachklub-bad-homburg.de\/index.php?rest_route=\/wp\/v2\/pages"}],"about":[{"href":"https:\/\/www.schachklub-bad-homburg.de\/index.php?rest_route=\/wp\/v2\/types\/page"}],"author":[{"embeddable":true,"href":"https:\/\/www.schachklub-bad-homburg.de\/index.php?rest_route=\/wp\/v2\/users\/10"}],"replies":[{"embeddable":true,"href":"https:\/\/www.schachklub-bad-homburg.de\/index.php?rest_route=%2Fwp%2Fv2%2Fcomments&post=20909"}],"version-history":[{"count":10,"href":"https:\/\/www.schachklub-bad-homburg.de\/index.php?rest_route=\/wp\/v2\/pages\/20909\/revisions"}],"predecessor-version":[{"id":20932,"href":"https:\/\/www.schachklub-bad-homburg.de\/index.php?rest_route=\/wp\/v2\/pages\/20909\/revisions\/20932"}],"up":[{"embeddable":true,"href":"https:\/\/www.schachklub-bad-homburg.de\/index.php?rest_route=\/wp\/v2\/pages\/20923"}],"wp:attachment":[{"href":"https:\/\/www.schachklub-bad-homburg.de\/index.php?rest_route=%2Fwp%2Fv2%2Fmedia&parent=20909"}],"curies":[{"name":"wp","href":"https:\/\/api.w.org\/{rel}","templated":true}]}}