{"id":20816,"date":"2022-01-28T12:45:48","date_gmt":"2022-01-28T11:45:48","guid":{"rendered":"https:\/\/www.schachklub-bad-homburg.de\/?page_id=20816"},"modified":"2022-02-18T07:34:43","modified_gmt":"2022-02-18T06:34:43","slug":"jugend-vereinsmeisterschaft-2022-ausschreibung","status":"publish","type":"page","link":"https:\/\/www.schachklub-bad-homburg.de\/?page_id=20816","title":{"rendered":"Jugend-Vereinsmeisterschaft 2022, Ausschreibung"},"content":{"rendered":"<p><a href=\"https:\/\/www.schachklub-bad-homburg.de\/?page_id=20816\">Ausschreibung<\/a> <a href=\"https:\/\/www.schachklub-bad-homburg.de\/?page_id=20825\">Tabelle<\/a> <a href=\"https:\/\/www.schachklub-bad-homburg.de\/?page_id=20831\">Paarungen<\/a> <a href=\"https:\/\/www.schachklub-bad-homburg.de\/?page_id=30642\">Historie<\/a><\/p>\n<table border=\"1\" width=\"650\" bgcolor=\"#ffffff\">\n<tbody>\n<tr>\n<th align=\"top\" width=\"120\"><b> Kurzinfo<\/b><\/th>\n<td align=\"top\">Jugend-Meisterschaft&nbsp;des Schachklub Bad Homburg im Modus des Keizer-Systems.<\/td>\n<\/tr>\n<tr>\n<th align=\"top\" width=\"120\"><b>Teilnehmer<\/b><\/th>\n<td align=\"top\">Ausschlie\u00dflich jugendliche Vereinsmitglieder&nbsp;(Jahrgang 2003 und j\u00fcnger) sind teilnahmeberechtigt.<\/td>\n<\/tr>\n<tr>\n<th align=\"top\" width=\"120\"><b>Turniermodus<\/b><\/th>\n<td align=\"top\">11 Runden Keizer-System.<br \/>\nEs gelten grunds\u00e4tzlich die FIDE-Regeln nach den Grunds\u00e4tzen der HSJ zur Regelauslegung bei Turnieren der U10. Abweichend davon verliert nur bei TeilnehmerInnen der Altersklassen U8 & U10 erst der dritte vom Gegner selbst reklamierte regelwidrige Zug (ohne vorherige Zeitgutschriften), bei allen anderen TeilnehmerInnen gilt die FIDE-Regel 7.5.5 bei vom Gegner selbst reklamierten regelwidrigen Z\u00fcgen.<br \/>\nEs besteht Notationspflicht (Ausnahmen kann der Turnierleiter festlegen).<br \/>\nRichtlinie III.4 der FIDE-Regeln kommt nicht zur Anwendung.\n<\/td>\n<\/tr>\n<tr>\n<th align=\"top\" width=\"120\"><b>Bedenkzeit<\/b><\/th>\n<td align=\"top\">25 Minuten + 10 Sek. Inkrement&nbsp;pro SpielerIn und Partie.<\/td>\n<\/tr>\n<tr>\n<th align=\"top\" width=\"120\"><b>Spielort<\/b><\/th>\n<td align=\"top\">In der Regel wird&nbsp;w\u00e4hrend des regul\u00e4ren Jugendtrainings&nbsp;am Freitag im Vereinshaus Gonzenheim in Bad Homburg gespielt.<\/td>\n<\/tr>\n<tr>\n<th align=\"top\" width=\"120\"><b>Spieltags-registrierung<\/b><\/th>\n<td align=\"top\">Pers\u00f6nliche Registrierung an jedem Spieltag bis 18:45 Uhr.<\/td>\n<\/tr>\n<tr>\n<th align=\"top\" width=\"120\"><b>Spieltage<\/b><\/th>\n<td align=\"top\">\n28.01.2022<br \/>\n25.02.2022<br \/>\n18.03.2022<br \/>\n29.04.2022<br \/>\n20.05.2022<br \/>\n24.06.2022<br \/>\n15.07.2022<br \/>\n30.09.2022<br \/>\n14.10.2022<br \/>\n25.11.2022<br \/>\n09.12.2022\n<\/td>\n<\/tr>\n<tr>\n<th align=\"top\" width=\"120\"><b>Wertung<\/b><\/th>\n<td align=\"top\">1. Wertung: Keizer-Punkte<br \/>\n2. Wertung bei Punktgleichheit: erzielte Punkte (1 Punkt f\u00fcr Sieg & 0,5 Punkte f\u00fcr Remis)<br \/>\nIn die Endwertung gehen nur SpielerInnen ein, die mindestens 7 der 11 Runden gespielt haben.\n<\/td>\n<\/tr>\n<tr>\n<th align=\"top\" width=\"120\"><b>Hauptpreise<\/b><\/th>\n<td align=\"top\">Die 3 Erstplatzierten erhalten Pokale.<\/td>\n<\/tr>\n<tr>\n<th align=\"top\" width=\"120\"><b>Altersklassenpreise<\/b><\/th>\n<td align=\"top\">Es werden die Altersklassen U8, U10, U12, U14, U16 und U18 eingerichtet wenn mindestens 3 Spieler einer Altersklasse teilnehmen.<br \/>\nBei 3 Spielern \u2192 1 Ratingpreis<br \/>\nBei 4-5 Spielern \u2192 2 Ratingpreise<br \/>\nAb 6 Spielern \u2192 3 Ratingpreise<br \/>\nPokalgewinner sind von den Ratingpreisen ausgenommen.<\/td>\n<\/tr>\n<tr>\n<th align=\"top\" width=\"120\"><b>Info-Dienst<\/b><\/th>\n<td>\u00dcber dieses Turnier und den Fortschritt der einzelnen Teilnehmer wird aktuell im Internet berichtet.<\/td>\n<\/tr>\n<tr>\n<th align=\"top\" width=\"120\"><b>Veranstalter<\/b><\/th>\n<td align=\"top\">Der&nbsp;<a href=\"http:\/\/www.schachklub-bad-homburg.de\/\"><u>Schachklub Bad Homburg<\/u><\/a>&nbsp;ist der Veranstalter dieses Turniers.<\/td>\n<\/tr>\n<tr>\n<th align=\"top\" width=\"120\"><b>Noch Fragen?<\/b><\/th>\n<td align=\"top\">Dann reicht eine&nbsp;<a href=\"mailto:jugendleiter@schachklub-bad-homburg.de\"><u>Mail-Nachricht<\/u><\/a>&nbsp;an den Jugendleiter Jan Goetz, die kurzfristig beantwortet wird! Erl\u00e4uterungen zum Keizer-System finden sich im Internet, z.B. hier auf deutsch (<a href=\"http:\/\/keizer.schlapp.name\/\"><u>http:\/\/keizer.schlapp.name\/<\/u><\/a>) oder noch etwas detaillierter hier auf englisch (<a href=\"https:\/\/www.jbfsoftware.com\/wordpress\/sevilla-keizer\/\"><u>https:\/\/www.jbfsoftware.com\/wordpress\/sevilla-keizer\/<\/u><\/a>).<\/td>\n<\/tr>\n<\/tbody>\n<\/table>\n","protected":false},"excerpt":{"rendered":"<p>Ausschreibung Tabelle Paarungen Historie Kurzinfo Jugend-Meisterschaft&nbsp;des Schachklub Bad Homburg im Modus des Keizer-Systems. Teilnehmer Ausschlie\u00dflich jugendliche Vereinsmitglieder&nbsp;(Jahrgang 2003 und j\u00fcnger) sind teilnahmeberechtigt. Turniermodus 11 Runden Keizer-System. Es gelten grunds\u00e4tzlich die FIDE-Regeln nach den Grunds\u00e4tzen der HSJ zur Regelauslegung bei Turnieren der U10. Abweichend davon verliert nur bei TeilnehmerInnen der Altersklassen U8 &#038; U10 erst der <a href=\"https:\/\/www.schachklub-bad-homburg.de\/?page_id=20816\" class=\"more-link\">...weiterlesen<span class=\"screen-reader-text\"> \"Jugend-Vereinsmeisterschaft 2022, Ausschreibung\"<\/span><\/a><\/p>\n","protected":false},"author":10,"featured_media":0,"parent":20825,"menu_order":0,"comment_status":"closed","ping_status":"closed","template":"","meta":{"footnotes":""},"class_list":["post-20816","page","type-page","status-publish","h-entry","hentry","h-as-page"],"_links":{"self":[{"href":"https:\/\/www.schachklub-bad-homburg.de\/index.php?rest_route=\/wp\/v2\/pages\/20816","targetHints":{"allow":["GET"]}}],"collection":[{"href":"https:\/\/www.schachklub-bad-homburg.de\/index.php?rest_route=\/wp\/v2\/pages"}],"about":[{"href":"https:\/\/www.schachklub-bad-homburg.de\/index.php?rest_route=\/wp\/v2\/types\/page"}],"author":[{"embeddable":true,"href":"https:\/\/www.schachklub-bad-homburg.de\/index.php?rest_route=\/wp\/v2\/users\/10"}],"replies":[{"embeddable":true,"href":"https:\/\/www.schachklub-bad-homburg.de\/index.php?rest_route=%2Fwp%2Fv2%2Fcomments&post=20816"}],"version-history":[{"count":7,"href":"https:\/\/www.schachklub-bad-homburg.de\/index.php?rest_route=\/wp\/v2\/pages\/20816\/revisions"}],"predecessor-version":[{"id":20833,"href":"https:\/\/www.schachklub-bad-homburg.de\/index.php?rest_route=\/wp\/v2\/pages\/20816\/revisions\/20833"}],"up":[{"embeddable":true,"href":"https:\/\/www.schachklub-bad-homburg.de\/index.php?rest_route=\/wp\/v2\/pages\/20825"}],"wp:attachment":[{"href":"https:\/\/www.schachklub-bad-homburg.de\/index.php?rest_route=%2Fwp%2Fv2%2Fmedia&parent=20816"}],"curies":[{"name":"wp","href":"https:\/\/api.w.org\/{rel}","templated":true}]}}